{"id":6219,"date":"2024-07-02T10:28:54","date_gmt":"2024-07-02T08:28:54","guid":{"rendered":"https:\/\/kimptonbembudapest.com\/turkish-baths-budapest\/"},"modified":"2024-12-19T08:11:16","modified_gmt":"2024-12-19T07:11:16","slug":"turkish-baths-budapest","status":"publish","type":"page","link":"https:\/\/kimptonbembudapest.com\/hu\/turkish-baths-budapest\/","title":{"rendered":"Turkish Baths"},"content":{"rendered":"<p><span data-mce-type=\"bookmark\" style=\"display: inline-block; width: 0px; overflow: hidden; line-height: 0;\" class=\"mce_SELRES_start\">\ufeff<\/span><div id='av_section_1'  class='avia-section av-1kimed-dbe1975678596b840dae3382639b58f1 main_color avia-section-default avia-no-border-styling  avia-builder-el-0  avia-builder-el-no-sibling  avia-bg-style-scroll container_wrap fullsize'  ><div class='container av-section-cont-open' ><main  role=\"main\" itemprop=\"mainContentOfPage\"  class='template-page content  av-content-full alpha units'><div class='post-entry post-entry-type-page post-entry-6219'><div class='entry-content-wrapper clearfix'>\n<div  class='flex_column av-6lds5-369c0a44afe22023c3f7a582658a04c7 av_one_full  avia-builder-el-1  el_before_av_one_full  avia-builder-el-first  first flex_column_div  '     ><style type=\"text\/css\" data-created_by=\"avia_inline_auto\" id=\"style-css-av-lyftdf0q-32ae7407aeb540f624c858a7b952c740\">\n#top .av-special-heading.av-lyftdf0q-32ae7407aeb540f624c858a7b952c740{\npadding-bottom:10px;\n}\nbody .av-special-heading.av-lyftdf0q-32ae7407aeb540f624c858a7b952c740 .av-special-heading-tag .heading-char{\nfont-size:25px;\n}\n.av-special-heading.av-lyftdf0q-32ae7407aeb540f624c858a7b952c740 .av-subheading{\nfont-size:15px;\n}\n<\/style>\n<div  class='av-special-heading av-lyftdf0q-32ae7407aeb540f624c858a7b952c740 av-special-heading-h1  avia-builder-el-2  avia-builder-el-no-sibling '><h1 class='av-special-heading-tag'  itemprop=\"headline\"  >T\u00f6r\u00f6kf\u00fcrd\u0151 &#8211; Budapest<\/h1><div class=\"special-heading-border\"><div class=\"special-heading-inner-border\"><\/div><\/div><\/div><\/div><div  class='flex_column av-1cjr8l-4efbdb97ef1ebddba70adc839fa75427 av_one_full  avia-builder-el-3  el_after_av_one_full  el_before_av_one_full  first flex_column_div  column-top-margin'     ><section  class='av_textblock_section av-lyfte45k-bb264dad4a7bfc02f4bfe38af1db37ad '   itemscope=\"itemscope\" itemtype=\"https:\/\/schema.org\/CreativeWork\" ><div class='avia_textblock'  itemprop=\"text\" ><p>Magyarorsz\u00e1g h\u00edres sz\u00e1mos term\u00e1lforr\u00e1s\u00e1r\u00f3l, \u00edgy mag\u00e1t\u00f3l \u00e9rtet\u0151d\u0151, hogy a v\u00e1rosba tett l\u00e1togat\u00e1s nem lenne teljes an\u00e9lk\u00fcl, hogy meg ne m\u00e1rt\u00f3zzon az egyik legn\u00e9pszer\u0171bb f\u00fcrd\u0151ben \u2013 egy olyan helyen, ahol a kikapcsol\u00f3d\u00e1s, a gy\u00f3gyul\u00e1s \u00e9s a t\u00f6rt\u00e9nelem tal\u00e1lkoznak. A t\u00f6r\u00f6kf\u00fcrd\u0151k, m\u00e1s n\u00e9ven hamamok Magyarorsz\u00e1g gazdag kultur\u00e1lis \u00f6r\u00f6ks\u00e9g\u00e9nek \u00e9l\u0151 p\u00e9ld\u00e1i: a 16\u201317. sz\u00e1zadban, az oszm\u00e1n uralom idej\u00e9n \u00e9p\u00fclt f\u00fcrd\u0151k fontos k\u00f6z\u00f6ss\u00e9gi t\u00e9rk\u00e9nt szolg\u00e1ltak, ahol a helyiek tal\u00e1lkoztak \u00e9s t\u00f6rt\u00e9neteket mes\u00e9ltek egym\u00e1snak, mik\u00f6zben term\u00e9szetesen pihentek \u00e9s l\u00e9lekben is felfriss\u00fcltek. A magyarorsz\u00e1gi t\u00f6r\u00f6kf\u00fcrd\u0151k l\u00e9legzetel\u00e1ll\u00edt\u00f3 \u00e9p\u00fcleteiben ebbe a korszakba rep\u00fclhet\u00fcnk vissza. A gy\u00f3gyhat\u00e1s\u00e1r\u00f3l h\u00edres, \u00e1sv\u00e1nyi anyagokban gazdag v\u00edz \u00e9s a mozaikok nyugodt l\u00e9gk\u00f6rt teremtenek, amelyben teste \u00e9s elm\u00e9je is megtisztulhat, \u00e9s megfeledkezhet a mindennapok neh\u00e9zs\u00e9geir\u0151l. A fens\u00e9ges kupol\u00e1k alatt, ahogy a f\u00e9ny a m\u00e1rv\u00e1nyon j\u00e1tszik, a t\u00f6rt\u00e9nelem \u00e9s a kikapcsol\u00f3d\u00e1s egyed\u00fcl\u00e1ll\u00f3 kever\u00e9k\u00e9t tapasztalhatja meg, amely egyszerre megnyugtat\u00f3 \u00e9s felemel\u0151.<\/p>\n<\/div><\/section><\/div><div  class='flex_column av-kob0d-5f088d5f3a6c10b6a63104d5ff648b8e av_one_full  avia-builder-el-5  el_after_av_one_full  el_before_av_one_full  first flex_column_div  column-top-margin'     ><section  class='av_textblock_section av-lyfteo7y-1ed0f1f3789bcae2fc0ff34fd7b56cad '   itemscope=\"itemscope\" itemtype=\"https:\/\/schema.org\/CreativeWork\" ><div class='avia_textblock'  itemprop=\"text\" ><h2>Veli Bej F\u00fcrd\u0151<\/h2>\n<div>\n<div>A Veli Bej F\u00fcrd\u0151 Budapest egyik rejtett gy\u00f6ngyszeme, egyike a v\u00e1ros legr\u00e9gebbi t\u00f6r\u00f6k f\u00fcrd\u0151inek. Az 1574-75-ben \u00e9p\u00fclt Szokollu Musztafa pasa j\u00f3volt\u00e1b\u00f3l, \u00e9s a 19. sz\u00e1zadban Hild J\u00f3zsef klasszicista st\u00edlusban b\u0151v\u00edtette. A f\u00fcrd\u0151 t\u00f6rt\u00e9nete egyed\u00fcl\u00e1ll\u00f3: Marczib\u00e1nyi Istv\u00e1n a budai irgalmas rendnek adom\u00e1nyozta, hogy bev\u00e9teleivel szeg\u00e9ny betegeket t\u00e1mogassanak. A 2000-es \u00e9vek nagyar\u00e1ny\u00fa fel\u00faj\u00edt\u00e1sa sor\u00e1n az \u00e9p\u00fclet visszanyerte r\u00e9gi pomp\u00e1j\u00e1t. \u00d6t medenc\u00e9je k\u00f6z\u00fcl a k\u00f6zponti t\u00f6r\u00f6k medence a f\u0151 attrakci\u00f3, melynek term\u00e1lvize naponta n\u00e9gyszer friss\u00fcl. A f\u00fcrd\u0151 egyes\u00edti a t\u00f6rt\u00e9nelmi hangulatot a modern k\u00e9nyelemmel. Koeduk\u00e1lt \u00e9s f\u00fcrd\u0151ruha k\u00f6telez\u0151, a bel\u00e9p\u0151jegy tartalmazza a medenc\u00e9k, a szauna \u00e9s a g\u0151zkabin haszn\u00e1lat\u00e1t. Ide\u00e1lis hely, hogy felt\u00f6lt\u0151dj\u00f6n \u00e9s egy kis id\u0151utaz\u00e1sban vegyen r\u00e9szt!<\/div>\n<\/div>\n<\/div><\/section><\/div><div  class='flex_column av-hm2n9-b787eb25f519fd4b11c1f1230aee3253 av_one_full  avia-builder-el-7  el_after_av_one_full  avia-builder-el-last  first flex_column_div  column-top-margin'     ><section  class='av_textblock_section av-lyftf3uf-df66ea334b128027358c44582898b3da '   itemscope=\"itemscope\" itemtype=\"https:\/\/schema.org\/CreativeWork\" ><div class='avia_textblock'  itemprop=\"text\" ><h2>Rudas Gy\u00f3gyf\u00fcrd\u0151<\/h2>\n<p>A Dun\u00e1ra n\u00e9z\u0151 Rudas Gy\u00f3gyf\u00fcrd\u0151 Budapest gazdag t\u00f6rt\u00e9nelm\u00e9r\u0151l tan\u00faskodik, amelyet egy csipetnyi luxussal \u00f6tv\u00f6z. A Sky Terrace term\u00e1lmedenc\u00e9je t\u00f6k\u00e9letes hely a kikapcsol\u00f3d\u00e1sra \u00e9s a pihen\u00e9sre egy f\u00e1raszt\u00f3, budapesti v\u00e1rosn\u00e9z\u0151s nap ut\u00e1n. A v\u00e1rosra ny\u00edl\u00f3 leny\u0171g\u00f6z\u0151 kil\u00e1t\u00e1st \u00e9s az \u00e9jszakai \u00e9gbolt romantikus l\u00e1tv\u00e1ny\u00e1t eg\u00e9szen hajnali 3 \u00f3r\u00e1ig \u00e9lvezheti. A t\u00f6bb mint 450 \u00e9vvel ezel\u0151tt alap\u00edtott Rudas Gy\u00f3gyf\u00fcrd\u0151 renesz\u00e1nsz \u00e9p\u00fcletegy\u00fcttese leny\u0171g\u00f6z\u0151; egy id\u0151tlen szent\u00e9ly, ahol a mindennapok el\u0151l elmenek\u00fclve \u00fajj\u00e1sz\u00fclethet. Az term\u00e1lv\u00edzforr\u00e1sokon t\u00fal a Rudas wellness-k\u00edn\u00e1lata is h\u00edres. K\u00fcl\u00f6nb\u00f6z\u0151, ak\u00e1r gy\u00f3gy\u00e1szati c\u00e9l\u00fa massz\u00e1zsok k\u00f6z\u00fcl v\u00e1laszthat, amelyek gondoskodnak a fizikai j\u00f3ll\u00e9tr\u0151l. A Rudas egyszerre \u00fcnnepli a hagyom\u00e1nyt \u00e9s az innov\u00e1ci\u00f3t. Koeduk\u00e1lt \u00e9s csak n\u0151knek sz\u00f3l\u00f3 napokat is tart, garant\u00e1lva az \u00d6n ig\u00e9nyeihez igaz\u00edtott, a hagyom\u00e1nyokat \u00e9s a t\u00f6rt\u00e9nelmet tiszteletben tart\u00f3 f\u00fcrd\u0151\u00e9lm\u00e9nyt.<\/p>\n<\/div><\/section><\/div><span data-mce-type=\"bookmark\" style=\"display: inline-block; width: 0px; overflow: hidden; line-height: 0;\" class=\"mce_SELRES_end\">\ufeff<\/span><span data-mce-type=\"bookmark\" style=\"display: inline-block; width: 0px; overflow: hidden; line-height: 0;\" class=\"mce_SELRES_start\">\ufeff<\/span><\/p>\n","protected":false},"excerpt":{"rendered":"<p>\ufeff\ufeff\ufeff<\/p>\n","protected":false},"author":4,"featured_media":0,"parent":0,"menu_order":0,"comment_status":"closed","ping_status":"closed","template":"","meta":{"inline_featured_image":false,"footnotes":""},"class_list":["post-6219","page","type-page","status-publish","hentry"],"yoast_head":"<!-- This site is optimized with the Yoast SEO plugin v27.1.1 - https:\/\/yoast.com\/product\/yoast-seo-wordpress\/ -->\n<title>Turkish Baths - Kimpton BEM Budapest - Tourist Attractions<\/title>\n<meta name=\"description\" content=\"Tapasztalja meg Budapest legjobb t\u00f6r\u00f6kf\u00fcrd\u0151it: laz\u00edtson a Kiraly vagy a Rudas T\u00f6r\u00f6kf\u00fcrd\u0151ben. \u00c9lvezze a t\u00f6rt\u00e9nelmi \u00e9p\u00edt\u00e9szetet \u00e9s a gy\u00f3gyf\u00fcrd\u0151t. Budapest h\u00edres turisztikai l\u00e1tv\u00e1nyoss\u00e1gai.\" \/>\n<meta name=\"robots\" content=\"index, follow, max-snippet:-1, max-image-preview:large, max-video-preview:-1\" \/>\n<link rel=\"canonical\" href=\"https:\/\/kimptonbembudapest.com\/hu\/turkish-baths-budapest\/\" \/>\n<meta property=\"og:locale\" content=\"hu_HU\" \/>\n<meta property=\"og:type\" content=\"article\" \/>\n<meta property=\"og:title\" content=\"Turkish Baths - Kimpton BEM Budapest - Tourist Attractions\" \/>\n<meta property=\"og:description\" content=\"Tapasztalja meg Budapest legjobb t\u00f6r\u00f6kf\u00fcrd\u0151it: laz\u00edtson a Kiraly vagy a Rudas T\u00f6r\u00f6kf\u00fcrd\u0151ben. \u00c9lvezze a t\u00f6rt\u00e9nelmi \u00e9p\u00edt\u00e9szetet \u00e9s a gy\u00f3gyf\u00fcrd\u0151t. Budapest h\u00edres turisztikai l\u00e1tv\u00e1nyoss\u00e1gai.\" \/>\n<meta property=\"og:url\" content=\"https:\/\/kimptonbembudapest.com\/hu\/turkish-baths-budapest\/\" \/>\n<meta property=\"og:site_name\" content=\"Kimpton BEM Budapest\" \/>\n<meta property=\"article:modified_time\" content=\"2024-12-19T07:11:16+00:00\" \/>\n<meta property=\"og:image\" content=\"https:\/\/kimptonbembudapest.com\/wp-content\/uploads\/2024\/07\/OG.jpg\" \/>\n\t<meta property=\"og:image:width\" content=\"1200\" \/>\n\t<meta property=\"og:image:height\" content=\"630\" \/>\n\t<meta property=\"og:image:type\" content=\"image\/jpeg\" \/>\n<meta name=\"twitter:card\" content=\"summary_large_image\" \/>\n<!-- \/ Yoast SEO plugin. -->","yoast_head_json":{"title":"Turkish Baths - Kimpton BEM Budapest - Tourist Attractions","description":"Tapasztalja meg Budapest legjobb t\u00f6r\u00f6kf\u00fcrd\u0151it: laz\u00edtson a Kiraly vagy a Rudas T\u00f6r\u00f6kf\u00fcrd\u0151ben. \u00c9lvezze a t\u00f6rt\u00e9nelmi \u00e9p\u00edt\u00e9szetet \u00e9s a gy\u00f3gyf\u00fcrd\u0151t. Budapest h\u00edres turisztikai l\u00e1tv\u00e1nyoss\u00e1gai.","robots":{"index":"index","follow":"follow","max-snippet":"max-snippet:-1","max-image-preview":"max-image-preview:large","max-video-preview":"max-video-preview:-1"},"canonical":"https:\/\/kimptonbembudapest.com\/hu\/turkish-baths-budapest\/","og_locale":"hu_HU","og_type":"article","og_title":"Turkish Baths - Kimpton BEM Budapest - Tourist Attractions","og_description":"Tapasztalja meg Budapest legjobb t\u00f6r\u00f6kf\u00fcrd\u0151it: laz\u00edtson a Kiraly vagy a Rudas T\u00f6r\u00f6kf\u00fcrd\u0151ben. \u00c9lvezze a t\u00f6rt\u00e9nelmi \u00e9p\u00edt\u00e9szetet \u00e9s a gy\u00f3gyf\u00fcrd\u0151t. Budapest h\u00edres turisztikai l\u00e1tv\u00e1nyoss\u00e1gai.","og_url":"https:\/\/kimptonbembudapest.com\/hu\/turkish-baths-budapest\/","og_site_name":"Kimpton BEM Budapest","article_modified_time":"2024-12-19T07:11:16+00:00","og_image":[{"width":1200,"height":630,"url":"https:\/\/kimptonbembudapest.com\/wp-content\/uploads\/2024\/07\/OG.jpg","type":"image\/jpeg"}],"twitter_card":"summary_large_image","schema":{"@context":"https:\/\/schema.org","@graph":[{"@type":"WebPage","@id":"https:\/\/kimptonbembudapest.com\/hu\/turkish-baths-budapest\/","url":"https:\/\/kimptonbembudapest.com\/hu\/turkish-baths-budapest\/","name":"Turkish Baths - Kimpton BEM Budapest - Tourist Attractions","isPartOf":{"@id":"https:\/\/kimptonbembudapest.com\/hu\/#website"},"datePublished":"2024-07-02T08:28:54+00:00","dateModified":"2024-12-19T07:11:16+00:00","description":"Tapasztalja meg Budapest legjobb t\u00f6r\u00f6kf\u00fcrd\u0151it: laz\u00edtson a Kiraly vagy a Rudas T\u00f6r\u00f6kf\u00fcrd\u0151ben. \u00c9lvezze a t\u00f6rt\u00e9nelmi \u00e9p\u00edt\u00e9szetet \u00e9s a gy\u00f3gyf\u00fcrd\u0151t. Budapest h\u00edres turisztikai l\u00e1tv\u00e1nyoss\u00e1gai.","breadcrumb":{"@id":"https:\/\/kimptonbembudapest.com\/hu\/turkish-baths-budapest\/#breadcrumb"},"inLanguage":"hu","potentialAction":[{"@type":"ReadAction","target":["https:\/\/kimptonbembudapest.com\/hu\/turkish-baths-budapest\/"]}]},{"@type":"BreadcrumbList","@id":"https:\/\/kimptonbembudapest.com\/hu\/turkish-baths-budapest\/#breadcrumb","itemListElement":[{"@type":"ListItem","position":1,"name":"Kezd\u0151lap","item":"https:\/\/kimptonbembudapest.com\/hu\/home\/"},{"@type":"ListItem","position":2,"name":"Turkish Baths"}]},{"@type":"WebSite","@id":"https:\/\/kimptonbembudapest.com\/hu\/#website","url":"https:\/\/kimptonbembudapest.com\/hu\/","name":"Kimpton BEM Budapest","description":"Budapest Luxury Hotel","potentialAction":[{"@type":"SearchAction","target":{"@type":"EntryPoint","urlTemplate":"https:\/\/kimptonbembudapest.com\/hu\/?s={search_term_string}"},"query-input":{"@type":"PropertyValueSpecification","valueRequired":true,"valueName":"search_term_string"}}],"inLanguage":"hu"}]}},"_links":{"self":[{"href":"https:\/\/kimptonbembudapest.com\/hu\/wp-json\/wp\/v2\/pages\/6219","targetHints":{"allow":["GET"]}}],"collection":[{"href":"https:\/\/kimptonbembudapest.com\/hu\/wp-json\/wp\/v2\/pages"}],"about":[{"href":"https:\/\/kimptonbembudapest.com\/hu\/wp-json\/wp\/v2\/types\/page"}],"author":[{"embeddable":true,"href":"https:\/\/kimptonbembudapest.com\/hu\/wp-json\/wp\/v2\/users\/4"}],"replies":[{"embeddable":true,"href":"https:\/\/kimptonbembudapest.com\/hu\/wp-json\/wp\/v2\/comments?post=6219"}],"version-history":[{"count":5,"href":"https:\/\/kimptonbembudapest.com\/hu\/wp-json\/wp\/v2\/pages\/6219\/revisions"}],"predecessor-version":[{"id":8573,"href":"https:\/\/kimptonbembudapest.com\/hu\/wp-json\/wp\/v2\/pages\/6219\/revisions\/8573"}],"wp:attachment":[{"href":"https:\/\/kimptonbembudapest.com\/hu\/wp-json\/wp\/v2\/media?parent=6219"}],"curies":[{"name":"wp","href":"https:\/\/api.w.org\/{rel}","templated":true}]}}