{"id":6202,"date":"2024-07-02T10:28:28","date_gmt":"2024-07-02T08:28:28","guid":{"rendered":"https:\/\/kimptonbembudapest.com\/inner-city-budapest\/"},"modified":"2024-12-03T12:55:07","modified_gmt":"2024-12-03T11:55:07","slug":"inner-city-budapest","status":"publish","type":"page","link":"https:\/\/kimptonbembudapest.com\/hu\/inner-city-budapest\/","title":{"rendered":"Inner City"},"content":{"rendered":"<div id='av_section_1'  class='avia-section av-1rg5fg-55780ded4ccc37bc4ca5afd99f3a25bd main_color avia-section-default avia-no-border-styling  avia-builder-el-0  avia-builder-el-no-sibling  avia-bg-style-scroll container_wrap fullsize'  ><div class='container av-section-cont-open' ><main  role=\"main\" itemprop=\"mainContentOfPage\"  class='template-page content  av-content-full alpha units'><div class='post-entry post-entry-type-page post-entry-6202'><div class='entry-content-wrapper clearfix'>\n<div  class='flex_column av-9gh7g-1f42bfd9122e337268f6e607cddf4c23 av_one_full  avia-builder-el-1  el_before_av_one_full  avia-builder-el-first  first flex_column_div  '     ><style type=\"text\/css\" data-created_by=\"avia_inline_auto\" id=\"style-css-av-lyft8zoa-6cf2c37ec51c2b48f3af2201d36f5d83\">\n#top .av-special-heading.av-lyft8zoa-6cf2c37ec51c2b48f3af2201d36f5d83{\npadding-bottom:10px;\n}\nbody .av-special-heading.av-lyft8zoa-6cf2c37ec51c2b48f3af2201d36f5d83 .av-special-heading-tag .heading-char{\nfont-size:25px;\n}\n.av-special-heading.av-lyft8zoa-6cf2c37ec51c2b48f3af2201d36f5d83 .av-subheading{\nfont-size:15px;\n}\n<\/style>\n<div  class='av-special-heading av-lyft8zoa-6cf2c37ec51c2b48f3af2201d36f5d83 av-special-heading-h1  avia-builder-el-2  avia-builder-el-no-sibling '><h1 class='av-special-heading-tag'  itemprop=\"headline\"  >Budapest Belv\u00e1ros<\/h1><div class=\"special-heading-border\"><div class=\"special-heading-inner-border\"><\/div><\/div><\/div><\/div><div  class='flex_column av-1ie9y4-533e525fce67e87c3df02845bcc8a41d av_one_full  avia-builder-el-3  el_after_av_one_full  el_before_av_one_full  first flex_column_div  column-top-margin'     ><section  class='av_textblock_section av-lyft971l-49368578819ffe18ee9e5ad997e1b19b '   itemscope=\"itemscope\" itemtype=\"https:\/\/schema.org\/CreativeWork\" ><div class='avia_textblock'  itemprop=\"text\" ><h2>Margit-sziget<\/h2>\n<p>A Kimpton BEM Budapest sz\u00e1llod\u00e1t\u00f3l s\u00e9tat\u00e1vols\u00e1gra, a Duna partj\u00e1n, a Margit h\u00edd \u00e9s az \u00c1rp\u00e1d h\u00edd k\u00f6z\u00f6tt tal\u00e1lhat\u00f3 a helyiek k\u00f6r\u00e9ben is nagyon n\u00e9pszer\u0171 Margit-sziget. A hatalmas szigetet igaz\u00e1n kedvelik azok, akik a term\u00e9szetben keresnek nyugalmat az \u0151shonos madarak csicserg\u00e9s\u00e9t hallgatva, t\u00e1vol a v\u00e1ros zaj\u00e1t\u00f3l. A szigeten botanikus kert \u00e9s egy nagy zen\u00e9l\u0151 sz\u00f6k\u0151k\u00fat is tal\u00e1lhat\u00f3, amelynek m\u0171sor\u00e1t id\u0151nk\u00e9nt helyi \u00e9s nemzetk\u00f6zi zenei al\u00e1fest\u00e9s\u0171 f\u00e9nyj\u00e1t\u00e9k k\u00eds\u00e9ri. Az \u00e1rnyas f\u00e1k k\u00f6z\u00f6tt s\u00e9t\u00e1lgatva sz\u00e1mos helyet tal\u00e1lhat egy d\u00e9lut\u00e1ni k\u00e1v\u00e9z\u00e1sra vagy egy k\u00e9s\u0151 esti s\u00f6r\u00f6z\u00e9sre. Ha ink\u00e1bb az akt\u00edv kikapcsol\u00f3d\u00e1st r\u00e9szes\u00edti el\u0151nyben, a Margit-sziget edz\u00e9sre is t\u00f6k\u00e9letes, hiszen olyan sportl\u00e9tes\u00edtm\u00e9nyekkel rendelkezik, mint egy uszoda, egy fut\u00f3p\u00e1lya \u00e9s teniszp\u00e1ly\u00e1k. Mindegy, hogy futna egyet vagy b\u00e9k\u00e9sen piknikezne a f\u0171ben a csal\u00e1dj\u00e1val, a Margit-sziget Budapest kihagyhatatlan r\u00e9sze.<\/p>\n<\/div><\/section><\/div><div  class='flex_column av-2m2u4-ab021ac5129f261645381fd65cd6105d av_one_full  avia-builder-el-5  el_after_av_one_full  el_before_av_one_full  first flex_column_div  column-top-margin'     ><section  class='av_textblock_section av-lyft9g9b-12ba35bda8bdce68d1583b68c0e0149c '   itemscope=\"itemscope\" itemtype=\"https:\/\/schema.org\/CreativeWork\" ><div class='avia_textblock'  itemprop=\"text\" ><h2>Parlament<\/h2>\n<p>A magyar Parlament kivil\u00e1g\u00edtott, l\u00e9legzetel\u00e1ll\u00edt\u00f3 g\u00f3tikus \u00e9p\u00fclete nem maradhat \u00e9szrev\u00e9tlen, ha Budapestre l\u00e1togat. Nem t\u00falz\u00e1s kijelenteni, hogy ez az orsz\u00e1g egyik legismertebb l\u00e1tnival\u00f3ja, amelyet a turist\u00e1k \u00e9s a helyiek egyar\u00e1nt csod\u00e1lnak. Az 1902-ben \u00e1tadott \u00e9p\u00fclet nem csup\u00e1n egy n\u00e9pszer\u0171 turisztikai c\u00e9lpont, hanem az orsz\u00e1g t\u00f6rv\u00e9nyhoz\u00e1s\u00e1nak helysz\u00edn\u00e9\u00fcl is szolg\u00e1l. Az \u00e9p\u00fcletnek azonban nem csak a k\u00fclseje vonz\u00f3. A bels\u0151 tereket gondosan kidolgozott fresk\u00f3k, szobrok \u00e9s \u00f3lom\u00fcveg d\u00edsz\u00edtik, a k\u00f6z\u00e9ps\u0151 teremben pedig Magyarorsz\u00e1g Szent Koron\u00e1ja tekinthet\u0151 meg. A l\u00e1togat\u00f3k egy 45 perces idegenvezet\u00e9s keret\u00e9ben fedezhetik fel az \u00e9p\u00fcletet, amelyhez t\u00f6bbnyelv\u0171 audio guide is rendelkez\u00e9sre \u00e1ll. N\u00e9pszer\u0171s\u00e9ge miatt aj\u00e1nlatos el\u0151re foglalni. Ha csak t\u00e1volr\u00f3l szeretn\u00e9 megcsod\u00e1lni, a leny\u0171g\u00f6z\u0151, kivil\u00e1g\u00edtott \u00e9p\u00fclet l\u00e1tv\u00e1ny\u00e1t legjobban \u00e9jszaka, a Hal\u00e1szb\u00e1stya kil\u00e1t\u00f3pontj\u00e1r\u00f3l vagy egy r\u00f6vid dunai s\u00e9tahaj\u00f3z\u00e1s sor\u00e1n \u00e9lvezheti.<\/p>\n<p>Tudta? Az \u00e9p\u00fclet magass\u00e1ga is figyelemre m\u00e9lt\u00f3: kupol\u00e1i pontosan 96 m\u00e9ter magasak, ami a 896-os \u00e9vre utal, amikor a magyarok letelepedtek a K\u00e1rp\u00e1t-medenc\u00e9ben.<\/p>\n<\/div><\/section><\/div><div  class='flex_column av-lryhg-a12912dad481f524a7311ba7587bc437 av_one_full  avia-builder-el-7  el_after_av_one_full  avia-builder-el-last  first flex_column_div  column-top-margin'     ><section  class='av_textblock_section av-lyft9ovb-a7409b9ae4a7de4092e5e37cfccf0b77 '   itemscope=\"itemscope\" itemtype=\"https:\/\/schema.org\/CreativeWork\" ><div class='avia_textblock'  itemprop=\"text\" ><h2>Szent Istv\u00e1n-bazilika<\/h2>\n<p>A Szent Istv\u00e1n-bazilika Magyarorsz\u00e1g egyik legjelent\u0151sebb temploma, amely n\u00e9pszer\u0171 turisztikai l\u00e1tv\u00e1nyoss\u00e1gk\u00e9nt \u00e9s klasszikus, k\u00f3rus- \u00e9s kort\u00e1rs zenei koncertek helysz\u00edn\u00e9\u00fcl is szolg\u00e1l. Ezt a Magyarorsz\u00e1g vall\u00e1si \u00e9s kultur\u00e1lis \u00f6r\u00f6ks\u00e9g\u00e9t szimboliz\u00e1l\u00f3 \u00e9p\u00edt\u00e9szeti csod\u00e1t Szent Istv\u00e1nr\u00f3l, Magyarorsz\u00e1g els\u0151 kir\u00e1ly\u00e1r\u00f3l nevezt\u00e9k el, aki d\u00f6nt\u0151 szerepet j\u00e1tszott Magyarorsz\u00e1g kereszt\u00e9ny hitre t\u00e9r\u00edt\u00e9s\u00e9ben. A kezdetben Hild J\u00f3zsef \u00e1ltal neoklasszicista st\u00edlusban tervezett \u00e9p\u00fcletet v\u00e9g\u00fcl Ybl Mikl\u00f3s, a Magyar \u00c1llami Operah\u00e1z \u00e9p\u00edt\u00e9sze fejezte be neorenesz\u00e1nsz st\u00edlusban. 96 m\u00e9ter magas kupol\u00e1j\u00e1val a Parlament mellett Budapest egyik legmagasabb \u00e9p\u00fclete, \u00e9s Magyarorsz\u00e1g harmadik legmagasabb temploma. M\u00e1rv\u00e1nnyal, mozaikokkal \u00e9s \u00f3lom\u00fcveggel pomp\u00e1san d\u00edsz\u00edtett bels\u0151 tere \u00e1mulatba ejti a l\u00e1togat\u00f3kat. A f\u0151olt\u00e1ron Szent Istv\u00e1n szobra l\u00e1that\u00f3, akinek mumifik\u00e1l\u00f3dott keze, a Szent Jobb szint\u00e9n a templomban van ki\u00e1ll\u00edtva egy ereklyetart\u00f3ban. Az \u00e9p\u00fcletbe ingyenes a bel\u00e9p\u00e9s, a v\u00e1rosra l\u00e9legzetel\u00e1ll\u00edt\u00f3 panor\u00e1m\u00e1t ny\u00fajt\u00f3 kupol\u00e1ba azonban egy kisebb \u00f6sszeg\u00e9rt bel\u00e9p\u0151t kell v\u00e1ltani. A kupol\u00e1t lifttel vagy a 364 fokot sz\u00e1ml\u00e1l\u00f3 csigal\u00e9pcs\u0151t megm\u00e1szva lehet megk\u00f6zel\u00edteni.<\/p>\n<\/div><\/section><\/div>\n","protected":false},"excerpt":{"rendered":"","protected":false},"author":4,"featured_media":0,"parent":0,"menu_order":0,"comment_status":"closed","ping_status":"closed","template":"","meta":{"inline_featured_image":false,"footnotes":""},"class_list":["post-6202","page","type-page","status-publish","hentry"],"yoast_head":"<!-- This site is optimized with the Yoast SEO plugin v27.1.1 - https:\/\/yoast.com\/product\/yoast-seo-wordpress\/ -->\n<title>Inner City - Kimpton BEM Budapest - Tourist Attractions<\/title>\n<meta name=\"description\" content=\"Fedezze fel Budapest belv\u00e1ros\u00e1t a legjobb turisztikai l\u00e1tv\u00e1nyoss\u00e1gokkal: a Duna-parti Margitszigettel, a Parlament gy\u00f6ny\u00f6r\u0171 \u00e9p\u00edt\u00e9szet\u00e9vel \u00e9s a Szent Istv\u00e1n-bazilik\u00e1val, a Kimpton BEM Budapest k\u00f6zel\u00e9ben\" \/>\n<meta name=\"robots\" content=\"index, follow, max-snippet:-1, max-image-preview:large, max-video-preview:-1\" \/>\n<link rel=\"canonical\" href=\"https:\/\/kimptonbembudapest.com\/hu\/inner-city-budapest\/\" \/>\n<meta property=\"og:locale\" content=\"hu_HU\" \/>\n<meta property=\"og:type\" content=\"article\" \/>\n<meta property=\"og:title\" content=\"Inner City - Kimpton BEM Budapest - Tourist Attractions\" \/>\n<meta property=\"og:description\" content=\"Fedezze fel Budapest belv\u00e1ros\u00e1t a legjobb turisztikai l\u00e1tv\u00e1nyoss\u00e1gokkal: a Duna-parti Margitszigettel, a Parlament gy\u00f6ny\u00f6r\u0171 \u00e9p\u00edt\u00e9szet\u00e9vel \u00e9s a Szent Istv\u00e1n-bazilik\u00e1val, a Kimpton BEM Budapest k\u00f6zel\u00e9ben\" \/>\n<meta property=\"og:url\" content=\"https:\/\/kimptonbembudapest.com\/hu\/inner-city-budapest\/\" \/>\n<meta property=\"og:site_name\" content=\"Kimpton BEM Budapest\" \/>\n<meta property=\"article:modified_time\" content=\"2024-12-03T11:55:07+00:00\" \/>\n<meta property=\"og:image\" content=\"https:\/\/kimptonbembudapest.com\/wp-content\/uploads\/2024\/07\/OG.jpg\" \/>\n\t<meta property=\"og:image:width\" content=\"1200\" \/>\n\t<meta property=\"og:image:height\" content=\"630\" \/>\n\t<meta property=\"og:image:type\" content=\"image\/jpeg\" \/>\n<meta name=\"twitter:card\" content=\"summary_large_image\" \/>\n<meta name=\"twitter:label1\" content=\"Becs\u00fclt olvas\u00e1si id\u0151\" \/>\n\t<meta name=\"twitter:data1\" content=\"2 perc\" \/>\n<!-- \/ Yoast SEO plugin. -->","yoast_head_json":{"title":"Inner City - Kimpton BEM Budapest - Tourist Attractions","description":"Fedezze fel Budapest belv\u00e1ros\u00e1t a legjobb turisztikai l\u00e1tv\u00e1nyoss\u00e1gokkal: a Duna-parti Margitszigettel, a Parlament gy\u00f6ny\u00f6r\u0171 \u00e9p\u00edt\u00e9szet\u00e9vel \u00e9s a Szent Istv\u00e1n-bazilik\u00e1val, a Kimpton BEM Budapest k\u00f6zel\u00e9ben","robots":{"index":"index","follow":"follow","max-snippet":"max-snippet:-1","max-image-preview":"max-image-preview:large","max-video-preview":"max-video-preview:-1"},"canonical":"https:\/\/kimptonbembudapest.com\/hu\/inner-city-budapest\/","og_locale":"hu_HU","og_type":"article","og_title":"Inner City - Kimpton BEM Budapest - Tourist Attractions","og_description":"Fedezze fel Budapest belv\u00e1ros\u00e1t a legjobb turisztikai l\u00e1tv\u00e1nyoss\u00e1gokkal: a Duna-parti Margitszigettel, a Parlament gy\u00f6ny\u00f6r\u0171 \u00e9p\u00edt\u00e9szet\u00e9vel \u00e9s a Szent Istv\u00e1n-bazilik\u00e1val, a Kimpton BEM Budapest k\u00f6zel\u00e9ben","og_url":"https:\/\/kimptonbembudapest.com\/hu\/inner-city-budapest\/","og_site_name":"Kimpton BEM Budapest","article_modified_time":"2024-12-03T11:55:07+00:00","og_image":[{"width":1200,"height":630,"url":"https:\/\/kimptonbembudapest.com\/wp-content\/uploads\/2024\/07\/OG.jpg","type":"image\/jpeg"}],"twitter_card":"summary_large_image","twitter_misc":{"Becs\u00fclt olvas\u00e1si id\u0151":"2 perc"},"schema":{"@context":"https:\/\/schema.org","@graph":[{"@type":"WebPage","@id":"https:\/\/kimptonbembudapest.com\/hu\/inner-city-budapest\/","url":"https:\/\/kimptonbembudapest.com\/hu\/inner-city-budapest\/","name":"Inner City - Kimpton BEM Budapest - Tourist Attractions","isPartOf":{"@id":"https:\/\/kimptonbembudapest.com\/hu\/#website"},"datePublished":"2024-07-02T08:28:28+00:00","dateModified":"2024-12-03T11:55:07+00:00","description":"Fedezze fel Budapest belv\u00e1ros\u00e1t a legjobb turisztikai l\u00e1tv\u00e1nyoss\u00e1gokkal: a Duna-parti Margitszigettel, a Parlament gy\u00f6ny\u00f6r\u0171 \u00e9p\u00edt\u00e9szet\u00e9vel \u00e9s a Szent Istv\u00e1n-bazilik\u00e1val, a Kimpton BEM Budapest k\u00f6zel\u00e9ben","breadcrumb":{"@id":"https:\/\/kimptonbembudapest.com\/hu\/inner-city-budapest\/#breadcrumb"},"inLanguage":"hu","potentialAction":[{"@type":"ReadAction","target":["https:\/\/kimptonbembudapest.com\/hu\/inner-city-budapest\/"]}]},{"@type":"BreadcrumbList","@id":"https:\/\/kimptonbembudapest.com\/hu\/inner-city-budapest\/#breadcrumb","itemListElement":[{"@type":"ListItem","position":1,"name":"Kezd\u0151lap","item":"https:\/\/kimptonbembudapest.com\/hu\/home\/"},{"@type":"ListItem","position":2,"name":"Inner City"}]},{"@type":"WebSite","@id":"https:\/\/kimptonbembudapest.com\/hu\/#website","url":"https:\/\/kimptonbembudapest.com\/hu\/","name":"Kimpton BEM Budapest","description":"Budapest Luxury Hotel","potentialAction":[{"@type":"SearchAction","target":{"@type":"EntryPoint","urlTemplate":"https:\/\/kimptonbembudapest.com\/hu\/?s={search_term_string}"},"query-input":{"@type":"PropertyValueSpecification","valueRequired":true,"valueName":"search_term_string"}}],"inLanguage":"hu"}]}},"_links":{"self":[{"href":"https:\/\/kimptonbembudapest.com\/hu\/wp-json\/wp\/v2\/pages\/6202","targetHints":{"allow":["GET"]}}],"collection":[{"href":"https:\/\/kimptonbembudapest.com\/hu\/wp-json\/wp\/v2\/pages"}],"about":[{"href":"https:\/\/kimptonbembudapest.com\/hu\/wp-json\/wp\/v2\/types\/page"}],"author":[{"embeddable":true,"href":"https:\/\/kimptonbembudapest.com\/hu\/wp-json\/wp\/v2\/users\/4"}],"replies":[{"embeddable":true,"href":"https:\/\/kimptonbembudapest.com\/hu\/wp-json\/wp\/v2\/comments?post=6202"}],"version-history":[{"count":2,"href":"https:\/\/kimptonbembudapest.com\/hu\/wp-json\/wp\/v2\/pages\/6202\/revisions"}],"predecessor-version":[{"id":6207,"href":"https:\/\/kimptonbembudapest.com\/hu\/wp-json\/wp\/v2\/pages\/6202\/revisions\/6207"}],"wp:attachment":[{"href":"https:\/\/kimptonbembudapest.com\/hu\/wp-json\/wp\/v2\/media?parent=6202"}],"curies":[{"name":"wp","href":"https:\/\/api.w.org\/{rel}","templated":true}]}}