{"id":6177,"date":"2024-07-02T10:29:06","date_gmt":"2024-07-02T08:29:06","guid":{"rendered":"https:\/\/kimptonbembudapest.com\/floor-plans\/"},"modified":"2024-12-03T11:14:29","modified_gmt":"2024-12-03T10:14:29","slug":"floor-plans","status":"publish","type":"page","link":"https:\/\/kimptonbembudapest.com\/hu\/floor-plans\/","title":{"rendered":"Floor Plans"},"content":{"rendered":"<div id='av_section_1'  class='avia-section av-vrw1d-e20e258bb2931b35e99e7d8ad6c83a74 main_color avia-section-default avia-no-border-styling  avia-builder-el-0  avia-builder-el-no-sibling  avia-bg-style-scroll container_wrap fullsize'  ><div class='container av-section-cont-open' ><main  role=\"main\" itemprop=\"mainContentOfPage\"  class='template-page content  av-content-full alpha units'><div class='post-entry post-entry-type-page post-entry-6177'><div class='entry-content-wrapper clearfix'>\n<div  class='flex_column av-rttu9-ad5a1fb2b0ae9ebf851bc13d37cf6d86 av_one_full  avia-builder-el-1  el_before_av_one_half  avia-builder-el-first  first flex_column_div  '     ><style type=\"text\/css\" data-created_by=\"avia_inline_auto\" id=\"style-css-av-ly723hed-5ae2012e3db324d5ba01bb93e13c9bbc\">\n#top .av-special-heading.av-ly723hed-5ae2012e3db324d5ba01bb93e13c9bbc{\npadding-bottom:10px;\n}\nbody .av-special-heading.av-ly723hed-5ae2012e3db324d5ba01bb93e13c9bbc .av-special-heading-tag .heading-char{\nfont-size:25px;\n}\n.av-special-heading.av-ly723hed-5ae2012e3db324d5ba01bb93e13c9bbc .av-subheading{\nfont-size:15px;\n}\n<\/style>\n<div  class='av-special-heading av-ly723hed-5ae2012e3db324d5ba01bb93e13c9bbc av-special-heading-h1 blockquote modern-quote  avia-builder-el-2  avia-builder-el-no-sibling '><h1 class='av-special-heading-tag'  itemprop=\"headline\"  >A helysz\u00edn, amely igaz\u00e1n k\u00fcl\u00f6nlegess\u00e9 var\u00e1zsolja az esem\u00e9nyt <\/h1><div class=\"special-heading-border\"><div class=\"special-heading-inner-border\"><\/div><\/div><\/div><\/div><div class='flex_column_table av-it40x-b141ac0ee51fab15404bf4fba62cd661 sc-av_one_half av-equal-height-column-flextable'><div  class='flex_column av-it40x-b141ac0ee51fab15404bf4fba62cd661 av_one_half  avia-builder-el-3  el_after_av_one_full  el_before_av_one_half  first flex_column_table_cell av-equal-height-column av-align-middle  column-top-margin'     ><section  class='av_textblock_section av-ly723ovy-c632cf97f8a4f5c4129a6d5cb1396268 '   itemscope=\"itemscope\" itemtype=\"https:\/\/schema.org\/CreativeWork\" ><div class='avia_textblock'  itemprop=\"text\" ><p>A Kimpton BEM sz\u00e1llod\u00e1ban szervezett rendezv\u00e9nyt vend\u00e9gei m\u00e9g az est v\u00e9gezt\u00e9vel is sok\u00e1ig emlegetni fogj\u00e1k. Rendezv\u00e9nyhelysz\u00edneinken egyedi berendez\u00e9s \u00e9s f\u00e9ny\u0171z\u0151 dekor\u00e1ci\u00f3 biztos\u00edtja a modern \u00e9s kifinomult hangulatot. A Turul terem egy hangulatos bork\u00f3stol\u00f3terem, amely a f\u00f6ldszinti Bar Hus\u00f3n kereszt\u00fcl k\u00f6zel\u00edthet\u0151 meg. T\u00f6k\u00e9letes helysz\u00edn a legfeljebb 20 f\u0151s, meghitt, z\u00e1rt k\u00f6r\u0171 rendezv\u00e9nyek lebonyol\u00edt\u00e1s\u00e1ra. Otthonos, h\u00edvogat\u00f3 hangulat\u00e1val ide\u00e1lis mag\u00e1njelleg\u0171 vacsor\u00e1k \u00e9s \u00fcnneps\u00e9gek rendez\u00e9s\u00e9re. Az emeleten tal\u00e1lhat\u00f3 Arany Szarvas sarok \u00e9s az MW szalon egyar\u00e1nt remek helysz\u00ednek egy diszkr\u00e9t tal\u00e1lkoz\u00f3 vagy egy 10\u201312 szem\u00e9lyes meghitt vacsora lebonyol\u00edt\u00e1s\u00e1ra.<\/p>\n<p>Nagyobb rendezv\u00e9nyek \u00e9s \u00fczleti tal\u00e1lkoz\u00f3k eset\u00e9n a BEM b\u00e1lterem t\u00f6k\u00e9letes v\u00e1laszt\u00e1s. A j\u00f3l megvil\u00e1g\u00edtott terem ak\u00e1r 110 vend\u00e9g befogad\u00e1s\u00e1ra is alkalmas. A dinamikus b\u00e1lterem h\u00e1rom r\u00e9szre oszthat\u00f3, \u00edgy elrendez\u00e9se k\u00f6nnyed\u00e9n igaz\u00edthat\u00f3 a rendezv\u00e9ny ig\u00e9nyeihez. A szob\u00e1k kivet\u00edt\u0151kkel \u00e9s be\u00e9p\u00edtett k\u00e9perny\u0151kkel vannak felszerelve, ez\u00e1ltal a st\u00edlusos kialak\u00edt\u00e1st modern k\u00e9nyelemmel \u00f6tv\u00f6zik. Ha a rendezv\u00e9ny megtervez\u00e9se \u00e9rdek\u00e9ben szeretn\u00e9 megtekinteni rendezv\u00e9nytermeink elrendez\u00e9s\u00e9t vagy alaprajz\u00e1t, forduljon bizalommal \u00e9rt\u00e9kes\u00edt\u00e9si csapatunkhoz a <a href=\"mailto:kimptonbem.sales@ihg.com\">kimptonbem.sales@ihg.com<\/a> e-mail-c\u00edmen. Mivel b\u00e1rmilyen t\u00edpus\u00fa rendezv\u00e9nyt meg tudunk szervezni, t\u00f6k\u00e9letes helysz\u00ednt k\u00edn\u00e1lunk eml\u00e9kezetes esem\u00e9nyekhez.<\/p>\n<p>Felkeltett\u00fck az \u00e9rdekl\u0151d\u00e9s\u00e9t? Forduljon hozz\u00e1nk bizalommal a <a href=\"mailto:kimptonbem.sales@ihg.com\">kimptonbem.sales@ihg.com<\/a> e-mail-c\u00edmen vagy a <a href=\"tel:+3618839880\">+36 1 883 9880<\/a> telefonsz\u00e1mon. Alig v\u00e1rjuk, hogy seg\u00edthess\u00fcnk \u00e1lmai rendezv\u00e9ny\u00e9nek megszervez\u00e9s\u00e9ben!<\/p>\n<\/div><\/section><\/div><div class='av-flex-placeholder'><\/div><div  class='flex_column av-dervt-2f510b42c48d92861670442abe8e9962 av_one_half  avia-builder-el-5  el_after_av_one_half  avia-builder-el-last  flex_column_table_cell av-equal-height-column av-align-middle  column-top-margin'     ><style type=\"text\/css\" data-created_by=\"avia_inline_auto\" id=\"style-css-av-8235l-54733e51401fd309fed267b61ef0d393\">\n.avia-image-container.av-8235l-54733e51401fd309fed267b61ef0d393 img.avia_image{\nbox-shadow:none;\n}\n.avia-image-container.av-8235l-54733e51401fd309fed267b61ef0d393 .av-image-caption-overlay-center{\ncolor:#ffffff;\n}\n<\/style>\n<div  class='avia-image-container av-8235l-54733e51401fd309fed267b61ef0d393 av-styling- avia-align-center  avia-builder-el-6  avia-builder-el-no-sibling '   itemprop=\"image\" itemscope=\"itemscope\" itemtype=\"https:\/\/schema.org\/ImageObject\" ><div class=\"avia-image-container-inner\"><div class=\"avia-image-overlay-wrap\"><img decoding=\"async\" fetchpriority=\"high\" class='wp-image-2519 avia-img-lazy-loading-not-2519 avia_image ' src=\"https:\/\/kimptonbembudapest.com\/wp-content\/uploads\/2024\/07\/240611_KIMPTON_BEM__3140.jpg\" alt='' title='240611_KIMPTON_BEM__3140'  height=\"1707\" width=\"2560\"  itemprop=\"thumbnailUrl\" srcset=\"https:\/\/kimptonbembudapest.com\/wp-content\/uploads\/2024\/07\/240611_KIMPTON_BEM__3140.jpg 2560w, https:\/\/kimptonbembudapest.com\/wp-content\/uploads\/2024\/07\/240611_KIMPTON_BEM__3140-300x200.jpg 300w, https:\/\/kimptonbembudapest.com\/wp-content\/uploads\/2024\/07\/240611_KIMPTON_BEM__3140-1030x687.jpg 1030w, https:\/\/kimptonbembudapest.com\/wp-content\/uploads\/2024\/07\/240611_KIMPTON_BEM__3140-768x512.jpg 768w, https:\/\/kimptonbembudapest.com\/wp-content\/uploads\/2024\/07\/240611_KIMPTON_BEM__3140-1536x1024.jpg 1536w, https:\/\/kimptonbembudapest.com\/wp-content\/uploads\/2024\/07\/240611_KIMPTON_BEM__3140-2048x1366.jpg 2048w, https:\/\/kimptonbembudapest.com\/wp-content\/uploads\/2024\/07\/240611_KIMPTON_BEM__3140-1500x1000.jpg 1500w, https:\/\/kimptonbembudapest.com\/wp-content\/uploads\/2024\/07\/240611_KIMPTON_BEM__3140-705x470.jpg 705w\" sizes=\"(max-width: 2560px) 100vw, 2560px\" \/><\/div><\/div><\/div><\/div><\/div><!--close column table wrapper. Autoclose: 1 -->\n","protected":false},"excerpt":{"rendered":"","protected":false},"author":4,"featured_media":0,"parent":0,"menu_order":0,"comment_status":"closed","ping_status":"closed","template":"","meta":{"inline_featured_image":false,"footnotes":""},"class_list":["post-6177","page","type-page","status-publish","hentry"],"yoast_head":"<!-- This site is optimized with the Yoast SEO plugin v27.1.1 - https:\/\/yoast.com\/product\/yoast-seo-wordpress\/ -->\n<title>Floor Plans - Kimpton BEM Budapest<\/title>\n<meta name=\"description\" content=\"A Kimpton BEM seg\u00edts\u00e9g\u00e9vel vend\u00e9gei m\u00e9g az \u00e9jszaka ut\u00e1n is besz\u00e9lni fognak a rendezv\u00e9ny\u00e9r\u0151l! Helysz\u00edneinken egyedi berendez\u00e9si t\u00e1rgyak \u00e9s f\u00e9ny\u0171z\u0151 dekor\u00e1ci\u00f3k adj\u00e1k meg a modern ig\u00e9nyess\u00e9g alaphangj\u00e1t.\" \/>\n<meta name=\"robots\" content=\"index, follow, max-snippet:-1, max-image-preview:large, max-video-preview:-1\" \/>\n<link rel=\"canonical\" href=\"https:\/\/kimptonbembudapest.com\/hu\/floor-plans\/\" \/>\n<meta property=\"og:locale\" content=\"hu_HU\" \/>\n<meta property=\"og:type\" content=\"article\" \/>\n<meta property=\"og:title\" content=\"floor plans\" \/>\n<meta property=\"og:description\" content=\"A Kimpton BEM seg\u00edts\u00e9g\u00e9vel vend\u00e9gei m\u00e9g az \u00e9jszaka ut\u00e1n is besz\u00e9lni fognak a rendezv\u00e9ny\u00e9r\u0151l! Helysz\u00edneinken egyedi berendez\u00e9si t\u00e1rgyak \u00e9s f\u00e9ny\u0171z\u0151 dekor\u00e1ci\u00f3k adj\u00e1k meg a modern ig\u00e9nyess\u00e9g alaphangj\u00e1t.\" \/>\n<meta property=\"og:url\" content=\"https:\/\/kimptonbembudapest.com\/hu\/floor-plans\/\" \/>\n<meta property=\"og:site_name\" content=\"Kimpton BEM Budapest\" \/>\n<meta property=\"article:modified_time\" content=\"2024-12-03T10:14:29+00:00\" \/>\n<meta property=\"og:image\" content=\"https:\/\/kimptonbembudapest.com\/wp-content\/uploads\/2024\/07\/OG.jpg\" \/>\n\t<meta property=\"og:image:width\" content=\"1200\" \/>\n\t<meta property=\"og:image:height\" content=\"630\" \/>\n\t<meta property=\"og:image:type\" content=\"image\/jpeg\" \/>\n<meta name=\"twitter:card\" content=\"summary_large_image\" \/>\n<!-- \/ Yoast SEO plugin. -->","yoast_head_json":{"title":"Floor Plans - Kimpton BEM Budapest","description":"A Kimpton BEM seg\u00edts\u00e9g\u00e9vel vend\u00e9gei m\u00e9g az \u00e9jszaka ut\u00e1n is besz\u00e9lni fognak a rendezv\u00e9ny\u00e9r\u0151l! Helysz\u00edneinken egyedi berendez\u00e9si t\u00e1rgyak \u00e9s f\u00e9ny\u0171z\u0151 dekor\u00e1ci\u00f3k adj\u00e1k meg a modern ig\u00e9nyess\u00e9g alaphangj\u00e1t.","robots":{"index":"index","follow":"follow","max-snippet":"max-snippet:-1","max-image-preview":"max-image-preview:large","max-video-preview":"max-video-preview:-1"},"canonical":"https:\/\/kimptonbembudapest.com\/hu\/floor-plans\/","og_locale":"hu_HU","og_type":"article","og_title":"floor plans","og_description":"A Kimpton BEM seg\u00edts\u00e9g\u00e9vel vend\u00e9gei m\u00e9g az \u00e9jszaka ut\u00e1n is besz\u00e9lni fognak a rendezv\u00e9ny\u00e9r\u0151l! Helysz\u00edneinken egyedi berendez\u00e9si t\u00e1rgyak \u00e9s f\u00e9ny\u0171z\u0151 dekor\u00e1ci\u00f3k adj\u00e1k meg a modern ig\u00e9nyess\u00e9g alaphangj\u00e1t.","og_url":"https:\/\/kimptonbembudapest.com\/hu\/floor-plans\/","og_site_name":"Kimpton BEM Budapest","article_modified_time":"2024-12-03T10:14:29+00:00","og_image":[{"width":1200,"height":630,"url":"https:\/\/kimptonbembudapest.com\/wp-content\/uploads\/2024\/07\/OG.jpg","type":"image\/jpeg"}],"twitter_card":"summary_large_image","schema":{"@context":"https:\/\/schema.org","@graph":[{"@type":"WebPage","@id":"https:\/\/kimptonbembudapest.com\/hu\/floor-plans\/","url":"https:\/\/kimptonbembudapest.com\/hu\/floor-plans\/","name":"Floor Plans - Kimpton BEM Budapest","isPartOf":{"@id":"https:\/\/kimptonbembudapest.com\/hu\/#website"},"datePublished":"2024-07-02T08:29:06+00:00","dateModified":"2024-12-03T10:14:29+00:00","description":"A Kimpton BEM seg\u00edts\u00e9g\u00e9vel vend\u00e9gei m\u00e9g az \u00e9jszaka ut\u00e1n is besz\u00e9lni fognak a rendezv\u00e9ny\u00e9r\u0151l! Helysz\u00edneinken egyedi berendez\u00e9si t\u00e1rgyak \u00e9s f\u00e9ny\u0171z\u0151 dekor\u00e1ci\u00f3k adj\u00e1k meg a modern ig\u00e9nyess\u00e9g alaphangj\u00e1t.","breadcrumb":{"@id":"https:\/\/kimptonbembudapest.com\/hu\/floor-plans\/#breadcrumb"},"inLanguage":"hu","potentialAction":[{"@type":"ReadAction","target":["https:\/\/kimptonbembudapest.com\/hu\/floor-plans\/"]}]},{"@type":"BreadcrumbList","@id":"https:\/\/kimptonbembudapest.com\/hu\/floor-plans\/#breadcrumb","itemListElement":[{"@type":"ListItem","position":1,"name":"Kezd\u0151lap","item":"https:\/\/kimptonbembudapest.com\/hu\/home\/"},{"@type":"ListItem","position":2,"name":"Floor Plans"}]},{"@type":"WebSite","@id":"https:\/\/kimptonbembudapest.com\/hu\/#website","url":"https:\/\/kimptonbembudapest.com\/hu\/","name":"Kimpton BEM Budapest","description":"Budapest Luxury Hotel","potentialAction":[{"@type":"SearchAction","target":{"@type":"EntryPoint","urlTemplate":"https:\/\/kimptonbembudapest.com\/hu\/?s={search_term_string}"},"query-input":{"@type":"PropertyValueSpecification","valueRequired":true,"valueName":"search_term_string"}}],"inLanguage":"hu"}]}},"_links":{"self":[{"href":"https:\/\/kimptonbembudapest.com\/hu\/wp-json\/wp\/v2\/pages\/6177","targetHints":{"allow":["GET"]}}],"collection":[{"href":"https:\/\/kimptonbembudapest.com\/hu\/wp-json\/wp\/v2\/pages"}],"about":[{"href":"https:\/\/kimptonbembudapest.com\/hu\/wp-json\/wp\/v2\/types\/page"}],"author":[{"embeddable":true,"href":"https:\/\/kimptonbembudapest.com\/hu\/wp-json\/wp\/v2\/users\/4"}],"replies":[{"embeddable":true,"href":"https:\/\/kimptonbembudapest.com\/hu\/wp-json\/wp\/v2\/comments?post=6177"}],"version-history":[{"count":2,"href":"https:\/\/kimptonbembudapest.com\/hu\/wp-json\/wp\/v2\/pages\/6177\/revisions"}],"predecessor-version":[{"id":8585,"href":"https:\/\/kimptonbembudapest.com\/hu\/wp-json\/wp\/v2\/pages\/6177\/revisions\/8585"}],"wp:attachment":[{"href":"https:\/\/kimptonbembudapest.com\/hu\/wp-json\/wp\/v2\/media?parent=6177"}],"curies":[{"name":"wp","href":"https:\/\/api.w.org\/{rel}","templated":true}]}}