{"id":6171,"date":"2024-07-10T10:16:25","date_gmt":"2024-07-10T08:16:25","guid":{"rendered":"https:\/\/kimptonbembudapest.com\/fqa\/"},"modified":"2024-12-03T11:12:08","modified_gmt":"2024-12-03T10:12:08","slug":"fqa","status":"publish","type":"page","link":"https:\/\/kimptonbembudapest.com\/hu\/fqa\/","title":{"rendered":"FAQ (Meetings &#038; Events)"},"content":{"rendered":"\n<style type=\"text\/css\" data-created_by=\"avia_inline_auto\" id=\"style-css-av-ogcwa-49dc2c54ef8c43e487f0cf9c53e644b1\">\n.avia-section.av-ogcwa-49dc2c54ef8c43e487f0cf9c53e644b1{\nbackground-repeat:no-repeat;\nbackground-image:url(https:\/\/kimptonbembudapest.com\/wp-content\/uploads\/2024\/07\/11.jpg);\nbackground-position:0% 0%;\nbackground-attachment:scroll;\n}\n<\/style>\n<div id='av_section_1'  class='avia-section av-ogcwa-49dc2c54ef8c43e487f0cf9c53e644b1 main_color avia-section-default avia-no-border-styling  avia-builder-el-0  el_before_av_section  avia-builder-el-first  avia-full-stretch avia-bg-style-scroll av-minimum-height av-minimum-height-custom av-height-custom  container_wrap fullsize'  data-section-bg-repeat='stretch' data-av_minimum_height_px='350'><div class='container av-section-cont-open' style='height:350px'><main  role=\"main\" itemprop=\"mainContentOfPage\"  class='template-page content  av-content-full alpha units'><div class='post-entry post-entry-type-page post-entry-6171'><div class='entry-content-wrapper clearfix'>\n<div  class='flex_column av-mu92q-94928f27c813619f84c346bbe7c7fd7e av_one_full  avia-builder-el-1  avia-builder-el-no-sibling  first flex_column_div  '     ><style type=\"text\/css\" data-created_by=\"avia_inline_auto\" id=\"style-css-av-lyclhrvu-d1eacdb6ba1cab07f177d0a376d1c43b\">\n#top .av-special-heading.av-lyclhrvu-d1eacdb6ba1cab07f177d0a376d1c43b{\npadding-bottom:10px;\ncolor:#ffffff;\n}\nbody .av-special-heading.av-lyclhrvu-d1eacdb6ba1cab07f177d0a376d1c43b .av-special-heading-tag .heading-char{\nfont-size:25px;\n}\n.av-special-heading.av-lyclhrvu-d1eacdb6ba1cab07f177d0a376d1c43b .special-heading-inner-border{\nborder-color:#ffffff;\n}\n.av-special-heading.av-lyclhrvu-d1eacdb6ba1cab07f177d0a376d1c43b .av-subheading{\nfont-size:15px;\n}\n<\/style>\n<div  class='av-special-heading av-lyclhrvu-d1eacdb6ba1cab07f177d0a376d1c43b av-special-heading-h1 custom-color-heading blockquote modern-quote  avia-builder-el-2  avia-builder-el-no-sibling '><h1 class='av-special-heading-tag'  itemprop=\"headline\"  >FAQ<\/h1><div class=\"special-heading-border\"><div class=\"special-heading-inner-border\"><\/div><\/div><\/div><\/div>\n\n<\/div><\/div><\/main><!-- close content main element --><\/div><\/div><div id='av_section_2'  class='avia-section av-clw9u-e5c417dc6c12b2d5ad913288663c0aaf main_color avia-section-default avia-no-border-styling  avia-builder-el-3  el_after_av_section  avia-builder-el-last  avia-bg-style-scroll container_wrap fullsize'  ><div class='container av-section-cont-open' ><div class='template-page content  av-content-full alpha units'><div class='post-entry post-entry-type-page post-entry-6171'><div class='entry-content-wrapper clearfix'>\n<div class='flex_column_table av-bc3cq-73608fc0fbc9f6f31407ef68fefef19e sc-av_one_full av-equal-height-column-flextable'><div  class='flex_column av-bc3cq-73608fc0fbc9f6f31407ef68fefef19e av_one_full  avia-builder-el-4  avia-builder-el-no-sibling  first flex_column_table_cell av-equal-height-column av-align-middle  '     ><div  class='togglecontainer av-lyclkwev-4291ac1bc28821bd3d4067477b136e0c av-elegant-toggle  avia-builder-el-5  avia-builder-el-no-sibling  toggle_close_all' >\n<section class='av_toggle_section av-lyclkpe0-5234c35fd9d38f3294375bdc71a04da2'  itemscope=\"itemscope\" itemtype=\"https:\/\/schema.org\/CreativeWork\" ><div role=\"tablist\" class=\"single_toggle\" data-tags=\"{Mind} \"  ><p data-fake-id='#toggle-id-1' class='toggler   '  itemprop=\"headline\"  role='tab' tabindex='0' aria-controls='toggle-id-1'>H\u00e1ny rendezv\u00e9nyterme van a Kimpton BEM Budapest hotelnek? <span class=\"toggle_icon\"><span class=\"vert_icon\"><\/span><span class=\"hor_icon\"><\/span><\/span><\/p><div id='toggle-id-1' class='toggle_wrap  '  ><div class='toggle_content invers-color '  itemprop=\"text\" ><p>A Kimpton BEM Budapest hotelnek nyolc rendezv\u00e9nyterme van.<\/p>\n<\/div><\/div><\/div><\/section>\n<section class='av_toggle_section av-lyclkpe0-3-fe1df5011fc8d995b37f09619357c022'  itemscope=\"itemscope\" itemtype=\"https:\/\/schema.org\/CreativeWork\" ><div role=\"tablist\" class=\"single_toggle\" data-tags=\"{Mind} \"  ><p data-fake-id='#toggle-id-2' class='toggler   '  itemprop=\"headline\"  role='tab' tabindex='0' aria-controls='toggle-id-2'>H\u00e1ny f\u0151 befogad\u00e1s\u00e1ra alkalmas a Kimpton BEM Budapest legnagyobb rendezv\u00e9nyterme? <span class=\"toggle_icon\"><span class=\"vert_icon\"><\/span><span class=\"hor_icon\"><\/span><\/span><\/p><div id='toggle-id-2' class='toggle_wrap  '  ><div class='toggle_content invers-color '  itemprop=\"text\" ><p>A Kimpton BEM Budapest legnagyobb rendezv\u00e9nyterme a BEM b\u00e1lterem, mely legfeljebb 110 f\u0151 befogad\u00e1s\u00e1ra alkalmas a sz\u00ednh\u00e1z jelleg\u0171 elrendez\u00e9ssel.<\/p>\n<\/div><\/div><\/div><\/section>\n<section class='av_toggle_section av-lyclkpe0-2-541515c8360e43892529ced5c6f38189'  itemscope=\"itemscope\" itemtype=\"https:\/\/schema.org\/CreativeWork\" ><div role=\"tablist\" class=\"single_toggle\" data-tags=\"{Mind} \"  ><p data-fake-id='#toggle-id-3' class='toggler   '  itemprop=\"headline\"  role='tab' tabindex='0' aria-controls='toggle-id-3'>K\u00edn\u00e1l a Kimpton BEM Budapest esk\u00fcv\u0151i szolg\u00e1ltat\u00e1sokat? <span class=\"toggle_icon\"><span class=\"vert_icon\"><\/span><span class=\"hor_icon\"><\/span><\/span><\/p><div id='toggle-id-3' class='toggle_wrap  '  ><div class='toggle_content invers-color '  itemprop=\"text\" ><p>Sajnos a Kimpton BEM Budapest nem ny\u00fajt esk\u00fcv\u0151i szolg\u00e1ltat\u00e1sokat.<\/p>\n<\/div><\/div><\/div><\/section>\n<section class='av_toggle_section av-lyclkpe0-1-bd9556f7f3d1f556972efb39e7cec4af'  itemscope=\"itemscope\" itemtype=\"https:\/\/schema.org\/CreativeWork\" ><div role=\"tablist\" class=\"single_toggle\" data-tags=\"{Mind} \"  ><p data-fake-id='#toggle-id-4' class='toggler   '  itemprop=\"headline\"  role='tab' tabindex='0' aria-controls='toggle-id-4'>Hogyan foglalhatok le egy tal\u00e1lkoz\u00f3t vagy rendezv\u00e9nyt a Kimpton BEM Budapest sz\u00e1llod\u00e1ban? <span class=\"toggle_icon\"><span class=\"vert_icon\"><\/span><span class=\"hor_icon\"><\/span><\/span><\/p><div id='toggle-id-4' class='toggle_wrap  '  ><div class='toggle_content invers-color '  itemprop=\"text\" ><p>A Kimpton BEM Budapest sz\u00e1llod\u00e1ban tartott tal\u00e1lkoz\u00f3t vagy rendezv\u00e9nyt az ezen a hivatkoz\u00e1son tal\u00e1lhat\u00f3 \u0171rlap kit\u00f6lt\u00e9s\u00e9vel foglalhatja le.<\/p>\n<\/div><\/div><\/div><\/section>\n<section class='av_toggle_section av-lyh6uqfx-2ca43568f5c29121a910dc50a08d61db'  itemscope=\"itemscope\" itemtype=\"https:\/\/schema.org\/CreativeWork\" ><div role=\"tablist\" class=\"single_toggle\" data-tags=\"{Mind} \"  ><p data-fake-id='#toggle-id-5' class='toggler   '  itemprop=\"headline\"  role='tab' tabindex='0' aria-controls='toggle-id-5'>Milyen int\u00e9zked\u00e9seket tesz a Kimpton BEM Budapest a rendezv\u00e9nyek fenntarthat\u00f3s\u00e1ga \u00e9rdek\u00e9ben? <span class=\"toggle_icon\"><span class=\"vert_icon\"><\/span><span class=\"hor_icon\"><\/span><\/span><\/p><div id='toggle-id-5' class='toggle_wrap  '  ><div class='toggle_content invers-color '  itemprop=\"text\" ><p>Tiszt\u00e1ban vagyunk a fenntarthat\u00f3s\u00e1g fontoss\u00e1g\u00e1val, \u00e9s sz\u00e1llod\u00e1nk elk\u00f6telezett amellett, hogy a t\u00e1rgyal\u00e1sok \u00e9s a rendezv\u00e9nyek lebonyol\u00edt\u00e1sa sor\u00e1n minden lehet\u0151s\u00e9get megragadjunk a fenntarthat\u00f3 gyakorlatok alkalmaz\u00e1s\u00e1ra.<\/p>\n<p>A Kimpton BEM Budapest sz\u00e1llod\u00e1ban szervezett \u201eMeeting for Good\u201d, vagyis a k\u00f6rnyezettudatoss\u00e1got szem el\u0151tt tart\u00f3 rendezv\u00e9nyek r\u00e9sztvev\u0151inek garant\u00e1ljuk a fenntarthat\u00f3s\u00e1g \u00e9lm\u00e9ny\u00e9t. A hullad\u00e9k mennyis\u00e9g\u00e9nek cs\u00f6kkent\u00e9se \u00e9rdek\u00e9ben felhagytunk az egyszer haszn\u00e1latos term\u00e9kek haszn\u00e1lat\u00e1val. Ez mag\u00e1ban foglalja, hogy a nyomtatott anyagok haszn\u00e1lat\u00e1t ker\u00fclend\u0151 az \u00f6sszes szerz\u0151d\u00e9st digit\u00e1lis form\u00e1ban \u00e1ll\u00edtjuk ki \u00e9s \u00edrjuk al\u00e1. Tov\u00e1bb\u00e1, a t\u00e1rgyal\u00f3termekre vonatkoz\u00f3 ir\u00e1nyelveinknek megfelel\u0151en, a tal\u00e1lkoz\u00f3kon nem haszn\u00e1lunk egyszer haszn\u00e1latos t\u00e1rgyakat, p\u00e9ld\u00e1ul jegyzett\u00f6mb\u00f6ket, tollakat, poh\u00e1ral\u00e1t\u00e9teket \u00e9s flipchartokat. Ezeket az eszk\u00f6z\u00f6ket csak k\u00fcl\u00f6n k\u00e9r\u00e9sre biztos\u00edtjuk. Ir\u00e1nyelveink a m\u0171anyag haszn\u00e1lat\u00e1t sem t\u00e1mogatj\u00e1k, \u00edgy rendezv\u00e9nytermeink nagy m\u00e9ret\u0171 v\u00edzadagol\u00f3kkal, p\u00e9ld\u00e1ul kancs\u00f3kkal \u00e9s poharakkal, illetve ut\u00e1nt\u00f6lt\u0151 \u00e1llom\u00e1sokkal vannak ell\u00e1tva.<\/p>\n<p>A v\u00edz- \u00e9s energiafogyaszt\u00e1s minimaliz\u00e1l\u00e1sa \u00e9rdek\u00e9ben a Kimpton BEM Budapest arra biztatja a tal\u00e1lkoz\u00f3k n\u00e1lunk \u00e9jszak\u00e1z\u00f3 r\u00e9sztvev\u0151it, hogy haszn\u00e1lj\u00e1k t\u00f6bb alkalommal az \u00e1gynem\u0171huzatokat \u00e9s t\u00f6r\u00f6lk\u00f6z\u0151ket. A l\u00e9gkondicion\u00e1l\u00e1sra \u00e9s vil\u00e1g\u00edt\u00e1sra vonatkoz\u00f3 ir\u00e1nyelveink alapj\u00e1n az alacsony kihaszn\u00e1lts\u00e1g\u00fa vagy haszn\u00e1laton k\u00edv\u00fcli id\u0151szakokban, p\u00e9ld\u00e1ul a fel\u00e1ll\u00edt\u00e1s \u00e9s a lebont\u00e1s sor\u00e1n, valamint a rendezv\u00e9ny sz\u00fcneteiben \u00e9s az \u00e9jszaka folyam\u00e1n t\u00f6reksz\u00fcnk az energiatakar\u00e9koss\u00e1gra.<\/p>\n<p>A vend\u00e9gl\u00e1t\u00e1ssal egybek\u00f6t\u00f6tt rendezv\u00e9nyek eset\u00e9ben cselekv\u00e9si terv\u00fcnk c\u00e9lja az \u00e9lelmiszer-hullad\u00e9k cs\u00f6kkent\u00e9se. Helyi \u00e9s n\u00f6v\u00e9nyi alap\u00fa alapanyagokat haszn\u00e1lunk fel, hogy cs\u00f6kkents\u00fck a men\u00fc hozz\u00e1val\u00f3inak feldolgoz\u00e1s\u00e1val, sz\u00e1ll\u00edt\u00e1s\u00e1val \u00e9s felhaszn\u00e1l\u00e1s\u00e1val kapcsolatos sz\u00e9n-dioxid-kibocs\u00e1t\u00e1st. Az egyszer haszn\u00e1latos anyagok ker\u00fcl\u00e9s\u00e9t azzal is el\u0151seg\u00edtj\u00fck, hogy a vacsor\u00e1k sor\u00e1n t\u00f6bbsz\u00f6r felhaszn\u00e1lhat\u00f3 k\u00e1rty\u00e1kat \u00e9s \u00e9tlapokat haszn\u00e1lunk, valamint t\u00f6bbsz\u00f6r felhaszn\u00e1lhat\u00f3 \u00e9tk\u00e9szlettel t\u00e1lalunk, ide\u00e9rtve a t\u00e1ny\u00e9rokat, az ev\u0151eszk\u00f6z\u00f6ket \u00e9s a poharakat.<\/p>\n<\/div><\/div><\/div><\/section>\n<\/div><\/div><\/div><!--close column table wrapper. Autoclose: 1 -->\n","protected":false},"excerpt":{"rendered":"","protected":false},"author":1,"featured_media":0,"parent":0,"menu_order":0,"comment_status":"closed","ping_status":"closed","template":"","meta":{"inline_featured_image":false,"footnotes":""},"class_list":["post-6171","page","type-page","status-publish","hentry"],"yoast_head":"<!-- This site is optimized with the Yoast SEO plugin v27.1.1 - https:\/\/yoast.com\/product\/yoast-seo-wordpress\/ -->\n<title>FAQ (Meetings &amp; Events) - Kimpton BEM Budapest<\/title>\n<meta name=\"description\" content=\"H\u00e1ny rendezv\u00e9nyterme van a Kimpton BEM Budapestnek? A Kimpton BEM Budapest nyolc rendezv\u00e9nyteremmel rendelkezik.\" \/>\n<meta name=\"robots\" content=\"index, follow, max-snippet:-1, max-image-preview:large, max-video-preview:-1\" \/>\n<link rel=\"canonical\" href=\"https:\/\/kimptonbembudapest.com\/hu\/fqa\/\" \/>\n<meta property=\"og:locale\" content=\"hu_HU\" \/>\n<meta property=\"og:type\" content=\"article\" \/>\n<meta property=\"og:title\" content=\"faq\" \/>\n<meta property=\"og:description\" content=\"H\u00e1ny rendezv\u00e9nyterme van a Kimpton BEM Budapestnek? A Kimpton BEM Budapest nyolc rendezv\u00e9nyteremmel rendelkezik.\" \/>\n<meta property=\"og:url\" content=\"https:\/\/kimptonbembudapest.com\/hu\/fqa\/\" \/>\n<meta property=\"og:site_name\" content=\"Kimpton BEM Budapest\" \/>\n<meta property=\"article:modified_time\" content=\"2024-12-03T10:12:08+00:00\" \/>\n<meta property=\"og:image\" content=\"https:\/\/kimptonbembudapest.com\/wp-content\/uploads\/2024\/07\/OG.jpg\" \/>\n\t<meta property=\"og:image:width\" content=\"1200\" \/>\n\t<meta property=\"og:image:height\" content=\"630\" \/>\n\t<meta property=\"og:image:type\" content=\"image\/jpeg\" \/>\n<meta name=\"twitter:card\" content=\"summary_large_image\" \/>\n<!-- \/ Yoast SEO plugin. -->","yoast_head_json":{"title":"FAQ (Meetings & Events) - Kimpton BEM Budapest","description":"H\u00e1ny rendezv\u00e9nyterme van a Kimpton BEM Budapestnek? A Kimpton BEM Budapest nyolc rendezv\u00e9nyteremmel rendelkezik.","robots":{"index":"index","follow":"follow","max-snippet":"max-snippet:-1","max-image-preview":"max-image-preview:large","max-video-preview":"max-video-preview:-1"},"canonical":"https:\/\/kimptonbembudapest.com\/hu\/fqa\/","og_locale":"hu_HU","og_type":"article","og_title":"faq","og_description":"H\u00e1ny rendezv\u00e9nyterme van a Kimpton BEM Budapestnek? A Kimpton BEM Budapest nyolc rendezv\u00e9nyteremmel rendelkezik.","og_url":"https:\/\/kimptonbembudapest.com\/hu\/fqa\/","og_site_name":"Kimpton BEM Budapest","article_modified_time":"2024-12-03T10:12:08+00:00","og_image":[{"width":1200,"height":630,"url":"https:\/\/kimptonbembudapest.com\/wp-content\/uploads\/2024\/07\/OG.jpg","type":"image\/jpeg"}],"twitter_card":"summary_large_image","schema":{"@context":"https:\/\/schema.org","@graph":[{"@type":"WebPage","@id":"https:\/\/kimptonbembudapest.com\/hu\/fqa\/","url":"https:\/\/kimptonbembudapest.com\/hu\/fqa\/","name":"FAQ (Meetings & Events) - Kimpton BEM Budapest","isPartOf":{"@id":"https:\/\/kimptonbembudapest.com\/hu\/#website"},"datePublished":"2024-07-10T08:16:25+00:00","dateModified":"2024-12-03T10:12:08+00:00","description":"H\u00e1ny rendezv\u00e9nyterme van a Kimpton BEM Budapestnek? A Kimpton BEM Budapest nyolc rendezv\u00e9nyteremmel rendelkezik.","breadcrumb":{"@id":"https:\/\/kimptonbembudapest.com\/hu\/fqa\/#breadcrumb"},"inLanguage":"hu","potentialAction":[{"@type":"ReadAction","target":["https:\/\/kimptonbembudapest.com\/hu\/fqa\/"]}]},{"@type":"BreadcrumbList","@id":"https:\/\/kimptonbembudapest.com\/hu\/fqa\/#breadcrumb","itemListElement":[{"@type":"ListItem","position":1,"name":"Kezd\u0151lap","item":"https:\/\/kimptonbembudapest.com\/hu\/home\/"},{"@type":"ListItem","position":2,"name":"FAQ (Meetings &#038; Events)"}]},{"@type":"WebSite","@id":"https:\/\/kimptonbembudapest.com\/hu\/#website","url":"https:\/\/kimptonbembudapest.com\/hu\/","name":"Kimpton BEM Budapest","description":"Budapest Luxury Hotel","potentialAction":[{"@type":"SearchAction","target":{"@type":"EntryPoint","urlTemplate":"https:\/\/kimptonbembudapest.com\/hu\/?s={search_term_string}"},"query-input":{"@type":"PropertyValueSpecification","valueRequired":true,"valueName":"search_term_string"}}],"inLanguage":"hu"}]}},"_links":{"self":[{"href":"https:\/\/kimptonbembudapest.com\/hu\/wp-json\/wp\/v2\/pages\/6171","targetHints":{"allow":["GET"]}}],"collection":[{"href":"https:\/\/kimptonbembudapest.com\/hu\/wp-json\/wp\/v2\/pages"}],"about":[{"href":"https:\/\/kimptonbembudapest.com\/hu\/wp-json\/wp\/v2\/types\/page"}],"author":[{"embeddable":true,"href":"https:\/\/kimptonbembudapest.com\/hu\/wp-json\/wp\/v2\/users\/1"}],"replies":[{"embeddable":true,"href":"https:\/\/kimptonbembudapest.com\/hu\/wp-json\/wp\/v2\/comments?post=6171"}],"version-history":[{"count":2,"href":"https:\/\/kimptonbembudapest.com\/hu\/wp-json\/wp\/v2\/pages\/6171\/revisions"}],"predecessor-version":[{"id":6174,"href":"https:\/\/kimptonbembudapest.com\/hu\/wp-json\/wp\/v2\/pages\/6171\/revisions\/6174"}],"wp:attachment":[{"href":"https:\/\/kimptonbembudapest.com\/hu\/wp-json\/wp\/v2\/media?parent=6171"}],"curies":[{"name":"wp","href":"https:\/\/api.w.org\/{rel}","templated":true}]}}