{"id":6156,"date":"2024-07-02T10:29:00","date_gmt":"2024-07-02T08:29:00","guid":{"rendered":"https:\/\/kimptonbembudapest.com\/contact-us\/"},"modified":"2024-12-03T10:47:33","modified_gmt":"2024-12-03T09:47:33","slug":"contact-us","status":"publish","type":"page","link":"https:\/\/kimptonbembudapest.com\/hu\/contact-us\/","title":{"rendered":"Contact + Book"},"content":{"rendered":"<div id='av_section_1'  class='avia-section av-13b2dv-ed803655442daae92cc52e783c7b7a9d main_color avia-section-default avia-no-border-styling  avia-builder-el-0  avia-builder-el-no-sibling  avia-bg-style-scroll container_wrap fullsize'  ><div class='container av-section-cont-open' ><main  role=\"main\" itemprop=\"mainContentOfPage\"  class='template-page content  av-content-full alpha units'><div class='post-entry post-entry-type-page post-entry-6156'><div class='entry-content-wrapper clearfix'>\n<div class='flex_column_table av-ihnzn-9612c271a27360002f90f889ff0bfc32 sc-av_one_half av-equal-height-column-flextable'><div  class='flex_column av-ihnzn-9612c271a27360002f90f889ff0bfc32 av_one_half  avia-builder-el-1  el_before_av_one_half  avia-builder-el-first  first flex_column_table_cell av-equal-height-column av-align-middle  '     ><section  class='av_textblock_section av-ly725410-d9836f538b0bcfbe4748a6ef4ff2f4a7 '   itemscope=\"itemscope\" itemtype=\"https:\/\/schema.org\/CreativeWork\" ><div class='avia_textblock'  itemprop=\"text\" ><h1>Kapcsolatfelv\u00e9tel<\/h1>\n<p>A fontos esem\u00e9nyekhez k\u00fcl\u00f6nleges helysz\u00edn duk\u00e1l. Ha m\u00e9g nem tal\u00e1lta meg az igazit, ne agg\u00f3djon \u2013 mi gondoskodunk r\u00f3la! B\u00edzza szak\u00e9rt\u0151inkre a helysz\u00edn kialak\u00edt\u00e1s\u00e1t, hogy \u00d6nnek \u00e9s vend\u00e9geinek biztosan felejthetetlen \u00e9lm\u00e9nyben legyen r\u00e9sz\u00fck. Egy szem\u00e9lyes megbesz\u00e9l\u00e9s sor\u00e1n csapatunk egyik tagj\u00e1val az eg\u00e9sz folyamatot \u00e9s minden fontos r\u00e9szletet \u00e1tbesz\u00e9lhetnek. Ha felkeltett\u00fck az \u00e9rdekl\u0151d\u00e9s\u00e9t, l\u00e9pjen vel\u00fcnk kapcsolatba a <a href=\"mailto:kimptonbem.sales@ihg.com\">kimptonbem.sales@ihg.com<\/a> e-mail-c\u00edmen vagy a <a href=\"tel:+3618839880\">+36 1 883 9880<\/a>\u00a0telefonsz\u00e1mon. Alig v\u00e1rjuk, hogy seg\u00edthess\u00fcnk \u00e1lmai rendezv\u00e9ny\u00e9nek megszervez\u00e9s\u00e9ben!<\/p>\n<\/div><\/section><\/div><div class='av-flex-placeholder'><\/div><div  class='flex_column av-hscq3-6b093604889613498d4c482750e53eae av_one_half  avia-builder-el-3  el_after_av_one_half  el_before_av_one_full  flex_column_table_cell av-equal-height-column av-align-middle  '     ><style type=\"text\/css\" data-created_by=\"avia_inline_auto\" id=\"style-css-av-6k2pn-5eab8e307207b410454f4ed398399cbf\">\n.avia-image-container.av-6k2pn-5eab8e307207b410454f4ed398399cbf img.avia_image{\nbox-shadow:none;\n}\n.avia-image-container.av-6k2pn-5eab8e307207b410454f4ed398399cbf .av-image-caption-overlay-center{\ncolor:#ffffff;\n}\n<\/style>\n<div  class='avia-image-container av-6k2pn-5eab8e307207b410454f4ed398399cbf av-styling- avia-align-center  avia-builder-el-4  avia-builder-el-no-sibling '   itemprop=\"image\" itemscope=\"itemscope\" itemtype=\"https:\/\/schema.org\/ImageObject\" ><div class=\"avia-image-container-inner\"><div class=\"avia-image-overlay-wrap\"><img decoding=\"async\" fetchpriority=\"high\" class='wp-image-2673 avia-img-lazy-loading-not-2673 avia_image ' src=\"https:\/\/kimptonbembudapest.com\/wp-content\/uploads\/2024\/07\/240611_KIMPTON_BEM__2534.jpg\" alt='' title='240611_KIMPTON_BEM__2534'  height=\"1707\" width=\"2560\"  itemprop=\"thumbnailUrl\" srcset=\"https:\/\/kimptonbembudapest.com\/wp-content\/uploads\/2024\/07\/240611_KIMPTON_BEM__2534.jpg 2560w, https:\/\/kimptonbembudapest.com\/wp-content\/uploads\/2024\/07\/240611_KIMPTON_BEM__2534-300x200.jpg 300w, https:\/\/kimptonbembudapest.com\/wp-content\/uploads\/2024\/07\/240611_KIMPTON_BEM__2534-1030x687.jpg 1030w, https:\/\/kimptonbembudapest.com\/wp-content\/uploads\/2024\/07\/240611_KIMPTON_BEM__2534-768x512.jpg 768w, https:\/\/kimptonbembudapest.com\/wp-content\/uploads\/2024\/07\/240611_KIMPTON_BEM__2534-1536x1024.jpg 1536w, https:\/\/kimptonbembudapest.com\/wp-content\/uploads\/2024\/07\/240611_KIMPTON_BEM__2534-2048x1366.jpg 2048w, https:\/\/kimptonbembudapest.com\/wp-content\/uploads\/2024\/07\/240611_KIMPTON_BEM__2534-1500x1000.jpg 1500w, https:\/\/kimptonbembudapest.com\/wp-content\/uploads\/2024\/07\/240611_KIMPTON_BEM__2534-705x470.jpg 705w\" sizes=\"(max-width: 2560px) 100vw, 2560px\" \/><\/div><\/div><\/div><\/div><\/div><!--close column table wrapper. Autoclose: 1 --><div  class='flex_column av-asdqj-382dac039df7d3936b6e22e19ab954c9 av_one_full  avia-builder-el-5  el_after_av_one_half  avia-builder-el-last  first flex_column_div  column-top-margin'     ><\/div>\n","protected":false},"excerpt":{"rendered":"","protected":false},"author":4,"featured_media":0,"parent":0,"menu_order":0,"comment_status":"closed","ping_status":"closed","template":"","meta":{"inline_featured_image":false,"footnotes":""},"class_list":["post-6156","page","type-page","status-publish","hentry"],"yoast_head":"<!-- This site is optimized with the Yoast SEO plugin v27.1.1 - https:\/\/yoast.com\/product\/yoast-seo-wordpress\/ -->\n<title>Contact Us - Kimpton BEM Budapest<\/title>\n<meta name=\"description\" content=\"Tov\u00e1bbi inform\u00e1ci\u00f3\u00e9rt forduljon hozz\u00e1nk telefonon vagy e-mailben.\" \/>\n<meta name=\"robots\" content=\"index, follow, max-snippet:-1, max-image-preview:large, max-video-preview:-1\" \/>\n<link rel=\"canonical\" href=\"https:\/\/kimptonbembudapest.com\/hu\/contact-us\/\" \/>\n<meta property=\"og:locale\" content=\"hu_HU\" \/>\n<meta property=\"og:type\" content=\"article\" \/>\n<meta property=\"og:title\" content=\"Contact Us - Kimpton BEM Budapest\" \/>\n<meta property=\"og:description\" content=\"Tov\u00e1bbi inform\u00e1ci\u00f3\u00e9rt forduljon hozz\u00e1nk telefonon vagy e-mailben.\" \/>\n<meta property=\"og:url\" content=\"https:\/\/kimptonbembudapest.com\/hu\/contact-us\/\" \/>\n<meta property=\"og:site_name\" content=\"Kimpton BEM Budapest\" \/>\n<meta property=\"article:modified_time\" content=\"2024-12-03T09:47:33+00:00\" \/>\n<meta property=\"og:image\" content=\"https:\/\/kimptonbembudapest.com\/wp-content\/uploads\/2024\/07\/OG.jpg\" \/>\n\t<meta property=\"og:image:width\" content=\"1200\" \/>\n\t<meta property=\"og:image:height\" content=\"630\" \/>\n\t<meta property=\"og:image:type\" content=\"image\/jpeg\" \/>\n<meta name=\"twitter:card\" content=\"summary_large_image\" \/>\n<meta name=\"twitter:label1\" content=\"Becs\u00fclt olvas\u00e1si id\u0151\" \/>\n\t<meta name=\"twitter:data1\" content=\"1 perc\" \/>\n<!-- \/ Yoast SEO plugin. -->","yoast_head_json":{"title":"Contact Us - Kimpton BEM Budapest","description":"Tov\u00e1bbi inform\u00e1ci\u00f3\u00e9rt forduljon hozz\u00e1nk telefonon vagy e-mailben.","robots":{"index":"index","follow":"follow","max-snippet":"max-snippet:-1","max-image-preview":"max-image-preview:large","max-video-preview":"max-video-preview:-1"},"canonical":"https:\/\/kimptonbembudapest.com\/hu\/contact-us\/","og_locale":"hu_HU","og_type":"article","og_title":"Contact Us - Kimpton BEM Budapest","og_description":"Tov\u00e1bbi inform\u00e1ci\u00f3\u00e9rt forduljon hozz\u00e1nk telefonon vagy e-mailben.","og_url":"https:\/\/kimptonbembudapest.com\/hu\/contact-us\/","og_site_name":"Kimpton BEM Budapest","article_modified_time":"2024-12-03T09:47:33+00:00","og_image":[{"width":1200,"height":630,"url":"https:\/\/kimptonbembudapest.com\/wp-content\/uploads\/2024\/07\/OG.jpg","type":"image\/jpeg"}],"twitter_card":"summary_large_image","twitter_misc":{"Becs\u00fclt olvas\u00e1si id\u0151":"1 perc"},"schema":{"@context":"https:\/\/schema.org","@graph":[{"@type":"WebPage","@id":"https:\/\/kimptonbembudapest.com\/hu\/contact-us\/","url":"https:\/\/kimptonbembudapest.com\/hu\/contact-us\/","name":"Contact Us - Kimpton BEM Budapest","isPartOf":{"@id":"https:\/\/kimptonbembudapest.com\/hu\/#website"},"datePublished":"2024-07-02T08:29:00+00:00","dateModified":"2024-12-03T09:47:33+00:00","description":"Tov\u00e1bbi inform\u00e1ci\u00f3\u00e9rt forduljon hozz\u00e1nk telefonon vagy e-mailben.","breadcrumb":{"@id":"https:\/\/kimptonbembudapest.com\/hu\/contact-us\/#breadcrumb"},"inLanguage":"hu","potentialAction":[{"@type":"ReadAction","target":["https:\/\/kimptonbembudapest.com\/hu\/contact-us\/"]}]},{"@type":"BreadcrumbList","@id":"https:\/\/kimptonbembudapest.com\/hu\/contact-us\/#breadcrumb","itemListElement":[{"@type":"ListItem","position":1,"name":"Kezd\u0151lap","item":"https:\/\/kimptonbembudapest.com\/hu\/home\/"},{"@type":"ListItem","position":2,"name":"Contact + Book"}]},{"@type":"WebSite","@id":"https:\/\/kimptonbembudapest.com\/hu\/#website","url":"https:\/\/kimptonbembudapest.com\/hu\/","name":"Kimpton BEM Budapest","description":"Budapest Luxury Hotel","potentialAction":[{"@type":"SearchAction","target":{"@type":"EntryPoint","urlTemplate":"https:\/\/kimptonbembudapest.com\/hu\/?s={search_term_string}"},"query-input":{"@type":"PropertyValueSpecification","valueRequired":true,"valueName":"search_term_string"}}],"inLanguage":"hu"}]}},"_links":{"self":[{"href":"https:\/\/kimptonbembudapest.com\/hu\/wp-json\/wp\/v2\/pages\/6156","targetHints":{"allow":["GET"]}}],"collection":[{"href":"https:\/\/kimptonbembudapest.com\/hu\/wp-json\/wp\/v2\/pages"}],"about":[{"href":"https:\/\/kimptonbembudapest.com\/hu\/wp-json\/wp\/v2\/types\/page"}],"author":[{"embeddable":true,"href":"https:\/\/kimptonbembudapest.com\/hu\/wp-json\/wp\/v2\/users\/4"}],"replies":[{"embeddable":true,"href":"https:\/\/kimptonbembudapest.com\/hu\/wp-json\/wp\/v2\/comments?post=6156"}],"version-history":[{"count":3,"href":"https:\/\/kimptonbembudapest.com\/hu\/wp-json\/wp\/v2\/pages\/6156\/revisions"}],"predecessor-version":[{"id":6159,"href":"https:\/\/kimptonbembudapest.com\/hu\/wp-json\/wp\/v2\/pages\/6156\/revisions\/6159"}],"wp:attachment":[{"href":"https:\/\/kimptonbembudapest.com\/hu\/wp-json\/wp\/v2\/media?parent=6156"}],"curies":[{"name":"wp","href":"https:\/\/api.w.org\/{rel}","templated":true}]}}