{"id":6148,"date":"2024-07-02T10:29:20","date_gmt":"2024-07-02T08:29:20","guid":{"rendered":"https:\/\/kimptonbembudapest.com\/event-venue-budapest\/"},"modified":"2024-12-03T10:44:58","modified_gmt":"2024-12-03T09:44:58","slug":"event-venue-budapest","status":"publish","type":"page","link":"https:\/\/kimptonbembudapest.com\/hu\/event-venue-budapest\/","title":{"rendered":"Catering &#038; Menus"},"content":{"rendered":"<div id='av_section_1'  class='avia-section av-fl9hz-dba5115a0fc792c635b7a5063d5388d3 main_color avia-section-default avia-no-border-styling  avia-builder-el-0  avia-builder-el-no-sibling  avia-bg-style-scroll container_wrap fullsize'  ><div class='container av-section-cont-open' ><main  role=\"main\" itemprop=\"mainContentOfPage\"  class='template-page content  av-content-full alpha units'><div class='post-entry post-entry-type-page post-entry-6148'><div class='entry-content-wrapper clearfix'>\n<div  class='flex_column av-1134n-0343e5696a29ef5c0c45df7385da816f av_one_full  avia-builder-el-1  el_before_av_one_half  avia-builder-el-first  first flex_column_div  '     ><style type=\"text\/css\" data-created_by=\"avia_inline_auto\" id=\"style-css-av-ly721qy8-e12ea9bb833efcdf448a52918598db34\">\n#top .av-special-heading.av-ly721qy8-e12ea9bb833efcdf448a52918598db34{\npadding-bottom:10px;\n}\nbody .av-special-heading.av-ly721qy8-e12ea9bb833efcdf448a52918598db34 .av-special-heading-tag .heading-char{\nfont-size:25px;\n}\n.av-special-heading.av-ly721qy8-e12ea9bb833efcdf448a52918598db34 .av-subheading{\nfont-size:15px;\n}\n<\/style>\n<div  class='av-special-heading av-ly721qy8-e12ea9bb833efcdf448a52918598db34 av-special-heading-h1 blockquote modern-quote  avia-builder-el-2  avia-builder-el-no-sibling '><h1 class='av-special-heading-tag'  itemprop=\"headline\"  >Rendezv\u00e9nyhelysz\u00edn vend\u00e9gl\u00e1t\u00e1ssal Budapesten \u2013 Kimpton BEM Budapest <\/h1><div class=\"special-heading-border\"><div class=\"special-heading-inner-border\"><\/div><\/div><\/div><\/div><div class='flex_column_table av-ly721201-16c4ecb8f1fc021d77f1ea279a9d0b50 sc-av_one_half av-equal-height-column-flextable'><div  class='flex_column av-ly721201-16c4ecb8f1fc021d77f1ea279a9d0b50 av_one_half  avia-builder-el-3  el_after_av_one_full  el_before_av_one_half  first flex_column_table_cell av-equal-height-column av-align-middle  column-top-margin'     ><section  class='av_textblock_section av-ly72072y-8cd02b933db7596167f2e333dece6312 '   itemscope=\"itemscope\" itemtype=\"https:\/\/schema.org\/CreativeWork\" ><div class='avia_textblock'  itemprop=\"text\" ><p>Egy k\u00fcl\u00f6nleges esem\u00e9nyt szeretne szervezni egy kiv\u00e9teles helysz\u00ednen? Rendezv\u00e9nytermeink nemcsak \u00fczleti c\u00e9l\u00fa megbesz\u00e9l\u00e9sekre, hanem k\u00f6tetlen \u00f6sszej\u00f6vetelekre \u00e9s nagyszab\u00e1s\u00fa bar\u00e1ti \u00e9s csal\u00e1di \u00fcnneps\u00e9gekre is alkalmasak. Hogy az esem\u00e9ny ne csak eml\u00e9kezetes, de \u00edzletes is legyen, kiv\u00e1l\u00f3 rendezv\u00e9nyszervez\u0151 csapatunk \u00e9s profi szak\u00e1csaink az \u00d6n \u00edzl\u00e9s\u00e9nek \u00e9s ig\u00e9nyeinek megfelel\u0151 men\u00fct \u00e1ll\u00edtanak \u00f6ssze. Ak\u00e1r a s\u00f3s el\u0151\u00e9teleket, ak\u00e1r a felejthetetlen desszertek \u00e9des \u00edz\u00e9t kedveli, n\u00e1lunk biztosan egyetlen t\u00e1ny\u00e9r sem marad \u00e9rintetlen\u00fcl!<\/p>\n<p>Felkeltett\u00fck az \u00e9rdekl\u0151d\u00e9s\u00e9t? Forduljon hozz\u00e1nk bizalommal a <a href=\"mailto:kimptonbem.sales@ihg.com\">kimptonbem.sales@ihg.com<\/a> e-mail-c\u00edmen vagy a <a href=\"tel:+3618839880\">+36 1 883 9880 <\/a>\u00a0telefonsz\u00e1mon. Alig v\u00e1rjuk, hogy seg\u00edthess\u00fcnk \u00e1lmai rendezv\u00e9ny\u00e9nek megszervez\u00e9s\u00e9ben!<\/p>\n<\/div><\/section><\/div><div class='av-flex-placeholder'><\/div><div  class='flex_column av-abg5z-a0a7d70f6ca822e0fb00eba958d283de av_one_half  avia-builder-el-5  el_after_av_one_half  avia-builder-el-last  flex_column_table_cell av-equal-height-column av-align-middle  column-top-margin'     ><style type=\"text\/css\" data-created_by=\"avia_inline_auto\" id=\"style-css-av-ly720oyd-266c582ff398c2c7c5a70c1ace614885\">\n.avia-image-container.av-ly720oyd-266c582ff398c2c7c5a70c1ace614885 img.avia_image{\nbox-shadow:none;\n}\n.avia-image-container.av-ly720oyd-266c582ff398c2c7c5a70c1ace614885 .av-image-caption-overlay-center{\ncolor:#ffffff;\n}\n<\/style>\n<div  class='avia-image-container av-ly720oyd-266c582ff398c2c7c5a70c1ace614885 av-styling- avia-align-center  avia-builder-el-6  avia-builder-el-no-sibling '   itemprop=\"image\" itemscope=\"itemscope\" itemtype=\"https:\/\/schema.org\/ImageObject\" ><div class=\"avia-image-container-inner\"><div class=\"avia-image-overlay-wrap\"><img decoding=\"async\" fetchpriority=\"high\" class='wp-image-2617 avia-img-lazy-loading-not-2617 avia_image ' src=\"https:\/\/kimptonbembudapest.com\/wp-content\/uploads\/2024\/07\/Image12.jpg\" alt='' title='Kimpton BEM Budapest'  height=\"1365\" width=\"2048\"  itemprop=\"thumbnailUrl\" srcset=\"https:\/\/kimptonbembudapest.com\/wp-content\/uploads\/2024\/07\/Image12.jpg 2048w, https:\/\/kimptonbembudapest.com\/wp-content\/uploads\/2024\/07\/Image12-300x200.jpg 300w, https:\/\/kimptonbembudapest.com\/wp-content\/uploads\/2024\/07\/Image12-1030x686.jpg 1030w, https:\/\/kimptonbembudapest.com\/wp-content\/uploads\/2024\/07\/Image12-768x512.jpg 768w, https:\/\/kimptonbembudapest.com\/wp-content\/uploads\/2024\/07\/Image12-1536x1024.jpg 1536w, https:\/\/kimptonbembudapest.com\/wp-content\/uploads\/2024\/07\/Image12-1500x1000.jpg 1500w, https:\/\/kimptonbembudapest.com\/wp-content\/uploads\/2024\/07\/Image12-705x470.jpg 705w\" sizes=\"(max-width: 2048px) 100vw, 2048px\" \/><\/div><\/div><\/div><\/div><\/div><!--close column table wrapper. Autoclose: 1 -->\n","protected":false},"excerpt":{"rendered":"","protected":false},"author":4,"featured_media":0,"parent":0,"menu_order":0,"comment_status":"closed","ping_status":"closed","template":"","meta":{"inline_featured_image":false,"footnotes":""},"class_list":["post-6148","page","type-page","status-publish","hentry"],"yoast_head":"<!-- This site is optimized with the Yoast SEO plugin v27.1.1 - https:\/\/yoast.com\/product\/yoast-seo-wordpress\/ -->\n<title>Kimpton BEM Budapest | Event Venue<\/title>\n<meta name=\"description\" content=\"\u00dcnnepeljen st\u00edlusosan rendezv\u00e9nyhelysz\u00edn\u00fcnk\u00f6n, vend\u00e9gl\u00e1t\u00e1ssal Budapesten.\" \/>\n<meta name=\"robots\" content=\"index, follow, max-snippet:-1, max-image-preview:large, max-video-preview:-1\" \/>\n<link rel=\"canonical\" href=\"https:\/\/kimptonbembudapest.com\/hu\/event-venue-budapest\/\" \/>\n<meta property=\"og:locale\" content=\"hu_HU\" \/>\n<meta property=\"og:type\" content=\"article\" \/>\n<meta property=\"og:title\" content=\"Kimpton BEM Budapest | Event Venue\" \/>\n<meta property=\"og:description\" content=\"\u00dcnnepeljen st\u00edlusosan rendezv\u00e9nyhelysz\u00edn\u00fcnk\u00f6n, vend\u00e9gl\u00e1t\u00e1ssal Budapesten.\" \/>\n<meta property=\"og:url\" content=\"https:\/\/kimptonbembudapest.com\/hu\/event-venue-budapest\/\" \/>\n<meta property=\"og:site_name\" content=\"Kimpton BEM Budapest\" \/>\n<meta property=\"article:modified_time\" content=\"2024-12-03T09:44:58+00:00\" \/>\n<meta property=\"og:image\" content=\"https:\/\/kimptonbembudapest.com\/wp-content\/uploads\/2024\/07\/OG.jpg\" \/>\n\t<meta property=\"og:image:width\" content=\"1200\" \/>\n\t<meta property=\"og:image:height\" content=\"630\" \/>\n\t<meta property=\"og:image:type\" content=\"image\/jpeg\" \/>\n<meta name=\"twitter:card\" content=\"summary_large_image\" \/>\n<!-- \/ Yoast SEO plugin. -->","yoast_head_json":{"title":"Kimpton BEM Budapest | Event Venue","description":"\u00dcnnepeljen st\u00edlusosan rendezv\u00e9nyhelysz\u00edn\u00fcnk\u00f6n, vend\u00e9gl\u00e1t\u00e1ssal Budapesten.","robots":{"index":"index","follow":"follow","max-snippet":"max-snippet:-1","max-image-preview":"max-image-preview:large","max-video-preview":"max-video-preview:-1"},"canonical":"https:\/\/kimptonbembudapest.com\/hu\/event-venue-budapest\/","og_locale":"hu_HU","og_type":"article","og_title":"Kimpton BEM Budapest | Event Venue","og_description":"\u00dcnnepeljen st\u00edlusosan rendezv\u00e9nyhelysz\u00edn\u00fcnk\u00f6n, vend\u00e9gl\u00e1t\u00e1ssal Budapesten.","og_url":"https:\/\/kimptonbembudapest.com\/hu\/event-venue-budapest\/","og_site_name":"Kimpton BEM Budapest","article_modified_time":"2024-12-03T09:44:58+00:00","og_image":[{"width":1200,"height":630,"url":"https:\/\/kimptonbembudapest.com\/wp-content\/uploads\/2024\/07\/OG.jpg","type":"image\/jpeg"}],"twitter_card":"summary_large_image","schema":{"@context":"https:\/\/schema.org","@graph":[{"@type":"WebPage","@id":"https:\/\/kimptonbembudapest.com\/hu\/event-venue-budapest\/","url":"https:\/\/kimptonbembudapest.com\/hu\/event-venue-budapest\/","name":"Kimpton BEM Budapest | Event Venue","isPartOf":{"@id":"https:\/\/kimptonbembudapest.com\/hu\/#website"},"datePublished":"2024-07-02T08:29:20+00:00","dateModified":"2024-12-03T09:44:58+00:00","description":"\u00dcnnepeljen st\u00edlusosan rendezv\u00e9nyhelysz\u00edn\u00fcnk\u00f6n, vend\u00e9gl\u00e1t\u00e1ssal Budapesten.","breadcrumb":{"@id":"https:\/\/kimptonbembudapest.com\/hu\/event-venue-budapest\/#breadcrumb"},"inLanguage":"hu","potentialAction":[{"@type":"ReadAction","target":["https:\/\/kimptonbembudapest.com\/hu\/event-venue-budapest\/"]}]},{"@type":"BreadcrumbList","@id":"https:\/\/kimptonbembudapest.com\/hu\/event-venue-budapest\/#breadcrumb","itemListElement":[{"@type":"ListItem","position":1,"name":"Kezd\u0151lap","item":"https:\/\/kimptonbembudapest.com\/hu\/home\/"},{"@type":"ListItem","position":2,"name":"Catering &#038; Menus"}]},{"@type":"WebSite","@id":"https:\/\/kimptonbembudapest.com\/hu\/#website","url":"https:\/\/kimptonbembudapest.com\/hu\/","name":"Kimpton BEM Budapest","description":"Budapest Luxury Hotel","potentialAction":[{"@type":"SearchAction","target":{"@type":"EntryPoint","urlTemplate":"https:\/\/kimptonbembudapest.com\/hu\/?s={search_term_string}"},"query-input":{"@type":"PropertyValueSpecification","valueRequired":true,"valueName":"search_term_string"}}],"inLanguage":"hu"}]}},"_links":{"self":[{"href":"https:\/\/kimptonbembudapest.com\/hu\/wp-json\/wp\/v2\/pages\/6148","targetHints":{"allow":["GET"]}}],"collection":[{"href":"https:\/\/kimptonbembudapest.com\/hu\/wp-json\/wp\/v2\/pages"}],"about":[{"href":"https:\/\/kimptonbembudapest.com\/hu\/wp-json\/wp\/v2\/types\/page"}],"author":[{"embeddable":true,"href":"https:\/\/kimptonbembudapest.com\/hu\/wp-json\/wp\/v2\/users\/4"}],"replies":[{"embeddable":true,"href":"https:\/\/kimptonbembudapest.com\/hu\/wp-json\/wp\/v2\/comments?post=6148"}],"version-history":[{"count":2,"href":"https:\/\/kimptonbembudapest.com\/hu\/wp-json\/wp\/v2\/pages\/6148\/revisions"}],"predecessor-version":[{"id":6153,"href":"https:\/\/kimptonbembudapest.com\/hu\/wp-json\/wp\/v2\/pages\/6148\/revisions\/6153"}],"wp:attachment":[{"href":"https:\/\/kimptonbembudapest.com\/hu\/wp-json\/wp\/v2\/media?parent=6148"}],"curies":[{"name":"wp","href":"https:\/\/api.w.org\/{rel}","templated":true}]}}