{"id":6141,"date":"2024-07-02T10:28:21","date_gmt":"2024-07-02T08:28:21","guid":{"rendered":"https:\/\/kimptonbembudapest.com\/castle-district-budapest\/"},"modified":"2024-12-03T10:42:04","modified_gmt":"2024-12-03T09:42:04","slug":"castle-district-budapest","status":"publish","type":"page","link":"https:\/\/kimptonbembudapest.com\/hu\/castle-district-budapest\/","title":{"rendered":"Castle District"},"content":{"rendered":"<div id='av_section_1'  class='avia-section av-1kekkg-7c31862ec9959fb1805ee630e88dcc3e main_color avia-section-default avia-no-border-styling  avia-builder-el-0  avia-builder-el-no-sibling  avia-bg-style-scroll container_wrap fullsize'  ><div class='container av-section-cont-open' ><main  role=\"main\" itemprop=\"mainContentOfPage\"  class='template-page content  av-content-full alpha units'><div class='post-entry post-entry-type-page post-entry-6141'><div class='entry-content-wrapper clearfix'>\n<div  class='flex_column av-7td48-4258e83d15e85f7aa09ad1a0b5feb6ab av_one_full  avia-builder-el-1  el_before_av_one_full  avia-builder-el-first  first flex_column_div  '     ><style type=\"text\/css\" data-created_by=\"avia_inline_auto\" id=\"style-css-av-lyfsu25p-cdbb140c7ef92df2cc227aa44f775e5d\">\n#top .av-special-heading.av-lyfsu25p-cdbb140c7ef92df2cc227aa44f775e5d{\npadding-bottom:10px;\n}\nbody .av-special-heading.av-lyfsu25p-cdbb140c7ef92df2cc227aa44f775e5d .av-special-heading-tag .heading-char{\nfont-size:25px;\n}\n.av-special-heading.av-lyfsu25p-cdbb140c7ef92df2cc227aa44f775e5d .av-subheading{\nfont-size:15px;\n}\n<\/style>\n<div  class='av-special-heading av-lyfsu25p-cdbb140c7ef92df2cc227aa44f775e5d av-special-heading-h1  avia-builder-el-2  avia-builder-el-no-sibling '><h1 class='av-special-heading-tag'  itemprop=\"headline\"  >V\u00e1rnegyed Budapest<\/h1><div class=\"special-heading-border\"><div class=\"special-heading-inner-border\"><\/div><\/div><\/div><\/div><div  class='flex_column av-lyfsrig0-ab5eb20e45fc8bb7d202e2fd15d4d0fd av_one_full  avia-builder-el-3  el_after_av_one_full  el_before_av_one_full  first flex_column_div  column-top-margin'     ><section  class='av_textblock_section av-lyfss84g-7717e041c9d10d4c4761242ed7ce8264 '   itemscope=\"itemscope\" itemtype=\"https:\/\/schema.org\/CreativeWork\" ><div class='avia_textblock'  itemprop=\"text\" ><h2>Hal\u00e1szb\u00e1stya<\/h2>\n<p>Leny\u0171g\u00f6z\u0151 kil\u00e1t\u00e1s\u00e1val \u00e9s \u00e9p\u00edt\u00e9szet\u00e9vel a Hal\u00e1szb\u00e1stya k\u00e9ts\u00e9gtelen\u00fcl Magyarorsz\u00e1g egyik legl\u00e1togatottabb l\u00e1tv\u00e1nyoss\u00e1ga \u2013 nem v\u00e9letlen\u00fcl. Ez a neog\u00f3tikus \u00e9s neorom\u00e1n st\u00edlusban \u00e9p\u00fclt sz\u00e9ps\u00e9g tornyaival \u00e9s bolt\u00edveivel a Budai V\u00e1rnegyed \u00e9kk\u00f6ve, ak\u00e1r egy val\u00f3ra v\u00e1lt t\u00fcnd\u00e9rmese. Az 1895 \u00e9s 1902 k\u00f6z\u00f6tt \u00e9p\u00fclt b\u00e1sty\u00e1r\u00f3l l\u00e9legzetel\u00e1ll\u00edt\u00f3 kil\u00e1t\u00e1s ny\u00edlik a Dun\u00e1ra, a L\u00e1nch\u00eddra \u00e9s a v\u00e1ros csod\u00e1latos panor\u00e1m\u00e1j\u00e1ra. Nev\u00e9t a k\u00f6z\u00e9pkorban a v\u00e1rosfalakat v\u00e9d\u0151 hal\u00e1szok c\u00e9h\u00e9r\u0151l kapta, h\u00e9t tornya pedig a 895-ben a K\u00e1rp\u00e1t-medenc\u00e9ben letelepedett h\u00e9t magyar t\u00f6rzset jelk\u00e9pezi. A Hal\u00e1szb\u00e1sty\u00e1n a t\u00f6rt\u00e9nelemben \u00e9s az \u00e9p\u00edt\u00e9szetben is elmer\u00fclhet, \u00e9s a vizu\u00e1lis \u00e9lm\u00e9ny mellett a magyar kult\u00far\u00e1t is mag\u00e1ba sz\u00edvhatja Budapest sz\u00edv\u00e9ben. A romantikus hangulat\u00e1r\u00f3l \u00e9s t\u00f6rt\u00e9nelmi fontoss\u00e1g\u00e1r\u00f3l h\u00edres Hal\u00e1szb\u00e1stya a magyar szellemis\u00e9g \u00e9s identit\u00e1s szimb\u00f3luma, amely a vil\u00e1g minden t\u00e1j\u00e1r\u00f3l vonzza a l\u00e1togat\u00f3kat.<\/p>\n<\/div><\/section><\/div><div  class='flex_column av-thjjc-8c3ca86eed13847a8dc1e2d04950b4a7 av_one_full  avia-builder-el-5  el_after_av_one_full  el_before_av_one_full  first flex_column_div  column-top-margin'     ><section  class='av_textblock_section av-lyfsstx7-a42e4d03e90e8473b1f587ba9a258e36 '   itemscope=\"itemscope\" itemtype=\"https:\/\/schema.org\/CreativeWork\" ><div class='avia_textblock'  itemprop=\"text\" ><h2>M\u00e1ty\u00e1s-templom<\/h2>\n<p>A M\u00e1ty\u00e1s-templomot neh\u00e9z nem \u00e9szrevenni a V\u00e1rnegyedben, ugyanis k\u00f6zvetlen\u00fcl a j\u00f3l ismert Hal\u00e1szb\u00e1stya mellett \u00e1ll. G\u00f3tikus st\u00edlus\u00fa tornyaival \u00e9s apr\u00f3l\u00e9kosan kidogozott r\u00e9szleteivel az elm\u00falt \u00e9vsz\u00e1zadok t\u00f6rt\u00e9net\u00e9r\u0151l mes\u00e9l. A 13. sz\u00e1zadban \u00e9p\u00fclt \u00e9s a 19. sz\u00e1zadban fel\u00faj\u00edtott templom Magyarorsz\u00e1g vall\u00e1si \u00e9s kultur\u00e1lis \u00f6r\u00f6ks\u00e9g\u00e9nek \u0151rz\u0151je. L\u00e9pjen be, \u00e9s fedezze fel ezt a vil\u00e1got, ahol a gy\u00f6ny\u00f6r\u0171 sz\u00ednes \u00f3lom\u00fcvegablakokon \u00e1tsz\u0171r\u0151d\u0151 f\u00e9nyben a fresk\u00f3kon bibliai jelenetek \u00e9s a magyar t\u00f6rt\u00e9nelem esem\u00e9nyei elevenednek meg. A bels\u0151 t\u00e9r k\u00f6z\u00e9pkori t\u00e1rgyak \u00e9s kir\u00e1lyi szimb\u00f3lumok kincsest\u00e1ra, ahol bepillant\u00e1st nyerhet az orsz\u00e1g gazdag m\u00faltj\u00e1ba. A M\u00e1ty\u00e1s-templom egyr\u00e9szt kegyhely, m\u00e1sr\u00e9szt a m\u0171v\u00e9szet \u00e9s a t\u00f6rt\u00e9nelem szimb\u00f3luma, amelynek sz\u00e9ps\u00e9ge \u00e9s t\u00f6rt\u00e9nelmi jelent\u0151s\u00e9ge le fogja ny\u0171g\u00f6zni.<\/p>\n<\/div><\/section><\/div><div  class='flex_column av-iwqfk-004f61c28752cf5fb01341e2bcff1b92 av_one_full  avia-builder-el-7  el_after_av_one_full  avia-builder-el-last  first flex_column_div  column-top-margin'     ><section  class='av_textblock_section av-lyfsthy7-966004b5f954029ecb1add3c18d5c5c8 '   itemscope=\"itemscope\" itemtype=\"https:\/\/schema.org\/CreativeWork\" ><div class='avia_textblock'  itemprop=\"text\" ><h2>Budai v\u00e1r<\/h2>\n<p>Budapest h\u00edres V\u00e1rnegyed\u00e9ben, a V\u00e1rhegy tetej\u00e9n tal\u00e1lhat\u00f3 a csod\u00e1latos Budai v\u00e1r, az \u00e9vsz\u00e1zados \u00f6r\u00f6ks\u00e9g \u00e9s a kifinomult \u00e9p\u00edt\u00e9szet nagyszer\u0171 eml\u00e9km\u0171ve. A t\u00f6rt\u00e9nelmi er\u0151d\u00edtm\u00e9ny kanyarg\u00f3s sik\u00e1toraival \u00e9s fens\u00e9ges tornyaival l\u00e9legzetel\u00e1ll\u00edt\u00f3 kil\u00e1t\u00e1st ny\u00fajt a Pest \u00e9s Buda k\u00f6z\u00f6tt term\u00e9szetes hat\u00e1rt k\u00e9pz\u0151 Dun\u00e1ra, valamint az alatta elter\u00fcl\u0151 nagyv\u00e1rosra. A k\u00f6z\u00e9pkori eredet\u0171, de renesz\u00e1nsz \u00e9s barokk fel\u00faj\u00edt\u00e1sok nyomait is mag\u00e1n visel\u0151 Budai v\u00e1r er\u0151dk\u00e9nt \u00e9s a kir\u00e1lyi csal\u00e1dok sz\u00e9khely\u00e9\u00fcl is szolg\u00e1lt, \u00e9s \u00e9vsz\u00e1zadokon \u00e1t tan\u00faja volt a kultur\u00e1lis fejl\u0151d\u00e9snek. Ma els\u0151sorban az orsz\u00e1g k\u00e9t kulcsfontoss\u00e1g\u00fa kultur\u00e1lis int\u00e9zm\u00e9ny\u00e9nek sz\u00e9khelye, amelyek Magyarorsz\u00e1g t\u00f6rt\u00e9nelm\u00e9t a k\u00e9pz\u0151m\u0171v\u00e9szeti alkot\u00e1sokban \u00e9s m\u0171t\u00e1rgyakban testet \u00f6lt\u0151 gazdag m\u0171v\u00e9szeti \u00f6r\u00f6ks\u00e9gen kereszt\u00fcl t\u00e1rj\u00e1k l\u00e1togat\u00f3ik el\u00e9. A Magyar Nemzeti Gal\u00e9ria, amely a Budai v\u00e1r \u00e9szaki r\u00e9sz\u00e9n tal\u00e1lhat\u00f3, \u201eaz orsz\u00e1g k\u00e9pz\u0151m\u0171v\u00e9szeti \u00f6r\u00f6ks\u00e9g\u00e9nek legjelent\u0151sebb r\u00e9sz\u00e9t\u201d k\u00e9pviseli. A l\u00e1togat\u00f3k a k\u00e1pr\u00e1zatos fresk\u00f3kkal \u00e9s g\u00f3tikus elemekkel d\u00edsz\u00edtett labirintusszer\u0171 termek k\u00f6z\u00f6tt haladva leny\u0171g\u00f6z\u0151 utaz\u00e1sra indulhatnak a budapesti V\u00e1rnegyedben, ahol a t\u00f6rt\u00e9nelem tal\u00e1lkozik a m\u0171v\u00e9szet zsenialit\u00e1s\u00e1val.<\/p>\n<\/div><\/section><\/div>\n","protected":false},"excerpt":{"rendered":"","protected":false},"author":4,"featured_media":0,"parent":0,"menu_order":0,"comment_status":"closed","ping_status":"closed","template":"","meta":{"inline_featured_image":false,"footnotes":""},"class_list":["post-6141","page","type-page","status-publish","hentry"],"yoast_head":"<!-- This site is optimized with the Yoast SEO plugin v27.1.1 - https:\/\/yoast.com\/product\/yoast-seo-wordpress\/ -->\n<title>Castle District - Kimpton BEM Budapest - Tourist Attractions<\/title>\n<meta name=\"description\" content=\"Fedezze fel Budapest V\u00e1rnegyed\u00e9t, amely a legn\u00e9pszer\u0171bb turisztikai attrakci\u00f3, mind\u00f6ssze 10 percre a Kimpton BEM Budapest Hotelt\u0151l. Fedezze fel a Hal\u00e1szb\u00e1sty\u00e1t, a M\u00e1ty\u00e1s-templomot \u00e9s a Budai V\u00e1rat, mind a k\u00f6zelben, leny\u0171g\u00f6z\u0151 kil\u00e1t\u00e1ssal \u00e9s gazdag t\u00f6rt\u00e9nelemmel.\" \/>\n<meta name=\"robots\" content=\"index, follow, max-snippet:-1, max-image-preview:large, max-video-preview:-1\" \/>\n<link rel=\"canonical\" href=\"https:\/\/kimptonbembudapest.com\/hu\/castle-district-budapest\/\" \/>\n<meta property=\"og:locale\" content=\"hu_HU\" \/>\n<meta property=\"og:type\" content=\"article\" \/>\n<meta property=\"og:title\" content=\"Castle District - Kimpton BEM Budapest - Tourist Attractions\" \/>\n<meta property=\"og:description\" content=\"Fedezze fel Budapest V\u00e1rnegyed\u00e9t, amely a legn\u00e9pszer\u0171bb turisztikai attrakci\u00f3, mind\u00f6ssze 10 percre a Kimpton BEM Budapest Hotelt\u0151l. Fedezze fel a Hal\u00e1szb\u00e1sty\u00e1t, a M\u00e1ty\u00e1s-templomot \u00e9s a Budai V\u00e1rat, mind a k\u00f6zelben, leny\u0171g\u00f6z\u0151 kil\u00e1t\u00e1ssal \u00e9s gazdag t\u00f6rt\u00e9nelemmel.\" \/>\n<meta property=\"og:url\" content=\"https:\/\/kimptonbembudapest.com\/hu\/castle-district-budapest\/\" \/>\n<meta property=\"og:site_name\" content=\"Kimpton BEM Budapest\" \/>\n<meta property=\"article:modified_time\" content=\"2024-12-03T09:42:04+00:00\" \/>\n<meta property=\"og:image\" content=\"https:\/\/kimptonbembudapest.com\/wp-content\/uploads\/2024\/07\/OG.jpg\" \/>\n\t<meta property=\"og:image:width\" content=\"1200\" \/>\n\t<meta property=\"og:image:height\" content=\"630\" \/>\n\t<meta property=\"og:image:type\" content=\"image\/jpeg\" \/>\n<meta name=\"twitter:card\" content=\"summary_large_image\" \/>\n<!-- \/ Yoast SEO plugin. -->","yoast_head_json":{"title":"Castle District - Kimpton BEM Budapest - Tourist Attractions","description":"Fedezze fel Budapest V\u00e1rnegyed\u00e9t, amely a legn\u00e9pszer\u0171bb turisztikai attrakci\u00f3, mind\u00f6ssze 10 percre a Kimpton BEM Budapest Hotelt\u0151l. Fedezze fel a Hal\u00e1szb\u00e1sty\u00e1t, a M\u00e1ty\u00e1s-templomot \u00e9s a Budai V\u00e1rat, mind a k\u00f6zelben, leny\u0171g\u00f6z\u0151 kil\u00e1t\u00e1ssal \u00e9s gazdag t\u00f6rt\u00e9nelemmel.","robots":{"index":"index","follow":"follow","max-snippet":"max-snippet:-1","max-image-preview":"max-image-preview:large","max-video-preview":"max-video-preview:-1"},"canonical":"https:\/\/kimptonbembudapest.com\/hu\/castle-district-budapest\/","og_locale":"hu_HU","og_type":"article","og_title":"Castle District - Kimpton BEM Budapest - Tourist Attractions","og_description":"Fedezze fel Budapest V\u00e1rnegyed\u00e9t, amely a legn\u00e9pszer\u0171bb turisztikai attrakci\u00f3, mind\u00f6ssze 10 percre a Kimpton BEM Budapest Hotelt\u0151l. Fedezze fel a Hal\u00e1szb\u00e1sty\u00e1t, a M\u00e1ty\u00e1s-templomot \u00e9s a Budai V\u00e1rat, mind a k\u00f6zelben, leny\u0171g\u00f6z\u0151 kil\u00e1t\u00e1ssal \u00e9s gazdag t\u00f6rt\u00e9nelemmel.","og_url":"https:\/\/kimptonbembudapest.com\/hu\/castle-district-budapest\/","og_site_name":"Kimpton BEM Budapest","article_modified_time":"2024-12-03T09:42:04+00:00","og_image":[{"width":1200,"height":630,"url":"https:\/\/kimptonbembudapest.com\/wp-content\/uploads\/2024\/07\/OG.jpg","type":"image\/jpeg"}],"twitter_card":"summary_large_image","schema":{"@context":"https:\/\/schema.org","@graph":[{"@type":"WebPage","@id":"https:\/\/kimptonbembudapest.com\/hu\/castle-district-budapest\/","url":"https:\/\/kimptonbembudapest.com\/hu\/castle-district-budapest\/","name":"Castle District - Kimpton BEM Budapest - Tourist Attractions","isPartOf":{"@id":"https:\/\/kimptonbembudapest.com\/hu\/#website"},"datePublished":"2024-07-02T08:28:21+00:00","dateModified":"2024-12-03T09:42:04+00:00","description":"Fedezze fel Budapest V\u00e1rnegyed\u00e9t, amely a legn\u00e9pszer\u0171bb turisztikai attrakci\u00f3, mind\u00f6ssze 10 percre a Kimpton BEM Budapest Hotelt\u0151l. Fedezze fel a Hal\u00e1szb\u00e1sty\u00e1t, a M\u00e1ty\u00e1s-templomot \u00e9s a Budai V\u00e1rat, mind a k\u00f6zelben, leny\u0171g\u00f6z\u0151 kil\u00e1t\u00e1ssal \u00e9s gazdag t\u00f6rt\u00e9nelemmel.","breadcrumb":{"@id":"https:\/\/kimptonbembudapest.com\/hu\/castle-district-budapest\/#breadcrumb"},"inLanguage":"hu","potentialAction":[{"@type":"ReadAction","target":["https:\/\/kimptonbembudapest.com\/hu\/castle-district-budapest\/"]}]},{"@type":"BreadcrumbList","@id":"https:\/\/kimptonbembudapest.com\/hu\/castle-district-budapest\/#breadcrumb","itemListElement":[{"@type":"ListItem","position":1,"name":"Kezd\u0151lap","item":"https:\/\/kimptonbembudapest.com\/hu\/home\/"},{"@type":"ListItem","position":2,"name":"Castle District"}]},{"@type":"WebSite","@id":"https:\/\/kimptonbembudapest.com\/hu\/#website","url":"https:\/\/kimptonbembudapest.com\/hu\/","name":"Kimpton BEM Budapest","description":"Budapest Luxury Hotel","potentialAction":[{"@type":"SearchAction","target":{"@type":"EntryPoint","urlTemplate":"https:\/\/kimptonbembudapest.com\/hu\/?s={search_term_string}"},"query-input":{"@type":"PropertyValueSpecification","valueRequired":true,"valueName":"search_term_string"}}],"inLanguage":"hu"}]}},"_links":{"self":[{"href":"https:\/\/kimptonbembudapest.com\/hu\/wp-json\/wp\/v2\/pages\/6141","targetHints":{"allow":["GET"]}}],"collection":[{"href":"https:\/\/kimptonbembudapest.com\/hu\/wp-json\/wp\/v2\/pages"}],"about":[{"href":"https:\/\/kimptonbembudapest.com\/hu\/wp-json\/wp\/v2\/types\/page"}],"author":[{"embeddable":true,"href":"https:\/\/kimptonbembudapest.com\/hu\/wp-json\/wp\/v2\/users\/4"}],"replies":[{"embeddable":true,"href":"https:\/\/kimptonbembudapest.com\/hu\/wp-json\/wp\/v2\/comments?post=6141"}],"version-history":[{"count":2,"href":"https:\/\/kimptonbembudapest.com\/hu\/wp-json\/wp\/v2\/pages\/6141\/revisions"}],"predecessor-version":[{"id":6146,"href":"https:\/\/kimptonbembudapest.com\/hu\/wp-json\/wp\/v2\/pages\/6141\/revisions\/6146"}],"wp:attachment":[{"href":"https:\/\/kimptonbembudapest.com\/hu\/wp-json\/wp\/v2\/media?parent=6141"}],"curies":[{"name":"wp","href":"https:\/\/api.w.org\/{rel}","templated":true}]}}