{"id":6136,"date":"2024-10-30T08:04:31","date_gmt":"2024-10-30T07:04:31","guid":{"rendered":"https:\/\/kimptonbembudapest.com\/business-lunch\/"},"modified":"2024-12-18T13:53:48","modified_gmt":"2024-12-18T12:53:48","slug":"business-lunch","status":"publish","type":"page","link":"https:\/\/kimptonbembudapest.com\/hu\/business-lunch\/","title":{"rendered":"Business Lunch"},"content":{"rendered":"<div id='av_section_1'  class='avia-section av-ygvwd-cbaacee3f6ba6e077083ccdd03f61d3c main_color avia-section-default avia-no-border-styling  avia-builder-el-0  avia-builder-el-no-sibling  avia-bg-style-scroll container_wrap fullsize'  ><div class='container av-section-cont-open' ><main  role=\"main\" itemprop=\"mainContentOfPage\"  class='template-page content  av-content-full alpha units'><div class='post-entry post-entry-type-page post-entry-6136'><div class='entry-content-wrapper clearfix'>\n<div class='flex_column_table av-87sogd-66b2a425a211fdc148976027a2963e44 sc-av_one_half av-equal-height-column-flextable'><div  class='flex_column av-87sogd-66b2a425a211fdc148976027a2963e44 av_one_half  avia-builder-el-1  el_before_av_one_half  avia-builder-el-first  first flex_column_table_cell av-equal-height-column av-align-top  '     ><section  class='av_textblock_section av-m2vj640d-414ba50d695355e4f65564a3a086fb60 '   itemscope=\"itemscope\" itemtype=\"https:\/\/schema.org\/CreativeWork\" ><div class='avia_textblock'  itemprop=\"text\" ><h1>Az AGOS \u00fczletieb\u00e9d-k\u00edn\u00e1lata<\/h1>\n<\/div><\/section><br \/>\n<section  class='av_textblock_section av-m2vj6ste-887a0b4fbb0b0fb0c1837b206d262708 '   itemscope=\"itemscope\" itemtype=\"https:\/\/schema.org\/CreativeWork\" ><div class='avia_textblock'  itemprop=\"text\" ><p>Szervezze az AGOS-ba \u00fczleti eb\u00e9dj\u00e9t, Budapest sz\u00edv\u00e9ben! \u00dczleti eb\u00e9djeink minden munkanapon <strong>12:00-t\u0151l 15:00 \u00f3r\u00e1ig<\/strong> el\u00e9rhet\u0151ek. A <strong>k\u00e9tfog\u00e1sos men\u00fc csup\u00e1n 4990 forintba<\/strong>, m\u00edg a <strong>h\u00e1romfog\u00e1sos men\u00fc 5990 forintba<\/strong> <strong>ker\u00fcl<\/strong>.<\/p>\n<p>K\u00f3stolja meg a szezon\u00e1lis, magyaros \u00edzekkel \u00e1tsz\u0151tt mediterr\u00e1n \u00e9teleket, amelyeket az olyan elfoglalt \u00fczletembereknek \u00e1lmodtunk meg, akik gyors, m\u00e9gis kit\u0171n\u0151 fog\u00e1sokra v\u00e1gynak. \u00c9lvezze az AGOS pezsg\u0151 hangulat\u00e1t, ahol minden eb\u00e9d lehet\u0151s\u00e9get ny\u00fajt a kapcsolatteremt\u00e9sre \u00e9s a kikapcsol\u00f3d\u00e1sra.<\/p>\n<p><strong>Foglaljon asztalt m\u00e9g ma!<\/strong><\/p>\n<\/div><\/section><br \/>\n<div  class='avia-button-wrap av-m2vj73b8-a7a636d73d4221cd66f351d5b1030284-wrap avia-button-left  avia-builder-el-4  el_after_av_textblock  avia-builder-el-last '>\n<style type=\"text\/css\" data-created_by=\"avia_inline_auto\" id=\"style-css-av-m2vj73b8-a7a636d73d4221cd66f351d5b1030284\">\n#top #wrap_all .avia-button.av-m2vj73b8-a7a636d73d4221cd66f351d5b1030284{\nbackground-color:#8d9b82;\nborder-color:#8d9b82;\ntransition:all 0.4s ease-in-out;\n}\n#top #wrap_all .avia-button.av-m2vj73b8-a7a636d73d4221cd66f351d5b1030284:hover{\ncolor:white;\ntransition:all 0.4s ease-in-out;\n}\n<\/style>\n<a href='https:\/\/www.sevenrooms.com\/reservations\/agos\/offers-dir' class='avia-button av-m2vj73b8-a7a636d73d4221cd66f351d5b1030284 av-link-btn avia-icon_select-no avia-size-large avia-position-left avia-font-color-theme-color' target=\"_blank\" rel=\"noopener noreferrer\"><span class='avia_iconbox_title' >FOGLAL\u00c1S<\/span><span class='avia_button_background avia-button avia-color-theme-color-highlight' ><\/span><\/a><\/div><\/p><\/div><div class='av-flex-placeholder'><\/div><div  class='flex_column av-5z4np9-d4193bf8f788721fd7492fdcbbfdb1e8 av_one_half  avia-builder-el-5  el_after_av_one_half  avia-builder-el-last  flex_column_table_cell av-equal-height-column av-align-top  '     ><style type=\"text\/css\" data-created_by=\"avia_inline_auto\" id=\"style-css-av-3smnl9-2b29aa7e536cd789e4ae0654fbe1c537\">\n.avia-image-container.av-3smnl9-2b29aa7e536cd789e4ae0654fbe1c537 img.avia_image{\nbox-shadow:none;\n}\n.avia-image-container.av-3smnl9-2b29aa7e536cd789e4ae0654fbe1c537 .av-image-caption-overlay-center{\ncolor:#ffffff;\n}\n<\/style>\n<div  class='avia-image-container av-3smnl9-2b29aa7e536cd789e4ae0654fbe1c537 av-styling- avia-align-center  avia-builder-el-6  avia-builder-el-no-sibling '   itemprop=\"image\" itemscope=\"itemscope\" itemtype=\"https:\/\/schema.org\/ImageObject\" ><div class=\"avia-image-container-inner\"><div class=\"avia-image-overlay-wrap\"><img decoding=\"async\" fetchpriority=\"high\" class='wp-image-4786 avia-img-lazy-loading-not-4786 avia_image ' src=\"https:\/\/kimptonbembudapest.com\/wp-content\/uploads\/2024\/10\/businesslunch.jpg\" alt='' title='businesslunch'  height=\"1000\" width=\"667\"  itemprop=\"thumbnailUrl\" srcset=\"https:\/\/kimptonbembudapest.com\/wp-content\/uploads\/2024\/10\/businesslunch.jpg 667w, https:\/\/kimptonbembudapest.com\/wp-content\/uploads\/2024\/10\/businesslunch-200x300.jpg 200w, https:\/\/kimptonbembudapest.com\/wp-content\/uploads\/2024\/10\/businesslunch-470x705.jpg 470w\" sizes=\"(max-width: 667px) 100vw, 667px\" \/><\/div><\/div><\/div><\/div><\/div><!--close column table wrapper. Autoclose: 1 -->\n","protected":false},"excerpt":{"rendered":"","protected":false},"author":1,"featured_media":0,"parent":0,"menu_order":0,"comment_status":"closed","ping_status":"closed","template":"","meta":{"inline_featured_image":false,"footnotes":""},"class_list":["post-6136","page","type-page","status-publish","hentry"],"yoast_head":"<!-- This site is optimized with the Yoast SEO plugin v27.1.1 - https:\/\/yoast.com\/product\/yoast-seo-wordpress\/ -->\n<title>Business Lunch - Kimpton BEM Budapest<\/title>\n<meta name=\"robots\" content=\"index, follow, max-snippet:-1, max-image-preview:large, max-video-preview:-1\" \/>\n<link rel=\"canonical\" href=\"https:\/\/kimptonbembudapest.com\/hu\/business-lunch\/\" \/>\n<meta property=\"og:locale\" content=\"hu_HU\" \/>\n<meta property=\"og:type\" content=\"article\" \/>\n<meta property=\"og:title\" content=\"Business Lunch - Kimpton BEM Budapest\" \/>\n<meta property=\"og:url\" content=\"https:\/\/kimptonbembudapest.com\/hu\/business-lunch\/\" \/>\n<meta property=\"og:site_name\" content=\"Kimpton BEM Budapest\" \/>\n<meta property=\"article:modified_time\" content=\"2024-12-18T12:53:48+00:00\" \/>\n<meta name=\"twitter:card\" content=\"summary_large_image\" \/>\n<meta name=\"twitter:label1\" content=\"Becs\u00fclt olvas\u00e1si id\u0151\" \/>\n\t<meta name=\"twitter:data1\" content=\"1 perc\" \/>\n<!-- \/ Yoast SEO plugin. -->","yoast_head_json":{"title":"Business Lunch - Kimpton BEM Budapest","robots":{"index":"index","follow":"follow","max-snippet":"max-snippet:-1","max-image-preview":"max-image-preview:large","max-video-preview":"max-video-preview:-1"},"canonical":"https:\/\/kimptonbembudapest.com\/hu\/business-lunch\/","og_locale":"hu_HU","og_type":"article","og_title":"Business Lunch - Kimpton BEM Budapest","og_url":"https:\/\/kimptonbembudapest.com\/hu\/business-lunch\/","og_site_name":"Kimpton BEM Budapest","article_modified_time":"2024-12-18T12:53:48+00:00","twitter_card":"summary_large_image","twitter_misc":{"Becs\u00fclt olvas\u00e1si id\u0151":"1 perc"},"schema":{"@context":"https:\/\/schema.org","@graph":[{"@type":"WebPage","@id":"https:\/\/kimptonbembudapest.com\/hu\/business-lunch\/","url":"https:\/\/kimptonbembudapest.com\/hu\/business-lunch\/","name":"Business Lunch - Kimpton BEM Budapest","isPartOf":{"@id":"https:\/\/kimptonbembudapest.com\/hu\/#website"},"datePublished":"2024-10-30T07:04:31+00:00","dateModified":"2024-12-18T12:53:48+00:00","breadcrumb":{"@id":"https:\/\/kimptonbembudapest.com\/hu\/business-lunch\/#breadcrumb"},"inLanguage":"hu","potentialAction":[{"@type":"ReadAction","target":["https:\/\/kimptonbembudapest.com\/hu\/business-lunch\/"]}]},{"@type":"BreadcrumbList","@id":"https:\/\/kimptonbembudapest.com\/hu\/business-lunch\/#breadcrumb","itemListElement":[{"@type":"ListItem","position":1,"name":"Kezd\u0151lap","item":"https:\/\/kimptonbembudapest.com\/hu\/home\/"},{"@type":"ListItem","position":2,"name":"Business Lunch"}]},{"@type":"WebSite","@id":"https:\/\/kimptonbembudapest.com\/hu\/#website","url":"https:\/\/kimptonbembudapest.com\/hu\/","name":"Kimpton BEM Budapest","description":"Budapest Luxury Hotel","potentialAction":[{"@type":"SearchAction","target":{"@type":"EntryPoint","urlTemplate":"https:\/\/kimptonbembudapest.com\/hu\/?s={search_term_string}"},"query-input":{"@type":"PropertyValueSpecification","valueRequired":true,"valueName":"search_term_string"}}],"inLanguage":"hu"}]}},"_links":{"self":[{"href":"https:\/\/kimptonbembudapest.com\/hu\/wp-json\/wp\/v2\/pages\/6136","targetHints":{"allow":["GET"]}}],"collection":[{"href":"https:\/\/kimptonbembudapest.com\/hu\/wp-json\/wp\/v2\/pages"}],"about":[{"href":"https:\/\/kimptonbembudapest.com\/hu\/wp-json\/wp\/v2\/types\/page"}],"author":[{"embeddable":true,"href":"https:\/\/kimptonbembudapest.com\/hu\/wp-json\/wp\/v2\/users\/1"}],"replies":[{"embeddable":true,"href":"https:\/\/kimptonbembudapest.com\/hu\/wp-json\/wp\/v2\/comments?post=6136"}],"version-history":[{"count":3,"href":"https:\/\/kimptonbembudapest.com\/hu\/wp-json\/wp\/v2\/pages\/6136\/revisions"}],"predecessor-version":[{"id":8545,"href":"https:\/\/kimptonbembudapest.com\/hu\/wp-json\/wp\/v2\/pages\/6136\/revisions\/8545"}],"wp:attachment":[{"href":"https:\/\/kimptonbembudapest.com\/hu\/wp-json\/wp\/v2\/media?parent=6136"}],"curies":[{"name":"wp","href":"https:\/\/api.w.org\/{rel}","templated":true}]}}