{"id":6120,"date":"2024-07-31T00:31:05","date_gmt":"2024-07-30T22:31:05","guid":{"rendered":"https:\/\/kimptonbembudapest.com\/breakfast\/"},"modified":"2026-03-14T22:13:42","modified_gmt":"2026-03-14T21:13:42","slug":"breakfast","status":"publish","type":"page","link":"https:\/\/kimptonbembudapest.com\/hu\/breakfast\/","title":{"rendered":"Breakfast"},"content":{"rendered":"<div id='av_section_1'  class='avia-section av-58vt0j-fa07433d7699cdd98ecb5d0a865abd8e main_color avia-section-default avia-no-border-styling  avia-builder-el-0  avia-builder-el-no-sibling  avia-bg-style-scroll container_wrap fullsize'  ><div class='container av-section-cont-open' ><main  role=\"main\" itemprop=\"mainContentOfPage\"  class='template-page content  av-content-full alpha units'><div class='post-entry post-entry-type-page post-entry-6120'><div class='entry-content-wrapper clearfix'>\n<div  class='flex_column av-48j2tf-6655bd791ffa097499abdfcf75144233 av_one_full  avia-builder-el-1  el_before_av_one_half  avia-builder-el-first  first flex_column_div  '     ><style type=\"text\/css\" data-created_by=\"avia_inline_auto\" id=\"style-css-av-lz8z78ph-81e042b428ebb3409dd1a7d491eb43be\">\n#top .av-special-heading.av-lz8z78ph-81e042b428ebb3409dd1a7d491eb43be{\npadding-bottom:10px;\n}\nbody .av-special-heading.av-lz8z78ph-81e042b428ebb3409dd1a7d491eb43be .av-special-heading-tag .heading-char{\nfont-size:25px;\n}\n.av-special-heading.av-lz8z78ph-81e042b428ebb3409dd1a7d491eb43be .av-subheading{\nfont-size:15px;\n}\n<\/style>\n<div  class='av-special-heading av-lz8z78ph-81e042b428ebb3409dd1a7d491eb43be av-special-heading-h1  avia-builder-el-2  avia-builder-el-no-sibling '><h1 class='av-special-heading-tag'  itemprop=\"headline\"  >Reggeli &#8211; Kimpton BEM Budapest<\/h1><div class=\"special-heading-border\"><div class=\"special-heading-inner-border\"><\/div><\/div><\/div><\/div><div  class='flex_column av-eudgj-886d331bbf62e262be398cd320f82105 av_one_half  avia-builder-el-3  el_after_av_one_full  el_before_av_one_half  first flex_column_div  column-top-margin'     ><section  class='av_textblock_section av-lz8zm8be-b395953376e168abdde9c48ee70f5936 '   itemscope=\"itemscope\" itemtype=\"https:\/\/schema.org\/CreativeWork\" ><div class='avia_textblock'  itemprop=\"text\" ><h2>Hogy tartalmasan induljon a nap<\/h2>\n<p>Kezdje a napot kit\u0171n\u0151 reggeli v\u00e1laszt\u00e9kunkkal, amely mind az \u00e9des, mind a s\u00f3s \u00e9telek ir\u00e1nti v\u00e1gy\u00e1t kiel\u00e9g\u00edti. K\u00f3stolja meg <strong>vajas palacsint\u00e1nkat f\u0171szeres \u00e1fonyakomp\u00f3ttal<\/strong>, vagy v\u00e1lassza a <strong>klasszikus Benedek toj\u00e1st<\/strong> mangalicasonk\u00e1val, f\u00fcst\u00f6lt lazaccal \u00e9s friss spen\u00f3ttal. K\u00fcl\u00f6nleges \u00e9s egyedi \u00e9lm\u00e9nyben lehet r\u00e9sze, ha kipr\u00f3b\u00e1lja <strong>Marcel Wanders kedvenc\u00e9t<\/strong>: egy pik\u00e1ns fog\u00e1st, amely a f\u00e9ny\u0171z\u0151 bels\u0151 terek \u00e9p\u00edt\u00e9sz\u00e9nek haz\u00e1j\u00e1ba rep\u00edti.<\/p>\n<p>A reggelit minden nap <strong>07:00<\/strong> \u00e9s <strong>11:00 \u00f3ra k\u00f6z\u00f6tt<\/strong> szolg\u00e1ljuk fel.<\/p>\n<p>Szeretettel v\u00e1rjuk a nem n\u00e1lunk megsz\u00e1ll\u00f3 vend\u00e9geket is, akik <strong>35 eur\u00f3\/f\u0151<\/strong> \u00e1ron fogyaszthatnak sv\u00e9dasztalunkr\u00f3l vagy \u00e9tlapunkr\u00f3l.<\/p>\n<\/div><\/section><br \/>\n<div  class='avia-button-wrap av-6kg5f-0d13499987ccb961759f3b44b7e2d6f1-wrap avia-button-left  avia-builder-el-5  el_after_av_textblock  avia-builder-el-last  gold_button'>\n<style type=\"text\/css\" data-created_by=\"avia_inline_auto\" id=\"style-css-av-6kg5f-0d13499987ccb961759f3b44b7e2d6f1\">\n#top #wrap_all .avia-button.av-6kg5f-0d13499987ccb961759f3b44b7e2d6f1{\nbackground-color:#d5b99d;\nborder-color:#d5b99d;\ncolor:#000000;\ntransition:all 0.4s ease-in-out;\n}\n#top #wrap_all .avia-button.av-6kg5f-0d13499987ccb961759f3b44b7e2d6f1:hover{\nbackground-color:#000000;\ncolor:#ffffff;\ntransition:all 0.4s ease-in-out;\n}\n<\/style>\n<a href='https:\/\/www.sevenrooms.com\/reservations\/agos\/offers-dir' class='avia-button av-6kg5f-0d13499987ccb961759f3b44b7e2d6f1 av-link-btn avia-icon_select-no avia-size-large avia-position-left' target=\"_blank\" rel=\"noopener noreferrer\"><span class='avia_iconbox_title' >FOGLAL\u00c1S<\/span><\/a><\/div><\/p><\/div><div  class='flex_column av-30nfj7-8aa3c91456586320219814063bef3a53 av_one_half  avia-builder-el-6  el_after_av_one_half  avia-builder-el-last  flex_column_div  column-top-margin'     ><style type=\"text\/css\" data-created_by=\"avia_inline_auto\" id=\"style-css-av-lz8zbz11-dc619bc2967b85e44fb1c65e7f3cc4e5\">\n.avia-image-container.av-lz8zbz11-dc619bc2967b85e44fb1c65e7f3cc4e5 img.avia_image{\nbox-shadow:none;\n}\n.avia-image-container.av-lz8zbz11-dc619bc2967b85e44fb1c65e7f3cc4e5 .av-image-caption-overlay-center{\ncolor:#ffffff;\n}\n<\/style>\n<div  class='avia-image-container av-lz8zbz11-dc619bc2967b85e44fb1c65e7f3cc4e5 av-styling- avia-align-center  avia-builder-el-7  avia-builder-el-no-sibling '   itemprop=\"image\" itemscope=\"itemscope\" itemtype=\"https:\/\/schema.org\/ImageObject\" ><div class=\"avia-image-container-inner\"><div class=\"avia-image-overlay-wrap\"><img decoding=\"async\" fetchpriority=\"high\" class='wp-image-2928 avia-img-lazy-loading-not-2928 avia_image ' src=\"https:\/\/kimptonbembudapest.com\/wp-content\/uploads\/2024\/07\/240611_KIMPTON_BEM__2257-1-1030x687.jpg\" alt='' title='Breakfast at Kimpton BEM'  height=\"687\" width=\"1030\"  itemprop=\"thumbnailUrl\" srcset=\"https:\/\/kimptonbembudapest.com\/wp-content\/uploads\/2024\/07\/240611_KIMPTON_BEM__2257-1-1030x687.jpg 1030w, https:\/\/kimptonbembudapest.com\/wp-content\/uploads\/2024\/07\/240611_KIMPTON_BEM__2257-1-300x200.jpg 300w, https:\/\/kimptonbembudapest.com\/wp-content\/uploads\/2024\/07\/240611_KIMPTON_BEM__2257-1-768x512.jpg 768w, https:\/\/kimptonbembudapest.com\/wp-content\/uploads\/2024\/07\/240611_KIMPTON_BEM__2257-1-1536x1024.jpg 1536w, https:\/\/kimptonbembudapest.com\/wp-content\/uploads\/2024\/07\/240611_KIMPTON_BEM__2257-1-2048x1366.jpg 2048w, https:\/\/kimptonbembudapest.com\/wp-content\/uploads\/2024\/07\/240611_KIMPTON_BEM__2257-1-1500x1000.jpg 1500w, https:\/\/kimptonbembudapest.com\/wp-content\/uploads\/2024\/07\/240611_KIMPTON_BEM__2257-1-705x470.jpg 705w\" sizes=\"(max-width: 1030px) 100vw, 1030px\" \/><\/div><\/div><\/div><\/div>\n","protected":false},"excerpt":{"rendered":"","protected":false},"author":4,"featured_media":0,"parent":0,"menu_order":0,"comment_status":"closed","ping_status":"closed","template":"","meta":{"inline_featured_image":false,"footnotes":""},"class_list":["post-6120","page","type-page","status-publish","hentry"],"yoast_head":"<!-- This site is optimized with the Yoast SEO plugin v27.1.1 - https:\/\/yoast.com\/product\/yoast-seo-wordpress\/ -->\n<title>Breakfast - Kimpton BEM Budapest<\/title>\n<meta name=\"robots\" content=\"index, follow, max-snippet:-1, max-image-preview:large, max-video-preview:-1\" \/>\n<link rel=\"canonical\" href=\"https:\/\/kimptonbembudapest.com\/hu\/breakfast\/\" \/>\n<meta property=\"og:locale\" content=\"hu_HU\" \/>\n<meta property=\"og:type\" content=\"article\" \/>\n<meta property=\"og:title\" content=\"Breakfast - Kimpton BEM Budapest\" \/>\n<meta property=\"og:url\" content=\"https:\/\/kimptonbembudapest.com\/hu\/breakfast\/\" \/>\n<meta property=\"og:site_name\" content=\"Kimpton BEM Budapest\" \/>\n<meta property=\"article:modified_time\" content=\"2026-03-14T21:13:42+00:00\" \/>\n<meta name=\"twitter:card\" content=\"summary_large_image\" \/>\n<meta name=\"twitter:label1\" content=\"Becs\u00fclt olvas\u00e1si id\u0151\" \/>\n\t<meta name=\"twitter:data1\" content=\"1 perc\" \/>\n<!-- \/ Yoast SEO plugin. -->","yoast_head_json":{"title":"Breakfast - Kimpton BEM Budapest","robots":{"index":"index","follow":"follow","max-snippet":"max-snippet:-1","max-image-preview":"max-image-preview:large","max-video-preview":"max-video-preview:-1"},"canonical":"https:\/\/kimptonbembudapest.com\/hu\/breakfast\/","og_locale":"hu_HU","og_type":"article","og_title":"Breakfast - Kimpton BEM Budapest","og_url":"https:\/\/kimptonbembudapest.com\/hu\/breakfast\/","og_site_name":"Kimpton BEM Budapest","article_modified_time":"2026-03-14T21:13:42+00:00","twitter_card":"summary_large_image","twitter_misc":{"Becs\u00fclt olvas\u00e1si id\u0151":"1 perc"},"schema":{"@context":"https:\/\/schema.org","@graph":[{"@type":"WebPage","@id":"https:\/\/kimptonbembudapest.com\/hu\/breakfast\/","url":"https:\/\/kimptonbembudapest.com\/hu\/breakfast\/","name":"Breakfast - Kimpton BEM Budapest","isPartOf":{"@id":"https:\/\/kimptonbembudapest.com\/hu\/#website"},"datePublished":"2024-07-30T22:31:05+00:00","dateModified":"2026-03-14T21:13:42+00:00","breadcrumb":{"@id":"https:\/\/kimptonbembudapest.com\/hu\/breakfast\/#breadcrumb"},"inLanguage":"hu","potentialAction":[{"@type":"ReadAction","target":["https:\/\/kimptonbembudapest.com\/hu\/breakfast\/"]}]},{"@type":"BreadcrumbList","@id":"https:\/\/kimptonbembudapest.com\/hu\/breakfast\/#breadcrumb","itemListElement":[{"@type":"ListItem","position":1,"name":"Kezd\u0151lap","item":"https:\/\/kimptonbembudapest.com\/hu\/home\/"},{"@type":"ListItem","position":2,"name":"Breakfast"}]},{"@type":"WebSite","@id":"https:\/\/kimptonbembudapest.com\/hu\/#website","url":"https:\/\/kimptonbembudapest.com\/hu\/","name":"Kimpton BEM Budapest","description":"Budapest Luxury Hotel","potentialAction":[{"@type":"SearchAction","target":{"@type":"EntryPoint","urlTemplate":"https:\/\/kimptonbembudapest.com\/hu\/?s={search_term_string}"},"query-input":{"@type":"PropertyValueSpecification","valueRequired":true,"valueName":"search_term_string"}}],"inLanguage":"hu"}]}},"_links":{"self":[{"href":"https:\/\/kimptonbembudapest.com\/hu\/wp-json\/wp\/v2\/pages\/6120","targetHints":{"allow":["GET"]}}],"collection":[{"href":"https:\/\/kimptonbembudapest.com\/hu\/wp-json\/wp\/v2\/pages"}],"about":[{"href":"https:\/\/kimptonbembudapest.com\/hu\/wp-json\/wp\/v2\/types\/page"}],"author":[{"embeddable":true,"href":"https:\/\/kimptonbembudapest.com\/hu\/wp-json\/wp\/v2\/users\/4"}],"replies":[{"embeddable":true,"href":"https:\/\/kimptonbembudapest.com\/hu\/wp-json\/wp\/v2\/comments?post=6120"}],"version-history":[{"count":5,"href":"https:\/\/kimptonbembudapest.com\/hu\/wp-json\/wp\/v2\/pages\/6120\/revisions"}],"predecessor-version":[{"id":11812,"href":"https:\/\/kimptonbembudapest.com\/hu\/wp-json\/wp\/v2\/pages\/6120\/revisions\/11812"}],"wp:attachment":[{"href":"https:\/\/kimptonbembudapest.com\/hu\/wp-json\/wp\/v2\/media?parent=6120"}],"curies":[{"name":"wp","href":"https:\/\/api.w.org\/{rel}","templated":true}]}}