{"id":6116,"date":"2024-10-15T08:44:25","date_gmt":"2024-10-15T06:44:25","guid":{"rendered":"https:\/\/kimptonbembudapest.com\/bottomless-brunch-beats\/"},"modified":"2024-12-19T10:10:50","modified_gmt":"2024-12-19T09:10:50","slug":"bottomless-brunch-beats","status":"publish","type":"page","link":"https:\/\/kimptonbembudapest.com\/hu\/bottomless-brunch-beats\/","title":{"rendered":"Bottomless Brunch &#038; Beats"},"content":{"rendered":"<div id='av_section_1'  class='avia-section av-5lpjn6-3a362d2cdb8ee652c0e469c60ba7a683 main_color avia-section-default avia-no-border-styling  avia-builder-el-0  el_before_av_horizontal_gallery  avia-builder-el-first  avia-bg-style-scroll container_wrap fullsize'  ><div class='container av-section-cont-open' ><main  role=\"main\" itemprop=\"mainContentOfPage\"  class='template-page content  av-content-full alpha units'><div class='post-entry post-entry-type-page post-entry-6116'><div class='entry-content-wrapper clearfix'>\n<div class='flex_column_table av-4fucdu-f5ffaf1853f143ecee3346c6fa1a72e1 sc-av_one_half av-equal-height-column-flextable'><div  class='flex_column av-4fucdu-f5ffaf1853f143ecee3346c6fa1a72e1 av_one_half  avia-builder-el-1  el_before_av_one_half  avia-builder-el-first  first flex_column_table_cell av-equal-height-column av-align-top  '     ><section  class='av_textblock_section av-m2a2ibms-4b80c500d8ba4f958d412efcb2a01b98 '   itemscope=\"itemscope\" itemtype=\"https:\/\/schema.org\/CreativeWork\" ><div class='avia_textblock'  itemprop=\"text\" ><h1>Bottomless Brunch &amp; Beats<\/h1>\n<p>Csatlakozzon hozz\u00e1nk egy hangulatos, \u00e9l\u0151 DJ-szettel k\u00eds\u00e9rt, kiad\u00f3s vill\u00e1sreggelire, amely megalapozhat egy laza d\u00e9lut\u00e1nt.<\/p>\n<p>Mit tartalmaz:<\/p>\n<ul>\n<li>Felfriss\u00fcl\u00e9s\u00e9r\u0151l kifogyhatatlan Kreinbacher-pezsg\u0151 \u00e9s korl\u00e1tlan k\u00e1v\u00e9-, v\u00edz- \u00e9s limon\u00e1d\u00e9fogyaszt\u00e1s gondoskodik.<\/li>\n<li>F\u0151szak\u00e1csunk, Feh\u00e9r Attila klasszikus brunch-fog\u00e1sokat felvonultat\u00f3, gazdag sv\u00e9dasztal\u00e1r\u00f3l is korl\u00e1tlanul fogyaszthat.<\/li>\n<li>Minden h\u00e9ten m\u00e1s-m\u00e1s, ny\u00edlt l\u00e1ngon k\u00e9sz\u00fclt \u00e9telt mutatunk be, a magyar guly\u00e1st\u00f3l kezdve a mediterr\u00e1n hallevesen \u00e1t a k\u00fcl\u00f6nf\u00e9le, hagyom\u00e1nyos faz\u00e9kban k\u00e9sz\u00fclt \u00ednycsikland\u00f3 p\u00f6rk\u00f6ltekig.<\/li>\n<\/ul>\n<\/div><\/section><br \/>\n<section  class='av_textblock_section av-m2a2lim3-c4fb94d9c315373c89c79bde3c979eef '   itemscope=\"itemscope\" itemtype=\"https:\/\/schema.org\/CreativeWork\" ><div class='avia_textblock'  itemprop=\"text\" ><p><strong>\u00c1r:<\/strong> 19\u00a0990 forint + szerv\u00edzd\u00edj.<\/p>\n<div class=\"elementToProof\">Minden szombaton 12:00-t\u00f3l 16:00-ig DJ gondoskodik \u00e9l\u0151ben a t\u00f6k\u00e9letes brunch hangulatr\u00f3l a pult m\u00f6g\u00f6tt!<\/div>\n<p><strong>Remek \u00e9telek, v\u00e9gtelen italok \u00e9s fantasztikus hangulat \u2013 tal\u00e1lkozunk szombatonk\u00e9nt az AGOS-ban!<\/strong><\/p>\n<\/div><\/section><br \/>\n<div  class='avia-button-wrap av-m2a2vdux-881998667aaf4e98a5674c455c0feb01-wrap avia-button-left  avia-builder-el-4  el_after_av_textblock  el_before_av_textblock '>\n<style type=\"text\/css\" data-created_by=\"avia_inline_auto\" id=\"style-css-av-m2a2vdux-881998667aaf4e98a5674c455c0feb01\">\n#top #wrap_all .avia-button.av-m2a2vdux-881998667aaf4e98a5674c455c0feb01{\nbackground-color:#8d9b82;\nborder-color:#8d9b82;\ntransition:all 0.4s ease-in-out;\n}\n#top #wrap_all .avia-button.av-m2a2vdux-881998667aaf4e98a5674c455c0feb01:hover{\ncolor:white;\ntransition:all 0.4s ease-in-out;\n}\n<\/style>\n<a href='https:\/\/www.sevenrooms.com\/experiences\/agos\/bottomless-brunch-5055844458135552' class='avia-button av-m2a2vdux-881998667aaf4e98a5674c455c0feb01 av-link-btn avia-icon_select-no avia-size-large avia-position-left avia-font-color-theme-color' target=\"_blank\" rel=\"noopener noreferrer\"><span class='avia_iconbox_title' >FOGLAL\u00c1S<\/span><span class='avia_button_background avia-button avia-color-theme-color-highlight' ><\/span><\/a><\/div><br \/>\n\n<style type=\"text\/css\" data-created_by=\"avia_inline_auto\" id=\"style-css-av-m2a2mvah-a5cf43184d9b58ee441407295b80fb30\">\n#top .av_textblock_section.av-m2a2mvah-a5cf43184d9b58ee441407295b80fb30 .avia_textblock{\nfont-size:11px;\n}\n<\/style>\n<section  class='av_textblock_section av-m2a2mvah-a5cf43184d9b58ee441407295b80fb30 '   itemscope=\"itemscope\" itemtype=\"https:\/\/schema.org\/CreativeWork\" ><div class='avia_textblock'  itemprop=\"text\" ><p>Az AGOS vend\u00e9gei sz\u00e1m\u00e1ra az\u00a0<strong>ingyenes parkol\u00e1s<\/strong>\u00a0biztos\u00edtott.<\/p>\n<\/div><\/section><\/p><\/div><div class='av-flex-placeholder'><\/div><div  class='flex_column av-37x736-6678ac8de400543f06f692f5ac2d35ac av_one_half  avia-builder-el-6  el_after_av_one_half  avia-builder-el-last  flex_column_table_cell av-equal-height-column av-align-top  '     ><style type=\"text\/css\" data-created_by=\"avia_inline_auto\" id=\"style-css-av-m2a2ucrb-e53aee5abb457493d6c6c9b88dcc1461\">\n.avia-image-container.av-m2a2ucrb-e53aee5abb457493d6c6c9b88dcc1461 img.avia_image{\nbox-shadow:none;\n}\n.avia-image-container.av-m2a2ucrb-e53aee5abb457493d6c6c9b88dcc1461 .av-image-caption-overlay-center{\ncolor:#ffffff;\n}\n<\/style>\n<div  class='avia-image-container av-m2a2ucrb-e53aee5abb457493d6c6c9b88dcc1461 av-styling- avia-align-center  avia-builder-el-7  avia-builder-el-no-sibling '   itemprop=\"image\" itemscope=\"itemscope\" itemtype=\"https:\/\/schema.org\/ImageObject\" ><div class=\"avia-image-container-inner\"><div class=\"avia-image-overlay-wrap\"><img decoding=\"async\" fetchpriority=\"high\" class='wp-image-4705 avia-img-lazy-loading-not-4705 avia_image ' src=\"https:\/\/kimptonbembudapest.com\/wp-content\/uploads\/2024\/10\/1.jpg\" alt='' title='1'  height=\"1000\" width=\"667\"  itemprop=\"thumbnailUrl\" srcset=\"https:\/\/kimptonbembudapest.com\/wp-content\/uploads\/2024\/10\/1.jpg 667w, https:\/\/kimptonbembudapest.com\/wp-content\/uploads\/2024\/10\/1-200x300.jpg 200w, https:\/\/kimptonbembudapest.com\/wp-content\/uploads\/2024\/10\/1-470x705.jpg 470w\" sizes=\"(max-width: 667px) 100vw, 667px\" \/><\/div><\/div><\/div><\/div><\/div><!--close column table wrapper. Autoclose: 1 -->\n<style type=\"text\/css\" data-created_by=\"avia_inline_auto\" id=\"style-css-av-m2a2pe2x-e42fd31ee3747278e56f52e22a5bcc18\">\n.av-horizontal-gallery.av-m2a2pe2x-e42fd31ee3747278e56f52e22a5bcc18{\npadding:6% 0px;;\n}\n.av-horizontal-gallery.av-m2a2pe2x-e42fd31ee3747278e56f52e22a5bcc18 .av-horizontal-gallery-inner{\npadding-bottom:40%;\n}\n<\/style>\n<div  class='av-horizontal-gallery av-m2a2pe2x-e42fd31ee3747278e56f52e22a5bcc18 av-horizontal-gallery-large-gap av-horizontal-gallery-enlarge-effect  avia-builder-el-8  el_after_av_section  avia-builder-el-last  nopadding av-slideshow-ui av-control-default av-no-slider-navigation av-slideshow-manual av-loop-once av-loop-manual-once av-horizontal-gallery-1' data-slideshow-data=\"{&quot;enlarge&quot;:1.3,&quot;animation&quot;:&quot;slide&quot;,&quot;autoplay&quot;:false,&quot;loop_autoplay&quot;:&quot;once&quot;,&quot;interval&quot;:5,&quot;loop_manual&quot;:&quot;manual-once&quot;,&quot;autoplay_stopper&quot;:false,&quot;noNavigation&quot;:false,&quot;bg_slider&quot;:false,&quot;keep_padding&quot;:&quot;&quot;,&quot;hoverpause&quot;:false,&quot;show_slide_delay&quot;:0}\"  itemprop=\"image\" itemscope=\"itemscope\" itemtype=\"https:\/\/schema.org\/ImageObject\" ><div class='avia-slideshow-arrows avia-slideshow-controls' ><a href='#prev' class='prev-slide av-horizontal-gallery-prev' aria-hidden='true' data-av_icon='\ue87c' data-av_iconfont='entypo-fontello'  tabindex='-1'>El\u0151z\u0151<\/a><a href='#next' class='next-slide av-horizontal-gallery-next' aria-hidden='true' data-av_icon='\ue87d' data-av_iconfont='entypo-fontello'  tabindex='-1'>K\u00f6vetkez\u0151<\/a><\/div><div class='av-horizontal-gallery-inner' data-av-height='40'><div class=\"av-horizontal-gallery-slider\"><div class=\"av-horizontal-gallery-wrap noHover\"><img decoding=\"async\" fetchpriority=\"high\" class='wp-image-4770 avia-img-lazy-loading-not-4770 av-horizontal-gallery-img' width=\"1000\" height=\"667\" src=\"https:\/\/kimptonbembudapest.com\/wp-content\/uploads\/2024\/10\/11.jpg\" title='11' alt='' srcset=\"https:\/\/kimptonbembudapest.com\/wp-content\/uploads\/2024\/10\/11.jpg 1000w, https:\/\/kimptonbembudapest.com\/wp-content\/uploads\/2024\/10\/11-300x200.jpg 300w, https:\/\/kimptonbembudapest.com\/wp-content\/uploads\/2024\/10\/11-768x512.jpg 768w, https:\/\/kimptonbembudapest.com\/wp-content\/uploads\/2024\/10\/11-705x470.jpg 705w\" sizes=\"(max-width: 1000px) 100vw, 1000px\" \/><a href=\"https:\/\/kimptonbembudapest.com\/wp-content\/uploads\/2024\/10\/11.jpg\" data-srcset=\"https:\/\/kimptonbembudapest.com\/wp-content\/uploads\/2024\/10\/11.jpg 1000w, https:\/\/kimptonbembudapest.com\/wp-content\/uploads\/2024\/10\/11-300x200.jpg 300w, https:\/\/kimptonbembudapest.com\/wp-content\/uploads\/2024\/10\/11-768x512.jpg 768w, https:\/\/kimptonbembudapest.com\/wp-content\/uploads\/2024\/10\/11-705x470.jpg 705w\" data-sizes=\"(max-width: 1000px) 100vw, 1000px\" class='av-horizontal-gallery-link' aria-hidden='true' data-av_icon='\ue869' data-av_iconfont='entypo-fontello' title='11' alt=''><\/a><\/div><div class=\"av-horizontal-gallery-wrap noHover\"><img decoding=\"async\" fetchpriority=\"high\" class='wp-image-4774 avia-img-lazy-loading-not-4774 av-horizontal-gallery-img' width=\"1000\" height=\"667\" src=\"https:\/\/kimptonbembudapest.com\/wp-content\/uploads\/2024\/10\/22.jpg\" title='22' alt='' srcset=\"https:\/\/kimptonbembudapest.com\/wp-content\/uploads\/2024\/10\/22.jpg 1000w, https:\/\/kimptonbembudapest.com\/wp-content\/uploads\/2024\/10\/22-300x200.jpg 300w, https:\/\/kimptonbembudapest.com\/wp-content\/uploads\/2024\/10\/22-768x512.jpg 768w, https:\/\/kimptonbembudapest.com\/wp-content\/uploads\/2024\/10\/22-705x470.jpg 705w\" sizes=\"(max-width: 1000px) 100vw, 1000px\" \/><a href=\"https:\/\/kimptonbembudapest.com\/wp-content\/uploads\/2024\/10\/22.jpg\" data-srcset=\"https:\/\/kimptonbembudapest.com\/wp-content\/uploads\/2024\/10\/22.jpg 1000w, https:\/\/kimptonbembudapest.com\/wp-content\/uploads\/2024\/10\/22-300x200.jpg 300w, https:\/\/kimptonbembudapest.com\/wp-content\/uploads\/2024\/10\/22-768x512.jpg 768w, https:\/\/kimptonbembudapest.com\/wp-content\/uploads\/2024\/10\/22-705x470.jpg 705w\" data-sizes=\"(max-width: 1000px) 100vw, 1000px\" class='av-horizontal-gallery-link' aria-hidden='true' data-av_icon='\ue869' data-av_iconfont='entypo-fontello' title='22' alt=''><\/a><\/div><div class=\"av-horizontal-gallery-wrap noHover\"><img decoding=\"async\" fetchpriority=\"high\" class='wp-image-4713 avia-img-lazy-loading-not-4713 av-horizontal-gallery-img' width=\"667\" height=\"1000\" src=\"https:\/\/kimptonbembudapest.com\/wp-content\/uploads\/2024\/10\/3.jpg\" title='3' alt='' srcset=\"https:\/\/kimptonbembudapest.com\/wp-content\/uploads\/2024\/10\/3.jpg 667w, https:\/\/kimptonbembudapest.com\/wp-content\/uploads\/2024\/10\/3-200x300.jpg 200w, https:\/\/kimptonbembudapest.com\/wp-content\/uploads\/2024\/10\/3-470x705.jpg 470w\" sizes=\"(max-width: 667px) 100vw, 667px\" \/><a href=\"https:\/\/kimptonbembudapest.com\/wp-content\/uploads\/2024\/10\/3.jpg\" data-srcset=\"https:\/\/kimptonbembudapest.com\/wp-content\/uploads\/2024\/10\/3.jpg 667w, https:\/\/kimptonbembudapest.com\/wp-content\/uploads\/2024\/10\/3-200x300.jpg 200w, https:\/\/kimptonbembudapest.com\/wp-content\/uploads\/2024\/10\/3-470x705.jpg 470w\" data-sizes=\"(max-width: 667px) 100vw, 667px\" class='av-horizontal-gallery-link' aria-hidden='true' data-av_icon='\ue869' data-av_iconfont='entypo-fontello' title='3' alt=''><\/a><\/div><div class=\"av-horizontal-gallery-wrap noHover\"><img decoding=\"async\" fetchpriority=\"high\" class='wp-image-4677 avia-img-lazy-loading-not-4677 av-horizontal-gallery-img' width=\"667\" height=\"1000\" src=\"https:\/\/kimptonbembudapest.com\/wp-content\/uploads\/2024\/10\/4.jpg\" title='4' alt='AGOS Brunch - Kimpton BEM Budapest' srcset=\"https:\/\/kimptonbembudapest.com\/wp-content\/uploads\/2024\/10\/4.jpg 667w, https:\/\/kimptonbembudapest.com\/wp-content\/uploads\/2024\/10\/4-200x300.jpg 200w, https:\/\/kimptonbembudapest.com\/wp-content\/uploads\/2024\/10\/4-470x705.jpg 470w\" sizes=\"(max-width: 667px) 100vw, 667px\" \/><a href=\"https:\/\/kimptonbembudapest.com\/wp-content\/uploads\/2024\/10\/4.jpg\" data-srcset=\"https:\/\/kimptonbembudapest.com\/wp-content\/uploads\/2024\/10\/4.jpg 667w, https:\/\/kimptonbembudapest.com\/wp-content\/uploads\/2024\/10\/4-200x300.jpg 200w, https:\/\/kimptonbembudapest.com\/wp-content\/uploads\/2024\/10\/4-470x705.jpg 470w\" data-sizes=\"(max-width: 667px) 100vw, 667px\" class='av-horizontal-gallery-link' aria-hidden='true' data-av_icon='\ue869' data-av_iconfont='entypo-fontello' title='4' alt='AGOS Brunch - Kimpton BEM Budapest'><\/a><\/div><div class=\"av-horizontal-gallery-wrap noHover\"><img decoding=\"async\" fetchpriority=\"high\" class='wp-image-4697 avia-img-lazy-loading-not-4697 av-horizontal-gallery-img' width=\"667\" height=\"1000\" src=\"https:\/\/kimptonbembudapest.com\/wp-content\/uploads\/2024\/10\/9.jpg\" title='9' alt='' srcset=\"https:\/\/kimptonbembudapest.com\/wp-content\/uploads\/2024\/10\/9.jpg 667w, https:\/\/kimptonbembudapest.com\/wp-content\/uploads\/2024\/10\/9-200x300.jpg 200w, https:\/\/kimptonbembudapest.com\/wp-content\/uploads\/2024\/10\/9-470x705.jpg 470w\" sizes=\"(max-width: 667px) 100vw, 667px\" \/><a href=\"https:\/\/kimptonbembudapest.com\/wp-content\/uploads\/2024\/10\/9.jpg\" data-srcset=\"https:\/\/kimptonbembudapest.com\/wp-content\/uploads\/2024\/10\/9.jpg 667w, https:\/\/kimptonbembudapest.com\/wp-content\/uploads\/2024\/10\/9-200x300.jpg 200w, https:\/\/kimptonbembudapest.com\/wp-content\/uploads\/2024\/10\/9-470x705.jpg 470w\" data-sizes=\"(max-width: 667px) 100vw, 667px\" class='av-horizontal-gallery-link' aria-hidden='true' data-av_icon='\ue869' data-av_iconfont='entypo-fontello' title='9' alt=''><\/a><\/div><div class=\"av-horizontal-gallery-wrap noHover\"><img decoding=\"async\" fetchpriority=\"high\" class='wp-image-4681 avia-img-lazy-loading-not-4681 av-horizontal-gallery-img' width=\"667\" height=\"1000\" src=\"https:\/\/kimptonbembudapest.com\/wp-content\/uploads\/2024\/10\/5.jpg\" title='5' alt='' srcset=\"https:\/\/kimptonbembudapest.com\/wp-content\/uploads\/2024\/10\/5.jpg 667w, https:\/\/kimptonbembudapest.com\/wp-content\/uploads\/2024\/10\/5-200x300.jpg 200w, https:\/\/kimptonbembudapest.com\/wp-content\/uploads\/2024\/10\/5-470x705.jpg 470w\" sizes=\"(max-width: 667px) 100vw, 667px\" \/><a href=\"https:\/\/kimptonbembudapest.com\/wp-content\/uploads\/2024\/10\/5.jpg\" data-srcset=\"https:\/\/kimptonbembudapest.com\/wp-content\/uploads\/2024\/10\/5.jpg 667w, https:\/\/kimptonbembudapest.com\/wp-content\/uploads\/2024\/10\/5-200x300.jpg 200w, https:\/\/kimptonbembudapest.com\/wp-content\/uploads\/2024\/10\/5-470x705.jpg 470w\" data-sizes=\"(max-width: 667px) 100vw, 667px\" class='av-horizontal-gallery-link' aria-hidden='true' data-av_icon='\ue869' data-av_iconfont='entypo-fontello' title='5' alt=''><\/a><\/div><div class=\"av-horizontal-gallery-wrap noHover\"><img decoding=\"async\" fetchpriority=\"high\" class='wp-image-4685 avia-img-lazy-loading-not-4685 av-horizontal-gallery-img' width=\"667\" height=\"1000\" src=\"https:\/\/kimptonbembudapest.com\/wp-content\/uploads\/2024\/10\/6.jpg\" title='6' alt='' srcset=\"https:\/\/kimptonbembudapest.com\/wp-content\/uploads\/2024\/10\/6.jpg 667w, https:\/\/kimptonbembudapest.com\/wp-content\/uploads\/2024\/10\/6-200x300.jpg 200w, https:\/\/kimptonbembudapest.com\/wp-content\/uploads\/2024\/10\/6-470x705.jpg 470w\" sizes=\"(max-width: 667px) 100vw, 667px\" \/><a href=\"https:\/\/kimptonbembudapest.com\/wp-content\/uploads\/2024\/10\/6.jpg\" data-srcset=\"https:\/\/kimptonbembudapest.com\/wp-content\/uploads\/2024\/10\/6.jpg 667w, https:\/\/kimptonbembudapest.com\/wp-content\/uploads\/2024\/10\/6-200x300.jpg 200w, https:\/\/kimptonbembudapest.com\/wp-content\/uploads\/2024\/10\/6-470x705.jpg 470w\" data-sizes=\"(max-width: 667px) 100vw, 667px\" class='av-horizontal-gallery-link' aria-hidden='true' data-av_icon='\ue869' data-av_iconfont='entypo-fontello' title='6' alt=''><\/a><\/div><div class=\"av-horizontal-gallery-wrap noHover\"><img decoding=\"async\" fetchpriority=\"high\" class='wp-image-4709 avia-img-lazy-loading-not-4709 av-horizontal-gallery-img' width=\"667\" height=\"1000\" src=\"https:\/\/kimptonbembudapest.com\/wp-content\/uploads\/2024\/10\/2.jpg\" title='2' alt='Kimpton BEM Budapest' srcset=\"https:\/\/kimptonbembudapest.com\/wp-content\/uploads\/2024\/10\/2.jpg 667w, https:\/\/kimptonbembudapest.com\/wp-content\/uploads\/2024\/10\/2-200x300.jpg 200w, https:\/\/kimptonbembudapest.com\/wp-content\/uploads\/2024\/10\/2-470x705.jpg 470w\" sizes=\"(max-width: 667px) 100vw, 667px\" \/><a href=\"https:\/\/kimptonbembudapest.com\/wp-content\/uploads\/2024\/10\/2.jpg\" data-srcset=\"https:\/\/kimptonbembudapest.com\/wp-content\/uploads\/2024\/10\/2.jpg 667w, https:\/\/kimptonbembudapest.com\/wp-content\/uploads\/2024\/10\/2-200x300.jpg 200w, https:\/\/kimptonbembudapest.com\/wp-content\/uploads\/2024\/10\/2-470x705.jpg 470w\" data-sizes=\"(max-width: 667px) 100vw, 667px\" class='av-horizontal-gallery-link' aria-hidden='true' data-av_icon='\ue869' data-av_iconfont='entypo-fontello' title='2' alt='Kimpton BEM Budapest'><\/a><\/div><div class=\"av-horizontal-gallery-wrap noHover\"><img decoding=\"async\" fetchpriority=\"high\" class='wp-image-4701 avia-img-lazy-loading-not-4701 av-horizontal-gallery-img' width=\"667\" height=\"1000\" src=\"https:\/\/kimptonbembudapest.com\/wp-content\/uploads\/2024\/10\/10.jpg\" title='10' alt='' srcset=\"https:\/\/kimptonbembudapest.com\/wp-content\/uploads\/2024\/10\/10.jpg 667w, https:\/\/kimptonbembudapest.com\/wp-content\/uploads\/2024\/10\/10-200x300.jpg 200w, https:\/\/kimptonbembudapest.com\/wp-content\/uploads\/2024\/10\/10-470x705.jpg 470w\" sizes=\"(max-width: 667px) 100vw, 667px\" \/><a href=\"https:\/\/kimptonbembudapest.com\/wp-content\/uploads\/2024\/10\/10.jpg\" data-srcset=\"https:\/\/kimptonbembudapest.com\/wp-content\/uploads\/2024\/10\/10.jpg 667w, https:\/\/kimptonbembudapest.com\/wp-content\/uploads\/2024\/10\/10-200x300.jpg 200w, https:\/\/kimptonbembudapest.com\/wp-content\/uploads\/2024\/10\/10-470x705.jpg 470w\" data-sizes=\"(max-width: 667px) 100vw, 667px\" class='av-horizontal-gallery-link' aria-hidden='true' data-av_icon='\ue869' data-av_iconfont='entypo-fontello' title='10' alt=''><\/a><\/div><div class=\"av-horizontal-gallery-wrap noHover\"><img decoding=\"async\" fetchpriority=\"high\" class='wp-image-4689 avia-img-lazy-loading-not-4689 av-horizontal-gallery-img' width=\"667\" height=\"1000\" src=\"https:\/\/kimptonbembudapest.com\/wp-content\/uploads\/2024\/10\/7.jpg\" title='7' alt='' srcset=\"https:\/\/kimptonbembudapest.com\/wp-content\/uploads\/2024\/10\/7.jpg 667w, https:\/\/kimptonbembudapest.com\/wp-content\/uploads\/2024\/10\/7-200x300.jpg 200w, https:\/\/kimptonbembudapest.com\/wp-content\/uploads\/2024\/10\/7-470x705.jpg 470w\" sizes=\"(max-width: 667px) 100vw, 667px\" \/><a href=\"https:\/\/kimptonbembudapest.com\/wp-content\/uploads\/2024\/10\/7.jpg\" data-srcset=\"https:\/\/kimptonbembudapest.com\/wp-content\/uploads\/2024\/10\/7.jpg 667w, https:\/\/kimptonbembudapest.com\/wp-content\/uploads\/2024\/10\/7-200x300.jpg 200w, https:\/\/kimptonbembudapest.com\/wp-content\/uploads\/2024\/10\/7-470x705.jpg 470w\" data-sizes=\"(max-width: 667px) 100vw, 667px\" class='av-horizontal-gallery-link' aria-hidden='true' data-av_icon='\ue869' data-av_iconfont='entypo-fontello' title='7' alt=''><\/a><\/div><div class=\"av-horizontal-gallery-wrap noHover\"><img decoding=\"async\" fetchpriority=\"high\" class='wp-image-4693 avia-img-lazy-loading-not-4693 av-horizontal-gallery-img' width=\"667\" height=\"1000\" src=\"https:\/\/kimptonbembudapest.com\/wp-content\/uploads\/2024\/10\/8.jpg\" title='8' alt='' srcset=\"https:\/\/kimptonbembudapest.com\/wp-content\/uploads\/2024\/10\/8.jpg 667w, https:\/\/kimptonbembudapest.com\/wp-content\/uploads\/2024\/10\/8-200x300.jpg 200w, https:\/\/kimptonbembudapest.com\/wp-content\/uploads\/2024\/10\/8-470x705.jpg 470w\" sizes=\"(max-width: 667px) 100vw, 667px\" \/><a href=\"https:\/\/kimptonbembudapest.com\/wp-content\/uploads\/2024\/10\/8.jpg\" data-srcset=\"https:\/\/kimptonbembudapest.com\/wp-content\/uploads\/2024\/10\/8.jpg 667w, https:\/\/kimptonbembudapest.com\/wp-content\/uploads\/2024\/10\/8-200x300.jpg 200w, https:\/\/kimptonbembudapest.com\/wp-content\/uploads\/2024\/10\/8-470x705.jpg 470w\" data-sizes=\"(max-width: 667px) 100vw, 667px\" class='av-horizontal-gallery-link' aria-hidden='true' data-av_icon='\ue869' data-av_iconfont='entypo-fontello' title='8' alt=''><\/a><\/div><div class=\"av-horizontal-gallery-wrap noHover\"><img decoding=\"async\" fetchpriority=\"high\" class='wp-image-4705 avia-img-lazy-loading-not-4705 av-horizontal-gallery-img' width=\"667\" height=\"1000\" src=\"https:\/\/kimptonbembudapest.com\/wp-content\/uploads\/2024\/10\/1.jpg\" title='1' alt='' srcset=\"https:\/\/kimptonbembudapest.com\/wp-content\/uploads\/2024\/10\/1.jpg 667w, https:\/\/kimptonbembudapest.com\/wp-content\/uploads\/2024\/10\/1-200x300.jpg 200w, https:\/\/kimptonbembudapest.com\/wp-content\/uploads\/2024\/10\/1-470x705.jpg 470w\" sizes=\"(max-width: 667px) 100vw, 667px\" \/><a href=\"https:\/\/kimptonbembudapest.com\/wp-content\/uploads\/2024\/10\/1.jpg\" data-srcset=\"https:\/\/kimptonbembudapest.com\/wp-content\/uploads\/2024\/10\/1.jpg 667w, https:\/\/kimptonbembudapest.com\/wp-content\/uploads\/2024\/10\/1-200x300.jpg 200w, https:\/\/kimptonbembudapest.com\/wp-content\/uploads\/2024\/10\/1-470x705.jpg 470w\" data-sizes=\"(max-width: 667px) 100vw, 667px\" class='av-horizontal-gallery-link' aria-hidden='true' data-av_icon='\ue869' data-av_iconfont='entypo-fontello' title='1' alt=''><\/a><\/div><\/div><\/div><\/div><\/p>\n","protected":false},"excerpt":{"rendered":"","protected":false},"author":1,"featured_media":0,"parent":0,"menu_order":0,"comment_status":"closed","ping_status":"closed","template":"","meta":{"inline_featured_image":false,"footnotes":""},"class_list":["post-6116","page","type-page","status-publish","hentry"],"yoast_head":"<!-- This site is optimized with the Yoast SEO plugin v27.1.1 - https:\/\/yoast.com\/product\/yoast-seo-wordpress\/ -->\n<title>Bottomless Brunch &amp; Beats - Kimpton BEM Budapest<\/title>\n<meta name=\"robots\" content=\"index, follow, max-snippet:-1, max-image-preview:large, max-video-preview:-1\" \/>\n<link rel=\"canonical\" href=\"https:\/\/kimptonbembudapest.com\/hu\/bottomless-brunch-beats\/\" \/>\n<meta property=\"og:locale\" content=\"hu_HU\" \/>\n<meta property=\"og:type\" content=\"article\" \/>\n<meta property=\"og:title\" content=\"Bottomless Brunch &amp; Beats - Kimpton BEM Budapest\" \/>\n<meta property=\"og:url\" content=\"https:\/\/kimptonbembudapest.com\/hu\/bottomless-brunch-beats\/\" \/>\n<meta property=\"og:site_name\" content=\"Kimpton BEM Budapest\" \/>\n<meta property=\"article:modified_time\" content=\"2024-12-19T09:10:50+00:00\" \/>\n<meta name=\"twitter:card\" content=\"summary_large_image\" \/>\n<meta name=\"twitter:label1\" content=\"Becs\u00fclt olvas\u00e1si id\u0151\" \/>\n\t<meta name=\"twitter:data1\" content=\"4 perc\" \/>\n<!-- \/ Yoast SEO plugin. -->","yoast_head_json":{"title":"Bottomless Brunch & Beats - Kimpton BEM Budapest","robots":{"index":"index","follow":"follow","max-snippet":"max-snippet:-1","max-image-preview":"max-image-preview:large","max-video-preview":"max-video-preview:-1"},"canonical":"https:\/\/kimptonbembudapest.com\/hu\/bottomless-brunch-beats\/","og_locale":"hu_HU","og_type":"article","og_title":"Bottomless Brunch & Beats - Kimpton BEM Budapest","og_url":"https:\/\/kimptonbembudapest.com\/hu\/bottomless-brunch-beats\/","og_site_name":"Kimpton BEM Budapest","article_modified_time":"2024-12-19T09:10:50+00:00","twitter_card":"summary_large_image","twitter_misc":{"Becs\u00fclt olvas\u00e1si id\u0151":"4 perc"},"schema":{"@context":"https:\/\/schema.org","@graph":[{"@type":"WebPage","@id":"https:\/\/kimptonbembudapest.com\/hu\/bottomless-brunch-beats\/","url":"https:\/\/kimptonbembudapest.com\/hu\/bottomless-brunch-beats\/","name":"Bottomless Brunch & Beats - Kimpton BEM Budapest","isPartOf":{"@id":"https:\/\/kimptonbembudapest.com\/hu\/#website"},"datePublished":"2024-10-15T06:44:25+00:00","dateModified":"2024-12-19T09:10:50+00:00","breadcrumb":{"@id":"https:\/\/kimptonbembudapest.com\/hu\/bottomless-brunch-beats\/#breadcrumb"},"inLanguage":"hu","potentialAction":[{"@type":"ReadAction","target":["https:\/\/kimptonbembudapest.com\/hu\/bottomless-brunch-beats\/"]}]},{"@type":"BreadcrumbList","@id":"https:\/\/kimptonbembudapest.com\/hu\/bottomless-brunch-beats\/#breadcrumb","itemListElement":[{"@type":"ListItem","position":1,"name":"Kezd\u0151lap","item":"https:\/\/kimptonbembudapest.com\/hu\/home\/"},{"@type":"ListItem","position":2,"name":"Bottomless Brunch &#038; Beats"}]},{"@type":"WebSite","@id":"https:\/\/kimptonbembudapest.com\/hu\/#website","url":"https:\/\/kimptonbembudapest.com\/hu\/","name":"Kimpton BEM Budapest","description":"Budapest Luxury Hotel","potentialAction":[{"@type":"SearchAction","target":{"@type":"EntryPoint","urlTemplate":"https:\/\/kimptonbembudapest.com\/hu\/?s={search_term_string}"},"query-input":{"@type":"PropertyValueSpecification","valueRequired":true,"valueName":"search_term_string"}}],"inLanguage":"hu"}]}},"_links":{"self":[{"href":"https:\/\/kimptonbembudapest.com\/hu\/wp-json\/wp\/v2\/pages\/6116","targetHints":{"allow":["GET"]}}],"collection":[{"href":"https:\/\/kimptonbembudapest.com\/hu\/wp-json\/wp\/v2\/pages"}],"about":[{"href":"https:\/\/kimptonbembudapest.com\/hu\/wp-json\/wp\/v2\/types\/page"}],"author":[{"embeddable":true,"href":"https:\/\/kimptonbembudapest.com\/hu\/wp-json\/wp\/v2\/users\/1"}],"replies":[{"embeddable":true,"href":"https:\/\/kimptonbembudapest.com\/hu\/wp-json\/wp\/v2\/comments?post=6116"}],"version-history":[{"count":4,"href":"https:\/\/kimptonbembudapest.com\/hu\/wp-json\/wp\/v2\/pages\/6116\/revisions"}],"predecessor-version":[{"id":6117,"href":"https:\/\/kimptonbembudapest.com\/hu\/wp-json\/wp\/v2\/pages\/6116\/revisions\/6117"}],"wp:attachment":[{"href":"https:\/\/kimptonbembudapest.com\/hu\/wp-json\/wp\/v2\/media?parent=6116"}],"curies":[{"name":"wp","href":"https:\/\/api.w.org\/{rel}","templated":true}]}}