{"id":6099,"date":"2024-07-02T10:28:13","date_gmt":"2024-07-02T08:28:13","guid":{"rendered":"https:\/\/kimptonbembudapest.com\/andrassy-avenue-budapest\/"},"modified":"2024-12-03T10:03:18","modified_gmt":"2024-12-03T09:03:18","slug":"andrassy-avenue-budapest","status":"publish","type":"page","link":"https:\/\/kimptonbembudapest.com\/hu\/andrassy-avenue-budapest\/","title":{"rendered":"Andrassy Avenue"},"content":{"rendered":"<div id='av_section_1'  class='avia-section av-1qesiq-8fadafaecc4555752f118c949c946115 main_color avia-section-default avia-no-border-styling  avia-builder-el-0  avia-builder-el-no-sibling  avia-bg-style-scroll container_wrap fullsize'  ><div class='container av-section-cont-open' ><main  role=\"main\" itemprop=\"mainContentOfPage\"  class='template-page content  av-content-full alpha units'><div class='post-entry post-entry-type-page post-entry-6099'><div class='entry-content-wrapper clearfix'>\n<div  class='flex_column av-aoz22-04308e233f8a1b87b73e51c856e28719 av_one_full  avia-builder-el-1  el_before_av_one_full  avia-builder-el-first  first flex_column_div  '     ><style type=\"text\/css\" data-created_by=\"avia_inline_auto\" id=\"style-css-av-lyfszj4n-a029f28eb34f91a513dea695164f0173\">\n#top .av-special-heading.av-lyfszj4n-a029f28eb34f91a513dea695164f0173{\npadding-bottom:10px;\n}\nbody .av-special-heading.av-lyfszj4n-a029f28eb34f91a513dea695164f0173 .av-special-heading-tag .heading-char{\nfont-size:25px;\n}\n.av-special-heading.av-lyfszj4n-a029f28eb34f91a513dea695164f0173 .av-subheading{\nfont-size:15px;\n}\n<\/style>\n<div  class='av-special-heading av-lyfszj4n-a029f28eb34f91a513dea695164f0173 av-special-heading-h1  avia-builder-el-2  avia-builder-el-no-sibling '><h1 class='av-special-heading-tag'  itemprop=\"headline\"  >Andr\u00e1ssy \u00fat Budapest<\/h1><div class=\"special-heading-border\"><div class=\"special-heading-inner-border\"><\/div><\/div><\/div><\/div><div  class='flex_column av-1n1i0a-ed73d8c93f53ac532edaef89164edd1e av_one_full  avia-builder-el-3  el_after_av_one_full  el_before_av_one_full  first flex_column_div  column-top-margin'     ><section  class='av_textblock_section av-lyft1rfj-e06c848dbf0d53564db70b33f487ea79 '   itemscope=\"itemscope\" itemtype=\"https:\/\/schema.org\/CreativeWork\" ><div class='avia_textblock'  itemprop=\"text\" ><p>Az Andr\u00e1ssy \u00fat, amelyet a magyar Champ Elys\u00e9e-nek is neveznek, Budapest 2,3 kilom\u00e9ter hossz\u00fa sug\u00e1r\u00fatja, amely \u00f6sszek\u00f6ti a v\u00e1rosk\u00f6zpontot a h\u00edres H\u0151s\u00f6k ter\u00e9vel. A sug\u00e1r\u00fat, amely a t\u00f6rt\u00e9nelem \u00e9s a luxus t\u00f6k\u00e9letes \u00f6tv\u00f6zete, a Duna-part \u00e9s a H\u0151s\u00f6k tere mellett szint\u00e9n az UNESCO Vil\u00e1g\u00f6r\u00f6ks\u00e9g r\u00e9sz\u00e9t k\u00e9pezi. A renesz\u00e1nsz st\u00edlus\u00fa \u00e9p\u00fcletek az \u00e9p\u00edt\u00e9szet remekm\u0171vei, \u00e9s ide\u00e1lis s\u00e9t\u00e1nyt alkotnak a t\u00f6rt\u00e9nelem \u00e9s a design szerelmeseinek. Ezen a fens\u00e9ges sug\u00e1r\u00faton s\u00e9t\u00e1lva t\u00f6bbek k\u00f6z\u00f6tt olyan, exkluz\u00edv luxusm\u00e1rk\u00e1k cs\u00facskateg\u00f3ri\u00e1s \u00fczleteit tal\u00e1lja, mint a Louis Vuitton \u00e9s a Gucci. Ha exkluz\u00edv, egyedi st\u00edlus\u00fa \u00e9s kifinomult magyar butikokat keres, itt tal\u00e1lja a Nubut is. Mik\u00f6zben elmer\u00fcl a kort\u00e1rs luxus \u00e9lvezet\u00e9ben, a sug\u00e1r\u00fat var\u00e1zsa id\u0151utaz\u00e1sra rep\u00edti, hiszen a homlokzatokon arisztokratikus m\u00faltja is megmutatkozik. Legyen \u00e9p\u00edt\u00e9szetrajong\u00f3, divatrajong\u00f3 vagy csak k\u00edv\u00e1ncsi utaz\u00f3, az Andr\u00e1ssy \u00fat felejthetetlen utaz\u00e1sra h\u00edvja a magyar f\u0151v\u00e1ros sz\u00edv\u00e9ben.<\/p>\n<\/div><\/section><\/div><div  class='flex_column av-ofwyi-453e141b626672b9c8e199d665213a8f av_one_full  avia-builder-el-5  el_after_av_one_full  el_before_av_one_full  first flex_column_div  column-top-margin'     ><section  class='av_textblock_section av-lyft3k3u-90717d0dffe311861b75eb8bded7e67f '   itemscope=\"itemscope\" itemtype=\"https:\/\/schema.org\/CreativeWork\" ><div class='avia_textblock'  itemprop=\"text\" ><h2>Magyar \u00c1llami Operah\u00e1z<\/h2>\n<p>A Budapest sz\u00edv\u00e9ben tal\u00e1lhat\u00f3 Magyar \u00c1llami Operah\u00e1z kihagyhatatlan l\u00e1tnival\u00f3 mindazok sz\u00e1m\u00e1ra, akiket leny\u0171g\u00f6z a m\u0171v\u00e9szetek vil\u00e1ga. A neves magyar \u00e9p\u00edt\u00e9sz, Ybl Mikl\u00f3s \u00e1ltal tervezett \u00e9p\u00fclet 1884-ben nyitotta meg kapuit, \u00e9s az\u00f3ta is a barokk elemekkel tark\u00edtott neorenesz\u00e1nsz \u00e9p\u00edt\u00e9szet szimb\u00f3luma. Ez az \u00e9p\u00edt\u00e9szeti csoda nemcsak k\u00fcls\u0151 \u00e9s bels\u0151 megjelen\u00e9s\u00e9vel ny\u0171g\u00f6z le, hanem a magyar kultur\u00e1lis \u00e9letben is fontos szerepet t\u00f6lt be: a kultur\u00e1lis int\u00e9zm\u00e9ny sz\u00ednpad\u00e1n a legink\u00e1bb mag\u00e1val ragad\u00f3 oper\u00e1k \u00e9s balettek elevenednek meg. Ha magyarorsz\u00e1gi tart\u00f3zkod\u00e1sa alatt nem csak pihen\u00e9sre v\u00e1gyik, a Magyar \u00c1llami Operah\u00e1z egyed\u00fcl\u00e1ll\u00f3 kultur\u00e1lis \u00e9lm\u00e9nyt k\u00edn\u00e1l, amelynek sor\u00e1n vil\u00e1gsz\u00ednvonal\u00fa el\u0151ad\u00e1sokat \u00e9s h\u00edres m\u0171v\u00e9szeket tekinthet meg a t\u00f6rt\u00e9nelmi luxus \u00e9s pompa \u00f6vezte l\u00e9gk\u00f6rben. Hogy l\u00e1togat\u00e1s\u00e1t m\u00e9g k\u00fcl\u00f6nlegesebb\u00e9 tegye, az operah\u00e1z hat nyelven idegenvezet\u00e9st is k\u00edn\u00e1l, amelyb\u0151l az \u00e9p\u00fclet r\u00e9szleteit \u00e9s t\u00f6rt\u00e9net\u00e9t is megismerheti. A k\u00f6rbevezet\u00e9s egy r\u00f6vid koncerttel z\u00e1rul, \u00edgy a l\u00e1togat\u00f3k \u00edzel\u00edt\u0151t kaphatnak a tekint\u00e9lyes \u00e9p\u00fcletben zajl\u00f3 el\u0151ad\u00e1sokb\u00f3l. Ak\u00e1r az opera szerelmese, ak\u00e1r k\u00edv\u00e1ncsi utaz\u00f3, a Magyar \u00c1llami Operah\u00e1z utat nyit Budapest kultur\u00e1lis \u00f6r\u00f6ks\u00e9g\u00e9nek sz\u00edv\u00e9be.<\/p>\n<\/div><\/section><\/div><div  class='flex_column av-25idu-957a83935d21ccc73cb24ea1d8066617 av_one_full  avia-builder-el-7  el_after_av_one_full  avia-builder-el-last  first flex_column_div  column-top-margin'     ><section  class='av_textblock_section av-lyft41rf-8ae1d8938a4e4f9328f62cc078b1d3ca '   itemscope=\"itemscope\" itemtype=\"https:\/\/schema.org\/CreativeWork\" ><div class='avia_textblock'  itemprop=\"text\" ><h2>H\u0151s\u00f6k tere<\/h2>\n<p>Az 1896-ban, a magyar honfoglal\u00e1s 1000. \u00e9vfordul\u00f3ja alkalm\u00e1b\u00f3l \u00e9p\u00fclt UNESCO vil\u00e1g\u00f6r\u00f6ks\u00e9gi helysz\u00edn jelent\u0151s kultur\u00e1lis \u00e9s t\u00f6rt\u00e9nelmi jelent\u0151s\u00e9ggel b\u00edr Magyarorsz\u00e1g sz\u00e1m\u00e1ra. A H\u0151s\u00f6k tere k\u00f6zep\u00e9n a leny\u0171g\u00f6z\u0151 Millenniumi eml\u00e9km\u0171, egy 36 m\u00e9ter magas oszlop \u00e1ll, amelynek tetej\u00e9n G\u00e1briel arkangyal szobra l\u00e1that\u00f3, kez\u00e9ben a magyar Szent Koron\u00e1val \u00e9s egy kereszttel. Az eml\u00e9km\u0171vet a magyar nemzet kiemelked\u0151 vez\u00e9ralakjainak szobrai veszik k\u00f6rbe, k\u00f6zt\u00fck a magyar t\u00f6rzseket a K\u00e1rp\u00e1t-medenc\u00e9be vezet\u0151 h\u00e9t vez\u00e9rrel, \u00e9l\u00fck\u00f6n a magyar nemzet alap\u00edt\u00f3j\u00e1nak tartott \u00c1rp\u00e1ddal. A legenda szerint a h\u00e9t vez\u00e9r v\u00e9rszerz\u0151d\u00e9st k\u00f6t\u00f6tt, amelyet a magyar nemzet els\u0151 \u00edratlan alkotm\u00e1nyak\u00e9nt tartanak sz\u00e1mon. A mai Magyarorsz\u00e1gon a t\u00e9r jelent\u0151s politikai esem\u00e9nyek helysz\u00edne, p\u00e9ld\u00e1ul az 1956-os forradalom vezet\u0151j\u00e9nek, Nagy Imr\u00e9nek az \u00fajratemet\u00e9se is itt zajlott. E fontos l\u00e1tnival\u00f3 mellett tal\u00e1lhat\u00f3 a Sz\u00e9pm\u0171v\u00e9szeti M\u00fazeum, a M\u0171csarnok \u00e9s a V\u00e1rosliget \u2013 ezeket is \u00e9rdemes felkeresni.<\/p>\n<\/div><\/section><\/div>\n","protected":false},"excerpt":{"rendered":"","protected":false},"author":4,"featured_media":0,"parent":0,"menu_order":0,"comment_status":"closed","ping_status":"closed","template":"","meta":{"inline_featured_image":false,"footnotes":""},"class_list":["post-6099","page","type-page","status-publish","hentry"],"yoast_head":"<!-- This site is optimized with the Yoast SEO plugin v27.1.1 - https:\/\/yoast.com\/product\/yoast-seo-wordpress\/ -->\n<title>Andr\u00e1ssy \u00fat - Kimpton BEM Budapest - Turisztikai l\u00e1tv\u00e1nyoss\u00e1gok<\/title>\n<meta name=\"description\" content=\"Fedezze fel Budapest ikonikus Andr\u00e1ssy sug\u00e1r\u00fatj\u00e1t, amely az UNESCO Vil\u00e1g\u00f6r\u00f6ks\u00e9g r\u00e9sze, amely \u00f6sszek\u00f6ti a v\u00e1rosk\u00f6zpontot a H\u0151s\u00f6k ter\u00e9vel. Fedezze fel a t\u00f6rt\u00e9nelmi \u00e9p\u00edt\u00e9szetet, a luxusv\u00e1s\u00e1rl\u00e1st \u00e9s az egyedi magyar butikokat.\" \/>\n<meta name=\"robots\" content=\"index, follow, max-snippet:-1, max-image-preview:large, max-video-preview:-1\" \/>\n<link rel=\"canonical\" href=\"https:\/\/kimptonbembudapest.com\/hu\/andrassy-avenue-budapest\/\" \/>\n<meta property=\"og:locale\" content=\"hu_HU\" \/>\n<meta property=\"og:type\" content=\"article\" \/>\n<meta property=\"og:title\" content=\"Andr\u00e1ssy \u00fat - Kimpton BEM Budapest - Turisztikai l\u00e1tv\u00e1nyoss\u00e1gok\" \/>\n<meta property=\"og:description\" content=\"Fedezze fel Budapest ikonikus Andr\u00e1ssy sug\u00e1r\u00fatj\u00e1t, amely az UNESCO Vil\u00e1g\u00f6r\u00f6ks\u00e9g r\u00e9sze, amely \u00f6sszek\u00f6ti a v\u00e1rosk\u00f6zpontot a H\u0151s\u00f6k ter\u00e9vel. Fedezze fel a t\u00f6rt\u00e9nelmi \u00e9p\u00edt\u00e9szetet, a luxusv\u00e1s\u00e1rl\u00e1st \u00e9s az egyedi magyar butikokat.\" \/>\n<meta property=\"og:url\" content=\"https:\/\/kimptonbembudapest.com\/hu\/andrassy-avenue-budapest\/\" \/>\n<meta property=\"og:site_name\" content=\"Kimpton BEM Budapest\" \/>\n<meta property=\"article:modified_time\" content=\"2024-12-03T09:03:18+00:00\" \/>\n<meta property=\"og:image\" content=\"https:\/\/kimptonbembudapest.com\/wp-content\/uploads\/2024\/07\/OG.jpg\" \/>\n\t<meta property=\"og:image:width\" content=\"1200\" \/>\n\t<meta property=\"og:image:height\" content=\"630\" \/>\n\t<meta property=\"og:image:type\" content=\"image\/jpeg\" \/>\n<meta name=\"twitter:card\" content=\"summary_large_image\" \/>\n<!-- \/ Yoast SEO plugin. -->","yoast_head_json":{"title":"Andr\u00e1ssy \u00fat - Kimpton BEM Budapest - Turisztikai l\u00e1tv\u00e1nyoss\u00e1gok","description":"Fedezze fel Budapest ikonikus Andr\u00e1ssy sug\u00e1r\u00fatj\u00e1t, amely az UNESCO Vil\u00e1g\u00f6r\u00f6ks\u00e9g r\u00e9sze, amely \u00f6sszek\u00f6ti a v\u00e1rosk\u00f6zpontot a H\u0151s\u00f6k ter\u00e9vel. Fedezze fel a t\u00f6rt\u00e9nelmi \u00e9p\u00edt\u00e9szetet, a luxusv\u00e1s\u00e1rl\u00e1st \u00e9s az egyedi magyar butikokat.","robots":{"index":"index","follow":"follow","max-snippet":"max-snippet:-1","max-image-preview":"max-image-preview:large","max-video-preview":"max-video-preview:-1"},"canonical":"https:\/\/kimptonbembudapest.com\/hu\/andrassy-avenue-budapest\/","og_locale":"hu_HU","og_type":"article","og_title":"Andr\u00e1ssy \u00fat - Kimpton BEM Budapest - Turisztikai l\u00e1tv\u00e1nyoss\u00e1gok","og_description":"Fedezze fel Budapest ikonikus Andr\u00e1ssy sug\u00e1r\u00fatj\u00e1t, amely az UNESCO Vil\u00e1g\u00f6r\u00f6ks\u00e9g r\u00e9sze, amely \u00f6sszek\u00f6ti a v\u00e1rosk\u00f6zpontot a H\u0151s\u00f6k ter\u00e9vel. Fedezze fel a t\u00f6rt\u00e9nelmi \u00e9p\u00edt\u00e9szetet, a luxusv\u00e1s\u00e1rl\u00e1st \u00e9s az egyedi magyar butikokat.","og_url":"https:\/\/kimptonbembudapest.com\/hu\/andrassy-avenue-budapest\/","og_site_name":"Kimpton BEM Budapest","article_modified_time":"2024-12-03T09:03:18+00:00","og_image":[{"width":1200,"height":630,"url":"https:\/\/kimptonbembudapest.com\/wp-content\/uploads\/2024\/07\/OG.jpg","type":"image\/jpeg"}],"twitter_card":"summary_large_image","schema":{"@context":"https:\/\/schema.org","@graph":[{"@type":"WebPage","@id":"https:\/\/kimptonbembudapest.com\/hu\/andrassy-avenue-budapest\/","url":"https:\/\/kimptonbembudapest.com\/hu\/andrassy-avenue-budapest\/","name":"Andr\u00e1ssy \u00fat - Kimpton BEM Budapest - Turisztikai l\u00e1tv\u00e1nyoss\u00e1gok","isPartOf":{"@id":"https:\/\/kimptonbembudapest.com\/hu\/#website"},"datePublished":"2024-07-02T08:28:13+00:00","dateModified":"2024-12-03T09:03:18+00:00","description":"Fedezze fel Budapest ikonikus Andr\u00e1ssy sug\u00e1r\u00fatj\u00e1t, amely az UNESCO Vil\u00e1g\u00f6r\u00f6ks\u00e9g r\u00e9sze, amely \u00f6sszek\u00f6ti a v\u00e1rosk\u00f6zpontot a H\u0151s\u00f6k ter\u00e9vel. Fedezze fel a t\u00f6rt\u00e9nelmi \u00e9p\u00edt\u00e9szetet, a luxusv\u00e1s\u00e1rl\u00e1st \u00e9s az egyedi magyar butikokat.","breadcrumb":{"@id":"https:\/\/kimptonbembudapest.com\/hu\/andrassy-avenue-budapest\/#breadcrumb"},"inLanguage":"hu","potentialAction":[{"@type":"ReadAction","target":["https:\/\/kimptonbembudapest.com\/hu\/andrassy-avenue-budapest\/"]}]},{"@type":"BreadcrumbList","@id":"https:\/\/kimptonbembudapest.com\/hu\/andrassy-avenue-budapest\/#breadcrumb","itemListElement":[{"@type":"ListItem","position":1,"name":"Kezd\u0151lap","item":"https:\/\/kimptonbembudapest.com\/hu\/home\/"},{"@type":"ListItem","position":2,"name":"Andrassy Avenue"}]},{"@type":"WebSite","@id":"https:\/\/kimptonbembudapest.com\/hu\/#website","url":"https:\/\/kimptonbembudapest.com\/hu\/","name":"Kimpton BEM Budapest","description":"Budapest Luxury Hotel","potentialAction":[{"@type":"SearchAction","target":{"@type":"EntryPoint","urlTemplate":"https:\/\/kimptonbembudapest.com\/hu\/?s={search_term_string}"},"query-input":{"@type":"PropertyValueSpecification","valueRequired":true,"valueName":"search_term_string"}}],"inLanguage":"hu"}]}},"_links":{"self":[{"href":"https:\/\/kimptonbembudapest.com\/hu\/wp-json\/wp\/v2\/pages\/6099","targetHints":{"allow":["GET"]}}],"collection":[{"href":"https:\/\/kimptonbembudapest.com\/hu\/wp-json\/wp\/v2\/pages"}],"about":[{"href":"https:\/\/kimptonbembudapest.com\/hu\/wp-json\/wp\/v2\/types\/page"}],"author":[{"embeddable":true,"href":"https:\/\/kimptonbembudapest.com\/hu\/wp-json\/wp\/v2\/users\/4"}],"replies":[{"embeddable":true,"href":"https:\/\/kimptonbembudapest.com\/hu\/wp-json\/wp\/v2\/comments?post=6099"}],"version-history":[{"count":2,"href":"https:\/\/kimptonbembudapest.com\/hu\/wp-json\/wp\/v2\/pages\/6099\/revisions"}],"predecessor-version":[{"id":6102,"href":"https:\/\/kimptonbembudapest.com\/hu\/wp-json\/wp\/v2\/pages\/6099\/revisions\/6102"}],"wp:attachment":[{"href":"https:\/\/kimptonbembudapest.com\/hu\/wp-json\/wp\/v2\/media?parent=6099"}],"curies":[{"name":"wp","href":"https:\/\/api.w.org\/{rel}","templated":true}]}}