{"id":4361,"date":"2024-07-02T10:29:20","date_gmt":"2024-07-02T08:29:20","guid":{"rendered":"https:\/\/kimptonbembudapest.com\/catering-y-menus\/"},"modified":"2024-12-06T13:55:14","modified_gmt":"2024-12-06T12:55:14","slug":"catering-y-menus","status":"publish","type":"page","link":"https:\/\/kimptonbembudapest.com\/es\/catering-y-menus\/","title":{"rendered":"Catering y Men\u00fas"},"content":{"rendered":"<div id='av_section_1'  class='avia-section av-fl9hz-dba5115a0fc792c635b7a5063d5388d3 main_color avia-section-default avia-no-border-styling  avia-builder-el-0  avia-builder-el-no-sibling  avia-bg-style-scroll container_wrap fullsize'  ><div class='container av-section-cont-open' ><main  role=\"main\" itemprop=\"mainContentOfPage\"  class='template-page content  av-content-full alpha units'><div class='post-entry post-entry-type-page post-entry-4361'><div class='entry-content-wrapper clearfix'>\n<div  class='flex_column av-1134n-0343e5696a29ef5c0c45df7385da816f av_one_full  avia-builder-el-1  el_before_av_one_half  avia-builder-el-first  first flex_column_div  '     ><style type=\"text\/css\" data-created_by=\"avia_inline_auto\" id=\"style-css-av-ly721qy8-1dec60bd78a2316cf9275b7fe55a0918\">\n#top .av-special-heading.av-ly721qy8-1dec60bd78a2316cf9275b7fe55a0918{\npadding-bottom:10px;\n}\nbody .av-special-heading.av-ly721qy8-1dec60bd78a2316cf9275b7fe55a0918 .av-special-heading-tag .heading-char{\nfont-size:25px;\n}\n.av-special-heading.av-ly721qy8-1dec60bd78a2316cf9275b7fe55a0918 .av-subheading{\nfont-size:15px;\n}\n<\/style>\n<div  class='av-special-heading av-ly721qy8-1dec60bd78a2316cf9275b7fe55a0918 av-special-heading-h1 blockquote modern-quote  avia-builder-el-2  avia-builder-el-no-sibling '><h1 class='av-special-heading-tag'  itemprop=\"headline\"  >Espacio exclusivo para eventos y catering en Budapest: Kimpton BEM Budapest<\/h1><div class=\"special-heading-border\"><div class=\"special-heading-inner-border\"><\/div><\/div><\/div><\/div><div class='flex_column_table av-ly721201-16c4ecb8f1fc021d77f1ea279a9d0b50 sc-av_one_half av-equal-height-column-flextable'><div  class='flex_column av-ly721201-16c4ecb8f1fc021d77f1ea279a9d0b50 av_one_half  avia-builder-el-3  el_after_av_one_full  el_before_av_one_half  first flex_column_table_cell av-equal-height-column av-align-middle  column-top-margin'     ><section  class='av_textblock_section av-ly72072y-8cd02b933db7596167f2e333dece6312 '   itemscope=\"itemscope\" itemtype=\"https:\/\/schema.org\/CreativeWork\" ><div class='avia_textblock'  itemprop=\"text\" ><p>\u00bfEst\u00e1 planeando organizar un evento especial en un lugar excepcional? Nuestros espacios para eventos son ideales no solo para reuniones de negocios, sino tambi\u00e9n para encuentros informales y grandes celebraciones con amigos y familiares. Para que la ocasi\u00f3n sea a\u00fan m\u00e1s memorable, nuestro excepcional equipo de eventos y chefs profesionales crear\u00e1 men\u00fas personalizados que se adapten a sus gustos y necesidades, a\u00f1adiendo un toque delicioso a su evento. Tanto si prefiere entrantes salados como la dulzura de nuestros postres inolvidables, nuestro servicio de catering se asegurar\u00e1 de que cada plato deleite a sus invitados.<\/p>\n<p>\u00bfDesea realizar una consulta? No dude en contactarnos por correo electr\u00f3nico en <a href=\"mailto:kimptonbem.sales@ihg.com\">kimptonbem.sales@ihg.com<\/a> o por tel\u00e9fono al <a href=\"tel:+3618839880\">+36 1 883 9895<\/a>. \u00a1Estamos encantados de ayudarle a organizar el evento de sus sue\u00f1os!<\/p>\n<\/div><\/section><\/div><div class='av-flex-placeholder'><\/div><div  class='flex_column av-abg5z-a0a7d70f6ca822e0fb00eba958d283de av_one_half  avia-builder-el-5  el_after_av_one_half  avia-builder-el-last  flex_column_table_cell av-equal-height-column av-align-middle  column-top-margin'     ><style type=\"text\/css\" data-created_by=\"avia_inline_auto\" id=\"style-css-av-ly720oyd-36ef217d8eae8214b6cd3ebc0b1e7d43\">\n.avia-image-container.av-ly720oyd-36ef217d8eae8214b6cd3ebc0b1e7d43 img.avia_image{\nbox-shadow:none;\n}\n.avia-image-container.av-ly720oyd-36ef217d8eae8214b6cd3ebc0b1e7d43 .av-image-caption-overlay-center{\ncolor:#ffffff;\n}\n<\/style>\n<div  class='avia-image-container av-ly720oyd-36ef217d8eae8214b6cd3ebc0b1e7d43 av-styling- avia-align-center  avia-builder-el-6  avia-builder-el-no-sibling '   itemprop=\"image\" itemscope=\"itemscope\" itemtype=\"https:\/\/schema.org\/ImageObject\" ><div class=\"avia-image-container-inner\"><div class=\"avia-image-overlay-wrap\"><img decoding=\"async\" fetchpriority=\"high\" class='wp-image-2618 avia-img-lazy-loading-not-2618 avia_image ' src=\"https:\/\/kimptonbembudapest.com\/wp-content\/uploads\/2024\/07\/Image12.jpg\" alt='' title='Kimpton BEM Budapest'  height=\"1365\" width=\"2048\"  itemprop=\"thumbnailUrl\" srcset=\"https:\/\/kimptonbembudapest.com\/wp-content\/uploads\/2024\/07\/Image12.jpg 2048w, https:\/\/kimptonbembudapest.com\/wp-content\/uploads\/2024\/07\/Image12-300x200.jpg 300w, https:\/\/kimptonbembudapest.com\/wp-content\/uploads\/2024\/07\/Image12-1030x686.jpg 1030w, https:\/\/kimptonbembudapest.com\/wp-content\/uploads\/2024\/07\/Image12-768x512.jpg 768w, https:\/\/kimptonbembudapest.com\/wp-content\/uploads\/2024\/07\/Image12-1536x1024.jpg 1536w, https:\/\/kimptonbembudapest.com\/wp-content\/uploads\/2024\/07\/Image12-1500x1000.jpg 1500w, https:\/\/kimptonbembudapest.com\/wp-content\/uploads\/2024\/07\/Image12-705x470.jpg 705w\" sizes=\"(max-width: 2048px) 100vw, 2048px\" \/><\/div><\/div><\/div><\/div><\/div><!--close column table wrapper. Autoclose: 1 -->\n","protected":false},"excerpt":{"rendered":"","protected":false},"author":4,"featured_media":0,"parent":0,"menu_order":0,"comment_status":"closed","ping_status":"closed","template":"","meta":{"inline_featured_image":false,"footnotes":""},"class_list":["post-4361","page","type-page","status-publish","hentry"],"yoast_head":"<!-- This site is optimized with the Yoast SEO plugin v27.1.1 - https:\/\/yoast.com\/product\/yoast-seo-wordpress\/ -->\n<title>Kimpton BEM Budapest | Espacio exclusivo para eventos<\/title>\n<meta name=\"description\" content=\"Cel\u00e9brelo con estilo en nuestro espacio para eventos con catering en Budapest.\" \/>\n<meta name=\"robots\" content=\"index, follow, max-snippet:-1, max-image-preview:large, max-video-preview:-1\" \/>\n<link rel=\"canonical\" href=\"https:\/\/kimptonbembudapest.com\/es\/catering-y-menus\/\" \/>\n<meta property=\"og:locale\" content=\"es_ES\" \/>\n<meta property=\"og:type\" content=\"article\" \/>\n<meta property=\"og:title\" content=\"Kimpton BEM Budapest | Espacio exclusivo para eventos\" \/>\n<meta property=\"og:description\" content=\"Cel\u00e9brelo con estilo en nuestro espacio para eventos con catering en Budapest.\" \/>\n<meta property=\"og:url\" content=\"https:\/\/kimptonbembudapest.com\/es\/catering-y-menus\/\" \/>\n<meta property=\"og:site_name\" content=\"Kimpton BEM Budapest\" \/>\n<meta property=\"article:modified_time\" content=\"2024-12-06T12:55:14+00:00\" \/>\n<meta property=\"og:image\" content=\"https:\/\/kimptonbembudapest.com\/wp-content\/uploads\/2024\/07\/OG-1030x541.jpg\" \/>\n<meta name=\"twitter:card\" content=\"summary_large_image\" \/>\n<meta name=\"twitter:label1\" content=\"Tiempo de lectura\" \/>\n\t<meta name=\"twitter:data1\" content=\"12 minutos\" \/>\n<!-- \/ Yoast SEO plugin. -->","yoast_head_json":{"title":"Kimpton BEM Budapest | Espacio exclusivo para eventos","description":"Cel\u00e9brelo con estilo en nuestro espacio para eventos con catering en Budapest.","robots":{"index":"index","follow":"follow","max-snippet":"max-snippet:-1","max-image-preview":"max-image-preview:large","max-video-preview":"max-video-preview:-1"},"canonical":"https:\/\/kimptonbembudapest.com\/es\/catering-y-menus\/","og_locale":"es_ES","og_type":"article","og_title":"Kimpton BEM Budapest | Espacio exclusivo para eventos","og_description":"Cel\u00e9brelo con estilo en nuestro espacio para eventos con catering en Budapest.","og_url":"https:\/\/kimptonbembudapest.com\/es\/catering-y-menus\/","og_site_name":"Kimpton BEM Budapest","article_modified_time":"2024-12-06T12:55:14+00:00","og_image":[{"url":"https:\/\/kimptonbembudapest.com\/wp-content\/uploads\/2024\/07\/OG-1030x541.jpg","type":"","width":"","height":""}],"twitter_card":"summary_large_image","twitter_misc":{"Tiempo de lectura":"12 minutos"},"schema":{"@context":"https:\/\/schema.org","@graph":[{"@type":"WebPage","@id":"https:\/\/kimptonbembudapest.com\/es\/catering-y-menus\/","url":"https:\/\/kimptonbembudapest.com\/es\/catering-y-menus\/","name":"Kimpton BEM Budapest | Espacio exclusivo para eventos","isPartOf":{"@id":"https:\/\/kimptonbembudapest.com\/es\/#website"},"datePublished":"2024-07-02T08:29:20+00:00","dateModified":"2024-12-06T12:55:14+00:00","description":"Cel\u00e9brelo con estilo en nuestro espacio para eventos con catering en Budapest.","breadcrumb":{"@id":"https:\/\/kimptonbembudapest.com\/es\/catering-y-menus\/#breadcrumb"},"inLanguage":"es","potentialAction":[{"@type":"ReadAction","target":["https:\/\/kimptonbembudapest.com\/es\/catering-y-menus\/"]}]},{"@type":"BreadcrumbList","@id":"https:\/\/kimptonbembudapest.com\/es\/catering-y-menus\/#breadcrumb","itemListElement":[{"@type":"ListItem","position":1,"name":"Kezd\u0151lap","item":"https:\/\/kimptonbembudapest.com\/es\/inicio\/"},{"@type":"ListItem","position":2,"name":"Catering y Men\u00fas"}]},{"@type":"WebSite","@id":"https:\/\/kimptonbembudapest.com\/es\/#website","url":"https:\/\/kimptonbembudapest.com\/es\/","name":"Kimpton BEM Budapest","description":"Budapest Luxury Hotel","potentialAction":[{"@type":"SearchAction","target":{"@type":"EntryPoint","urlTemplate":"https:\/\/kimptonbembudapest.com\/es\/?s={search_term_string}"},"query-input":{"@type":"PropertyValueSpecification","valueRequired":true,"valueName":"search_term_string"}}],"inLanguage":"es"}]}},"_links":{"self":[{"href":"https:\/\/kimptonbembudapest.com\/es\/wp-json\/wp\/v2\/pages\/4361","targetHints":{"allow":["GET"]}}],"collection":[{"href":"https:\/\/kimptonbembudapest.com\/es\/wp-json\/wp\/v2\/pages"}],"about":[{"href":"https:\/\/kimptonbembudapest.com\/es\/wp-json\/wp\/v2\/types\/page"}],"author":[{"embeddable":true,"href":"https:\/\/kimptonbembudapest.com\/es\/wp-json\/wp\/v2\/users\/4"}],"replies":[{"embeddable":true,"href":"https:\/\/kimptonbembudapest.com\/es\/wp-json\/wp\/v2\/comments?post=4361"}],"version-history":[{"count":11,"href":"https:\/\/kimptonbembudapest.com\/es\/wp-json\/wp\/v2\/pages\/4361\/revisions"}],"predecessor-version":[{"id":7582,"href":"https:\/\/kimptonbembudapest.com\/es\/wp-json\/wp\/v2\/pages\/4361\/revisions\/7582"}],"wp:attachment":[{"href":"https:\/\/kimptonbembudapest.com\/es\/wp-json\/wp\/v2\/media?parent=4361"}],"curies":[{"name":"wp","href":"https:\/\/api.w.org\/{rel}","templated":true}]}}