{"id":4358,"date":"2024-07-02T10:28:21","date_gmt":"2024-07-02T08:28:21","guid":{"rendered":"https:\/\/kimptonbembudapest.com\/distrito-del-castillo\/"},"modified":"2024-12-06T13:53:50","modified_gmt":"2024-12-06T12:53:50","slug":"distrito-del-castillo","status":"publish","type":"page","link":"https:\/\/kimptonbembudapest.com\/es\/distrito-del-castillo\/","title":{"rendered":"Distrito del Castillo"},"content":{"rendered":"<div id='av_section_1'  class='avia-section av-1kekkg-7c31862ec9959fb1805ee630e88dcc3e main_color avia-section-default avia-no-border-styling  avia-builder-el-0  avia-builder-el-no-sibling  avia-bg-style-scroll container_wrap fullsize'  ><div class='container av-section-cont-open' ><main  role=\"main\" itemprop=\"mainContentOfPage\"  class='template-page content  av-content-full alpha units'><div class='post-entry post-entry-type-page post-entry-4358'><div class='entry-content-wrapper clearfix'>\n<div  class='flex_column av-7td48-4258e83d15e85f7aa09ad1a0b5feb6ab av_one_full  avia-builder-el-1  el_before_av_one_full  avia-builder-el-first  first flex_column_div  '     ><style type=\"text\/css\" data-created_by=\"avia_inline_auto\" id=\"style-css-av-lyfsu25p-03093ff609d4a3a5868ab7f9aca51635\">\n#top .av-special-heading.av-lyfsu25p-03093ff609d4a3a5868ab7f9aca51635{\npadding-bottom:10px;\n}\nbody .av-special-heading.av-lyfsu25p-03093ff609d4a3a5868ab7f9aca51635 .av-special-heading-tag .heading-char{\nfont-size:25px;\n}\n.av-special-heading.av-lyfsu25p-03093ff609d4a3a5868ab7f9aca51635 .av-subheading{\nfont-size:15px;\n}\n<\/style>\n<div  class='av-special-heading av-lyfsu25p-03093ff609d4a3a5868ab7f9aca51635 av-special-heading-h1  avia-builder-el-2  avia-builder-el-no-sibling '><h1 class='av-special-heading-tag'  itemprop=\"headline\"  >Distrito del Castillo de Budapest<\/h1><div class=\"special-heading-border\"><div class=\"special-heading-inner-border\"><\/div><\/div><\/div><\/div><div  class='flex_column av-lyfsrig0-ab5eb20e45fc8bb7d202e2fd15d4d0fd av_one_full  avia-builder-el-3  el_after_av_one_full  el_before_av_one_full  first flex_column_div  column-top-margin'     ><section  class='av_textblock_section av-lyfss84g-7717e041c9d10d4c4761242ed7ce8264 '   itemscope=\"itemscope\" itemtype=\"https:\/\/schema.org\/CreativeWork\" ><div class='avia_textblock'  itemprop=\"text\" ><h2>Basti\u00f3n de los Pescadores<\/h2>\n<p>Con sus espectaculares vistas y arquitectura, el Basti\u00f3n de los Pescadores es, sin duda, una de las atracciones m\u00e1s visitadas de Hungr\u00eda, y con raz\u00f3n. Esta joya neog\u00f3tica y neorrom\u00e1nica, con sus torres, arcos y torretas, adorna la colina del castillo de Buda y da la impresi\u00f3n de estar en un cuento de hadas. Construido entre 1895 y 1902, el basti\u00f3n ofrece vistas del r\u00edo Danubio, el Puente de las Cadenas y el impresionante panorama de la ciudad. Nombrado en honor al gremio medieval de pescadores que defendi\u00f3 las murallas de la ciudad, sus siete torres representan las siete tribus magiares que se asentaron en la cuenca de los C\u00e1rpatos en el a\u00f1o 895. La historia y la arquitectura se entrelazan impecablemente en el Basti\u00f3n de los Pescadores, donde puede sumergirse en la cultura h\u00fangara mientras disfruta de un fest\u00edn visual en el coraz\u00f3n de Budapest. Famoso por su atm\u00f3sfera rom\u00e1ntica y su valor hist\u00f3rico, el Basti\u00f3n de los Pescadores es una visita obligada por sus vistas y por ser un s\u00edmbolo del esp\u00edritu y la identidad h\u00fangaros que atrae a visitantes de todo el mundo.<\/p>\n<\/div><\/section><\/div><div  class='flex_column av-thjjc-8c3ca86eed13847a8dc1e2d04950b4a7 av_one_full  avia-builder-el-5  el_after_av_one_full  el_before_av_one_full  first flex_column_div  column-top-margin'     ><section  class='av_textblock_section av-lyfsstx7-a42e4d03e90e8473b1f587ba9a258e36 '   itemscope=\"itemscope\" itemtype=\"https:\/\/schema.org\/CreativeWork\" ><div class='avia_textblock'  itemprop=\"text\" ><h2>Iglesia de Mat\u00edas<\/h2>\n<p>La Iglesia de Mat\u00edas es imposible de pasar por alto en el distrito del castillo, situada junto al prominente Basti\u00f3n de los Pescadores. Su arquitectura g\u00f3tica, con sus torres y detalles intrincados, cuenta historias de siglos pasados. Construida en el siglo XIII y restaurada en el siglo XIX, es guardiana del patrimonio religioso y cultural de Hungr\u00eda. Al entrar, descubrir\u00e1 un mundo donde los frescos de escenas b\u00edblicas y de la historia h\u00fangara cobran vida en colores que parecen bailar con la luz que se filtra a trav\u00e9s de las hermosas vidrieras. El interior es un tesoro de artefactos medievales y s\u00edmbolos reales, que ofrece un vistazo al rico pasado del pa\u00eds. La Iglesia de Mat\u00edas es un lugar de culto, pero tambi\u00e9n un s\u00edmbolo de arte e historia que le cautivar\u00e1 con su belleza e importancia hist\u00f3rica.<\/p>\n<\/div><\/section><\/div><div  class='flex_column av-iwqfk-004f61c28752cf5fb01341e2bcff1b92 av_one_full  avia-builder-el-7  el_after_av_one_full  avia-builder-el-last  first flex_column_div  column-top-margin'     ><section  class='av_textblock_section av-lyfsthy7-966004b5f954029ecb1add3c18d5c5c8 '   itemscope=\"itemscope\" itemtype=\"https:\/\/schema.org\/CreativeWork\" ><div class='avia_textblock'  itemprop=\"text\" ><h2>Castillo de Buda<\/h2>\n<p>En lo alto de la colina del castillo, en el ic\u00f3nico distrito del castillo de Budapest, se erige el majestuoso castillo de Buda, un gran monumento al patrimonio centenario y a la destreza arquitect\u00f3nica. Esta hist\u00f3rica fortaleza, con sus sinuosos pasillos y majestuosas torres, ofrece vistas impresionantes del r\u00edo Danubio, que forma una frontera natural entre Pest y Buda, y de la espl\u00e9ndida ciudad que se extiende a sus pies. Con or\u00edgenes que se remontan a la \u00e9poca medieval, pasando por renovaciones renacentistas y barrocas, el castillo de Buda ha servido tanto de fortaleza como de residencia real, siendo testigo de siglos de evoluci\u00f3n cultural. Hoy en d\u00eda sirve principalmente como sede de dos de las instituciones culturales m\u00e1s importantes del pa\u00eds, que documentan la historia de Hungr\u00eda a trav\u00e9s de un rico patrimonio art\u00edstico en forma de obras de arte y artefactos. La Galer\u00eda Nacional de Hungr\u00eda, ubicada en el ala norte del castillo de Buda, representa \u00abla parte m\u00e1s significativa del patrimonio visual del pa\u00eds\u00bb. Al explorar sus pasillos, decorados con espectaculares frescos y adornos g\u00f3ticos, los visitantes emprenden un cautivador viaje por el distrito del castillo de Budapest, donde la historia y la brillantez art\u00edstica se encuentran.<\/p>\n<\/div><\/section><\/div>\n","protected":false},"excerpt":{"rendered":"","protected":false},"author":4,"featured_media":0,"parent":0,"menu_order":0,"comment_status":"closed","ping_status":"closed","template":"","meta":{"inline_featured_image":false,"footnotes":""},"class_list":["post-4358","page","type-page","status-publish","hentry"],"yoast_head":"<!-- This site is optimized with the Yoast SEO plugin v27.1.1 - https:\/\/yoast.com\/product\/yoast-seo-wordpress\/ -->\n<title>Distrito del Castillo - Kimpton BEM Budapest - Atracciones tur\u00edsticas<\/title>\n<meta name=\"description\" content=\"Descubra el barrio del Castillo de Budapest, una de las principales atracciones tur\u00edsticas a s\u00f3lo 10 minutos del Hotel Kimpton BEM Budapest. Explore el Basti\u00f3n de los Pescadores, la Iglesia de Mat\u00edas y el Castillo de Buda, todos ellos muy cerca, con impresionantes vistas y una rica historia.\" \/>\n<meta name=\"robots\" content=\"index, follow, max-snippet:-1, max-image-preview:large, max-video-preview:-1\" \/>\n<link rel=\"canonical\" href=\"https:\/\/kimptonbembudapest.com\/es\/distrito-del-castillo\/\" \/>\n<meta property=\"og:locale\" content=\"es_ES\" \/>\n<meta property=\"og:type\" content=\"article\" \/>\n<meta property=\"og:title\" content=\"Distrito del Castillo - Kimpton BEM Budapest - Atracciones tur\u00edsticas\" \/>\n<meta property=\"og:description\" content=\"Descubra el barrio del Castillo de Budapest, una de las principales atracciones tur\u00edsticas a s\u00f3lo 10 minutos del Hotel Kimpton BEM Budapest. Explore el Basti\u00f3n de los Pescadores, la Iglesia de Mat\u00edas y el Castillo de Buda, todos ellos muy cerca, con impresionantes vistas y una rica historia.\" \/>\n<meta property=\"og:url\" content=\"https:\/\/kimptonbembudapest.com\/es\/distrito-del-castillo\/\" \/>\n<meta property=\"og:site_name\" content=\"Kimpton BEM Budapest\" \/>\n<meta property=\"article:modified_time\" content=\"2024-12-06T12:53:50+00:00\" \/>\n<meta property=\"og:image\" content=\"https:\/\/kimptonbembudapest.com\/wp-content\/uploads\/2024\/07\/OG-1030x541.jpg\" \/>\n<meta name=\"twitter:card\" content=\"summary_large_image\" \/>\n<meta name=\"twitter:label1\" content=\"Tiempo de lectura\" \/>\n\t<meta name=\"twitter:data1\" content=\"16 minutos\" \/>\n<!-- \/ Yoast SEO plugin. -->","yoast_head_json":{"title":"Distrito del Castillo - Kimpton BEM Budapest - Atracciones tur\u00edsticas","description":"Descubra el barrio del Castillo de Budapest, una de las principales atracciones tur\u00edsticas a s\u00f3lo 10 minutos del Hotel Kimpton BEM Budapest. Explore el Basti\u00f3n de los Pescadores, la Iglesia de Mat\u00edas y el Castillo de Buda, todos ellos muy cerca, con impresionantes vistas y una rica historia.","robots":{"index":"index","follow":"follow","max-snippet":"max-snippet:-1","max-image-preview":"max-image-preview:large","max-video-preview":"max-video-preview:-1"},"canonical":"https:\/\/kimptonbembudapest.com\/es\/distrito-del-castillo\/","og_locale":"es_ES","og_type":"article","og_title":"Distrito del Castillo - Kimpton BEM Budapest - Atracciones tur\u00edsticas","og_description":"Descubra el barrio del Castillo de Budapest, una de las principales atracciones tur\u00edsticas a s\u00f3lo 10 minutos del Hotel Kimpton BEM Budapest. Explore el Basti\u00f3n de los Pescadores, la Iglesia de Mat\u00edas y el Castillo de Buda, todos ellos muy cerca, con impresionantes vistas y una rica historia.","og_url":"https:\/\/kimptonbembudapest.com\/es\/distrito-del-castillo\/","og_site_name":"Kimpton BEM Budapest","article_modified_time":"2024-12-06T12:53:50+00:00","og_image":[{"url":"https:\/\/kimptonbembudapest.com\/wp-content\/uploads\/2024\/07\/OG-1030x541.jpg","type":"","width":"","height":""}],"twitter_card":"summary_large_image","twitter_misc":{"Tiempo de lectura":"16 minutos"},"schema":{"@context":"https:\/\/schema.org","@graph":[{"@type":"WebPage","@id":"https:\/\/kimptonbembudapest.com\/es\/distrito-del-castillo\/","url":"https:\/\/kimptonbembudapest.com\/es\/distrito-del-castillo\/","name":"Distrito del Castillo - Kimpton BEM Budapest - Atracciones tur\u00edsticas","isPartOf":{"@id":"https:\/\/kimptonbembudapest.com\/es\/#website"},"datePublished":"2024-07-02T08:28:21+00:00","dateModified":"2024-12-06T12:53:50+00:00","description":"Descubra el barrio del Castillo de Budapest, una de las principales atracciones tur\u00edsticas a s\u00f3lo 10 minutos del Hotel Kimpton BEM Budapest. Explore el Basti\u00f3n de los Pescadores, la Iglesia de Mat\u00edas y el Castillo de Buda, todos ellos muy cerca, con impresionantes vistas y una rica historia.","breadcrumb":{"@id":"https:\/\/kimptonbembudapest.com\/es\/distrito-del-castillo\/#breadcrumb"},"inLanguage":"es","potentialAction":[{"@type":"ReadAction","target":["https:\/\/kimptonbembudapest.com\/es\/distrito-del-castillo\/"]}]},{"@type":"BreadcrumbList","@id":"https:\/\/kimptonbembudapest.com\/es\/distrito-del-castillo\/#breadcrumb","itemListElement":[{"@type":"ListItem","position":1,"name":"Kezd\u0151lap","item":"https:\/\/kimptonbembudapest.com\/es\/inicio\/"},{"@type":"ListItem","position":2,"name":"Distrito del Castillo"}]},{"@type":"WebSite","@id":"https:\/\/kimptonbembudapest.com\/es\/#website","url":"https:\/\/kimptonbembudapest.com\/es\/","name":"Kimpton BEM Budapest","description":"Budapest Luxury Hotel","potentialAction":[{"@type":"SearchAction","target":{"@type":"EntryPoint","urlTemplate":"https:\/\/kimptonbembudapest.com\/es\/?s={search_term_string}"},"query-input":{"@type":"PropertyValueSpecification","valueRequired":true,"valueName":"search_term_string"}}],"inLanguage":"es"}]}},"_links":{"self":[{"href":"https:\/\/kimptonbembudapest.com\/es\/wp-json\/wp\/v2\/pages\/4358","targetHints":{"allow":["GET"]}}],"collection":[{"href":"https:\/\/kimptonbembudapest.com\/es\/wp-json\/wp\/v2\/pages"}],"about":[{"href":"https:\/\/kimptonbembudapest.com\/es\/wp-json\/wp\/v2\/types\/page"}],"author":[{"embeddable":true,"href":"https:\/\/kimptonbembudapest.com\/es\/wp-json\/wp\/v2\/users\/4"}],"replies":[{"embeddable":true,"href":"https:\/\/kimptonbembudapest.com\/es\/wp-json\/wp\/v2\/comments?post=4358"}],"version-history":[{"count":11,"href":"https:\/\/kimptonbembudapest.com\/es\/wp-json\/wp\/v2\/pages\/4358\/revisions"}],"predecessor-version":[{"id":7575,"href":"https:\/\/kimptonbembudapest.com\/es\/wp-json\/wp\/v2\/pages\/4358\/revisions\/7575"}],"wp:attachment":[{"href":"https:\/\/kimptonbembudapest.com\/es\/wp-json\/wp\/v2\/media?parent=4358"}],"curies":[{"name":"wp","href":"https:\/\/api.w.org\/{rel}","templated":true}]}}