{"id":4352,"date":"2024-07-02T10:23:35","date_gmt":"2024-07-02T08:23:35","guid":{"rendered":"https:\/\/kimptonbembudapest.com\/fennen-de-bem\/"},"modified":"2024-12-18T13:47:13","modified_gmt":"2024-12-18T12:47:13","slug":"fennen-de-bem","status":"publish","type":"page","link":"https:\/\/kimptonbembudapest.com\/es\/fennen-de-bem\/","title":{"rendered":"Fennen de BEM"},"content":{"rendered":"<div id='av_section_1'  class='avia-section av-11qb5x-0f4e81ac602dc9a3e13747c508c6aacf main_color avia-section-default avia-no-border-styling  avia-builder-el-0  el_before_av_horizontal_gallery  avia-builder-el-first  avia-bg-style-scroll container_wrap fullsize'  ><div class='container av-section-cont-open' ><main  role=\"main\" itemprop=\"mainContentOfPage\"  class='template-page content  av-content-full alpha units'><div class='post-entry post-entry-type-page post-entry-4352'><div class='entry-content-wrapper clearfix'>\n<div  class='flex_column av-yzngt-621ac208b9947319a0fec585a2d32ea1 av_one_full  avia-builder-el-1  el_before_av_one_half  avia-builder-el-first  first flex_column_div  '     ><section  class='av_textblock_section av-ly72h7qb-e158db251fc3d3f0059acea1afb095af '   itemscope=\"itemscope\" itemtype=\"https:\/\/schema.org\/CreativeWork\" ><div class='avia_textblock'  itemprop=\"text\" ><h1>El Bar en la Azotea M\u00e1s Exclusivo de Budapest<\/h1>\n<p>Elevado sobre el ajetreo de la ciudad se encuentra Fennen, el jard\u00edn escondido de la azotea del Kimpton BEM. Un lugar de ensue\u00f1o con su dise\u00f1o inspirado en la naturaleza, c\u00f3cteles exclusivos y un compromiso por una experiencia superior. Este refugio secreto est\u00e1 pensado para quienes buscan un lugar excepcional con un servicio de primera en el encantador lado de Buda.<\/p>\n<p>Fennen representa el lujo y la exclusividad, redefiniendo el descanso en la azotea con elegancia y cercan\u00eda. Tanto si su c\u00f3ctel preferido es espumoso, afrutado, arom\u00e1tico o \u00e1cido, nuestra carta de c\u00f3cteles, que combina cl\u00e1sicos atemporales con mezclas innovadoras, satisface todos los gustos. Es el lugar ideal para quienes disfrutan de degustar c\u00f3cteles con vistas impresionantes. Ya sea al aire libre en un entorno fresco o en el acogedor igl\u00fa de invierno, cada ocasi\u00f3n es una escapada de lo ordinario, donde la vida se disfruta plenamente.<\/p>\n<\/div><\/section><\/div><div class='flex_column_table av-tqsut-a9b09b6582910d099a77f3757bf8d9a4 sc-av_one_half av-equal-height-column-flextable'><div  class='flex_column av-tqsut-a9b09b6582910d099a77f3757bf8d9a4 av_one_half  avia-builder-el-3  el_after_av_one_full  el_before_av_one_half  first flex_column_table_cell av-equal-height-column av-align-middle  column-top-margin'     ><section  class='av_textblock_section av-nnk3x-810aef53154cefd3112f0b7336fcf2fb '   itemscope=\"itemscope\" itemtype=\"https:\/\/schema.org\/CreativeWork\" ><div class='avia_textblock'  itemprop=\"text\" ><h2>Descubra las mejores vistas de Budapest con c\u00f3cteles en la azotea<\/h2>\n<p>Con la promesa de momentos memorables, Fennen le invita a relajarse, celebrar o simplemente disfrutar de la belleza de la vida, porque saborear su c\u00f3ctel favorito mientras contempla el atardecer es una experiencia m\u00e1gica. Ya sea para eventos privados, ocasiones especiales o una noche rom\u00e1ntica en el Kimpton BEM, este peque\u00f1o tesoro le dejar\u00e1 recuerdos que le acompa\u00f1ar\u00e1n mucho m\u00e1s all\u00e1 de la \u00faltima copa.<\/p>\n<p><strong>Si desea experimentar la magia de nuestro escondite en la azotea, haga clic en el bot\u00f3n a continuaci\u00f3n para reservar su mesa. Solo con reserva previa.<\/strong><\/p>\n<p>\u00bfLlegar\u00e1 en coche? Contamos con aparcamiento en las instalaciones para su comodidad. Se aplica un peque\u00f1o recargo.<\/p>\n<p><strong>Horario<\/strong><\/p>\n<p><strong>Lunes a domingo: de 17:00 a 00:00<\/strong><\/p>\n<\/div><\/section><br \/>\n<div  class='avia-button-wrap av-ly72nnd5-94beaa3d3bd3fb866d61635a179519ff-wrap avia-button-left  avia-builder-el-5  el_after_av_textblock  avia-builder-el-last '><a href='https:\/\/www.sevenrooms.com\/reservations\/fennen\/offers-dir' class='avia-button av-ly72nnd5-94beaa3d3bd3fb866d61635a179519ff av-link-btn avia-icon_select-no avia-size-large avia-position-left avia-color-theme-color' target=\"_blank\" rel=\"noopener noreferrer\"><span class='avia_iconbox_title' >RESERVE AHORA<\/span><\/a><\/div><\/p><\/div><div class='av-flex-placeholder'><\/div><div  class='flex_column av-gdq6l-b223687ac535fb5e7f2860ad2511d809 av_one_half  avia-builder-el-6  el_after_av_one_half  avia-builder-el-last  flex_column_table_cell av-equal-height-column av-align-middle  column-top-margin'     ><style type=\"text\/css\" data-created_by=\"avia_inline_auto\" id=\"style-css-av-9wyjx-97525fa0ac9ecb70a04dc5950139a39e\">\n.avia-image-container.av-9wyjx-97525fa0ac9ecb70a04dc5950139a39e img.avia_image{\nbox-shadow:none;\n}\n.avia-image-container.av-9wyjx-97525fa0ac9ecb70a04dc5950139a39e .av-image-caption-overlay-center{\ncolor:#ffffff;\n}\n<\/style>\n<div  class='avia-image-container av-9wyjx-97525fa0ac9ecb70a04dc5950139a39e av-styling- avia-align-center  avia-builder-el-7  avia-builder-el-no-sibling '   itemprop=\"image\" itemscope=\"itemscope\" itemtype=\"https:\/\/schema.org\/ImageObject\" ><div class=\"avia-image-container-inner\"><div class=\"avia-image-overlay-wrap\"><img decoding=\"async\" fetchpriority=\"high\" class='wp-image-2270 avia-img-lazy-loading-not-2270 avia_image ' src=\"https:\/\/kimptonbembudapest.com\/wp-content\/uploads\/2024\/07\/240611_KIMPTON_BEM__1281.jpg\" alt='' title='240611_KIMPTON_BEM__1281'  height=\"1706\" width=\"2560\"  itemprop=\"thumbnailUrl\" srcset=\"https:\/\/kimptonbembudapest.com\/wp-content\/uploads\/2024\/07\/240611_KIMPTON_BEM__1281.jpg 2560w, https:\/\/kimptonbembudapest.com\/wp-content\/uploads\/2024\/07\/240611_KIMPTON_BEM__1281-300x200.jpg 300w, https:\/\/kimptonbembudapest.com\/wp-content\/uploads\/2024\/07\/240611_KIMPTON_BEM__1281-1030x686.jpg 1030w, https:\/\/kimptonbembudapest.com\/wp-content\/uploads\/2024\/07\/240611_KIMPTON_BEM__1281-768x512.jpg 768w, https:\/\/kimptonbembudapest.com\/wp-content\/uploads\/2024\/07\/240611_KIMPTON_BEM__1281-1536x1024.jpg 1536w, https:\/\/kimptonbembudapest.com\/wp-content\/uploads\/2024\/07\/240611_KIMPTON_BEM__1281-2048x1365.jpg 2048w, https:\/\/kimptonbembudapest.com\/wp-content\/uploads\/2024\/07\/240611_KIMPTON_BEM__1281-1500x1000.jpg 1500w, https:\/\/kimptonbembudapest.com\/wp-content\/uploads\/2024\/07\/240611_KIMPTON_BEM__1281-705x470.jpg 705w\" sizes=\"(max-width: 2560px) 100vw, 2560px\" \/><\/div><\/div><\/div><\/div><\/div><!--close column table wrapper. Autoclose: 1 -->\n<style type=\"text\/css\" data-created_by=\"avia_inline_auto\" id=\"style-css-av-9995p-2a2de0337b15e9da5d5fca8e56850de6\">\n.av-horizontal-gallery.av-9995p-2a2de0337b15e9da5d5fca8e56850de6{\npadding:4.5% 0px;;\n}\n.av-horizontal-gallery.av-9995p-2a2de0337b15e9da5d5fca8e56850de6 .av-horizontal-gallery-inner{\npadding-bottom:30%;\n}\n<\/style>\n<div  class='av-horizontal-gallery av-9995p-2a2de0337b15e9da5d5fca8e56850de6 av-horizontal-gallery-large-gap av-horizontal-gallery-enlarge-effect  avia-builder-el-8  el_after_av_section  avia-builder-el-last  nopadding av-slideshow-ui av-control-default av-no-slider-navigation av-slideshow-manual av-loop-once av-loop-manual-once av-horizontal-gallery-1' data-slideshow-data=\"{&quot;enlarge&quot;:1.3,&quot;animation&quot;:&quot;slide&quot;,&quot;autoplay&quot;:false,&quot;loop_autoplay&quot;:&quot;once&quot;,&quot;interval&quot;:5,&quot;loop_manual&quot;:&quot;manual-once&quot;,&quot;autoplay_stopper&quot;:false,&quot;noNavigation&quot;:false,&quot;bg_slider&quot;:false,&quot;keep_padding&quot;:&quot;&quot;,&quot;hoverpause&quot;:false,&quot;show_slide_delay&quot;:0}\"  itemprop=\"image\" itemscope=\"itemscope\" itemtype=\"https:\/\/schema.org\/ImageObject\" ><div class='avia-slideshow-arrows avia-slideshow-controls' ><a href='#prev' class='prev-slide av-horizontal-gallery-prev' aria-hidden='true' data-av_icon='\ue87c' data-av_iconfont='entypo-fontello'  tabindex='-1'>Anterior<\/a><a href='#next' class='next-slide av-horizontal-gallery-next' aria-hidden='true' data-av_icon='\ue87d' data-av_iconfont='entypo-fontello'  tabindex='-1'>Posterior<\/a><\/div><div class='av-horizontal-gallery-inner' data-av-height='30'><div class=\"av-horizontal-gallery-slider\"><div class=\"av-horizontal-gallery-wrap noHover\"><img decoding=\"async\" fetchpriority=\"high\" class='wp-image-2923 avia-img-lazy-loading-not-2923 av-horizontal-gallery-img' width=\"1500\" height=\"1000\" src=\"https:\/\/kimptonbembudapest.com\/wp-content\/uploads\/2024\/07\/IMG_1431-1.jpg\" title='IMG_1431' alt='' srcset=\"https:\/\/kimptonbembudapest.com\/wp-content\/uploads\/2024\/07\/IMG_1431-1.jpg 1500w, https:\/\/kimptonbembudapest.com\/wp-content\/uploads\/2024\/07\/IMG_1431-1-300x200.jpg 300w, https:\/\/kimptonbembudapest.com\/wp-content\/uploads\/2024\/07\/IMG_1431-1-1030x687.jpg 1030w, https:\/\/kimptonbembudapest.com\/wp-content\/uploads\/2024\/07\/IMG_1431-1-768x512.jpg 768w, https:\/\/kimptonbembudapest.com\/wp-content\/uploads\/2024\/07\/IMG_1431-1-705x470.jpg 705w\" sizes=\"(max-width: 1500px) 100vw, 1500px\" \/><a href=\"https:\/\/kimptonbembudapest.com\/wp-content\/uploads\/2024\/07\/IMG_1431-1-1030x687.jpg\" data-srcset=\"https:\/\/kimptonbembudapest.com\/wp-content\/uploads\/2024\/07\/IMG_1431-1-1030x687.jpg 1030w, https:\/\/kimptonbembudapest.com\/wp-content\/uploads\/2024\/07\/IMG_1431-1-300x200.jpg 300w, https:\/\/kimptonbembudapest.com\/wp-content\/uploads\/2024\/07\/IMG_1431-1-768x512.jpg 768w, https:\/\/kimptonbembudapest.com\/wp-content\/uploads\/2024\/07\/IMG_1431-1-705x470.jpg 705w, https:\/\/kimptonbembudapest.com\/wp-content\/uploads\/2024\/07\/IMG_1431-1.jpg 1500w\" data-sizes=\"(max-width: 1030px) 100vw, 1030px\" class='av-horizontal-gallery-link' aria-hidden='true' data-av_icon='\ue869' data-av_iconfont='entypo-fontello' title='IMG_1431' alt=''><\/a><\/div><div class=\"av-horizontal-gallery-wrap noHover\"><img decoding=\"async\" fetchpriority=\"high\" class='wp-image-2911 avia-img-lazy-loading-not-2911 av-horizontal-gallery-img' width=\"1500\" height=\"1000\" src=\"https:\/\/kimptonbembudapest.com\/wp-content\/uploads\/2024\/07\/IMG_1139-1.jpg\" title='IMG_1139' alt='' srcset=\"https:\/\/kimptonbembudapest.com\/wp-content\/uploads\/2024\/07\/IMG_1139-1.jpg 1500w, https:\/\/kimptonbembudapest.com\/wp-content\/uploads\/2024\/07\/IMG_1139-1-300x200.jpg 300w, https:\/\/kimptonbembudapest.com\/wp-content\/uploads\/2024\/07\/IMG_1139-1-1030x687.jpg 1030w, https:\/\/kimptonbembudapest.com\/wp-content\/uploads\/2024\/07\/IMG_1139-1-768x512.jpg 768w, https:\/\/kimptonbembudapest.com\/wp-content\/uploads\/2024\/07\/IMG_1139-1-705x470.jpg 705w\" sizes=\"(max-width: 1500px) 100vw, 1500px\" \/><a href=\"https:\/\/kimptonbembudapest.com\/wp-content\/uploads\/2024\/07\/IMG_1139-1-1030x687.jpg\" data-srcset=\"https:\/\/kimptonbembudapest.com\/wp-content\/uploads\/2024\/07\/IMG_1139-1-1030x687.jpg 1030w, https:\/\/kimptonbembudapest.com\/wp-content\/uploads\/2024\/07\/IMG_1139-1-300x200.jpg 300w, https:\/\/kimptonbembudapest.com\/wp-content\/uploads\/2024\/07\/IMG_1139-1-768x512.jpg 768w, https:\/\/kimptonbembudapest.com\/wp-content\/uploads\/2024\/07\/IMG_1139-1-705x470.jpg 705w, https:\/\/kimptonbembudapest.com\/wp-content\/uploads\/2024\/07\/IMG_1139-1.jpg 1500w\" data-sizes=\"(max-width: 1030px) 100vw, 1030px\" class='av-horizontal-gallery-link' aria-hidden='true' data-av_icon='\ue869' data-av_iconfont='entypo-fontello' title='IMG_1139' alt=''><\/a><\/div><div class=\"av-horizontal-gallery-wrap noHover\"><img decoding=\"async\" fetchpriority=\"high\" class='wp-image-2925 avia-img-lazy-loading-not-2925 av-horizontal-gallery-img' width=\"1500\" height=\"1000\" src=\"https:\/\/kimptonbembudapest.com\/wp-content\/uploads\/2024\/07\/IMG_1502-1.jpg\" title='IMG_1502' alt='' srcset=\"https:\/\/kimptonbembudapest.com\/wp-content\/uploads\/2024\/07\/IMG_1502-1.jpg 1500w, https:\/\/kimptonbembudapest.com\/wp-content\/uploads\/2024\/07\/IMG_1502-1-300x200.jpg 300w, https:\/\/kimptonbembudapest.com\/wp-content\/uploads\/2024\/07\/IMG_1502-1-1030x687.jpg 1030w, https:\/\/kimptonbembudapest.com\/wp-content\/uploads\/2024\/07\/IMG_1502-1-768x512.jpg 768w, https:\/\/kimptonbembudapest.com\/wp-content\/uploads\/2024\/07\/IMG_1502-1-705x470.jpg 705w\" sizes=\"(max-width: 1500px) 100vw, 1500px\" \/><a href=\"https:\/\/kimptonbembudapest.com\/wp-content\/uploads\/2024\/07\/IMG_1502-1-1030x687.jpg\" data-srcset=\"https:\/\/kimptonbembudapest.com\/wp-content\/uploads\/2024\/07\/IMG_1502-1-1030x687.jpg 1030w, https:\/\/kimptonbembudapest.com\/wp-content\/uploads\/2024\/07\/IMG_1502-1-300x200.jpg 300w, https:\/\/kimptonbembudapest.com\/wp-content\/uploads\/2024\/07\/IMG_1502-1-768x512.jpg 768w, https:\/\/kimptonbembudapest.com\/wp-content\/uploads\/2024\/07\/IMG_1502-1-705x470.jpg 705w, https:\/\/kimptonbembudapest.com\/wp-content\/uploads\/2024\/07\/IMG_1502-1.jpg 1500w\" data-sizes=\"(max-width: 1030px) 100vw, 1030px\" class='av-horizontal-gallery-link' aria-hidden='true' data-av_icon='\ue869' data-av_iconfont='entypo-fontello' title='IMG_1502' alt=''><\/a><\/div><div class=\"av-horizontal-gallery-wrap noHover\"><img decoding=\"async\" fetchpriority=\"high\" class='wp-image-2913 avia-img-lazy-loading-not-2913 av-horizontal-gallery-img' width=\"1500\" height=\"1000\" src=\"https:\/\/kimptonbembudapest.com\/wp-content\/uploads\/2024\/07\/IMG_1190-1.jpg\" title='IMG_1190' alt='' srcset=\"https:\/\/kimptonbembudapest.com\/wp-content\/uploads\/2024\/07\/IMG_1190-1.jpg 1500w, https:\/\/kimptonbembudapest.com\/wp-content\/uploads\/2024\/07\/IMG_1190-1-300x200.jpg 300w, https:\/\/kimptonbembudapest.com\/wp-content\/uploads\/2024\/07\/IMG_1190-1-1030x687.jpg 1030w, https:\/\/kimptonbembudapest.com\/wp-content\/uploads\/2024\/07\/IMG_1190-1-768x512.jpg 768w, https:\/\/kimptonbembudapest.com\/wp-content\/uploads\/2024\/07\/IMG_1190-1-705x470.jpg 705w\" sizes=\"(max-width: 1500px) 100vw, 1500px\" \/><a href=\"https:\/\/kimptonbembudapest.com\/wp-content\/uploads\/2024\/07\/IMG_1190-1-1030x687.jpg\" data-srcset=\"https:\/\/kimptonbembudapest.com\/wp-content\/uploads\/2024\/07\/IMG_1190-1-1030x687.jpg 1030w, https:\/\/kimptonbembudapest.com\/wp-content\/uploads\/2024\/07\/IMG_1190-1-300x200.jpg 300w, https:\/\/kimptonbembudapest.com\/wp-content\/uploads\/2024\/07\/IMG_1190-1-768x512.jpg 768w, https:\/\/kimptonbembudapest.com\/wp-content\/uploads\/2024\/07\/IMG_1190-1-705x470.jpg 705w, https:\/\/kimptonbembudapest.com\/wp-content\/uploads\/2024\/07\/IMG_1190-1.jpg 1500w\" data-sizes=\"(max-width: 1030px) 100vw, 1030px\" class='av-horizontal-gallery-link' aria-hidden='true' data-av_icon='\ue869' data-av_iconfont='entypo-fontello' title='IMG_1190' alt=''><\/a><\/div><div class=\"av-horizontal-gallery-wrap noHover\"><img decoding=\"async\" fetchpriority=\"high\" class='wp-image-2921 avia-img-lazy-loading-not-2921 av-horizontal-gallery-img' width=\"1500\" height=\"1000\" src=\"https:\/\/kimptonbembudapest.com\/wp-content\/uploads\/2024\/07\/IMG_1386-1.jpg\" title='IMG_1386' alt='' srcset=\"https:\/\/kimptonbembudapest.com\/wp-content\/uploads\/2024\/07\/IMG_1386-1.jpg 1500w, https:\/\/kimptonbembudapest.com\/wp-content\/uploads\/2024\/07\/IMG_1386-1-300x200.jpg 300w, https:\/\/kimptonbembudapest.com\/wp-content\/uploads\/2024\/07\/IMG_1386-1-1030x687.jpg 1030w, https:\/\/kimptonbembudapest.com\/wp-content\/uploads\/2024\/07\/IMG_1386-1-768x512.jpg 768w, https:\/\/kimptonbembudapest.com\/wp-content\/uploads\/2024\/07\/IMG_1386-1-705x470.jpg 705w\" sizes=\"(max-width: 1500px) 100vw, 1500px\" \/><a href=\"https:\/\/kimptonbembudapest.com\/wp-content\/uploads\/2024\/07\/IMG_1386-1-1030x687.jpg\" data-srcset=\"https:\/\/kimptonbembudapest.com\/wp-content\/uploads\/2024\/07\/IMG_1386-1-1030x687.jpg 1030w, https:\/\/kimptonbembudapest.com\/wp-content\/uploads\/2024\/07\/IMG_1386-1-300x200.jpg 300w, https:\/\/kimptonbembudapest.com\/wp-content\/uploads\/2024\/07\/IMG_1386-1-768x512.jpg 768w, https:\/\/kimptonbembudapest.com\/wp-content\/uploads\/2024\/07\/IMG_1386-1-705x470.jpg 705w, https:\/\/kimptonbembudapest.com\/wp-content\/uploads\/2024\/07\/IMG_1386-1.jpg 1500w\" data-sizes=\"(max-width: 1030px) 100vw, 1030px\" class='av-horizontal-gallery-link' aria-hidden='true' data-av_icon='\ue869' data-av_iconfont='entypo-fontello' title='IMG_1386' alt=''><\/a><\/div><div class=\"av-horizontal-gallery-wrap noHover\"><img decoding=\"async\" fetchpriority=\"high\" class='wp-image-2917 avia-img-lazy-loading-not-2917 av-horizontal-gallery-img' width=\"1500\" height=\"1000\" src=\"https:\/\/kimptonbembudapest.com\/wp-content\/uploads\/2024\/07\/IMG_1295-1.jpg\" title='IMG_1295' alt='' srcset=\"https:\/\/kimptonbembudapest.com\/wp-content\/uploads\/2024\/07\/IMG_1295-1.jpg 1500w, https:\/\/kimptonbembudapest.com\/wp-content\/uploads\/2024\/07\/IMG_1295-1-300x200.jpg 300w, https:\/\/kimptonbembudapest.com\/wp-content\/uploads\/2024\/07\/IMG_1295-1-1030x687.jpg 1030w, https:\/\/kimptonbembudapest.com\/wp-content\/uploads\/2024\/07\/IMG_1295-1-768x512.jpg 768w, https:\/\/kimptonbembudapest.com\/wp-content\/uploads\/2024\/07\/IMG_1295-1-705x470.jpg 705w\" sizes=\"(max-width: 1500px) 100vw, 1500px\" \/><a href=\"https:\/\/kimptonbembudapest.com\/wp-content\/uploads\/2024\/07\/IMG_1295-1-1030x687.jpg\" data-srcset=\"https:\/\/kimptonbembudapest.com\/wp-content\/uploads\/2024\/07\/IMG_1295-1-1030x687.jpg 1030w, https:\/\/kimptonbembudapest.com\/wp-content\/uploads\/2024\/07\/IMG_1295-1-300x200.jpg 300w, https:\/\/kimptonbembudapest.com\/wp-content\/uploads\/2024\/07\/IMG_1295-1-768x512.jpg 768w, https:\/\/kimptonbembudapest.com\/wp-content\/uploads\/2024\/07\/IMG_1295-1-705x470.jpg 705w, https:\/\/kimptonbembudapest.com\/wp-content\/uploads\/2024\/07\/IMG_1295-1.jpg 1500w\" data-sizes=\"(max-width: 1030px) 100vw, 1030px\" class='av-horizontal-gallery-link' aria-hidden='true' data-av_icon='\ue869' data-av_iconfont='entypo-fontello' title='IMG_1295' alt=''><\/a><\/div><div class=\"av-horizontal-gallery-wrap noHover\"><img decoding=\"async\" fetchpriority=\"high\" class='wp-image-2919 avia-img-lazy-loading-not-2919 av-horizontal-gallery-img' width=\"1500\" height=\"1000\" src=\"https:\/\/kimptonbembudapest.com\/wp-content\/uploads\/2024\/07\/IMG_1362-1.jpg\" title='IMG_1362' alt='' srcset=\"https:\/\/kimptonbembudapest.com\/wp-content\/uploads\/2024\/07\/IMG_1362-1.jpg 1500w, https:\/\/kimptonbembudapest.com\/wp-content\/uploads\/2024\/07\/IMG_1362-1-300x200.jpg 300w, https:\/\/kimptonbembudapest.com\/wp-content\/uploads\/2024\/07\/IMG_1362-1-1030x687.jpg 1030w, https:\/\/kimptonbembudapest.com\/wp-content\/uploads\/2024\/07\/IMG_1362-1-768x512.jpg 768w, https:\/\/kimptonbembudapest.com\/wp-content\/uploads\/2024\/07\/IMG_1362-1-705x470.jpg 705w\" sizes=\"(max-width: 1500px) 100vw, 1500px\" \/><a href=\"https:\/\/kimptonbembudapest.com\/wp-content\/uploads\/2024\/07\/IMG_1362-1-1030x687.jpg\" data-srcset=\"https:\/\/kimptonbembudapest.com\/wp-content\/uploads\/2024\/07\/IMG_1362-1-1030x687.jpg 1030w, https:\/\/kimptonbembudapest.com\/wp-content\/uploads\/2024\/07\/IMG_1362-1-300x200.jpg 300w, https:\/\/kimptonbembudapest.com\/wp-content\/uploads\/2024\/07\/IMG_1362-1-768x512.jpg 768w, https:\/\/kimptonbembudapest.com\/wp-content\/uploads\/2024\/07\/IMG_1362-1-705x470.jpg 705w, https:\/\/kimptonbembudapest.com\/wp-content\/uploads\/2024\/07\/IMG_1362-1.jpg 1500w\" data-sizes=\"(max-width: 1030px) 100vw, 1030px\" class='av-horizontal-gallery-link' aria-hidden='true' data-av_icon='\ue869' data-av_iconfont='entypo-fontello' title='IMG_1362' alt=''><\/a><\/div><div class=\"av-horizontal-gallery-wrap noHover\"><img decoding=\"async\" fetchpriority=\"high\" class='wp-image-2927 avia-img-lazy-loading-not-2927 av-horizontal-gallery-img' width=\"1500\" height=\"1000\" src=\"https:\/\/kimptonbembudapest.com\/wp-content\/uploads\/2024\/07\/IMG_1707-1.jpg\" title='IMG_1707' alt='' srcset=\"https:\/\/kimptonbembudapest.com\/wp-content\/uploads\/2024\/07\/IMG_1707-1.jpg 1500w, https:\/\/kimptonbembudapest.com\/wp-content\/uploads\/2024\/07\/IMG_1707-1-300x200.jpg 300w, https:\/\/kimptonbembudapest.com\/wp-content\/uploads\/2024\/07\/IMG_1707-1-1030x687.jpg 1030w, https:\/\/kimptonbembudapest.com\/wp-content\/uploads\/2024\/07\/IMG_1707-1-768x512.jpg 768w, https:\/\/kimptonbembudapest.com\/wp-content\/uploads\/2024\/07\/IMG_1707-1-705x470.jpg 705w\" sizes=\"(max-width: 1500px) 100vw, 1500px\" \/><a href=\"https:\/\/kimptonbembudapest.com\/wp-content\/uploads\/2024\/07\/IMG_1707-1-1030x687.jpg\" data-srcset=\"https:\/\/kimptonbembudapest.com\/wp-content\/uploads\/2024\/07\/IMG_1707-1-1030x687.jpg 1030w, https:\/\/kimptonbembudapest.com\/wp-content\/uploads\/2024\/07\/IMG_1707-1-300x200.jpg 300w, https:\/\/kimptonbembudapest.com\/wp-content\/uploads\/2024\/07\/IMG_1707-1-768x512.jpg 768w, https:\/\/kimptonbembudapest.com\/wp-content\/uploads\/2024\/07\/IMG_1707-1-705x470.jpg 705w, https:\/\/kimptonbembudapest.com\/wp-content\/uploads\/2024\/07\/IMG_1707-1.jpg 1500w\" data-sizes=\"(max-width: 1030px) 100vw, 1030px\" class='av-horizontal-gallery-link' aria-hidden='true' data-av_icon='\ue869' data-av_iconfont='entypo-fontello' title='IMG_1707' alt=''><\/a><\/div><\/div><\/div><\/div><\/p>\n","protected":false},"excerpt":{"rendered":"","protected":false},"author":4,"featured_media":0,"parent":0,"menu_order":0,"comment_status":"closed","ping_status":"closed","template":"","meta":{"inline_featured_image":false,"footnotes":""},"class_list":["post-4352","page","type-page","status-publish","hentry"],"yoast_head":"<!-- This site is optimized with the Yoast SEO plugin v27.1.1 - https:\/\/yoast.com\/product\/yoast-seo-wordpress\/ -->\n<title>Fennen, SkyBar de Kimpton BEM | Bar en la Azotea | Bar de C\u00f3cteles<\/title>\n<meta name=\"description\" content=\"Lo mejor del bar en la azotea de Budapest Viva Budapest desde las alturas en nuestro Skybar.\" \/>\n<meta name=\"robots\" content=\"index, follow, max-snippet:-1, max-image-preview:large, max-video-preview:-1\" \/>\n<link rel=\"canonical\" href=\"https:\/\/kimptonbembudapest.com\/es\/fennen-de-bem\/\" \/>\n<meta property=\"og:locale\" content=\"es_ES\" \/>\n<meta property=\"og:type\" content=\"article\" \/>\n<meta property=\"og:title\" content=\"Fennen, SkyBar de Kimpton BEM | Bar en la Azotea | Bar de C\u00f3cteles\" \/>\n<meta property=\"og:description\" content=\"Lo mejor del bar en la azotea de Budapest Viva Budapest desde las alturas en nuestro Skybar.\" \/>\n<meta property=\"og:url\" content=\"https:\/\/kimptonbembudapest.com\/es\/fennen-de-bem\/\" \/>\n<meta property=\"og:site_name\" content=\"Kimpton BEM Budapest\" \/>\n<meta property=\"article:modified_time\" content=\"2024-12-18T12:47:13+00:00\" \/>\n<meta property=\"og:image\" content=\"https:\/\/kimptonbembudapest.com\/wp-content\/uploads\/2024\/07\/OG-1030x541.jpg\" \/>\n<meta name=\"twitter:card\" content=\"summary_large_image\" \/>\n<meta name=\"twitter:label1\" content=\"Tiempo de lectura\" \/>\n\t<meta name=\"twitter:data1\" content=\"4 minutos\" \/>\n<!-- \/ Yoast SEO plugin. -->","yoast_head_json":{"title":"Fennen, SkyBar de Kimpton BEM | Bar en la Azotea | Bar de C\u00f3cteles","description":"Lo mejor del bar en la azotea de Budapest Viva Budapest desde las alturas en nuestro Skybar.","robots":{"index":"index","follow":"follow","max-snippet":"max-snippet:-1","max-image-preview":"max-image-preview:large","max-video-preview":"max-video-preview:-1"},"canonical":"https:\/\/kimptonbembudapest.com\/es\/fennen-de-bem\/","og_locale":"es_ES","og_type":"article","og_title":"Fennen, SkyBar de Kimpton BEM | Bar en la Azotea | Bar de C\u00f3cteles","og_description":"Lo mejor del bar en la azotea de Budapest Viva Budapest desde las alturas en nuestro Skybar.","og_url":"https:\/\/kimptonbembudapest.com\/es\/fennen-de-bem\/","og_site_name":"Kimpton BEM Budapest","article_modified_time":"2024-12-18T12:47:13+00:00","og_image":[{"url":"https:\/\/kimptonbembudapest.com\/wp-content\/uploads\/2024\/07\/OG-1030x541.jpg","type":"","width":"","height":""}],"twitter_card":"summary_large_image","twitter_misc":{"Tiempo de lectura":"4 minutos"},"schema":{"@context":"https:\/\/schema.org","@graph":[{"@type":"WebPage","@id":"https:\/\/kimptonbembudapest.com\/es\/fennen-de-bem\/","url":"https:\/\/kimptonbembudapest.com\/es\/fennen-de-bem\/","name":"Fennen, SkyBar de Kimpton BEM | Bar en la Azotea | Bar de C\u00f3cteles","isPartOf":{"@id":"https:\/\/kimptonbembudapest.com\/es\/#website"},"datePublished":"2024-07-02T08:23:35+00:00","dateModified":"2024-12-18T12:47:13+00:00","description":"Lo mejor del bar en la azotea de Budapest Viva Budapest desde las alturas en nuestro Skybar.","breadcrumb":{"@id":"https:\/\/kimptonbembudapest.com\/es\/fennen-de-bem\/#breadcrumb"},"inLanguage":"es","potentialAction":[{"@type":"ReadAction","target":["https:\/\/kimptonbembudapest.com\/es\/fennen-de-bem\/"]}]},{"@type":"BreadcrumbList","@id":"https:\/\/kimptonbembudapest.com\/es\/fennen-de-bem\/#breadcrumb","itemListElement":[{"@type":"ListItem","position":1,"name":"Kezd\u0151lap","item":"https:\/\/kimptonbembudapest.com\/es\/inicio\/"},{"@type":"ListItem","position":2,"name":"Fennen de BEM"}]},{"@type":"WebSite","@id":"https:\/\/kimptonbembudapest.com\/es\/#website","url":"https:\/\/kimptonbembudapest.com\/es\/","name":"Kimpton BEM Budapest","description":"Budapest Luxury Hotel","potentialAction":[{"@type":"SearchAction","target":{"@type":"EntryPoint","urlTemplate":"https:\/\/kimptonbembudapest.com\/es\/?s={search_term_string}"},"query-input":{"@type":"PropertyValueSpecification","valueRequired":true,"valueName":"search_term_string"}}],"inLanguage":"es"}]}},"_links":{"self":[{"href":"https:\/\/kimptonbembudapest.com\/es\/wp-json\/wp\/v2\/pages\/4352","targetHints":{"allow":["GET"]}}],"collection":[{"href":"https:\/\/kimptonbembudapest.com\/es\/wp-json\/wp\/v2\/pages"}],"about":[{"href":"https:\/\/kimptonbembudapest.com\/es\/wp-json\/wp\/v2\/types\/page"}],"author":[{"embeddable":true,"href":"https:\/\/kimptonbembudapest.com\/es\/wp-json\/wp\/v2\/users\/4"}],"replies":[{"embeddable":true,"href":"https:\/\/kimptonbembudapest.com\/es\/wp-json\/wp\/v2\/comments?post=4352"}],"version-history":[{"count":4,"href":"https:\/\/kimptonbembudapest.com\/es\/wp-json\/wp\/v2\/pages\/4352\/revisions"}],"predecessor-version":[{"id":8520,"href":"https:\/\/kimptonbembudapest.com\/es\/wp-json\/wp\/v2\/pages\/4352\/revisions\/8520"}],"wp:attachment":[{"href":"https:\/\/kimptonbembudapest.com\/es\/wp-json\/wp\/v2\/media?parent=4352"}],"curies":[{"name":"wp","href":"https:\/\/api.w.org\/{rel}","templated":true}]}}