{"id":4343,"date":"2024-07-02T10:28:13","date_gmt":"2024-07-02T08:28:13","guid":{"rendered":"https:\/\/kimptonbembudapest.com\/avenida-andrassy\/"},"modified":"2024-09-02T12:14:51","modified_gmt":"2024-09-02T10:14:51","slug":"avenida-andrassy","status":"publish","type":"page","link":"https:\/\/kimptonbembudapest.com\/es\/avenida-andrassy\/","title":{"rendered":"Avenida Andr\u00e1ssy"},"content":{"rendered":"<div id='av_section_1'  class='avia-section av-1qesiq-8fadafaecc4555752f118c949c946115 main_color avia-section-default avia-no-border-styling  avia-builder-el-0  avia-builder-el-no-sibling  avia-bg-style-scroll container_wrap fullsize'  ><div class='container av-section-cont-open' ><main  role=\"main\" itemprop=\"mainContentOfPage\"  class='template-page content  av-content-full alpha units'><div class='post-entry post-entry-type-page post-entry-4343'><div class='entry-content-wrapper clearfix'>\n<div  class='flex_column av-aoz22-04308e233f8a1b87b73e51c856e28719 av_one_full  avia-builder-el-1  el_before_av_one_full  avia-builder-el-first  first flex_column_div  '     ><style type=\"text\/css\" data-created_by=\"avia_inline_auto\" id=\"style-css-av-lyfszj4n-598b25908b058b85ebd118ae9618a878\">\n#top .av-special-heading.av-lyfszj4n-598b25908b058b85ebd118ae9618a878{\npadding-bottom:10px;\n}\nbody .av-special-heading.av-lyfszj4n-598b25908b058b85ebd118ae9618a878 .av-special-heading-tag .heading-char{\nfont-size:25px;\n}\n.av-special-heading.av-lyfszj4n-598b25908b058b85ebd118ae9618a878 .av-subheading{\nfont-size:15px;\n}\n<\/style>\n<div  class='av-special-heading av-lyfszj4n-598b25908b058b85ebd118ae9618a878 av-special-heading-h1  avia-builder-el-2  avia-builder-el-no-sibling '><h1 class='av-special-heading-tag'  itemprop=\"headline\"  >Avenida Andr\u00e1ssy Budapest<\/h1><div class=\"special-heading-border\"><div class=\"special-heading-inner-border\"><\/div><\/div><\/div><\/div><div  class='flex_column av-1n1i0a-ed73d8c93f53ac532edaef89164edd1e av_one_full  avia-builder-el-3  el_after_av_one_full  el_before_av_one_full  first flex_column_div  column-top-margin'     ><section  class='av_textblock_section av-lyft1rfj-e06c848dbf0d53564db70b33f487ea79 '   itemscope=\"itemscope\" itemtype=\"https:\/\/schema.org\/CreativeWork\" ><div class='avia_textblock'  itemprop=\"text\" ><p>La avenida Andr\u00e1ssy, conocida tambi\u00e9n como el Champs-\u00c9lys\u00e9es h\u00fangaro, es una arteria de 2,2 kil\u00f3metros en Budapest que conecta el centro de la ciudad con la ic\u00f3nica Plaza de los H\u00e9roes. Este bulevar combina a la perfecci\u00f3n historia y lujo y forma parte del Patrimonio Mundial de la UNESCO, junto con las orillas del r\u00edo Danubio y la Plaza de los H\u00e9roes. Sus edificios de estilo neorrenacentista son verdaderas obras maestras de la arquitectura, ofreciendo un encantador paseo para los amantes de la historia y el dise\u00f1o. A lo largo de esta majestuosa avenida, encontrar\u00e1 boutiques exclusivas de marcas de lujo como Louis Vuitton y Gucci. Si busca boutiques h\u00fangaras \u00fanicas con estilo y sofisticaci\u00f3n, tambi\u00e9n encontrar\u00e1 Nubu. El encanto de la avenida le transporta a trav\u00e9s del tiempo, reflejando su pasado aristocr\u00e1tico en su dise\u00f1o exterior mientras disfruta del lujo contempor\u00e1neo. Tanto si es un entusiasta de la arquitectura o un amante de la moda como un viajero curioso, la avenida Andr\u00e1ssy le llevar\u00e1 en un viaje inolvidable por el coraz\u00f3n de la capital h\u00fangara.<\/p>\n<\/div><\/section><\/div><div  class='flex_column av-ofwyi-453e141b626672b9c8e199d665213a8f av_one_full  avia-builder-el-5  el_after_av_one_full  el_before_av_one_full  first flex_column_div  column-top-margin'     ><section  class='av_textblock_section av-lyft3k3u-90717d0dffe311861b75eb8bded7e67f '   itemscope=\"itemscope\" itemtype=\"https:\/\/schema.org\/CreativeWork\" ><div class='avia_textblock'  itemprop=\"text\" ><h2>\u00d3pera Nacional de Hungr\u00eda<\/h2>\n<p>La \u00d3pera Nacional de Hungr\u00eda, situada en el coraz\u00f3n de Budapest, es una visita imprescindible para los aficionados al arte. Dise\u00f1ada por el destacado arquitecto h\u00fangaro Mikl\u00f3s Ybl, su inauguraci\u00f3n se realiz\u00f3 en 1884 y desde entonces ha sido un s\u00edmbolo de la arquitectura neorrenacentista con elementos barrocos. Esta maravilla arquitect\u00f3nica no solo impresiona por su exterior e interior, sino que tambi\u00e9n desempe\u00f1a un papel crucial en la vida cultural h\u00fangara como instituci\u00f3n donde cobran vida las \u00f3peras y ballets m\u00e1s cautivadores. Si desea algo m\u00e1s que relajarse durante su estancia en Hungr\u00eda, la \u00d3pera Nacional de Hungr\u00eda ofrece una experiencia art\u00edstica \u00fanica, donde podr\u00e1 disfrutar de primera categor\u00eda y artistas famosos en un entorno de lujo hist\u00f3rico y grandiosidad. Para enriquecer su visita, el edificio ofrece visitas guiadas en seis idiomas, lo que le permite explorar los detalles y la historia del lugar. Cada tour concluye con un breve concierto, brind\u00e1ndole un adelanto de las actuaciones que tienen lugar en este ic\u00f3nico edificio. Tanto si es un amante de la \u00f3pera como simplemente un viajero curioso, la \u00d3pera Nacional de Hungr\u00eda es todo un viaje al coraz\u00f3n del patrimonio cultural de Budapest.<\/p>\n<\/div><\/section><\/div><div  class='flex_column av-25idu-957a83935d21ccc73cb24ea1d8066617 av_one_full  avia-builder-el-7  el_after_av_one_full  avia-builder-el-last  first flex_column_div  column-top-margin'     ><section  class='av_textblock_section av-lyft41rf-8ae1d8938a4e4f9328f62cc078b1d3ca '   itemscope=\"itemscope\" itemtype=\"https:\/\/schema.org\/CreativeWork\" ><div class='avia_textblock'  itemprop=\"text\" ><h2>Plaza de los H\u00e9roes<\/h2>\n<p>Construida en 1896 para conmemorar el milenario de la conquista magiar de Hungr\u00eda, esta plaza, declarada Patrimonio de la Humanidad por la UNESCO, tiene una importancia cultural e hist\u00f3rica significativa para el pa\u00eds. En el centro de la Plaza de los H\u00e9roes se alza el ic\u00f3nico Monumento del Milenio, una columna de 36 metros coronada por una estatua del arc\u00e1ngel Gabriel sosteniendo la Santa Corona h\u00fangara y una cruz. Este monumento est\u00e1 rodeado por estatuas de destacados l\u00edderes nacionales h\u00fangaros, incluidos los siete jefes de los magiares que guiaron a las tribus h\u00fangaras hacia la cuenca de los C\u00e1rpatos, siendo \u00c1rp\u00e1d, considerado el fundador de la naci\u00f3n h\u00fangara, el que ocupa el lugar principal. Seg\u00fan la leyenda, los siete l\u00edderes hicieron un pacto de sangre, que se considera la primera constituci\u00f3n no escrita de la naci\u00f3n h\u00fangara. En la Hungr\u00eda contempor\u00e1nea, la plaza ha sido escenario de importantes eventos pol\u00edticos, como el regreso de Imre Nagy, el l\u00edder de la Revoluci\u00f3n H\u00fangara de 1956. Junto a este emblem\u00e1tico monumento se encuentran el Museo de Bellas Artes, el Palacio de Arte y V\u00e1rosliget, lugares que no debe perderse.<\/p>\n<\/div><\/section><\/div>\n","protected":false},"excerpt":{"rendered":"","protected":false},"author":4,"featured_media":0,"parent":0,"menu_order":0,"comment_status":"closed","ping_status":"closed","template":"","meta":{"inline_featured_image":false,"footnotes":""},"class_list":["post-4343","page","type-page","status-publish","hentry"],"yoast_head":"<!-- This site is optimized with the Yoast SEO plugin v27.1.1 - https:\/\/yoast.com\/product\/yoast-seo-wordpress\/ -->\n<title>Avenida Andrassy - Kimpton BEM Budapest - Atracciones tur\u00edsticas<\/title>\n<meta name=\"description\" content=\"Explore la emblem\u00e1tica avenida Andrassy de Budapest, declarada Patrimonio de la Humanidad por la UNESCO y que conecta el centro de la ciudad con la Plaza de los H\u00e9roes. Descubra la arquitectura hist\u00f3rica, las tiendas de lujo y las boutiques h\u00fangaras \u00fanicas.\" \/>\n<meta name=\"robots\" content=\"index, follow, max-snippet:-1, max-image-preview:large, max-video-preview:-1\" \/>\n<link rel=\"canonical\" href=\"https:\/\/kimptonbembudapest.com\/es\/avenida-andrassy\/\" \/>\n<meta property=\"og:locale\" content=\"es_ES\" \/>\n<meta property=\"og:type\" content=\"article\" \/>\n<meta property=\"og:title\" content=\"Avenida Andrassy - Kimpton BEM Budapest - Atracciones tur\u00edsticas\" \/>\n<meta property=\"og:description\" content=\"Explore la emblem\u00e1tica avenida Andrassy de Budapest, declarada Patrimonio de la Humanidad por la UNESCO y que conecta el centro de la ciudad con la Plaza de los H\u00e9roes. Descubra la arquitectura hist\u00f3rica, las tiendas de lujo y las boutiques h\u00fangaras \u00fanicas.\" \/>\n<meta property=\"og:url\" content=\"https:\/\/kimptonbembudapest.com\/es\/avenida-andrassy\/\" \/>\n<meta property=\"og:site_name\" content=\"Kimpton BEM Budapest\" \/>\n<meta property=\"article:modified_time\" content=\"2024-09-02T10:14:51+00:00\" \/>\n<meta property=\"og:image\" content=\"https:\/\/kimptonbembudapest.com\/wp-content\/uploads\/2024\/07\/OG-1030x541.jpg\" \/>\n<meta name=\"twitter:card\" content=\"summary_large_image\" \/>\n<meta name=\"twitter:label1\" content=\"Tiempo de lectura\" \/>\n\t<meta name=\"twitter:data1\" content=\"3 minutos\" \/>\n<!-- \/ Yoast SEO plugin. -->","yoast_head_json":{"title":"Avenida Andrassy - Kimpton BEM Budapest - Atracciones tur\u00edsticas","description":"Explore la emblem\u00e1tica avenida Andrassy de Budapest, declarada Patrimonio de la Humanidad por la UNESCO y que conecta el centro de la ciudad con la Plaza de los H\u00e9roes. Descubra la arquitectura hist\u00f3rica, las tiendas de lujo y las boutiques h\u00fangaras \u00fanicas.","robots":{"index":"index","follow":"follow","max-snippet":"max-snippet:-1","max-image-preview":"max-image-preview:large","max-video-preview":"max-video-preview:-1"},"canonical":"https:\/\/kimptonbembudapest.com\/es\/avenida-andrassy\/","og_locale":"es_ES","og_type":"article","og_title":"Avenida Andrassy - Kimpton BEM Budapest - Atracciones tur\u00edsticas","og_description":"Explore la emblem\u00e1tica avenida Andrassy de Budapest, declarada Patrimonio de la Humanidad por la UNESCO y que conecta el centro de la ciudad con la Plaza de los H\u00e9roes. Descubra la arquitectura hist\u00f3rica, las tiendas de lujo y las boutiques h\u00fangaras \u00fanicas.","og_url":"https:\/\/kimptonbembudapest.com\/es\/avenida-andrassy\/","og_site_name":"Kimpton BEM Budapest","article_modified_time":"2024-09-02T10:14:51+00:00","og_image":[{"url":"https:\/\/kimptonbembudapest.com\/wp-content\/uploads\/2024\/07\/OG-1030x541.jpg","type":"","width":"","height":""}],"twitter_card":"summary_large_image","twitter_misc":{"Tiempo de lectura":"3 minutos"},"schema":{"@context":"https:\/\/schema.org","@graph":[{"@type":"WebPage","@id":"https:\/\/kimptonbembudapest.com\/es\/avenida-andrassy\/","url":"https:\/\/kimptonbembudapest.com\/es\/avenida-andrassy\/","name":"Avenida Andrassy - Kimpton BEM Budapest - Atracciones tur\u00edsticas","isPartOf":{"@id":"https:\/\/kimptonbembudapest.com\/es\/#website"},"datePublished":"2024-07-02T08:28:13+00:00","dateModified":"2024-09-02T10:14:51+00:00","description":"Explore la emblem\u00e1tica avenida Andrassy de Budapest, declarada Patrimonio de la Humanidad por la UNESCO y que conecta el centro de la ciudad con la Plaza de los H\u00e9roes. Descubra la arquitectura hist\u00f3rica, las tiendas de lujo y las boutiques h\u00fangaras \u00fanicas.","breadcrumb":{"@id":"https:\/\/kimptonbembudapest.com\/es\/avenida-andrassy\/#breadcrumb"},"inLanguage":"es","potentialAction":[{"@type":"ReadAction","target":["https:\/\/kimptonbembudapest.com\/es\/avenida-andrassy\/"]}]},{"@type":"BreadcrumbList","@id":"https:\/\/kimptonbembudapest.com\/es\/avenida-andrassy\/#breadcrumb","itemListElement":[{"@type":"ListItem","position":1,"name":"Kezd\u0151lap","item":"https:\/\/kimptonbembudapest.com\/es\/inicio\/"},{"@type":"ListItem","position":2,"name":"Avenida Andr\u00e1ssy"}]},{"@type":"WebSite","@id":"https:\/\/kimptonbembudapest.com\/es\/#website","url":"https:\/\/kimptonbembudapest.com\/es\/","name":"Kimpton BEM Budapest","description":"Budapest Luxury Hotel","potentialAction":[{"@type":"SearchAction","target":{"@type":"EntryPoint","urlTemplate":"https:\/\/kimptonbembudapest.com\/es\/?s={search_term_string}"},"query-input":{"@type":"PropertyValueSpecification","valueRequired":true,"valueName":"search_term_string"}}],"inLanguage":"es"}]}},"_links":{"self":[{"href":"https:\/\/kimptonbembudapest.com\/es\/wp-json\/wp\/v2\/pages\/4343","targetHints":{"allow":["GET"]}}],"collection":[{"href":"https:\/\/kimptonbembudapest.com\/es\/wp-json\/wp\/v2\/pages"}],"about":[{"href":"https:\/\/kimptonbembudapest.com\/es\/wp-json\/wp\/v2\/types\/page"}],"author":[{"embeddable":true,"href":"https:\/\/kimptonbembudapest.com\/es\/wp-json\/wp\/v2\/users\/4"}],"replies":[{"embeddable":true,"href":"https:\/\/kimptonbembudapest.com\/es\/wp-json\/wp\/v2\/comments?post=4343"}],"version-history":[{"count":4,"href":"https:\/\/kimptonbembudapest.com\/es\/wp-json\/wp\/v2\/pages\/4343\/revisions"}],"predecessor-version":[{"id":4517,"href":"https:\/\/kimptonbembudapest.com\/es\/wp-json\/wp\/v2\/pages\/4343\/revisions\/4517"}],"wp:attachment":[{"href":"https:\/\/kimptonbembudapest.com\/es\/wp-json\/wp\/v2\/media?parent=4343"}],"curies":[{"name":"wp","href":"https:\/\/api.w.org\/{rel}","templated":true}]}}