{"id":4325,"date":"2024-07-10T10:16:25","date_gmt":"2024-07-10T08:16:25","guid":{"rendered":"https:\/\/kimptonbembudapest.com\/preguntas-frecuentes\/"},"modified":"2024-09-02T11:54:40","modified_gmt":"2024-09-02T09:54:40","slug":"preguntas-frecuentes","status":"publish","type":"page","link":"https:\/\/kimptonbembudapest.com\/es\/preguntas-frecuentes\/","title":{"rendered":"Preguntas frecuentes"},"content":{"rendered":"\n<style type=\"text\/css\" data-created_by=\"avia_inline_auto\" id=\"style-css-av-ogcwa-49dc2c54ef8c43e487f0cf9c53e644b1\">\n.avia-section.av-ogcwa-49dc2c54ef8c43e487f0cf9c53e644b1{\nbackground-repeat:no-repeat;\nbackground-image:url(https:\/\/kimptonbembudapest.com\/wp-content\/uploads\/2024\/07\/11.jpg);\nbackground-position:0% 0%;\nbackground-attachment:scroll;\n}\n<\/style>\n<div id='av_section_1'  class='avia-section av-ogcwa-49dc2c54ef8c43e487f0cf9c53e644b1 main_color avia-section-default avia-no-border-styling  avia-builder-el-0  el_before_av_section  avia-builder-el-first  avia-full-stretch avia-bg-style-scroll av-minimum-height av-minimum-height-custom av-height-custom  container_wrap fullsize'  data-section-bg-repeat='stretch' data-av_minimum_height_px='350'><div class='container av-section-cont-open' style='height:350px'><main  role=\"main\" itemprop=\"mainContentOfPage\"  class='template-page content  av-content-full alpha units'><div class='post-entry post-entry-type-page post-entry-4325'><div class='entry-content-wrapper clearfix'>\n<div  class='flex_column av-mu92q-94928f27c813619f84c346bbe7c7fd7e av_one_full  avia-builder-el-1  avia-builder-el-no-sibling  first flex_column_div  '     ><style type=\"text\/css\" data-created_by=\"avia_inline_auto\" id=\"style-css-av-lyclhrvu-820ab97fef206c1e60e60724fae1a27a\">\n#top .av-special-heading.av-lyclhrvu-820ab97fef206c1e60e60724fae1a27a{\npadding-bottom:10px;\ncolor:#ffffff;\n}\nbody .av-special-heading.av-lyclhrvu-820ab97fef206c1e60e60724fae1a27a .av-special-heading-tag .heading-char{\nfont-size:25px;\n}\n.av-special-heading.av-lyclhrvu-820ab97fef206c1e60e60724fae1a27a .special-heading-inner-border{\nborder-color:#ffffff;\n}\n.av-special-heading.av-lyclhrvu-820ab97fef206c1e60e60724fae1a27a .av-subheading{\nfont-size:15px;\n}\n<\/style>\n<div  class='av-special-heading av-lyclhrvu-820ab97fef206c1e60e60724fae1a27a av-special-heading-h1 custom-color-heading blockquote modern-quote  avia-builder-el-2  avia-builder-el-no-sibling '><h1 class='av-special-heading-tag'  itemprop=\"headline\"  >Preguntas frecuentes<\/h1><div class=\"special-heading-border\"><div class=\"special-heading-inner-border\"><\/div><\/div><\/div><\/div>\n\n<\/div><\/div><\/main><!-- close content main element --><\/div><\/div><div id='av_section_2'  class='avia-section av-clw9u-e5c417dc6c12b2d5ad913288663c0aaf main_color avia-section-default avia-no-border-styling  avia-builder-el-3  el_after_av_section  avia-builder-el-last  avia-bg-style-scroll container_wrap fullsize'  ><div class='container av-section-cont-open' ><div class='template-page content  av-content-full alpha units'><div class='post-entry post-entry-type-page post-entry-4325'><div class='entry-content-wrapper clearfix'>\n<div class='flex_column_table av-bc3cq-73608fc0fbc9f6f31407ef68fefef19e sc-av_one_full av-equal-height-column-flextable'><div  class='flex_column av-bc3cq-73608fc0fbc9f6f31407ef68fefef19e av_one_full  avia-builder-el-4  avia-builder-el-no-sibling  first flex_column_table_cell av-equal-height-column av-align-middle  '     ><div  class='togglecontainer av-lyclkwev-4291ac1bc28821bd3d4067477b136e0c av-elegant-toggle  avia-builder-el-5  avia-builder-el-no-sibling  toggle_close_all' >\n<section class='av_toggle_section av-lyclkpe0-325211268372eaa0142cba42e58ea304'  itemscope=\"itemscope\" itemtype=\"https:\/\/schema.org\/CreativeWork\" ><div role=\"tablist\" class=\"single_toggle\" data-tags=\"{Todo} \"  ><p data-fake-id='#toggle-id-1' class='toggler   '  itemprop=\"headline\"  role='tab' tabindex='0' aria-controls='toggle-id-1'>\u00bfCu\u00e1ntas salas de eventos tiene el Kimpton BEM Budapest<span class=\"toggle_icon\"><span class=\"vert_icon\"><\/span><span class=\"hor_icon\"><\/span><\/span><\/p><div id='toggle-id-1' class='toggle_wrap  '  ><div class='toggle_content invers-color '  itemprop=\"text\" ><p>El Kimpton BEM Budapest cuenta con ocho salas de eventos.<\/p>\n<\/div><\/div><\/div><\/section>\n<section class='av_toggle_section av-lyclkpe0-3-129fcc9243cc2ad71c05cf5e8b6ffc8a'  itemscope=\"itemscope\" itemtype=\"https:\/\/schema.org\/CreativeWork\" ><div role=\"tablist\" class=\"single_toggle\" data-tags=\"{Todo} \"  ><p data-fake-id='#toggle-id-2' class='toggler   '  itemprop=\"headline\"  role='tab' tabindex='0' aria-controls='toggle-id-2'>\u00bfCu\u00e1l es la sala de eventos con mayor capacidad en el Kimpton BEM Budapest?<span class=\"toggle_icon\"><span class=\"vert_icon\"><\/span><span class=\"hor_icon\"><\/span><\/span><\/p><div id='toggle-id-2' class='toggle_wrap  '  ><div class='toggle_content invers-color '  itemprop=\"text\" ><p>La sala de eventos con mayor capacidad del Kimpton BEM Budapest es el BEM Ballroom, que puede albergar hasta 110 personas en una disposici\u00f3n tipo teatro.<\/p>\n<\/div><\/div><\/div><\/section>\n<section class='av_toggle_section av-lyclkpe0-2-491dc2c87dd97f3512bea229a8c8a093'  itemscope=\"itemscope\" itemtype=\"https:\/\/schema.org\/CreativeWork\" ><div role=\"tablist\" class=\"single_toggle\" data-tags=\"{Todo} \"  ><p data-fake-id='#toggle-id-3' class='toggler   '  itemprop=\"headline\"  role='tab' tabindex='0' aria-controls='toggle-id-3'>\u00bfOfrece el Kimpton BEM Budapest servicios para bodas?<span class=\"toggle_icon\"><span class=\"vert_icon\"><\/span><span class=\"hor_icon\"><\/span><\/span><\/p><div id='toggle-id-3' class='toggle_wrap  '  ><div class='toggle_content invers-color '  itemprop=\"text\" ><p>Lamentablemente, el Kimpton BEM Budapest no ofrece servicios para bodas.<\/p>\n<\/div><\/div><\/div><\/section>\n<section class='av_toggle_section av-lyclkpe0-1-5dfefbe2fc0957e603c8aed1bba4bcb6'  itemscope=\"itemscope\" itemtype=\"https:\/\/schema.org\/CreativeWork\" ><div role=\"tablist\" class=\"single_toggle\" data-tags=\"{Todo} \"  ><p data-fake-id='#toggle-id-4' class='toggler   '  itemprop=\"headline\"  role='tab' tabindex='0' aria-controls='toggle-id-4'>\u00bfC\u00f3mo puedo reservar una reuni\u00f3n o evento en el Kimpton BEM Budapest?<span class=\"toggle_icon\"><span class=\"vert_icon\"><\/span><span class=\"hor_icon\"><\/span><\/span><\/p><div id='toggle-id-4' class='toggle_wrap  '  ><div class='toggle_content invers-color '  itemprop=\"text\" ><p>Puede reservar una reuni\u00f3n o evento en el Kimpton BEM Budapest rellenando el formulario proporcionado a trav\u00e9s de <a href=\"https:\/\/kimptonbembudapest.com\/es\/contacto-y-reserva\/\">este enlace<\/a>.<\/p>\n<\/div><\/div><\/div><\/section>\n<section class='av_toggle_section av-lyh6uqfx-2bf913e6206e78218cfe90492ba1e738'  itemscope=\"itemscope\" itemtype=\"https:\/\/schema.org\/CreativeWork\" ><div role=\"tablist\" class=\"single_toggle\" data-tags=\"{Todo} \"  ><p data-fake-id='#toggle-id-5' class='toggler   '  itemprop=\"headline\"  role='tab' tabindex='0' aria-controls='toggle-id-5'>\u00bfQu\u00e9 medidas toma el Kimpton BEM Budapest para apoyar la sostenibilidad de los eventos?<span class=\"toggle_icon\"><span class=\"vert_icon\"><\/span><span class=\"hor_icon\"><\/span><\/span><\/p><div id='toggle-id-5' class='toggle_wrap  '  ><div class='toggle_content invers-color '  itemprop=\"text\" ><p>Entendemos la importancia de la sostenibilidad, y nuestro hotel est\u00e1 comprometido a implementar pr\u00e1cticas sostenibles para reuniones y eventos en todo lo posible.<br \/>\nCuando planifiquen una reuni\u00f3n \u00abMeeting for Good\u00bb en el Kimpton BEM Budapest, los organizadores pueden confiar en que haremos todo lo posible para que la reuni\u00f3n sea m\u00e1s sostenible. Hemos eliminado el uso de materiales de un solo uso para reducir los residuos. Esto incluye la eliminaci\u00f3n de materiales impresos, con toda la documentaci\u00f3n colateral y acuerdos de ventas digitalizados y firmados mediante firma digital. Adem\u00e1s, en cumplimiento de nuestra pol\u00edtica de espacios para reuniones, todos los espacios de eventos est\u00e1n libres de art\u00edculos de un solo uso, como blocs de notas, bol\u00edgrafos, posavasos y pizarras. Estos art\u00edculos est\u00e1n disponibles solo bajo solicitud. Nuestra pol\u00edtica tambi\u00e9n rechaza el uso de pl\u00e1stico, por lo que equipamos nuestros espacios para eventos con dispensadores de agua de gran formato, como jarras y cristaler\u00eda, o estaciones de recarga por todo el espacio de la reuni\u00f3n.<br \/>\nPara minimizar el consumo de agua y electricidad, el Kimpton BEM Budapest sigue un programa de reutilizaci\u00f3n de ropa de cama y toallas para los asistentes a reuniones que pasen la noche. De acuerdo con nuestras pol\u00edticas de HVAC (calefacci\u00f3n, ventilaci\u00f3n y aire acondicionado) y de iluminaci\u00f3n, nuestro objetivo es ahorrar electricidad durante los periodos de baja o nula ocupaci\u00f3n, como el montaje, el desmontaje, las pausas de los eventos y durante la noche.<br \/>\nPara los eventos con catering, nuestro plan de acci\u00f3n para la reducci\u00f3n de residuos alimentarios tiene como objetivo minimizar el desperdicio de comida. Ofrecemos opciones de origen local y vegetal para reducir las emisiones de carbono asociadas con el procesamiento, transporte y utilizaci\u00f3n de los ingredientes del men\u00fa. Tambi\u00e9n promovemos la eliminaci\u00f3n de materiales de un solo uso mediante el uso de etiquetas de banquete y men\u00fas reutilizables, as\u00ed como utensilios reutilizables, incluyendo platos, cubiertos y vasos.<\/p>\n<\/div><\/div><\/div><\/section>\n<\/div><\/div><\/div><!--close column table wrapper. Autoclose: 1 -->\n","protected":false},"excerpt":{"rendered":"","protected":false},"author":1,"featured_media":0,"parent":0,"menu_order":0,"comment_status":"closed","ping_status":"closed","template":"","meta":{"inline_featured_image":false,"footnotes":""},"class_list":["post-4325","page","type-page","status-publish","hentry"],"yoast_head":"<!-- This site is optimized with the Yoast SEO plugin v27.1.1 - https:\/\/yoast.com\/product\/yoast-seo-wordpress\/ -->\n<title>Preguntas frecuentes - Kimpton BEM Budapest<\/title>\n<meta name=\"description\" content=\"\u00bfCu\u00e1ntas salas de eventos tiene el Kimpton BEM Budapest? El Kimpton BEM Budapest cuenta con ocho salas de eventos.\" \/>\n<meta name=\"robots\" content=\"index, follow, max-snippet:-1, max-image-preview:large, max-video-preview:-1\" \/>\n<link rel=\"canonical\" href=\"https:\/\/kimptonbembudapest.com\/es\/preguntas-frecuentes\/\" \/>\n<meta property=\"og:locale\" content=\"es_ES\" \/>\n<meta property=\"og:type\" content=\"article\" \/>\n<meta property=\"og:title\" content=\"Preguntas frecuentes\" \/>\n<meta property=\"og:description\" content=\"\u00bfCu\u00e1ntas salas de eventos tiene el Kimpton BEM Budapest? El Kimpton BEM Budapest cuenta con ocho salas de eventos.\" \/>\n<meta property=\"og:url\" content=\"https:\/\/kimptonbembudapest.com\/es\/preguntas-frecuentes\/\" \/>\n<meta property=\"og:site_name\" content=\"Kimpton BEM Budapest\" \/>\n<meta property=\"article:modified_time\" content=\"2024-09-02T09:54:40+00:00\" \/>\n<meta property=\"og:image\" content=\"https:\/\/kimptonbembudapest.com\/wp-content\/uploads\/2024\/07\/OG-1030x541.jpg\" \/>\n<meta name=\"twitter:card\" content=\"summary_large_image\" \/>\n<meta name=\"twitter:label1\" content=\"Tiempo de lectura\" \/>\n\t<meta name=\"twitter:data1\" content=\"2 minutos\" \/>\n<!-- \/ Yoast SEO plugin. -->","yoast_head_json":{"title":"Preguntas frecuentes - Kimpton BEM Budapest","description":"\u00bfCu\u00e1ntas salas de eventos tiene el Kimpton BEM Budapest? El Kimpton BEM Budapest cuenta con ocho salas de eventos.","robots":{"index":"index","follow":"follow","max-snippet":"max-snippet:-1","max-image-preview":"max-image-preview:large","max-video-preview":"max-video-preview:-1"},"canonical":"https:\/\/kimptonbembudapest.com\/es\/preguntas-frecuentes\/","og_locale":"es_ES","og_type":"article","og_title":"Preguntas frecuentes","og_description":"\u00bfCu\u00e1ntas salas de eventos tiene el Kimpton BEM Budapest? El Kimpton BEM Budapest cuenta con ocho salas de eventos.","og_url":"https:\/\/kimptonbembudapest.com\/es\/preguntas-frecuentes\/","og_site_name":"Kimpton BEM Budapest","article_modified_time":"2024-09-02T09:54:40+00:00","og_image":[{"url":"https:\/\/kimptonbembudapest.com\/wp-content\/uploads\/2024\/07\/OG-1030x541.jpg","type":"","width":"","height":""}],"twitter_card":"summary_large_image","twitter_misc":{"Tiempo de lectura":"2 minutos"},"schema":{"@context":"https:\/\/schema.org","@graph":[{"@type":"WebPage","@id":"https:\/\/kimptonbembudapest.com\/es\/preguntas-frecuentes\/","url":"https:\/\/kimptonbembudapest.com\/es\/preguntas-frecuentes\/","name":"Preguntas frecuentes - Kimpton BEM Budapest","isPartOf":{"@id":"https:\/\/kimptonbembudapest.com\/es\/#website"},"datePublished":"2024-07-10T08:16:25+00:00","dateModified":"2024-09-02T09:54:40+00:00","description":"\u00bfCu\u00e1ntas salas de eventos tiene el Kimpton BEM Budapest? El Kimpton BEM Budapest cuenta con ocho salas de eventos.","breadcrumb":{"@id":"https:\/\/kimptonbembudapest.com\/es\/preguntas-frecuentes\/#breadcrumb"},"inLanguage":"es","potentialAction":[{"@type":"ReadAction","target":["https:\/\/kimptonbembudapest.com\/es\/preguntas-frecuentes\/"]}]},{"@type":"BreadcrumbList","@id":"https:\/\/kimptonbembudapest.com\/es\/preguntas-frecuentes\/#breadcrumb","itemListElement":[{"@type":"ListItem","position":1,"name":"Kezd\u0151lap","item":"https:\/\/kimptonbembudapest.com\/es\/inicio\/"},{"@type":"ListItem","position":2,"name":"Preguntas frecuentes"}]},{"@type":"WebSite","@id":"https:\/\/kimptonbembudapest.com\/es\/#website","url":"https:\/\/kimptonbembudapest.com\/es\/","name":"Kimpton BEM Budapest","description":"Budapest Luxury Hotel","potentialAction":[{"@type":"SearchAction","target":{"@type":"EntryPoint","urlTemplate":"https:\/\/kimptonbembudapest.com\/es\/?s={search_term_string}"},"query-input":{"@type":"PropertyValueSpecification","valueRequired":true,"valueName":"search_term_string"}}],"inLanguage":"es"}]}},"_links":{"self":[{"href":"https:\/\/kimptonbembudapest.com\/es\/wp-json\/wp\/v2\/pages\/4325","targetHints":{"allow":["GET"]}}],"collection":[{"href":"https:\/\/kimptonbembudapest.com\/es\/wp-json\/wp\/v2\/pages"}],"about":[{"href":"https:\/\/kimptonbembudapest.com\/es\/wp-json\/wp\/v2\/types\/page"}],"author":[{"embeddable":true,"href":"https:\/\/kimptonbembudapest.com\/es\/wp-json\/wp\/v2\/users\/1"}],"replies":[{"embeddable":true,"href":"https:\/\/kimptonbembudapest.com\/es\/wp-json\/wp\/v2\/comments?post=4325"}],"version-history":[{"count":10,"href":"https:\/\/kimptonbembudapest.com\/es\/wp-json\/wp\/v2\/pages\/4325\/revisions"}],"predecessor-version":[{"id":4532,"href":"https:\/\/kimptonbembudapest.com\/es\/wp-json\/wp\/v2\/pages\/4325\/revisions\/4532"}],"wp:attachment":[{"href":"https:\/\/kimptonbembudapest.com\/es\/wp-json\/wp\/v2\/media?parent=4325"}],"curies":[{"name":"wp","href":"https:\/\/api.w.org\/{rel}","templated":true}]}}