{"id":4316,"date":"2024-07-02T10:29:06","date_gmt":"2024-07-02T08:29:06","guid":{"rendered":"https:\/\/kimptonbembudapest.com\/planos\/"},"modified":"2024-12-06T14:11:29","modified_gmt":"2024-12-06T13:11:29","slug":"planos","status":"publish","type":"page","link":"https:\/\/kimptonbembudapest.com\/es\/planos\/","title":{"rendered":"Planos"},"content":{"rendered":"<div id='av_section_1'  class='avia-section av-vrw1d-e20e258bb2931b35e99e7d8ad6c83a74 main_color avia-section-default avia-no-border-styling  avia-builder-el-0  avia-builder-el-no-sibling  avia-bg-style-scroll container_wrap fullsize'  ><div class='container av-section-cont-open' ><main  role=\"main\" itemprop=\"mainContentOfPage\"  class='template-page content  av-content-full alpha units'><div class='post-entry post-entry-type-page post-entry-4316'><div class='entry-content-wrapper clearfix'>\n<div  class='flex_column av-rttu9-ad5a1fb2b0ae9ebf851bc13d37cf6d86 av_one_full  avia-builder-el-1  el_before_av_one_half  avia-builder-el-first  first flex_column_div  '     ><style type=\"text\/css\" data-created_by=\"avia_inline_auto\" id=\"style-css-av-ly723hed-98efd9e31c635a2729f9119ddf3e26ad\">\n#top .av-special-heading.av-ly723hed-98efd9e31c635a2729f9119ddf3e26ad{\npadding-bottom:10px;\n}\nbody .av-special-heading.av-ly723hed-98efd9e31c635a2729f9119ddf3e26ad .av-special-heading-tag .heading-char{\nfont-size:25px;\n}\n.av-special-heading.av-ly723hed-98efd9e31c635a2729f9119ddf3e26ad .av-subheading{\nfont-size:15px;\n}\n<\/style>\n<div  class='av-special-heading av-ly723hed-98efd9e31c635a2729f9119ddf3e26ad av-special-heading-h1 blockquote modern-quote  avia-builder-el-2  avia-builder-el-no-sibling '><h1 class='av-special-heading-tag'  itemprop=\"headline\"  >El Espacio Donde Sus Eventos Se Vuelven Inolvidables<\/h1><div class=\"special-heading-border\"><div class=\"special-heading-inner-border\"><\/div><\/div><\/div><\/div><div class='flex_column_table av-it40x-b141ac0ee51fab15404bf4fba62cd661 sc-av_one_half av-equal-height-column-flextable'><div  class='flex_column av-it40x-b141ac0ee51fab15404bf4fba62cd661 av_one_half  avia-builder-el-3  el_after_av_one_full  el_before_av_one_half  first flex_column_table_cell av-equal-height-column av-align-middle  column-top-margin'     ><section  class='av_textblock_section av-ly723ovy-c632cf97f8a4f5c4129a6d5cb1396268 '   itemscope=\"itemscope\" itemtype=\"https:\/\/schema.org\/CreativeWork\" ><div class='avia_textblock'  itemprop=\"text\" ><p>Con Kimpton BEM, sus invitados seguir\u00e1n hablando de su evento mucho despu\u00e9s de que termine la noche. En nuestros espacios, los muebles \u00fanicos y las decoraciones lujosas marcan el tono de la sofisticaci\u00f3n moderna. La Turul Chamber, una acogedora sala de cata de vinos accesible desde el Bar Huso en la planta baja, es perfecta para eventos privados \u00edntimos de hasta 20 personas. Con su ambiente c\u00e1lido y acogedor, es ideal para cenas y celebraciones privadas. En la planta superior se encuentran la Golden Stag Corner y el MW Salon, que ofrecen el espacio ideal para reuniones discretas o cenas \u00edntimas con hasta 10-12 personas.<\/p>\n<p>Para eventos m\u00e1s grandes y reuniones de negocios, el BEM Ballroom es el espacio perfecto, con capacidad para albergar hasta 110 invitados en una sala bien iluminada. Este vers\u00e1til sal\u00f3n puede dividirse en tres secciones, ofreciendo la flexibilidad necesaria para adaptarse a diferentes configuraciones seg\u00fan las necesidades de su evento. Estas salas cuentan con proyectores y pantallas integradas, combinando un dise\u00f1o elegante con modernas comodidades. Si desea conocer la disposici\u00f3n de nuestros espacios para eventos o ver los planos de planta para ayudar en la planificaci\u00f3n de su evento, no dude en contactar a nuestro equipo de ventas en <a href=\"mailto:kimptonbem.sales@ihg.com\">kimptonbem.sales@ihg.com<\/a>. Con nuestra experiencia en la organizaci\u00f3n de cualquier tipo de evento, crearemos el entorno ideal para que su ocasi\u00f3n sea verdaderamente inolvidable.<\/p>\n<p>\u00bfDesea realizar una consulta? No dude en contactarnos por correo electr\u00f3nico en <a href=\"mailto:kimptonbem.sales@ihg.com\">kimptonbem.sales@ihg.com<\/a> o por tel\u00e9fono al <a href=\"tel:+3618839880\">+36 1 883 9895<\/a>. \u00a1Estamos encantados de ayudarle a organizar el evento de sus sue\u00f1os!<\/p>\n<\/div><\/section><\/div><div class='av-flex-placeholder'><\/div><div  class='flex_column av-dervt-2f510b42c48d92861670442abe8e9962 av_one_half  avia-builder-el-5  el_after_av_one_half  avia-builder-el-last  flex_column_table_cell av-equal-height-column av-align-middle  column-top-margin'     ><style type=\"text\/css\" data-created_by=\"avia_inline_auto\" id=\"style-css-av-8235l-2afa49eb7f8db69c919786df1f6ff26c\">\n.avia-image-container.av-8235l-2afa49eb7f8db69c919786df1f6ff26c img.avia_image{\nbox-shadow:none;\n}\n.avia-image-container.av-8235l-2afa49eb7f8db69c919786df1f6ff26c .av-image-caption-overlay-center{\ncolor:#ffffff;\n}\n<\/style>\n<div  class='avia-image-container av-8235l-2afa49eb7f8db69c919786df1f6ff26c av-styling- avia-align-center  avia-builder-el-6  avia-builder-el-no-sibling '   itemprop=\"image\" itemscope=\"itemscope\" itemtype=\"https:\/\/schema.org\/ImageObject\" ><div class=\"avia-image-container-inner\"><div class=\"avia-image-overlay-wrap\"><img decoding=\"async\" fetchpriority=\"high\" class='wp-image-2520 avia-img-lazy-loading-not-2520 avia_image ' src=\"https:\/\/kimptonbembudapest.com\/wp-content\/uploads\/2024\/07\/240611_KIMPTON_BEM__3140.jpg\" alt='' title='240611_KIMPTON_BEM__3140'  height=\"1707\" width=\"2560\"  itemprop=\"thumbnailUrl\" srcset=\"https:\/\/kimptonbembudapest.com\/wp-content\/uploads\/2024\/07\/240611_KIMPTON_BEM__3140.jpg 2560w, https:\/\/kimptonbembudapest.com\/wp-content\/uploads\/2024\/07\/240611_KIMPTON_BEM__3140-300x200.jpg 300w, https:\/\/kimptonbembudapest.com\/wp-content\/uploads\/2024\/07\/240611_KIMPTON_BEM__3140-1030x687.jpg 1030w, https:\/\/kimptonbembudapest.com\/wp-content\/uploads\/2024\/07\/240611_KIMPTON_BEM__3140-768x512.jpg 768w, https:\/\/kimptonbembudapest.com\/wp-content\/uploads\/2024\/07\/240611_KIMPTON_BEM__3140-1536x1024.jpg 1536w, https:\/\/kimptonbembudapest.com\/wp-content\/uploads\/2024\/07\/240611_KIMPTON_BEM__3140-2048x1366.jpg 2048w, https:\/\/kimptonbembudapest.com\/wp-content\/uploads\/2024\/07\/240611_KIMPTON_BEM__3140-1500x1000.jpg 1500w, https:\/\/kimptonbembudapest.com\/wp-content\/uploads\/2024\/07\/240611_KIMPTON_BEM__3140-705x470.jpg 705w\" sizes=\"(max-width: 2560px) 100vw, 2560px\" \/><\/div><\/div><\/div><\/div><\/div><!--close column table wrapper. Autoclose: 1 -->\n","protected":false},"excerpt":{"rendered":"","protected":false},"author":4,"featured_media":0,"parent":0,"menu_order":0,"comment_status":"closed","ping_status":"closed","template":"","meta":{"inline_featured_image":false,"footnotes":""},"class_list":["post-4316","page","type-page","status-publish","hentry"],"yoast_head":"<!-- This site is optimized with the Yoast SEO plugin v27.1.1 - https:\/\/yoast.com\/product\/yoast-seo-wordpress\/ -->\n<title>Planos - Kimpton BEM Budapest<\/title>\n<meta name=\"description\" content=\"Con Kimpton BEM, sus invitados seguir\u00e1n hablando de su evento mucho despu\u00e9s de que termine la noche. En nuestros espacios, los muebles \u00fanicos y las decoraciones lujosas marcan el tono de la sofisticaci\u00f3n moderna.\" \/>\n<meta name=\"robots\" content=\"index, follow, max-snippet:-1, max-image-preview:large, max-video-preview:-1\" \/>\n<link rel=\"canonical\" href=\"https:\/\/kimptonbembudapest.com\/es\/planos\/\" \/>\n<meta property=\"og:locale\" content=\"es_ES\" \/>\n<meta property=\"og:type\" content=\"article\" \/>\n<meta property=\"og:title\" content=\"planos\" \/>\n<meta property=\"og:description\" content=\"Con Kimpton BEM, sus invitados seguir\u00e1n hablando de su evento mucho despu\u00e9s de que termine la noche. En nuestros espacios, los muebles \u00fanicos y las decoraciones lujosas marcan el tono de la sofisticaci\u00f3n moderna.\" \/>\n<meta property=\"og:url\" content=\"https:\/\/kimptonbembudapest.com\/es\/planos\/\" \/>\n<meta property=\"og:site_name\" content=\"Kimpton BEM Budapest\" \/>\n<meta property=\"article:modified_time\" content=\"2024-12-06T13:11:29+00:00\" \/>\n<meta property=\"og:image\" content=\"https:\/\/kimptonbembudapest.com\/wp-content\/uploads\/2024\/07\/OG-1030x541.jpg\" \/>\n<meta name=\"twitter:card\" content=\"summary_large_image\" \/>\n<meta name=\"twitter:label1\" content=\"Tiempo de lectura\" \/>\n\t<meta name=\"twitter:data1\" content=\"13 minutos\" \/>\n<!-- \/ Yoast SEO plugin. -->","yoast_head_json":{"title":"Planos - Kimpton BEM Budapest","description":"Con Kimpton BEM, sus invitados seguir\u00e1n hablando de su evento mucho despu\u00e9s de que termine la noche. En nuestros espacios, los muebles \u00fanicos y las decoraciones lujosas marcan el tono de la sofisticaci\u00f3n moderna.","robots":{"index":"index","follow":"follow","max-snippet":"max-snippet:-1","max-image-preview":"max-image-preview:large","max-video-preview":"max-video-preview:-1"},"canonical":"https:\/\/kimptonbembudapest.com\/es\/planos\/","og_locale":"es_ES","og_type":"article","og_title":"planos","og_description":"Con Kimpton BEM, sus invitados seguir\u00e1n hablando de su evento mucho despu\u00e9s de que termine la noche. En nuestros espacios, los muebles \u00fanicos y las decoraciones lujosas marcan el tono de la sofisticaci\u00f3n moderna.","og_url":"https:\/\/kimptonbembudapest.com\/es\/planos\/","og_site_name":"Kimpton BEM Budapest","article_modified_time":"2024-12-06T13:11:29+00:00","og_image":[{"url":"https:\/\/kimptonbembudapest.com\/wp-content\/uploads\/2024\/07\/OG-1030x541.jpg","type":"","width":"","height":""}],"twitter_card":"summary_large_image","twitter_misc":{"Tiempo de lectura":"13 minutos"},"schema":{"@context":"https:\/\/schema.org","@graph":[{"@type":"WebPage","@id":"https:\/\/kimptonbembudapest.com\/es\/planos\/","url":"https:\/\/kimptonbembudapest.com\/es\/planos\/","name":"Planos - Kimpton BEM Budapest","isPartOf":{"@id":"https:\/\/kimptonbembudapest.com\/es\/#website"},"datePublished":"2024-07-02T08:29:06+00:00","dateModified":"2024-12-06T13:11:29+00:00","description":"Con Kimpton BEM, sus invitados seguir\u00e1n hablando de su evento mucho despu\u00e9s de que termine la noche. En nuestros espacios, los muebles \u00fanicos y las decoraciones lujosas marcan el tono de la sofisticaci\u00f3n moderna.","breadcrumb":{"@id":"https:\/\/kimptonbembudapest.com\/es\/planos\/#breadcrumb"},"inLanguage":"es","potentialAction":[{"@type":"ReadAction","target":["https:\/\/kimptonbembudapest.com\/es\/planos\/"]}]},{"@type":"BreadcrumbList","@id":"https:\/\/kimptonbembudapest.com\/es\/planos\/#breadcrumb","itemListElement":[{"@type":"ListItem","position":1,"name":"Kezd\u0151lap","item":"https:\/\/kimptonbembudapest.com\/es\/inicio\/"},{"@type":"ListItem","position":2,"name":"Planos"}]},{"@type":"WebSite","@id":"https:\/\/kimptonbembudapest.com\/es\/#website","url":"https:\/\/kimptonbembudapest.com\/es\/","name":"Kimpton BEM Budapest","description":"Budapest Luxury Hotel","potentialAction":[{"@type":"SearchAction","target":{"@type":"EntryPoint","urlTemplate":"https:\/\/kimptonbembudapest.com\/es\/?s={search_term_string}"},"query-input":{"@type":"PropertyValueSpecification","valueRequired":true,"valueName":"search_term_string"}}],"inLanguage":"es"}]}},"_links":{"self":[{"href":"https:\/\/kimptonbembudapest.com\/es\/wp-json\/wp\/v2\/pages\/4316","targetHints":{"allow":["GET"]}}],"collection":[{"href":"https:\/\/kimptonbembudapest.com\/es\/wp-json\/wp\/v2\/pages"}],"about":[{"href":"https:\/\/kimptonbembudapest.com\/es\/wp-json\/wp\/v2\/types\/page"}],"author":[{"embeddable":true,"href":"https:\/\/kimptonbembudapest.com\/es\/wp-json\/wp\/v2\/users\/4"}],"replies":[{"embeddable":true,"href":"https:\/\/kimptonbembudapest.com\/es\/wp-json\/wp\/v2\/comments?post=4316"}],"version-history":[{"count":11,"href":"https:\/\/kimptonbembudapest.com\/es\/wp-json\/wp\/v2\/pages\/4316\/revisions"}],"predecessor-version":[{"id":7612,"href":"https:\/\/kimptonbembudapest.com\/es\/wp-json\/wp\/v2\/pages\/4316\/revisions\/7612"}],"wp:attachment":[{"href":"https:\/\/kimptonbembudapest.com\/es\/wp-json\/wp\/v2\/media?parent=4316"}],"curies":[{"name":"wp","href":"https:\/\/api.w.org\/{rel}","templated":true}]}}