{"id":4219,"date":"2024-06-03T08:05:07","date_gmt":"2024-06-03T06:05:07","guid":{"rendered":"https:\/\/kimptonbembudapest.com\/meetings-veranstaltungen\/"},"modified":"2024-08-30T15:04:06","modified_gmt":"2024-08-30T13:04:06","slug":"meetings-veranstaltungen","status":"publish","type":"page","link":"https:\/\/kimptonbembudapest.com\/de\/meetings-veranstaltungen\/","title":{"rendered":"Meetings &#038; Veranstaltungen"},"content":{"rendered":"\n<style type=\"text\/css\" data-created_by=\"avia_inline_auto\" id=\"style-css-av-lwykfwsk-1cf9ac86a678326d0906fa5bc3ae1f07\">\n.avia-section.av-lwykfwsk-1cf9ac86a678326d0906fa5bc3ae1f07{\nbackground-repeat:no-repeat;\nbackground-image:url(https:\/\/kimptonbembudapest.com\/wp-content\/uploads\/2024\/07\/4-1.jpg);\nbackground-position:50% 100%;\nbackground-attachment:scroll;\n}\n<\/style>\n<div id='av_section_1'  class='avia-section av-lwykfwsk-1cf9ac86a678326d0906fa5bc3ae1f07 main_color avia-section-default avia-no-border-styling  avia-builder-el-0  el_before_av_section  avia-builder-el-first  avia-full-stretch avia-bg-style-scroll av-minimum-height av-minimum-height-custom av-height-custom  container_wrap fullsize'  data-section-bg-repeat='stretch' data-av_minimum_height_px='350'><div class='container av-section-cont-open' style='height:350px'><main  role=\"main\" itemprop=\"mainContentOfPage\"  class='template-page content  av-content-full alpha units'><div class='post-entry post-entry-type-page post-entry-4219'><div class='entry-content-wrapper clearfix'>\n<div  class='flex_column av-jptdb-01c0d8feb16a442932179c016bd8fe2d av_one_full  avia-builder-el-1  avia-builder-el-no-sibling  first flex_column_div  '     ><style type=\"text\/css\" data-created_by=\"avia_inline_auto\" id=\"style-css-av-lwykfm6d-7f65655029d74e1df5d464c790bddaa3\">\n#top .av-special-heading.av-lwykfm6d-7f65655029d74e1df5d464c790bddaa3{\npadding-bottom:10px;\ncolor:#ffffff;\n}\nbody .av-special-heading.av-lwykfm6d-7f65655029d74e1df5d464c790bddaa3 .av-special-heading-tag .heading-char{\nfont-size:25px;\n}\n.av-special-heading.av-lwykfm6d-7f65655029d74e1df5d464c790bddaa3 .special-heading-inner-border{\nborder-color:#ffffff;\n}\n.av-special-heading.av-lwykfm6d-7f65655029d74e1df5d464c790bddaa3 .av-subheading{\nfont-size:15px;\n}\n<\/style>\n<div  class='av-special-heading av-lwykfm6d-7f65655029d74e1df5d464c790bddaa3 av-special-heading-h1 custom-color-heading blockquote modern-quote  avia-builder-el-2  avia-builder-el-no-sibling '><h1 class='av-special-heading-tag'  itemprop=\"headline\"  >Konferenz- und Meetingr\u00e4ume &#8211; Kimpton BEM Budapest<\/h1><div class=\"special-heading-border\"><div class=\"special-heading-inner-border\"><\/div><\/div><\/div><\/div>\n\n<\/div><\/div><\/main><!-- close content main element --><\/div><\/div><div id='av_section_2'  class='avia-section av-gk73b-7159d0a1bac36dc7cc769bae4e6f5561 main_color avia-section-default avia-no-border-styling  avia-builder-el-3  el_after_av_section  avia-builder-el-last  avia-bg-style-scroll container_wrap fullsize'  ><div class='container av-section-cont-open' ><div class='template-page content  av-content-full alpha units'><div class='post-entry post-entry-type-page post-entry-4219'><div class='entry-content-wrapper clearfix'>\n<div  class='flex_column av-aarcn-54e873e513f6b25688a132663b90ab55 av_one_full  avia-builder-el-4  avia-builder-el-no-sibling  first flex_column_div  '     ><style type=\"text\/css\" data-created_by=\"avia_inline_auto\" id=\"style-css-av-lwykgs23-5aeb6dfd2f325789c9263fe6a422426e\">\n.avia-image-container.av-lwykgs23-5aeb6dfd2f325789c9263fe6a422426e img.avia_image{\nbox-shadow:none;\n}\n.avia-image-container.av-lwykgs23-5aeb6dfd2f325789c9263fe6a422426e .av-image-caption-overlay-center{\ncolor:#ffffff;\n}\n<\/style>\n<div  class='avia-image-container av-lwykgs23-5aeb6dfd2f325789c9263fe6a422426e av-styling- avia-align-center  avia-builder-el-5  avia-builder-el-no-sibling '   itemprop=\"image\" itemscope=\"itemscope\" itemtype=\"https:\/\/schema.org\/ImageObject\" ><div class=\"avia-image-container-inner\"><div class=\"avia-image-overlay-wrap\"><img decoding=\"async\" fetchpriority=\"high\" class='wp-image-4220 avia-img-lazy-loading-not-4220 avia_image ' src=\"https:\/\/kimptonbembudapest.com\/wp-content\/uploads\/2024\/06\/capacitychart1.jpg\" alt='' title=''  height=\"1287\" width=\"1209\"  itemprop=\"thumbnailUrl\" srcset=\"https:\/\/kimptonbembudapest.com\/wp-content\/uploads\/2024\/06\/capacitychart1.jpg 1209w, https:\/\/kimptonbembudapest.com\/wp-content\/uploads\/2024\/06\/capacitychart1-282x300.jpg 282w, https:\/\/kimptonbembudapest.com\/wp-content\/uploads\/2024\/06\/capacitychart1-968x1030.jpg 968w, https:\/\/kimptonbembudapest.com\/wp-content\/uploads\/2024\/06\/capacitychart1-768x818.jpg 768w, https:\/\/kimptonbembudapest.com\/wp-content\/uploads\/2024\/06\/capacitychart1-662x705.jpg 662w\" sizes=\"(max-width: 1209px) 100vw, 1209px\" \/><\/div><\/div><\/div><\/div>\n\n","protected":false},"excerpt":{"rendered":"","protected":false},"author":1,"featured_media":0,"parent":0,"menu_order":0,"comment_status":"closed","ping_status":"closed","template":"","meta":{"inline_featured_image":false,"footnotes":""},"class_list":["post-4219","page","type-page","status-publish","hentry"],"yoast_head":"<!-- This site is optimized with the Yoast SEO plugin v27.1.1 - https:\/\/yoast.com\/product\/yoast-seo-wordpress\/ -->\n<title>Kimpton BEM Budapest | Meetingr\u00e4ume | Konferenzr\u00e4ume | Veranstaltungsr\u00e4ume<\/title>\n<meta name=\"description\" content=\"Finden Sie Ihren perfekten Veranstaltungsort.\" \/>\n<meta name=\"robots\" content=\"index, follow, max-snippet:-1, max-image-preview:large, max-video-preview:-1\" \/>\n<link rel=\"canonical\" href=\"https:\/\/kimptonbembudapest.com\/de\/meetings-veranstaltungen\/\" \/>\n<meta property=\"og:locale\" content=\"de_DE\" \/>\n<meta property=\"og:type\" content=\"article\" \/>\n<meta property=\"og:title\" content=\"Kimpton BEM Budapest | Meetingr\u00e4ume | Konferenzr\u00e4ume | Veranstaltungsr\u00e4ume\" \/>\n<meta property=\"og:description\" content=\"Finden Sie Ihren perfekten Veranstaltungsort.\" \/>\n<meta property=\"og:url\" content=\"https:\/\/kimptonbembudapest.com\/de\/meetings-veranstaltungen\/\" \/>\n<meta property=\"og:site_name\" content=\"Kimpton BEM Budapest\" \/>\n<meta property=\"article:modified_time\" content=\"2024-08-30T13:04:06+00:00\" \/>\n<meta property=\"og:image\" content=\"https:\/\/kimptonbembudapest.com\/wp-content\/uploads\/2024\/07\/OG-1030x541.jpg\" \/>\n<meta name=\"twitter:card\" content=\"summary_large_image\" \/>\n<meta name=\"twitter:label1\" content=\"Gesch\u00e4tzte Lesezeit\" \/>\n\t<meta name=\"twitter:data1\" content=\"11\u00a0Minuten\" \/>\n<!-- \/ Yoast SEO plugin. -->","yoast_head_json":{"title":"Kimpton BEM Budapest | Meetingr\u00e4ume | Konferenzr\u00e4ume | Veranstaltungsr\u00e4ume","description":"Finden Sie Ihren perfekten Veranstaltungsort.","robots":{"index":"index","follow":"follow","max-snippet":"max-snippet:-1","max-image-preview":"max-image-preview:large","max-video-preview":"max-video-preview:-1"},"canonical":"https:\/\/kimptonbembudapest.com\/de\/meetings-veranstaltungen\/","og_locale":"de_DE","og_type":"article","og_title":"Kimpton BEM Budapest | Meetingr\u00e4ume | Konferenzr\u00e4ume | Veranstaltungsr\u00e4ume","og_description":"Finden Sie Ihren perfekten Veranstaltungsort.","og_url":"https:\/\/kimptonbembudapest.com\/de\/meetings-veranstaltungen\/","og_site_name":"Kimpton BEM Budapest","article_modified_time":"2024-08-30T13:04:06+00:00","og_image":[{"url":"https:\/\/kimptonbembudapest.com\/wp-content\/uploads\/2024\/07\/OG-1030x541.jpg","type":"","width":"","height":""}],"twitter_card":"summary_large_image","twitter_misc":{"Gesch\u00e4tzte Lesezeit":"11\u00a0Minuten"},"schema":{"@context":"https:\/\/schema.org","@graph":[{"@type":"WebPage","@id":"https:\/\/kimptonbembudapest.com\/de\/meetings-veranstaltungen\/","url":"https:\/\/kimptonbembudapest.com\/de\/meetings-veranstaltungen\/","name":"Kimpton BEM Budapest | Meetingr\u00e4ume | Konferenzr\u00e4ume | Veranstaltungsr\u00e4ume","isPartOf":{"@id":"https:\/\/kimptonbembudapest.com\/de\/#website"},"datePublished":"2024-06-03T06:05:07+00:00","dateModified":"2024-08-30T13:04:06+00:00","description":"Finden Sie Ihren perfekten Veranstaltungsort.","breadcrumb":{"@id":"https:\/\/kimptonbembudapest.com\/de\/meetings-veranstaltungen\/#breadcrumb"},"inLanguage":"de","potentialAction":[{"@type":"ReadAction","target":["https:\/\/kimptonbembudapest.com\/de\/meetings-veranstaltungen\/"]}]},{"@type":"BreadcrumbList","@id":"https:\/\/kimptonbembudapest.com\/de\/meetings-veranstaltungen\/#breadcrumb","itemListElement":[{"@type":"ListItem","position":1,"name":"Kezd\u0151lap","item":"https:\/\/kimptonbembudapest.com\/de\/startseite\/"},{"@type":"ListItem","position":2,"name":"Meetings &#038; Veranstaltungen"}]},{"@type":"WebSite","@id":"https:\/\/kimptonbembudapest.com\/de\/#website","url":"https:\/\/kimptonbembudapest.com\/de\/","name":"Kimpton BEM Budapest","description":"Budapest Luxury Hotel","potentialAction":[{"@type":"SearchAction","target":{"@type":"EntryPoint","urlTemplate":"https:\/\/kimptonbembudapest.com\/de\/?s={search_term_string}"},"query-input":{"@type":"PropertyValueSpecification","valueRequired":true,"valueName":"search_term_string"}}],"inLanguage":"de"}]}},"_links":{"self":[{"href":"https:\/\/kimptonbembudapest.com\/de\/wp-json\/wp\/v2\/pages\/4219","targetHints":{"allow":["GET"]}}],"collection":[{"href":"https:\/\/kimptonbembudapest.com\/de\/wp-json\/wp\/v2\/pages"}],"about":[{"href":"https:\/\/kimptonbembudapest.com\/de\/wp-json\/wp\/v2\/types\/page"}],"author":[{"embeddable":true,"href":"https:\/\/kimptonbembudapest.com\/de\/wp-json\/wp\/v2\/users\/1"}],"replies":[{"embeddable":true,"href":"https:\/\/kimptonbembudapest.com\/de\/wp-json\/wp\/v2\/comments?post=4219"}],"version-history":[{"count":2,"href":"https:\/\/kimptonbembudapest.com\/de\/wp-json\/wp\/v2\/pages\/4219\/revisions"}],"predecessor-version":[{"id":4238,"href":"https:\/\/kimptonbembudapest.com\/de\/wp-json\/wp\/v2\/pages\/4219\/revisions\/4238"}],"wp:attachment":[{"href":"https:\/\/kimptonbembudapest.com\/de\/wp-json\/wp\/v2\/media?parent=4219"}],"curies":[{"name":"wp","href":"https:\/\/api.w.org\/{rel}","templated":true}]}}