{"id":4102,"date":"2024-07-02T10:28:28","date_gmt":"2024-07-02T08:28:28","guid":{"rendered":"https:\/\/kimptonbembudapest.com\/innenstadt\/"},"modified":"2024-12-06T15:19:06","modified_gmt":"2024-12-06T14:19:06","slug":"innenstadt","status":"publish","type":"page","link":"https:\/\/kimptonbembudapest.com\/de\/innenstadt\/","title":{"rendered":"Innenstadt"},"content":{"rendered":"<div id='av_section_1'  class='avia-section av-1rg5fg-55780ded4ccc37bc4ca5afd99f3a25bd main_color avia-section-default avia-no-border-styling  avia-builder-el-0  avia-builder-el-no-sibling  avia-bg-style-scroll container_wrap fullsize'  ><div class='container av-section-cont-open' ><main  role=\"main\" itemprop=\"mainContentOfPage\"  class='template-page content  av-content-full alpha units'><div class='post-entry post-entry-type-page post-entry-4102'><div class='entry-content-wrapper clearfix'>\n<div  class='flex_column av-9gh7g-1f42bfd9122e337268f6e607cddf4c23 av_one_full  avia-builder-el-1  el_before_av_one_full  avia-builder-el-first  first flex_column_div  '     ><style type=\"text\/css\" data-created_by=\"avia_inline_auto\" id=\"style-css-av-lyft8zoa-28e56fb11b54a4df707cb7855dee79ee\">\n#top .av-special-heading.av-lyft8zoa-28e56fb11b54a4df707cb7855dee79ee{\npadding-bottom:10px;\n}\nbody .av-special-heading.av-lyft8zoa-28e56fb11b54a4df707cb7855dee79ee .av-special-heading-tag .heading-char{\nfont-size:25px;\n}\n.av-special-heading.av-lyft8zoa-28e56fb11b54a4df707cb7855dee79ee .av-subheading{\nfont-size:15px;\n}\n<\/style>\n<div  class='av-special-heading av-lyft8zoa-28e56fb11b54a4df707cb7855dee79ee av-special-heading-h1  avia-builder-el-2  avia-builder-el-no-sibling '><h1 class='av-special-heading-tag'  itemprop=\"headline\"  >Innenstadt Budapest<\/h1><div class=\"special-heading-border\"><div class=\"special-heading-inner-border\"><\/div><\/div><\/div><\/div><div  class='flex_column av-1ie9y4-533e525fce67e87c3df02845bcc8a41d av_one_full  avia-builder-el-3  el_after_av_one_full  el_before_av_one_full  first flex_column_div  column-top-margin'     ><section  class='av_textblock_section av-lyft971l-49368578819ffe18ee9e5ad997e1b19b '   itemscope=\"itemscope\" itemtype=\"https:\/\/schema.org\/CreativeWork\" ><div class='avia_textblock'  itemprop=\"text\" ><h2>Margareteninsel<\/h2>\n<p>Nur wenige Gehminuten vom Kimpton BEM Budapest entfernt befindet sich die beliebte Margareteninsel in der Donau zwischen der Margaretenbr\u00fccke und der Arpad-Br\u00fccke. Diese weitl\u00e4ufige Insel wird von all jenen gesch\u00e4tzt, die abseits des Trubels der Stadt in der Natur Ruhe finden und dem Zwitschern der einheimischen V\u00f6gel lauschen. Sie bietet einen beeindruckenden botanischen Garten, einen gro\u00dfen Musikbrunnen und gelegentliche Lichtshows, die von lokaler und internationaler Musik begleitet werden. Bei einem gem\u00fctlichen Spaziergang unter den hoch aufragenden B\u00e4umen finden Sie mehrere Pl\u00e4tze f\u00fcr einen Nachmittagskaffee oder ein Feierabendbier. Wenn Sie eher ein aktiver Typ sind, ist der Ort mit seinen Sporteinrichtungen wie einem Schwimmbad, einer Laufbahn und einem Tennisplatz auch der perfekte Ort, um sich fit zu halten. Ganz gleich, ob Sie joggen oder mit Ihrer Familie ein Picknick auf der Wiese machen m\u00f6chten, die Margareteninsel ist der ideale Ort f\u00fcr Sie in Budapest.<\/p>\n<\/div><\/section><\/div><div  class='flex_column av-2m2u4-ab021ac5129f261645381fd65cd6105d av_one_full  avia-builder-el-5  el_after_av_one_full  el_before_av_one_full  first flex_column_div  column-top-margin'     ><section  class='av_textblock_section av-lyft9g9b-12ba35bda8bdce68d1583b68c0e0149c '   itemscope=\"itemscope\" itemtype=\"https:\/\/schema.org\/CreativeWork\" ><div class='avia_textblock'  itemprop=\"text\" ><h2>Parlament<\/h2>\n<p>Das ungarische Parlament mit seinen funkelnden Lichtern und seiner atemberaubenden Architektur im Stil der Gotik kann bei einem Besuch in Budapest nicht unbemerkt bleiben. Es ist keine \u00dcbertreibung zu behaupten, dass es eines der Wahrzeichen des Landes ist, das von Touristen und Einheimischen gleicherma\u00dfen bewundert wird. Das 1902 er\u00f6ffnete Geb\u00e4ude ist nicht nur ein beliebtes Touristenziel, sondern hat auch eine wichtige Funktion als Sitz der Gesetzgebung des Landes. Aber es ist nicht nur das \u00c4u\u00dfere, das es zu einem so attraktiven Geb\u00e4ude macht. Das Innere ist sorgf\u00e4ltig mit Fresken, Skulpturen und Glasmalereien dekoriert und in der zentralen Halle ist die Heilige Krone von Ungarn ausgestellt. Besucher k\u00f6nnen das Geb\u00e4ude im Rahmen einer 45-min\u00fctigen F\u00fchrung erkunden, zu der auch ein Audioguide geh\u00f6rt, der in mehreren Sprachen verf\u00fcgbar ist. Aufgrund seiner Beliebtheit ist es ratsam, im Voraus zu buchen, um sich den Eintritt zu sichern. Wenn Sie das Geb\u00e4ude nur aus der Ferne bewundern m\u00f6chten, k\u00f6nnen Sie die atemberaubende, beleuchtete Fassade am besten nachts vom Aussichtspunkt der Fischerbastei aus oder w\u00e4hrend einer kurzen Kreuzfahrt auf der Donau genie\u00dfen.<br \/>\nWussten Sie schon? Die H\u00f6he des Geb\u00e4udes ist von Bedeutung, da die Kuppeln genau 96 Meter hoch sind, was auf das Jahr 896 verweist, als sich die Magyaren im Karpatenbecken niederlie\u00dfen.<\/p>\n<\/div><\/section><\/div><div  class='flex_column av-lryhg-a12912dad481f524a7311ba7587bc437 av_one_full  avia-builder-el-7  el_after_av_one_full  avia-builder-el-last  first flex_column_div  column-top-margin'     ><section  class='av_textblock_section av-lyft9ovb-a7409b9ae4a7de4092e5e37cfccf0b77 '   itemscope=\"itemscope\" itemtype=\"https:\/\/schema.org\/CreativeWork\" ><div class='avia_textblock'  itemprop=\"text\" ><h2>St. Stephansbasilika<\/h2>\n<p>Die St. Stephansbasilika ist eine der bekanntesten Kirchen in Ungarn und dient sowohl als beliebte Touristenattraktion als auch als Veranstaltungsort f\u00fcr klassische, chorische und zeitgen\u00f6ssische Musikauff\u00fchrungen. Dieses architektonische Wunderwerk ist dem heiligen Stephan gewidmet, dem ersten K\u00f6nig von Ungarn, der eine entscheidende Rolle bei der Einf\u00fchrung des Christentums im Lande spielte, und symbolisiert das religi\u00f6se und kulturelle Erbe Ungarns. Das urspr\u00fcnglich von J\u00f3zsef Hild im neoklassizistischen Stil entworfene Bauwerk wurde schlie\u00dflich von Mikl\u00f3s Ybl, dem Architekten der ungarischen Staatsoper, im Neorenaissance-Stil vollendet. Mit ihrer 315 Fu\u00df hohen Kuppel ist sie neben dem ungarischen Parlament eines der h\u00f6chsten Geb\u00e4ude in Budapest und die dritth\u00f6chste Kirche in Ungarn. Ihr Inneres ist pr\u00e4chtig mit Marmor, Mosaiken und Glasmalereien verziert und versetzt Besucher in Erstaunen. Der Hauptaltar beherbergt eine Statue des Heiligen Stephan, dessen mumifizierte Hand, die Heilige Rechte Hand, ebenfalls im Reliquienschrein der Kirche aufbewahrt wird. W\u00e4hrend Besucher das Geb\u00e4ude kostenlos betreten k\u00f6nnen, ist f\u00fcr den Zugang zur Kuppel, die einen atemberaubenden Panoramablick \u00fcber die Stadt bietet, eine kleine Eintrittsgeb\u00fchr erforderlich. Die Kuppel kann mit dem Aufzug oder \u00fcber 364 Stufen erreicht werden.<\/p>\n<\/div><\/section><\/div>\n","protected":false},"excerpt":{"rendered":"","protected":false},"author":4,"featured_media":0,"parent":0,"menu_order":0,"comment_status":"closed","ping_status":"closed","template":"","meta":{"inline_featured_image":false,"footnotes":""},"class_list":["post-4102","page","type-page","status-publish","hentry"],"yoast_head":"<!-- This site is optimized with the Yoast SEO plugin v27.1.1 - https:\/\/yoast.com\/product\/yoast-seo-wordpress\/ -->\n<title>Innenstadt - Kimpton BEM Budapest - Sehensw\u00fcrdigkeiten<\/title>\n<meta name=\"description\" content=\"Erkunden Sie Budapests Innenstadt mit den besten Touristenattraktionen: Die Margareteninsel auf der Donau, die sch\u00f6ne Architektur des Parlaments und die Stephansbasilika, in der N\u00e4he des Kimpton BEM Budapest\" \/>\n<meta name=\"robots\" content=\"index, follow, max-snippet:-1, max-image-preview:large, max-video-preview:-1\" \/>\n<link rel=\"canonical\" href=\"https:\/\/kimptonbembudapest.com\/de\/innenstadt\/\" \/>\n<meta property=\"og:locale\" content=\"de_DE\" \/>\n<meta property=\"og:type\" content=\"article\" \/>\n<meta property=\"og:title\" content=\"Innenstadt - Kimpton BEM Budapest - Sehensw\u00fcrdigkeiten\" \/>\n<meta property=\"og:description\" content=\"Erkunden Sie Budapests Innenstadt mit den besten Touristenattraktionen: Die Margareteninsel auf der Donau, die sch\u00f6ne Architektur des Parlaments und die Stephansbasilika, in der N\u00e4he des Kimpton BEM Budapest\" \/>\n<meta property=\"og:url\" content=\"https:\/\/kimptonbembudapest.com\/de\/innenstadt\/\" \/>\n<meta property=\"og:site_name\" content=\"Kimpton BEM Budapest\" \/>\n<meta property=\"article:modified_time\" content=\"2024-12-06T14:19:06+00:00\" \/>\n<meta property=\"og:image\" content=\"https:\/\/kimptonbembudapest.com\/wp-content\/uploads\/2024\/07\/OG-1030x541.jpg\" \/>\n<meta name=\"twitter:card\" content=\"summary_large_image\" \/>\n<meta name=\"twitter:label1\" content=\"Gesch\u00e4tzte Lesezeit\" \/>\n\t<meta name=\"twitter:data1\" content=\"16\u00a0Minuten\" \/>\n<!-- \/ Yoast SEO plugin. -->","yoast_head_json":{"title":"Innenstadt - Kimpton BEM Budapest - Sehensw\u00fcrdigkeiten","description":"Erkunden Sie Budapests Innenstadt mit den besten Touristenattraktionen: Die Margareteninsel auf der Donau, die sch\u00f6ne Architektur des Parlaments und die Stephansbasilika, in der N\u00e4he des Kimpton BEM Budapest","robots":{"index":"index","follow":"follow","max-snippet":"max-snippet:-1","max-image-preview":"max-image-preview:large","max-video-preview":"max-video-preview:-1"},"canonical":"https:\/\/kimptonbembudapest.com\/de\/innenstadt\/","og_locale":"de_DE","og_type":"article","og_title":"Innenstadt - Kimpton BEM Budapest - Sehensw\u00fcrdigkeiten","og_description":"Erkunden Sie Budapests Innenstadt mit den besten Touristenattraktionen: Die Margareteninsel auf der Donau, die sch\u00f6ne Architektur des Parlaments und die Stephansbasilika, in der N\u00e4he des Kimpton BEM Budapest","og_url":"https:\/\/kimptonbembudapest.com\/de\/innenstadt\/","og_site_name":"Kimpton BEM Budapest","article_modified_time":"2024-12-06T14:19:06+00:00","og_image":[{"url":"https:\/\/kimptonbembudapest.com\/wp-content\/uploads\/2024\/07\/OG-1030x541.jpg","type":"","width":"","height":""}],"twitter_card":"summary_large_image","twitter_misc":{"Gesch\u00e4tzte Lesezeit":"16\u00a0Minuten"},"schema":{"@context":"https:\/\/schema.org","@graph":[{"@type":"WebPage","@id":"https:\/\/kimptonbembudapest.com\/de\/innenstadt\/","url":"https:\/\/kimptonbembudapest.com\/de\/innenstadt\/","name":"Innenstadt - Kimpton BEM Budapest - Sehensw\u00fcrdigkeiten","isPartOf":{"@id":"https:\/\/kimptonbembudapest.com\/de\/#website"},"datePublished":"2024-07-02T08:28:28+00:00","dateModified":"2024-12-06T14:19:06+00:00","description":"Erkunden Sie Budapests Innenstadt mit den besten Touristenattraktionen: Die Margareteninsel auf der Donau, die sch\u00f6ne Architektur des Parlaments und die Stephansbasilika, in der N\u00e4he des Kimpton BEM Budapest","breadcrumb":{"@id":"https:\/\/kimptonbembudapest.com\/de\/innenstadt\/#breadcrumb"},"inLanguage":"de","potentialAction":[{"@type":"ReadAction","target":["https:\/\/kimptonbembudapest.com\/de\/innenstadt\/"]}]},{"@type":"BreadcrumbList","@id":"https:\/\/kimptonbembudapest.com\/de\/innenstadt\/#breadcrumb","itemListElement":[{"@type":"ListItem","position":1,"name":"Kezd\u0151lap","item":"https:\/\/kimptonbembudapest.com\/de\/startseite\/"},{"@type":"ListItem","position":2,"name":"Innenstadt"}]},{"@type":"WebSite","@id":"https:\/\/kimptonbembudapest.com\/de\/#website","url":"https:\/\/kimptonbembudapest.com\/de\/","name":"Kimpton BEM Budapest","description":"Budapest Luxury Hotel","potentialAction":[{"@type":"SearchAction","target":{"@type":"EntryPoint","urlTemplate":"https:\/\/kimptonbembudapest.com\/de\/?s={search_term_string}"},"query-input":{"@type":"PropertyValueSpecification","valueRequired":true,"valueName":"search_term_string"}}],"inLanguage":"de"}]}},"_links":{"self":[{"href":"https:\/\/kimptonbembudapest.com\/de\/wp-json\/wp\/v2\/pages\/4102","targetHints":{"allow":["GET"]}}],"collection":[{"href":"https:\/\/kimptonbembudapest.com\/de\/wp-json\/wp\/v2\/pages"}],"about":[{"href":"https:\/\/kimptonbembudapest.com\/de\/wp-json\/wp\/v2\/types\/page"}],"author":[{"embeddable":true,"href":"https:\/\/kimptonbembudapest.com\/de\/wp-json\/wp\/v2\/users\/4"}],"replies":[{"embeddable":true,"href":"https:\/\/kimptonbembudapest.com\/de\/wp-json\/wp\/v2\/comments?post=4102"}],"version-history":[{"count":11,"href":"https:\/\/kimptonbembudapest.com\/de\/wp-json\/wp\/v2\/pages\/4102\/revisions"}],"predecessor-version":[{"id":8293,"href":"https:\/\/kimptonbembudapest.com\/de\/wp-json\/wp\/v2\/pages\/4102\/revisions\/8293"}],"wp:attachment":[{"href":"https:\/\/kimptonbembudapest.com\/de\/wp-json\/wp\/v2\/media?parent=4102"}],"curies":[{"name":"wp","href":"https:\/\/api.w.org\/{rel}","templated":true}]}}