{"id":4033,"date":"2024-07-02T10:28:21","date_gmt":"2024-07-02T08:28:21","guid":{"rendered":"https:\/\/kimptonbembudapest.com\/burgviertel\/"},"modified":"2024-12-06T13:53:50","modified_gmt":"2024-12-06T12:53:50","slug":"burgviertel","status":"publish","type":"page","link":"https:\/\/kimptonbembudapest.com\/de\/burgviertel\/","title":{"rendered":"Burgviertel"},"content":{"rendered":"<div id='av_section_1'  class='avia-section av-1kekkg-7c31862ec9959fb1805ee630e88dcc3e main_color avia-section-default avia-no-border-styling  avia-builder-el-0  avia-builder-el-no-sibling  avia-bg-style-scroll container_wrap fullsize'  ><div class='container av-section-cont-open' ><main  role=\"main\" itemprop=\"mainContentOfPage\"  class='template-page content  av-content-full alpha units'><div class='post-entry post-entry-type-page post-entry-4033'><div class='entry-content-wrapper clearfix'>\n<div  class='flex_column av-7td48-4258e83d15e85f7aa09ad1a0b5feb6ab av_one_full  avia-builder-el-1  el_before_av_one_full  avia-builder-el-first  first flex_column_div  '     ><style type=\"text\/css\" data-created_by=\"avia_inline_auto\" id=\"style-css-av-lyfsu25p-7b542745c086605b5d1afb05de59320f\">\n#top .av-special-heading.av-lyfsu25p-7b542745c086605b5d1afb05de59320f{\npadding-bottom:10px;\n}\nbody .av-special-heading.av-lyfsu25p-7b542745c086605b5d1afb05de59320f .av-special-heading-tag .heading-char{\nfont-size:25px;\n}\n.av-special-heading.av-lyfsu25p-7b542745c086605b5d1afb05de59320f .av-subheading{\nfont-size:15px;\n}\n<\/style>\n<div  class='av-special-heading av-lyfsu25p-7b542745c086605b5d1afb05de59320f av-special-heading-h1  avia-builder-el-2  avia-builder-el-no-sibling '><h1 class='av-special-heading-tag'  itemprop=\"headline\"  >Burgviertel Budapest<\/h1><div class=\"special-heading-border\"><div class=\"special-heading-inner-border\"><\/div><\/div><\/div><\/div><div  class='flex_column av-lyfsrig0-ab5eb20e45fc8bb7d202e2fd15d4d0fd av_one_full  avia-builder-el-3  el_after_av_one_full  el_before_av_one_full  first flex_column_div  column-top-margin'     ><section  class='av_textblock_section av-lyfss84g-7717e041c9d10d4c4761242ed7ce8264 '   itemscope=\"itemscope\" itemtype=\"https:\/\/schema.org\/CreativeWork\" ><div class='avia_textblock'  itemprop=\"text\" ><h2>Fischerbastei<\/h2>\n<p>Mit ihrer spektakul\u00e4ren Aussicht und Architektur ist die Fischerbastei zweifellos eine der meistbesuchten Attraktionen in Ungarn \u2013 und das aus gutem Grund. Diese neugotische und neuromanische Sch\u00f6nheit mit ihren T\u00fcrmen, B\u00f6gen und Kanzeln schm\u00fcckt den Budaer Burgberg und vermittelt den Eindruck eines M\u00e4rchens. Die zwischen 1895 und 1902 erbaute Bastion bietet einen Blick auf die Donau, die Kettenbr\u00fccke und das atemberaubende Panorama der Stadt. Benannt nach der mittelalterlichen Fischerzunft, die die Stadtmauern verteidigte, stehen die sieben T\u00fcrme f\u00fcr die sieben magyarischen St\u00e4mme, die sich 895 im Karpatenbecken niederlie\u00dfen. Auf der Fischerbastei verschmelzen Geschichte und Architektur auf unnachahmliche Weise miteinander. Hier k\u00f6nnen Sie in die ungarische Kultur eintauchen und gleichzeitig ein visuelles Fest im Herzen von Budapest genie\u00dfen. Ber\u00fchmt f\u00fcr ihre romantische Atmosph\u00e4re und ihren historischen Wert, ist die Fischerbastei mit ihrer Aussicht ein Muss und ein Symbol des ungarischen Geistes und der ungarischen Identit\u00e4t, das Besucher aus der ganzen Welt anzieht.<\/p>\n<\/div><\/section><\/div><div  class='flex_column av-thjjc-8c3ca86eed13847a8dc1e2d04950b4a7 av_one_full  avia-builder-el-5  el_after_av_one_full  el_before_av_one_full  first flex_column_div  column-top-margin'     ><section  class='av_textblock_section av-lyfsstx7-a42e4d03e90e8473b1f587ba9a258e36 '   itemscope=\"itemscope\" itemtype=\"https:\/\/schema.org\/CreativeWork\" ><div class='avia_textblock'  itemprop=\"text\" ><h2>Matthiaskirche<\/h2>\n<p>Die Matthiaskirche ist im Burgviertel un\u00fcbersehbar und steht neben der markanten Fischerbastei. Ihre gotische Architektur mit ihren T\u00fcrmen und komplizierten Details erz\u00e4hlt Geschichten aus vergangenen Jahrhunderten. Sie wurde im 13. Jahrhundert erbaut und im 19. Jahrhundert restauriert und ist ein H\u00fcter des religi\u00f6sen und kulturellen Erbes Ungarns. Treten Sie ein und entdecken Sie eine Welt, in der Fresken mit biblischen Szenen und ungarischer Geschichte in Farben lebendig werden, die im Licht zu tanzen scheinen, das durch die wundersch\u00f6nen Buntglasfenster f\u00e4llt. Das Innere ist eine Schatztruhe mit mittelalterlichen Artefakten und k\u00f6niglichen Symbolen, ein Einblick in die reiche Vergangenheit des Landes. Die Matthiaskirche ist ein Ort der Anbetung, aber auch ein Symbol f\u00fcr Kunst und Geschichte und wird Sie mit ihrer Sch\u00f6nheit und historischen Bedeutung in ihren Bann ziehen.<\/p>\n<\/div><\/section><\/div><div  class='flex_column av-iwqfk-004f61c28752cf5fb01341e2bcff1b92 av_one_full  avia-builder-el-7  el_after_av_one_full  avia-builder-el-last  first flex_column_div  column-top-margin'     ><section  class='av_textblock_section av-lyfsthy7-966004b5f954029ecb1add3c18d5c5c8 '   itemscope=\"itemscope\" itemtype=\"https:\/\/schema.org\/CreativeWork\" ><div class='avia_textblock'  itemprop=\"text\" ><h2>Budaer Burg<\/h2>\n<p>Auf der Spitze des Burgbergs in Budapests kultigem Burgviertel liegt die pr\u00e4chtige Budaer Burg, ein gro\u00dfartiges Denkmal f\u00fcr jahrhundertealtes Erbe und architektonische Finesse. Diese historische Festung mit ihren verschlungenen G\u00e4ngen und majest\u00e4tischen T\u00fcrmen bietet einen atemberaubenden Blick auf die Donau, die eine nat\u00fcrliche Grenze zwischen Pest und Buda bildet, und auf die gro\u00dfe Stadt darunter. Die Urspr\u00fcnge der Budaer Burg reichen bis ins Mittelalter zur\u00fcck. Sie wurde im Laufe der Zeit im Stil der Renaissance und des Barock umgebaut und diente sowohl als Festung als auch als k\u00f6nigliche Residenz und war Zeuge einer jahrhundertelangen kulturellen Entwicklung. Heute dient sie vor allem als Hauptsitz f\u00fcr zwei der wichtigsten Kultureinrichtungen des Landes, die die Geschichte Ungarns durch ein reiches k\u00fcnstlerisches Erbe in Form von Kunstwerken und Artefakten dokumentieren. Die Ungarische Nationalgalerie, die im Nordfl\u00fcgel der Budaer Burg untergebracht ist, repr\u00e4sentiert \u201eden bedeutendsten Teil des visuellen Erbes des Landes\u201c. Wenn Sie die labyrinthartigen S\u00e4le mit ihren spektakul\u00e4ren Fresken und gotischen Verzierungen erkunden, begeben Sie sich auf eine fesselnde Reise durch das Budapester Burgviertel, in dem sich Geschichte und k\u00fcnstlerische Brillanz vereinen.<\/p>\n<\/div><\/section><\/div>\n","protected":false},"excerpt":{"rendered":"","protected":false},"author":4,"featured_media":0,"parent":0,"menu_order":0,"comment_status":"closed","ping_status":"closed","template":"","meta":{"inline_featured_image":false,"footnotes":""},"class_list":["post-4033","page","type-page","status-publish","hentry"],"yoast_head":"<!-- This site is optimized with the Yoast SEO plugin v27.1.1 - https:\/\/yoast.com\/product\/yoast-seo-wordpress\/ -->\n<title>Burgviertel - Kimpton BEM Budapest - Sehensw\u00fcrdigkeiten<\/title>\n<meta name=\"description\" content=\"Entdecken Sie das Budapester Burgviertel, eine Top-Touristenattraktion nur 10 Minuten vom Kimpton BEM Budapest Hotel entfernt. Erkunden Sie die Fischerbastei, die Matthiaskirche und die Budaer Burg, die alle in unmittelbarer N\u00e4he liegen und atemberaubende Aussichten und eine reiche Geschichte bieten.\" \/>\n<meta name=\"robots\" content=\"index, follow, max-snippet:-1, max-image-preview:large, max-video-preview:-1\" \/>\n<link rel=\"canonical\" href=\"https:\/\/kimptonbembudapest.com\/de\/burgviertel\/\" \/>\n<meta property=\"og:locale\" content=\"de_DE\" \/>\n<meta property=\"og:type\" content=\"article\" \/>\n<meta property=\"og:title\" content=\"Burgviertel - Kimpton BEM Budapest - Sehensw\u00fcrdigkeiten\" \/>\n<meta property=\"og:description\" content=\"Entdecken Sie das Budapester Burgviertel, eine Top-Touristenattraktion nur 10 Minuten vom Kimpton BEM Budapest Hotel entfernt. Erkunden Sie die Fischerbastei, die Matthiaskirche und die Budaer Burg, die alle in unmittelbarer N\u00e4he liegen und atemberaubende Aussichten und eine reiche Geschichte bieten.\" \/>\n<meta property=\"og:url\" content=\"https:\/\/kimptonbembudapest.com\/de\/burgviertel\/\" \/>\n<meta property=\"og:site_name\" content=\"Kimpton BEM Budapest\" \/>\n<meta property=\"article:modified_time\" content=\"2024-12-06T12:53:50+00:00\" \/>\n<meta property=\"og:image\" content=\"https:\/\/kimptonbembudapest.com\/wp-content\/uploads\/2024\/07\/OG-1030x541.jpg\" \/>\n<meta name=\"twitter:card\" content=\"summary_large_image\" \/>\n<meta name=\"twitter:label1\" content=\"Gesch\u00e4tzte Lesezeit\" \/>\n\t<meta name=\"twitter:data1\" content=\"16\u00a0Minuten\" \/>\n<!-- \/ Yoast SEO plugin. -->","yoast_head_json":{"title":"Burgviertel - Kimpton BEM Budapest - Sehensw\u00fcrdigkeiten","description":"Entdecken Sie das Budapester Burgviertel, eine Top-Touristenattraktion nur 10 Minuten vom Kimpton BEM Budapest Hotel entfernt. Erkunden Sie die Fischerbastei, die Matthiaskirche und die Budaer Burg, die alle in unmittelbarer N\u00e4he liegen und atemberaubende Aussichten und eine reiche Geschichte bieten.","robots":{"index":"index","follow":"follow","max-snippet":"max-snippet:-1","max-image-preview":"max-image-preview:large","max-video-preview":"max-video-preview:-1"},"canonical":"https:\/\/kimptonbembudapest.com\/de\/burgviertel\/","og_locale":"de_DE","og_type":"article","og_title":"Burgviertel - Kimpton BEM Budapest - Sehensw\u00fcrdigkeiten","og_description":"Entdecken Sie das Budapester Burgviertel, eine Top-Touristenattraktion nur 10 Minuten vom Kimpton BEM Budapest Hotel entfernt. Erkunden Sie die Fischerbastei, die Matthiaskirche und die Budaer Burg, die alle in unmittelbarer N\u00e4he liegen und atemberaubende Aussichten und eine reiche Geschichte bieten.","og_url":"https:\/\/kimptonbembudapest.com\/de\/burgviertel\/","og_site_name":"Kimpton BEM Budapest","article_modified_time":"2024-12-06T12:53:50+00:00","og_image":[{"url":"https:\/\/kimptonbembudapest.com\/wp-content\/uploads\/2024\/07\/OG-1030x541.jpg","type":"","width":"","height":""}],"twitter_card":"summary_large_image","twitter_misc":{"Gesch\u00e4tzte Lesezeit":"16\u00a0Minuten"},"schema":{"@context":"https:\/\/schema.org","@graph":[{"@type":"WebPage","@id":"https:\/\/kimptonbembudapest.com\/de\/burgviertel\/","url":"https:\/\/kimptonbembudapest.com\/de\/burgviertel\/","name":"Burgviertel - Kimpton BEM Budapest - Sehensw\u00fcrdigkeiten","isPartOf":{"@id":"https:\/\/kimptonbembudapest.com\/de\/#website"},"datePublished":"2024-07-02T08:28:21+00:00","dateModified":"2024-12-06T12:53:50+00:00","description":"Entdecken Sie das Budapester Burgviertel, eine Top-Touristenattraktion nur 10 Minuten vom Kimpton BEM Budapest Hotel entfernt. Erkunden Sie die Fischerbastei, die Matthiaskirche und die Budaer Burg, die alle in unmittelbarer N\u00e4he liegen und atemberaubende Aussichten und eine reiche Geschichte bieten.","breadcrumb":{"@id":"https:\/\/kimptonbembudapest.com\/de\/burgviertel\/#breadcrumb"},"inLanguage":"de","potentialAction":[{"@type":"ReadAction","target":["https:\/\/kimptonbembudapest.com\/de\/burgviertel\/"]}]},{"@type":"BreadcrumbList","@id":"https:\/\/kimptonbembudapest.com\/de\/burgviertel\/#breadcrumb","itemListElement":[{"@type":"ListItem","position":1,"name":"Kezd\u0151lap","item":"https:\/\/kimptonbembudapest.com\/de\/startseite\/"},{"@type":"ListItem","position":2,"name":"Burgviertel"}]},{"@type":"WebSite","@id":"https:\/\/kimptonbembudapest.com\/de\/#website","url":"https:\/\/kimptonbembudapest.com\/de\/","name":"Kimpton BEM Budapest","description":"Budapest Luxury Hotel","potentialAction":[{"@type":"SearchAction","target":{"@type":"EntryPoint","urlTemplate":"https:\/\/kimptonbembudapest.com\/de\/?s={search_term_string}"},"query-input":{"@type":"PropertyValueSpecification","valueRequired":true,"valueName":"search_term_string"}}],"inLanguage":"de"}]}},"_links":{"self":[{"href":"https:\/\/kimptonbembudapest.com\/de\/wp-json\/wp\/v2\/pages\/4033","targetHints":{"allow":["GET"]}}],"collection":[{"href":"https:\/\/kimptonbembudapest.com\/de\/wp-json\/wp\/v2\/pages"}],"about":[{"href":"https:\/\/kimptonbembudapest.com\/de\/wp-json\/wp\/v2\/types\/page"}],"author":[{"embeddable":true,"href":"https:\/\/kimptonbembudapest.com\/de\/wp-json\/wp\/v2\/users\/4"}],"replies":[{"embeddable":true,"href":"https:\/\/kimptonbembudapest.com\/de\/wp-json\/wp\/v2\/comments?post=4033"}],"version-history":[{"count":10,"href":"https:\/\/kimptonbembudapest.com\/de\/wp-json\/wp\/v2\/pages\/4033\/revisions"}],"predecessor-version":[{"id":7574,"href":"https:\/\/kimptonbembudapest.com\/de\/wp-json\/wp\/v2\/pages\/4033\/revisions\/7574"}],"wp:attachment":[{"href":"https:\/\/kimptonbembudapest.com\/de\/wp-json\/wp\/v2\/media?parent=4033"}],"curies":[{"name":"wp","href":"https:\/\/api.w.org\/{rel}","templated":true}]}}