{"id":4023,"date":"2024-05-29T09:09:56","date_gmt":"2024-05-29T07:09:56","guid":{"rendered":"https:\/\/kimptonbembudapest.com\/bringen-sie-ihren-pelzigen-freund-mit\/"},"modified":"2024-08-30T14:06:46","modified_gmt":"2024-08-30T12:06:46","slug":"bringen-sie-ihren-pelzigen-freund-mit","status":"publish","type":"page","link":"https:\/\/kimptonbembudapest.com\/de\/bringen-sie-ihren-pelzigen-freund-mit\/","title":{"rendered":"Bringen Sie Ihren pelzigen Freund mit"},"content":{"rendered":"\n<style type=\"text\/css\" data-created_by=\"avia_inline_auto\" id=\"style-css-av-lwrhkv30-4fdab95675acf1c0701ca96545f9550a\">\n.avia-section.av-lwrhkv30-4fdab95675acf1c0701ca96545f9550a{\nbackground-repeat:no-repeat;\nbackground-image:url(https:\/\/kimptonbembudapest.com\/wp-content\/uploads\/2024\/07\/kutyakim1.jpg);\nbackground-position:50% 50%;\nbackground-attachment:scroll;\n}\n<\/style>\n<div id='av_section_1'  class='avia-section av-lwrhkv30-4fdab95675acf1c0701ca96545f9550a main_color avia-section-default avia-no-border-styling  avia-builder-el-0  el_before_av_section  avia-builder-el-first  avia-full-stretch avia-bg-style-scroll av-minimum-height av-minimum-height-custom av-height-custom  container_wrap fullsize'  data-section-bg-repeat='stretch' data-av_minimum_height_px='350'><div class='container av-section-cont-open' style='height:350px'><main  role=\"main\" itemprop=\"mainContentOfPage\"  class='template-page content  av-content-full alpha units'><div class='post-entry post-entry-type-page post-entry-4023'><div class='entry-content-wrapper clearfix'>\n<div  class='flex_column av-qbij-363233ae1b6255ae49e1b878af18001e av_one_full  avia-builder-el-1  avia-builder-el-no-sibling  first flex_column_div  '     ><style type=\"text\/css\" data-created_by=\"avia_inline_auto\" id=\"style-css-av-lwrhjdpm-2f2a895212f5e10bc058687a8f307767\">\n#top .av-special-heading.av-lwrhjdpm-2f2a895212f5e10bc058687a8f307767{\npadding-bottom:10px;\ncolor:#ffffff;\n}\nbody .av-special-heading.av-lwrhjdpm-2f2a895212f5e10bc058687a8f307767 .av-special-heading-tag .heading-char{\nfont-size:25px;\n}\n.av-special-heading.av-lwrhjdpm-2f2a895212f5e10bc058687a8f307767 .special-heading-inner-border{\nborder-color:#ffffff;\n}\n.av-special-heading.av-lwrhjdpm-2f2a895212f5e10bc058687a8f307767 .av-subheading{\nfont-size:15px;\n}\n<\/style>\n<div  class='av-special-heading av-lwrhjdpm-2f2a895212f5e10bc058687a8f307767 av-special-heading-h1 custom-color-heading blockquote modern-quote  avia-builder-el-2  avia-builder-el-no-sibling '><h1 class='av-special-heading-tag'  itemprop=\"headline\"  >Hundefreundliches Hotel in Budapest<\/h1><div class=\"special-heading-border\"><div class=\"special-heading-inner-border\"><\/div><\/div><\/div><\/div><\/div><\/div><\/main><!-- close content main element --><\/div><\/div><div id='av_section_2'  class='avia-section av-1e9mn-b3cc5d1348e97e308361f3862f20f580 main_color avia-section-default avia-no-border-styling  avia-builder-el-3  el_after_av_section  avia-builder-el-last  avia-bg-style-scroll container_wrap fullsize'  ><div class='container av-section-cont-open' ><div class='template-page content  av-content-full alpha units'><div class='post-entry post-entry-type-page post-entry-4023'><div class='entry-content-wrapper clearfix'>\n<div class='flex_column_table av-lwrhnocg-7470a6ebedbe3926a06014edc389cf1a sc-av_one_half av-equal-height-column-flextable'><div  class='flex_column av-lwrhnocg-7470a6ebedbe3926a06014edc389cf1a av_one_half  avia-builder-el-4  el_before_av_one_half  avia-builder-el-first  first flex_column_table_cell av-equal-height-column av-align-middle  '     ><section  class='av_textblock_section av-lwrhmnyt-bda0f272a5700e6fb8a8074602230ee2 '   itemscope=\"itemscope\" itemtype=\"https:\/\/schema.org\/CreativeWork\" ><div class='avia_textblock'  itemprop=\"text\" ><h2>Bringen Sie Ihren pelzigen Freund mit<\/h2>\n<p>Wir laden Sie ein, Ihr pelziges, gefiedertes oder struppiges Familienmitglied mitzubringen \u2013 unabh\u00e4ngig von Gr\u00f6\u00dfe, Gewicht oder Rasse \u2013 und das ohne Aufpreis. Jedes Tier, das in den Aufzug passt, ist in unserem Hotel willkommen. Budapest ist ideal f\u00fcr Ausfl\u00fcge mit Hunden, denn in der N\u00e4he gibt es viele Orte, an denen Sie mit Ihrem Haustier spazieren gehen k\u00f6nnen.<\/p>\n<\/div><\/section><br \/>\n<div  class='avia-button-wrap av-122qn-c914601cb55fb1dfb1b11d038d3dd389-wrap avia-button-left  avia-builder-el-6  el_after_av_textblock  avia-builder-el-last '><a href='https:\/\/www.ihg.com\/kimptonhotels\/hotels\/us\/en\/budapest\/budkm\/hoteldetail?fromRedirect=true&amp;qSrt=sBR&amp;qSlH=budkm&amp;setPMCookies=true&amp;qSHBrC=KI&amp;qDest=Bem%20J%C3%B3zsef%20t%C3%A9r%203.%2C%20Budapest%2C%20HU&amp;srb_u=1' class='avia-button av-122qn-c914601cb55fb1dfb1b11d038d3dd389 av-link-btn avia-icon_select-no avia-size-large avia-position-left avia-color-theme-color' target=\"_blank\" rel=\"noopener noreferrer\"><span class='avia_iconbox_title' >JETZT BUCHEN<\/span><\/a><\/div><\/p><\/div><div class='av-flex-placeholder'><\/div><div  class='flex_column av-yvb3-91276908a33e61708dedb38c8a27494d av_one_half  avia-builder-el-7  el_after_av_one_half  avia-builder-el-last  flex_column_table_cell av-equal-height-column av-align-middle  '     ><style type=\"text\/css\" data-created_by=\"avia_inline_auto\" id=\"style-css-av-lwrhnjx7-e2b4957eb7015085e62f0a82f6a3ac59\">\n.avia-image-container.av-lwrhnjx7-e2b4957eb7015085e62f0a82f6a3ac59 img.avia_image{\nbox-shadow:none;\n}\n.avia-image-container.av-lwrhnjx7-e2b4957eb7015085e62f0a82f6a3ac59 .av-image-caption-overlay-center{\ncolor:#ffffff;\n}\n<\/style>\n<div  class='avia-image-container av-lwrhnjx7-e2b4957eb7015085e62f0a82f6a3ac59 av-styling- avia-align-center  avia-builder-el-8  avia-builder-el-no-sibling '   itemprop=\"image\" itemscope=\"itemscope\" itemtype=\"https:\/\/schema.org\/ImageObject\" ><div class=\"avia-image-container-inner\"><div class=\"avia-image-overlay-wrap\"><img decoding=\"async\" fetchpriority=\"high\" class='wp-image-4029 avia-img-lazy-loading-not-4029 avia_image ' src=\"https:\/\/kimptonbembudapest.com\/wp-content\/uploads\/2024\/07\/122.jpg\" alt='' title=''  height=\"531\" width=\"683\"  itemprop=\"thumbnailUrl\" srcset=\"https:\/\/kimptonbembudapest.com\/wp-content\/uploads\/2024\/07\/122.jpg 683w, https:\/\/kimptonbembudapest.com\/wp-content\/uploads\/2024\/07\/122-300x233.jpg 300w\" sizes=\"(max-width: 683px) 100vw, 683px\" \/><\/div><\/div><\/div><\/div><\/div><!--close column table wrapper. Autoclose: 1 --><\/p>\n","protected":false},"excerpt":{"rendered":"","protected":false},"author":1,"featured_media":0,"parent":0,"menu_order":0,"comment_status":"closed","ping_status":"closed","template":"","meta":{"inline_featured_image":false,"footnotes":""},"class_list":["post-4023","page","type-page","status-publish","hentry"],"yoast_head":"<!-- This site is optimized with the Yoast SEO plugin v27.1.1 - https:\/\/yoast.com\/product\/yoast-seo-wordpress\/ -->\n<title>Kimpton BEM | Hundefreundliches Hotel in Budapest<\/title>\n<meta name=\"description\" content=\"\u202f\u00dcbernachten Sie im Herzen von Budapest mit Ihrem pelzigen Freund. Haustierfreundliche Zimmer und kuschelige Betten f\u00fcr Ihre pelzigen Freunde. Hundefreundliches Hotel in Budapest\" \/>\n<meta name=\"robots\" content=\"index, follow, max-snippet:-1, max-image-preview:large, max-video-preview:-1\" \/>\n<link rel=\"canonical\" href=\"https:\/\/kimptonbembudapest.com\/de\/bringen-sie-ihren-pelzigen-freund-mit\/\" \/>\n<meta property=\"og:locale\" content=\"de_DE\" \/>\n<meta property=\"og:type\" content=\"article\" \/>\n<meta property=\"og:title\" content=\"Kimpton BEM | Hundefreundliches Hotel in Budapest\" \/>\n<meta property=\"og:description\" content=\"\u202f\u00dcbernachten Sie im Herzen von Budapest mit Ihrem pelzigen Freund. Haustierfreundliche Zimmer und kuschelige Betten f\u00fcr Ihre pelzigen Freunde. Hundefreundliches Hotel in Budapest\" \/>\n<meta property=\"og:url\" content=\"https:\/\/kimptonbembudapest.com\/de\/bringen-sie-ihren-pelzigen-freund-mit\/\" \/>\n<meta property=\"og:site_name\" content=\"Kimpton BEM Budapest\" \/>\n<meta property=\"article:modified_time\" content=\"2024-08-30T12:06:46+00:00\" \/>\n<meta property=\"og:image\" content=\"https:\/\/kimptonbembudapest.com\/wp-content\/uploads\/2024\/07\/OG-1030x541.jpg\" \/>\n<meta name=\"twitter:card\" content=\"summary_large_image\" \/>\n<meta name=\"twitter:label1\" content=\"Gesch\u00e4tzte Lesezeit\" \/>\n\t<meta name=\"twitter:data1\" content=\"16\u00a0Minuten\" \/>\n<!-- \/ Yoast SEO plugin. -->","yoast_head_json":{"title":"Kimpton BEM | Hundefreundliches Hotel in Budapest","description":"\u202f\u00dcbernachten Sie im Herzen von Budapest mit Ihrem pelzigen Freund. Haustierfreundliche Zimmer und kuschelige Betten f\u00fcr Ihre pelzigen Freunde. Hundefreundliches Hotel in Budapest","robots":{"index":"index","follow":"follow","max-snippet":"max-snippet:-1","max-image-preview":"max-image-preview:large","max-video-preview":"max-video-preview:-1"},"canonical":"https:\/\/kimptonbembudapest.com\/de\/bringen-sie-ihren-pelzigen-freund-mit\/","og_locale":"de_DE","og_type":"article","og_title":"Kimpton BEM | Hundefreundliches Hotel in Budapest","og_description":"\u202f\u00dcbernachten Sie im Herzen von Budapest mit Ihrem pelzigen Freund. Haustierfreundliche Zimmer und kuschelige Betten f\u00fcr Ihre pelzigen Freunde. Hundefreundliches Hotel in Budapest","og_url":"https:\/\/kimptonbembudapest.com\/de\/bringen-sie-ihren-pelzigen-freund-mit\/","og_site_name":"Kimpton BEM Budapest","article_modified_time":"2024-08-30T12:06:46+00:00","og_image":[{"url":"https:\/\/kimptonbembudapest.com\/wp-content\/uploads\/2024\/07\/OG-1030x541.jpg","type":"","width":"","height":""}],"twitter_card":"summary_large_image","twitter_misc":{"Gesch\u00e4tzte Lesezeit":"16\u00a0Minuten"},"schema":{"@context":"https:\/\/schema.org","@graph":[{"@type":"WebPage","@id":"https:\/\/kimptonbembudapest.com\/de\/bringen-sie-ihren-pelzigen-freund-mit\/","url":"https:\/\/kimptonbembudapest.com\/de\/bringen-sie-ihren-pelzigen-freund-mit\/","name":"Kimpton BEM | Hundefreundliches Hotel in Budapest","isPartOf":{"@id":"https:\/\/kimptonbembudapest.com\/de\/#website"},"datePublished":"2024-05-29T07:09:56+00:00","dateModified":"2024-08-30T12:06:46+00:00","description":"\u202f\u00dcbernachten Sie im Herzen von Budapest mit Ihrem pelzigen Freund. Haustierfreundliche Zimmer und kuschelige Betten f\u00fcr Ihre pelzigen Freunde. Hundefreundliches Hotel in Budapest","breadcrumb":{"@id":"https:\/\/kimptonbembudapest.com\/de\/bringen-sie-ihren-pelzigen-freund-mit\/#breadcrumb"},"inLanguage":"de","potentialAction":[{"@type":"ReadAction","target":["https:\/\/kimptonbembudapest.com\/de\/bringen-sie-ihren-pelzigen-freund-mit\/"]}]},{"@type":"BreadcrumbList","@id":"https:\/\/kimptonbembudapest.com\/de\/bringen-sie-ihren-pelzigen-freund-mit\/#breadcrumb","itemListElement":[{"@type":"ListItem","position":1,"name":"Kezd\u0151lap","item":"https:\/\/kimptonbembudapest.com\/de\/startseite\/"},{"@type":"ListItem","position":2,"name":"Bringen Sie Ihren pelzigen Freund mit"}]},{"@type":"WebSite","@id":"https:\/\/kimptonbembudapest.com\/de\/#website","url":"https:\/\/kimptonbembudapest.com\/de\/","name":"Kimpton BEM Budapest","description":"Budapest Luxury Hotel","potentialAction":[{"@type":"SearchAction","target":{"@type":"EntryPoint","urlTemplate":"https:\/\/kimptonbembudapest.com\/de\/?s={search_term_string}"},"query-input":{"@type":"PropertyValueSpecification","valueRequired":true,"valueName":"search_term_string"}}],"inLanguage":"de"}]}},"_links":{"self":[{"href":"https:\/\/kimptonbembudapest.com\/de\/wp-json\/wp\/v2\/pages\/4023","targetHints":{"allow":["GET"]}}],"collection":[{"href":"https:\/\/kimptonbembudapest.com\/de\/wp-json\/wp\/v2\/pages"}],"about":[{"href":"https:\/\/kimptonbembudapest.com\/de\/wp-json\/wp\/v2\/types\/page"}],"author":[{"embeddable":true,"href":"https:\/\/kimptonbembudapest.com\/de\/wp-json\/wp\/v2\/users\/1"}],"replies":[{"embeddable":true,"href":"https:\/\/kimptonbembudapest.com\/de\/wp-json\/wp\/v2\/comments?post=4023"}],"version-history":[{"count":3,"href":"https:\/\/kimptonbembudapest.com\/de\/wp-json\/wp\/v2\/pages\/4023\/revisions"}],"predecessor-version":[{"id":4190,"href":"https:\/\/kimptonbembudapest.com\/de\/wp-json\/wp\/v2\/pages\/4023\/revisions\/4190"}],"wp:attachment":[{"href":"https:\/\/kimptonbembudapest.com\/de\/wp-json\/wp\/v2\/media?parent=4023"}],"curies":[{"name":"wp","href":"https:\/\/api.w.org\/{rel}","templated":true}]}}