{"id":4002,"date":"2024-07-02T10:23:35","date_gmt":"2024-07-02T08:23:35","guid":{"rendered":"https:\/\/kimptonbembudapest.com\/bems-fennen\/"},"modified":"2024-12-18T13:45:50","modified_gmt":"2024-12-18T12:45:50","slug":"bems-fennen","status":"publish","type":"page","link":"https:\/\/kimptonbembudapest.com\/de\/bems-fennen\/","title":{"rendered":"BEM&#8217;s Fennen"},"content":{"rendered":"<div id='av_section_1'  class='avia-section av-11qb5x-0f4e81ac602dc9a3e13747c508c6aacf main_color avia-section-default avia-no-border-styling  avia-builder-el-0  el_before_av_horizontal_gallery  avia-builder-el-first  avia-bg-style-scroll container_wrap fullsize'  ><div class='container av-section-cont-open' ><main  role=\"main\" itemprop=\"mainContentOfPage\"  class='template-page content  av-content-full alpha units'><div class='post-entry post-entry-type-page post-entry-4002'><div class='entry-content-wrapper clearfix'>\n<div  class='flex_column av-yzngt-621ac208b9947319a0fec585a2d32ea1 av_one_full  avia-builder-el-1  el_before_av_one_half  avia-builder-el-first  first flex_column_div  '     ><section  class='av_textblock_section av-ly72h7qb-e158db251fc3d3f0059acea1afb095af '   itemscope=\"itemscope\" itemtype=\"https:\/\/schema.org\/CreativeWork\" ><div class='avia_textblock'  itemprop=\"text\" ><h1>Die beste Rooftop-Bar in Budapest mit atemberaubender Aussicht<\/h1>\n<p>\u00dcber dem gesch\u00e4ftigen Treiben der Stadt liegt Fennen, der versteckte Dachgarten des Kimpton BEM, ein vertr\u00e4umter Ort mit einem von der Natur inspirierten Design, unverwechselbaren Cocktails und einer Verpflichtung zu einem hervorragenden Erlebnis. Dieser geheime Zufluchtsort ist etwas f\u00fcr diejenigen, die einen au\u00dfergew\u00f6hnlichen Ort mit erstklassigem Service im sch\u00f6nen Buda-Stadtteil suchen.<\/p>\n<p>Fennen steht f\u00fcr Luxus und Exklusivit\u00e4t und definiert das Loungen auf der Dachterrasse mit Eleganz und N\u00e4he neu. Ganz gleich, ob Sie einen spritzigen, fruchtigen, aromatischen oder sauren Cocktail bevorzugen, unsere Cocktailkarte bietet eine Mischung aus Klassikern und innovativen Mischungen f\u00fcr jeden Geschmack. Es ist der ideale Ort f\u00fcr Besucher, die gerne Cocktails mit einer atemberaubenden Aussicht genie\u00dfen. Ob an der frischen Luft oder im gem\u00fctlichen Winter-Iglu, jede Gelegenheit ist eine Flucht aus dem Alltag, bei der man das Leben wirklich genie\u00dfen kann.<\/p>\n<\/div><\/section><\/div><div class='flex_column_table av-tqsut-a9b09b6582910d099a77f3757bf8d9a4 sc-av_one_half av-equal-height-column-flextable'><div  class='flex_column av-tqsut-a9b09b6582910d099a77f3757bf8d9a4 av_one_half  avia-builder-el-3  el_after_av_one_full  el_before_av_one_half  first flex_column_table_cell av-equal-height-column av-align-middle  column-top-margin'     ><section  class='av_textblock_section av-nnk3x-810aef53154cefd3112f0b7336fcf2fb '   itemscope=\"itemscope\" itemtype=\"https:\/\/schema.org\/CreativeWork\" ><div class='avia_textblock'  itemprop=\"text\" ><h2>Entdecken Sie Budapests beste Aussichten mit Rooftop-Cocktails<\/h2>\n<p>Mit dem Versprechen auf unvergessliche Momente l\u00e4dt das Fennen Sie ein, sich zu entspannen, zu feiern oder einfach die Sch\u00f6nheit des Lebens zu genie\u00dfen \u2013 denn Ihren Lieblingscocktail zu genie\u00dfen, w\u00e4hrend Sie den Sonnenuntergang beobachten, ist nat\u00fcrlich ein magisches Erlebnis. Private Veranstaltungen, besondere Anl\u00e4sse oder ein romantischer Abend oberhalb von BEM, dieses kleine Juwel hinterl\u00e4sst mit Sicherheit Erinnerungen, die Ihnen noch lange nach dem letzten Drink in Erinnerung bleiben werden.<\/p>\n<p><strong>Wenn Sie den Zauber unserer Dachterrasse selbst erleben m\u00f6chten, klicken Sie bitte auf die Schaltfl\u00e4che unten, um einen Tisch zu reservieren. Nur Reservierungen.<\/strong><\/p>\n<p>Sie reisen mit dem Auto an? Vor Ort gibt es Parkm\u00f6glichkeiten f\u00fcr Ihren Komfort. Es wird ein kleiner Aufpreis erhoben.<\/p>\n<p><strong>\u00d6ffnungszeiten<\/strong><\/p>\n<p><strong>Montag bis Sonntag 17 \u2013 24 Uhr<\/strong><\/p>\n<\/div><\/section><br \/>\n<div  class='avia-button-wrap av-ly72nnd5-5222342907293a36a208c1945a0f5eca-wrap avia-button-left  avia-builder-el-5  el_after_av_textblock  avia-builder-el-last '><a href='https:\/\/www.sevenrooms.com\/reservations\/fennen\/offers-dir' class='avia-button av-ly72nnd5-5222342907293a36a208c1945a0f5eca av-link-btn avia-icon_select-no avia-size-large avia-position-left avia-color-theme-color' target=\"_blank\" rel=\"noopener noreferrer\"><span class='avia_iconbox_title' >JETZT BUCHEN<\/span><\/a><\/div><\/p><\/div><div class='av-flex-placeholder'><\/div><div  class='flex_column av-gdq6l-b223687ac535fb5e7f2860ad2511d809 av_one_half  avia-builder-el-6  el_after_av_one_half  avia-builder-el-last  flex_column_table_cell av-equal-height-column av-align-middle  column-top-margin'     ><style type=\"text\/css\" data-created_by=\"avia_inline_auto\" id=\"style-css-av-9wyjx-1215d77ade18085b600b07a74638841a\">\n.avia-image-container.av-9wyjx-1215d77ade18085b600b07a74638841a img.avia_image{\nbox-shadow:none;\n}\n.avia-image-container.av-9wyjx-1215d77ade18085b600b07a74638841a .av-image-caption-overlay-center{\ncolor:#ffffff;\n}\n<\/style>\n<div  class='avia-image-container av-9wyjx-1215d77ade18085b600b07a74638841a av-styling- avia-align-center  avia-builder-el-7  avia-builder-el-no-sibling '   itemprop=\"image\" itemscope=\"itemscope\" itemtype=\"https:\/\/schema.org\/ImageObject\" ><div class=\"avia-image-container-inner\"><div class=\"avia-image-overlay-wrap\"><img decoding=\"async\" fetchpriority=\"high\" class='wp-image-3621 avia-img-lazy-loading-not-3621 avia_image ' src=\"https:\/\/kimptonbembudapest.com\/wp-content\/uploads\/2024\/07\/240611_KIMPTON_BEM__1281.jpg\" alt='' title='240611_KIMPTON_BEM__1281'  height=\"1706\" width=\"2560\"  itemprop=\"thumbnailUrl\" srcset=\"https:\/\/kimptonbembudapest.com\/wp-content\/uploads\/2024\/07\/240611_KIMPTON_BEM__1281.jpg 2560w, https:\/\/kimptonbembudapest.com\/wp-content\/uploads\/2024\/07\/240611_KIMPTON_BEM__1281-300x200.jpg 300w, https:\/\/kimptonbembudapest.com\/wp-content\/uploads\/2024\/07\/240611_KIMPTON_BEM__1281-1030x686.jpg 1030w, https:\/\/kimptonbembudapest.com\/wp-content\/uploads\/2024\/07\/240611_KIMPTON_BEM__1281-768x512.jpg 768w, https:\/\/kimptonbembudapest.com\/wp-content\/uploads\/2024\/07\/240611_KIMPTON_BEM__1281-1536x1024.jpg 1536w, https:\/\/kimptonbembudapest.com\/wp-content\/uploads\/2024\/07\/240611_KIMPTON_BEM__1281-2048x1365.jpg 2048w, https:\/\/kimptonbembudapest.com\/wp-content\/uploads\/2024\/07\/240611_KIMPTON_BEM__1281-1500x1000.jpg 1500w, https:\/\/kimptonbembudapest.com\/wp-content\/uploads\/2024\/07\/240611_KIMPTON_BEM__1281-705x470.jpg 705w\" sizes=\"(max-width: 2560px) 100vw, 2560px\" \/><\/div><\/div><\/div><\/div><\/div><!--close column table wrapper. Autoclose: 1 -->\n<style type=\"text\/css\" data-created_by=\"avia_inline_auto\" id=\"style-css-av-9995p-2a2de0337b15e9da5d5fca8e56850de6\">\n.av-horizontal-gallery.av-9995p-2a2de0337b15e9da5d5fca8e56850de6{\npadding:4.5% 0px;;\n}\n.av-horizontal-gallery.av-9995p-2a2de0337b15e9da5d5fca8e56850de6 .av-horizontal-gallery-inner{\npadding-bottom:30%;\n}\n<\/style>\n<div  class='av-horizontal-gallery av-9995p-2a2de0337b15e9da5d5fca8e56850de6 av-horizontal-gallery-large-gap av-horizontal-gallery-enlarge-effect  avia-builder-el-8  el_after_av_section  avia-builder-el-last  nopadding av-slideshow-ui av-control-default av-no-slider-navigation av-slideshow-manual av-loop-once av-loop-manual-once av-horizontal-gallery-1' data-slideshow-data=\"{&quot;enlarge&quot;:1.3,&quot;animation&quot;:&quot;slide&quot;,&quot;autoplay&quot;:false,&quot;loop_autoplay&quot;:&quot;once&quot;,&quot;interval&quot;:5,&quot;loop_manual&quot;:&quot;manual-once&quot;,&quot;autoplay_stopper&quot;:false,&quot;noNavigation&quot;:false,&quot;bg_slider&quot;:false,&quot;keep_padding&quot;:&quot;&quot;,&quot;hoverpause&quot;:false,&quot;show_slide_delay&quot;:0}\"  itemprop=\"image\" itemscope=\"itemscope\" itemtype=\"https:\/\/schema.org\/ImageObject\" ><div class='avia-slideshow-arrows avia-slideshow-controls' ><a href='#prev' class='prev-slide av-horizontal-gallery-prev' aria-hidden='true' data-av_icon='\ue87c' data-av_iconfont='entypo-fontello'  tabindex='-1'>Zur\u00fcck<\/a><a href='#next' class='next-slide av-horizontal-gallery-next' aria-hidden='true' data-av_icon='\ue87d' data-av_iconfont='entypo-fontello'  tabindex='-1'>Weiter<\/a><\/div><div class='av-horizontal-gallery-inner' data-av-height='30'><div class=\"av-horizontal-gallery-slider\"><div class=\"av-horizontal-gallery-wrap noHover\"><img decoding=\"async\" fetchpriority=\"high\" class='wp-image-4018 avia-img-lazy-loading-not-4018 av-horizontal-gallery-img' width=\"1500\" height=\"1000\" src=\"https:\/\/kimptonbembudapest.com\/wp-content\/uploads\/2024\/07\/IMG_1431-1.jpg\" title='IMG_1431' alt='' srcset=\"https:\/\/kimptonbembudapest.com\/wp-content\/uploads\/2024\/07\/IMG_1431-1.jpg 1500w, https:\/\/kimptonbembudapest.com\/wp-content\/uploads\/2024\/07\/IMG_1431-1-300x200.jpg 300w, https:\/\/kimptonbembudapest.com\/wp-content\/uploads\/2024\/07\/IMG_1431-1-1030x687.jpg 1030w, https:\/\/kimptonbembudapest.com\/wp-content\/uploads\/2024\/07\/IMG_1431-1-768x512.jpg 768w, https:\/\/kimptonbembudapest.com\/wp-content\/uploads\/2024\/07\/IMG_1431-1-705x470.jpg 705w\" sizes=\"(max-width: 1500px) 100vw, 1500px\" \/><a href=\"https:\/\/kimptonbembudapest.com\/wp-content\/uploads\/2024\/07\/IMG_1431-1-1030x687.jpg\" data-srcset=\"https:\/\/kimptonbembudapest.com\/wp-content\/uploads\/2024\/07\/IMG_1431-1-1030x687.jpg 1030w, https:\/\/kimptonbembudapest.com\/wp-content\/uploads\/2024\/07\/IMG_1431-1-300x200.jpg 300w, https:\/\/kimptonbembudapest.com\/wp-content\/uploads\/2024\/07\/IMG_1431-1-768x512.jpg 768w, https:\/\/kimptonbembudapest.com\/wp-content\/uploads\/2024\/07\/IMG_1431-1-705x470.jpg 705w, https:\/\/kimptonbembudapest.com\/wp-content\/uploads\/2024\/07\/IMG_1431-1.jpg 1500w\" data-sizes=\"(max-width: 1030px) 100vw, 1030px\" class='av-horizontal-gallery-link' aria-hidden='true' data-av_icon='\ue869' data-av_iconfont='entypo-fontello' title='IMG_1431' alt=''><\/a><\/div><div class=\"av-horizontal-gallery-wrap noHover\"><img decoding=\"async\" fetchpriority=\"high\" class='wp-image-4012 avia-img-lazy-loading-not-4012 av-horizontal-gallery-img' width=\"1500\" height=\"1000\" src=\"https:\/\/kimptonbembudapest.com\/wp-content\/uploads\/2024\/07\/IMG_1139-1.jpg\" title='IMG_1139' alt='' srcset=\"https:\/\/kimptonbembudapest.com\/wp-content\/uploads\/2024\/07\/IMG_1139-1.jpg 1500w, https:\/\/kimptonbembudapest.com\/wp-content\/uploads\/2024\/07\/IMG_1139-1-300x200.jpg 300w, https:\/\/kimptonbembudapest.com\/wp-content\/uploads\/2024\/07\/IMG_1139-1-1030x687.jpg 1030w, https:\/\/kimptonbembudapest.com\/wp-content\/uploads\/2024\/07\/IMG_1139-1-768x512.jpg 768w, https:\/\/kimptonbembudapest.com\/wp-content\/uploads\/2024\/07\/IMG_1139-1-705x470.jpg 705w\" sizes=\"(max-width: 1500px) 100vw, 1500px\" \/><a href=\"https:\/\/kimptonbembudapest.com\/wp-content\/uploads\/2024\/07\/IMG_1139-1-1030x687.jpg\" data-srcset=\"https:\/\/kimptonbembudapest.com\/wp-content\/uploads\/2024\/07\/IMG_1139-1-1030x687.jpg 1030w, https:\/\/kimptonbembudapest.com\/wp-content\/uploads\/2024\/07\/IMG_1139-1-300x200.jpg 300w, https:\/\/kimptonbembudapest.com\/wp-content\/uploads\/2024\/07\/IMG_1139-1-768x512.jpg 768w, https:\/\/kimptonbembudapest.com\/wp-content\/uploads\/2024\/07\/IMG_1139-1-705x470.jpg 705w, https:\/\/kimptonbembudapest.com\/wp-content\/uploads\/2024\/07\/IMG_1139-1.jpg 1500w\" data-sizes=\"(max-width: 1030px) 100vw, 1030px\" class='av-horizontal-gallery-link' aria-hidden='true' data-av_icon='\ue869' data-av_iconfont='entypo-fontello' title='IMG_1139' alt=''><\/a><\/div><div class=\"av-horizontal-gallery-wrap noHover\"><img decoding=\"async\" fetchpriority=\"high\" class='wp-image-4019 avia-img-lazy-loading-not-4019 av-horizontal-gallery-img' width=\"1500\" height=\"1000\" src=\"https:\/\/kimptonbembudapest.com\/wp-content\/uploads\/2024\/07\/IMG_1502-1.jpg\" title='IMG_1502' alt='' srcset=\"https:\/\/kimptonbembudapest.com\/wp-content\/uploads\/2024\/07\/IMG_1502-1.jpg 1500w, https:\/\/kimptonbembudapest.com\/wp-content\/uploads\/2024\/07\/IMG_1502-1-300x200.jpg 300w, https:\/\/kimptonbembudapest.com\/wp-content\/uploads\/2024\/07\/IMG_1502-1-1030x687.jpg 1030w, https:\/\/kimptonbembudapest.com\/wp-content\/uploads\/2024\/07\/IMG_1502-1-768x512.jpg 768w, https:\/\/kimptonbembudapest.com\/wp-content\/uploads\/2024\/07\/IMG_1502-1-705x470.jpg 705w\" sizes=\"(max-width: 1500px) 100vw, 1500px\" \/><a href=\"https:\/\/kimptonbembudapest.com\/wp-content\/uploads\/2024\/07\/IMG_1502-1-1030x687.jpg\" data-srcset=\"https:\/\/kimptonbembudapest.com\/wp-content\/uploads\/2024\/07\/IMG_1502-1-1030x687.jpg 1030w, https:\/\/kimptonbembudapest.com\/wp-content\/uploads\/2024\/07\/IMG_1502-1-300x200.jpg 300w, https:\/\/kimptonbembudapest.com\/wp-content\/uploads\/2024\/07\/IMG_1502-1-768x512.jpg 768w, https:\/\/kimptonbembudapest.com\/wp-content\/uploads\/2024\/07\/IMG_1502-1-705x470.jpg 705w, https:\/\/kimptonbembudapest.com\/wp-content\/uploads\/2024\/07\/IMG_1502-1.jpg 1500w\" data-sizes=\"(max-width: 1030px) 100vw, 1030px\" class='av-horizontal-gallery-link' aria-hidden='true' data-av_icon='\ue869' data-av_iconfont='entypo-fontello' title='IMG_1502' alt=''><\/a><\/div><div class=\"av-horizontal-gallery-wrap noHover\"><img decoding=\"async\" fetchpriority=\"high\" class='wp-image-4013 avia-img-lazy-loading-not-4013 av-horizontal-gallery-img' width=\"1500\" height=\"1000\" src=\"https:\/\/kimptonbembudapest.com\/wp-content\/uploads\/2024\/07\/IMG_1190-1.jpg\" title='IMG_1190' alt='' srcset=\"https:\/\/kimptonbembudapest.com\/wp-content\/uploads\/2024\/07\/IMG_1190-1.jpg 1500w, https:\/\/kimptonbembudapest.com\/wp-content\/uploads\/2024\/07\/IMG_1190-1-300x200.jpg 300w, https:\/\/kimptonbembudapest.com\/wp-content\/uploads\/2024\/07\/IMG_1190-1-1030x687.jpg 1030w, https:\/\/kimptonbembudapest.com\/wp-content\/uploads\/2024\/07\/IMG_1190-1-768x512.jpg 768w, https:\/\/kimptonbembudapest.com\/wp-content\/uploads\/2024\/07\/IMG_1190-1-705x470.jpg 705w\" sizes=\"(max-width: 1500px) 100vw, 1500px\" \/><a href=\"https:\/\/kimptonbembudapest.com\/wp-content\/uploads\/2024\/07\/IMG_1190-1-1030x687.jpg\" data-srcset=\"https:\/\/kimptonbembudapest.com\/wp-content\/uploads\/2024\/07\/IMG_1190-1-1030x687.jpg 1030w, https:\/\/kimptonbembudapest.com\/wp-content\/uploads\/2024\/07\/IMG_1190-1-300x200.jpg 300w, https:\/\/kimptonbembudapest.com\/wp-content\/uploads\/2024\/07\/IMG_1190-1-768x512.jpg 768w, https:\/\/kimptonbembudapest.com\/wp-content\/uploads\/2024\/07\/IMG_1190-1-705x470.jpg 705w, https:\/\/kimptonbembudapest.com\/wp-content\/uploads\/2024\/07\/IMG_1190-1.jpg 1500w\" data-sizes=\"(max-width: 1030px) 100vw, 1030px\" class='av-horizontal-gallery-link' aria-hidden='true' data-av_icon='\ue869' data-av_iconfont='entypo-fontello' title='IMG_1190' alt=''><\/a><\/div><div class=\"av-horizontal-gallery-wrap noHover\"><img decoding=\"async\" fetchpriority=\"high\" class='wp-image-4017 avia-img-lazy-loading-not-4017 av-horizontal-gallery-img' width=\"1500\" height=\"1000\" src=\"https:\/\/kimptonbembudapest.com\/wp-content\/uploads\/2024\/07\/IMG_1386-1.jpg\" title='IMG_1386' alt='' srcset=\"https:\/\/kimptonbembudapest.com\/wp-content\/uploads\/2024\/07\/IMG_1386-1.jpg 1500w, https:\/\/kimptonbembudapest.com\/wp-content\/uploads\/2024\/07\/IMG_1386-1-300x200.jpg 300w, https:\/\/kimptonbembudapest.com\/wp-content\/uploads\/2024\/07\/IMG_1386-1-1030x687.jpg 1030w, https:\/\/kimptonbembudapest.com\/wp-content\/uploads\/2024\/07\/IMG_1386-1-768x512.jpg 768w, https:\/\/kimptonbembudapest.com\/wp-content\/uploads\/2024\/07\/IMG_1386-1-705x470.jpg 705w\" sizes=\"(max-width: 1500px) 100vw, 1500px\" \/><a href=\"https:\/\/kimptonbembudapest.com\/wp-content\/uploads\/2024\/07\/IMG_1386-1-1030x687.jpg\" data-srcset=\"https:\/\/kimptonbembudapest.com\/wp-content\/uploads\/2024\/07\/IMG_1386-1-1030x687.jpg 1030w, https:\/\/kimptonbembudapest.com\/wp-content\/uploads\/2024\/07\/IMG_1386-1-300x200.jpg 300w, https:\/\/kimptonbembudapest.com\/wp-content\/uploads\/2024\/07\/IMG_1386-1-768x512.jpg 768w, https:\/\/kimptonbembudapest.com\/wp-content\/uploads\/2024\/07\/IMG_1386-1-705x470.jpg 705w, https:\/\/kimptonbembudapest.com\/wp-content\/uploads\/2024\/07\/IMG_1386-1.jpg 1500w\" data-sizes=\"(max-width: 1030px) 100vw, 1030px\" class='av-horizontal-gallery-link' aria-hidden='true' data-av_icon='\ue869' data-av_iconfont='entypo-fontello' title='IMG_1386' alt=''><\/a><\/div><div class=\"av-horizontal-gallery-wrap noHover\"><img decoding=\"async\" fetchpriority=\"high\" class='wp-image-4015 avia-img-lazy-loading-not-4015 av-horizontal-gallery-img' width=\"1500\" height=\"1000\" src=\"https:\/\/kimptonbembudapest.com\/wp-content\/uploads\/2024\/07\/IMG_1295-1.jpg\" title='IMG_1295' alt='' srcset=\"https:\/\/kimptonbembudapest.com\/wp-content\/uploads\/2024\/07\/IMG_1295-1.jpg 1500w, https:\/\/kimptonbembudapest.com\/wp-content\/uploads\/2024\/07\/IMG_1295-1-300x200.jpg 300w, https:\/\/kimptonbembudapest.com\/wp-content\/uploads\/2024\/07\/IMG_1295-1-1030x687.jpg 1030w, https:\/\/kimptonbembudapest.com\/wp-content\/uploads\/2024\/07\/IMG_1295-1-768x512.jpg 768w, https:\/\/kimptonbembudapest.com\/wp-content\/uploads\/2024\/07\/IMG_1295-1-705x470.jpg 705w\" sizes=\"(max-width: 1500px) 100vw, 1500px\" \/><a href=\"https:\/\/kimptonbembudapest.com\/wp-content\/uploads\/2024\/07\/IMG_1295-1-1030x687.jpg\" data-srcset=\"https:\/\/kimptonbembudapest.com\/wp-content\/uploads\/2024\/07\/IMG_1295-1-1030x687.jpg 1030w, https:\/\/kimptonbembudapest.com\/wp-content\/uploads\/2024\/07\/IMG_1295-1-300x200.jpg 300w, https:\/\/kimptonbembudapest.com\/wp-content\/uploads\/2024\/07\/IMG_1295-1-768x512.jpg 768w, https:\/\/kimptonbembudapest.com\/wp-content\/uploads\/2024\/07\/IMG_1295-1-705x470.jpg 705w, https:\/\/kimptonbembudapest.com\/wp-content\/uploads\/2024\/07\/IMG_1295-1.jpg 1500w\" data-sizes=\"(max-width: 1030px) 100vw, 1030px\" class='av-horizontal-gallery-link' aria-hidden='true' data-av_icon='\ue869' data-av_iconfont='entypo-fontello' title='IMG_1295' alt=''><\/a><\/div><div class=\"av-horizontal-gallery-wrap noHover\"><img decoding=\"async\" fetchpriority=\"high\" class='wp-image-4016 avia-img-lazy-loading-not-4016 av-horizontal-gallery-img' width=\"1500\" height=\"1000\" src=\"https:\/\/kimptonbembudapest.com\/wp-content\/uploads\/2024\/07\/IMG_1362-1.jpg\" title='IMG_1362' alt='' srcset=\"https:\/\/kimptonbembudapest.com\/wp-content\/uploads\/2024\/07\/IMG_1362-1.jpg 1500w, https:\/\/kimptonbembudapest.com\/wp-content\/uploads\/2024\/07\/IMG_1362-1-300x200.jpg 300w, https:\/\/kimptonbembudapest.com\/wp-content\/uploads\/2024\/07\/IMG_1362-1-1030x687.jpg 1030w, https:\/\/kimptonbembudapest.com\/wp-content\/uploads\/2024\/07\/IMG_1362-1-768x512.jpg 768w, https:\/\/kimptonbembudapest.com\/wp-content\/uploads\/2024\/07\/IMG_1362-1-705x470.jpg 705w\" sizes=\"(max-width: 1500px) 100vw, 1500px\" \/><a href=\"https:\/\/kimptonbembudapest.com\/wp-content\/uploads\/2024\/07\/IMG_1362-1-1030x687.jpg\" data-srcset=\"https:\/\/kimptonbembudapest.com\/wp-content\/uploads\/2024\/07\/IMG_1362-1-1030x687.jpg 1030w, https:\/\/kimptonbembudapest.com\/wp-content\/uploads\/2024\/07\/IMG_1362-1-300x200.jpg 300w, https:\/\/kimptonbembudapest.com\/wp-content\/uploads\/2024\/07\/IMG_1362-1-768x512.jpg 768w, https:\/\/kimptonbembudapest.com\/wp-content\/uploads\/2024\/07\/IMG_1362-1-705x470.jpg 705w, https:\/\/kimptonbembudapest.com\/wp-content\/uploads\/2024\/07\/IMG_1362-1.jpg 1500w\" data-sizes=\"(max-width: 1030px) 100vw, 1030px\" class='av-horizontal-gallery-link' aria-hidden='true' data-av_icon='\ue869' data-av_iconfont='entypo-fontello' title='IMG_1362' alt=''><\/a><\/div><div class=\"av-horizontal-gallery-wrap noHover\"><img decoding=\"async\" fetchpriority=\"high\" class='wp-image-4020 avia-img-lazy-loading-not-4020 av-horizontal-gallery-img' width=\"1500\" height=\"1000\" src=\"https:\/\/kimptonbembudapest.com\/wp-content\/uploads\/2024\/07\/IMG_1707-1.jpg\" title='IMG_1707' alt='' srcset=\"https:\/\/kimptonbembudapest.com\/wp-content\/uploads\/2024\/07\/IMG_1707-1.jpg 1500w, https:\/\/kimptonbembudapest.com\/wp-content\/uploads\/2024\/07\/IMG_1707-1-300x200.jpg 300w, https:\/\/kimptonbembudapest.com\/wp-content\/uploads\/2024\/07\/IMG_1707-1-1030x687.jpg 1030w, https:\/\/kimptonbembudapest.com\/wp-content\/uploads\/2024\/07\/IMG_1707-1-768x512.jpg 768w, https:\/\/kimptonbembudapest.com\/wp-content\/uploads\/2024\/07\/IMG_1707-1-705x470.jpg 705w\" sizes=\"(max-width: 1500px) 100vw, 1500px\" \/><a href=\"https:\/\/kimptonbembudapest.com\/wp-content\/uploads\/2024\/07\/IMG_1707-1-1030x687.jpg\" data-srcset=\"https:\/\/kimptonbembudapest.com\/wp-content\/uploads\/2024\/07\/IMG_1707-1-1030x687.jpg 1030w, https:\/\/kimptonbembudapest.com\/wp-content\/uploads\/2024\/07\/IMG_1707-1-300x200.jpg 300w, https:\/\/kimptonbembudapest.com\/wp-content\/uploads\/2024\/07\/IMG_1707-1-768x512.jpg 768w, https:\/\/kimptonbembudapest.com\/wp-content\/uploads\/2024\/07\/IMG_1707-1-705x470.jpg 705w, https:\/\/kimptonbembudapest.com\/wp-content\/uploads\/2024\/07\/IMG_1707-1.jpg 1500w\" data-sizes=\"(max-width: 1030px) 100vw, 1030px\" class='av-horizontal-gallery-link' aria-hidden='true' data-av_icon='\ue869' data-av_iconfont='entypo-fontello' title='IMG_1707' alt=''><\/a><\/div><\/div><\/div><\/div><\/p>\n","protected":false},"excerpt":{"rendered":"","protected":false},"author":4,"featured_media":0,"parent":0,"menu_order":0,"comment_status":"closed","ping_status":"closed","template":"","meta":{"inline_featured_image":false,"footnotes":""},"class_list":["post-4002","page","type-page","status-publish","hentry"],"yoast_head":"<!-- This site is optimized with the Yoast SEO plugin v27.1.1 - https:\/\/yoast.com\/product\/yoast-seo-wordpress\/ -->\n<title>Fennen, Kimpton BEM&#039;s SkyBar | Budapest Rooftop Bar | Cocktailbar<\/title>\n<meta name=\"description\" content=\"Die ultimative Rooftop-Bar in Budapest Erleben Sie Budapest von oben in unserer Skybar.\" \/>\n<meta name=\"robots\" content=\"index, follow, max-snippet:-1, max-image-preview:large, max-video-preview:-1\" \/>\n<link rel=\"canonical\" href=\"https:\/\/kimptonbembudapest.com\/de\/bems-fennen\/\" \/>\n<meta property=\"og:locale\" content=\"de_DE\" \/>\n<meta property=\"og:type\" content=\"article\" \/>\n<meta property=\"og:title\" content=\"Fennen, Kimpton BEM&#039;s SkyBar | Budapest Rooftop Bar | Cocktailbar\" \/>\n<meta property=\"og:description\" content=\"Die ultimative Rooftop-Bar in Budapest Erleben Sie Budapest von oben in unserer Skybar.\" \/>\n<meta property=\"og:url\" content=\"https:\/\/kimptonbembudapest.com\/de\/bems-fennen\/\" \/>\n<meta property=\"og:site_name\" content=\"Kimpton BEM Budapest\" \/>\n<meta property=\"article:modified_time\" content=\"2024-12-18T12:45:50+00:00\" \/>\n<meta property=\"og:image\" content=\"https:\/\/kimptonbembudapest.com\/wp-content\/uploads\/2024\/07\/OG-1030x541.jpg\" \/>\n<meta name=\"twitter:card\" content=\"summary_large_image\" \/>\n<meta name=\"twitter:label1\" content=\"Gesch\u00e4tzte Lesezeit\" \/>\n\t<meta name=\"twitter:data1\" content=\"3\u00a0Minuten\" \/>\n<!-- \/ Yoast SEO plugin. -->","yoast_head_json":{"title":"Fennen, Kimpton BEM's SkyBar | Budapest Rooftop Bar | Cocktailbar","description":"Die ultimative Rooftop-Bar in Budapest Erleben Sie Budapest von oben in unserer Skybar.","robots":{"index":"index","follow":"follow","max-snippet":"max-snippet:-1","max-image-preview":"max-image-preview:large","max-video-preview":"max-video-preview:-1"},"canonical":"https:\/\/kimptonbembudapest.com\/de\/bems-fennen\/","og_locale":"de_DE","og_type":"article","og_title":"Fennen, Kimpton BEM's SkyBar | Budapest Rooftop Bar | Cocktailbar","og_description":"Die ultimative Rooftop-Bar in Budapest Erleben Sie Budapest von oben in unserer Skybar.","og_url":"https:\/\/kimptonbembudapest.com\/de\/bems-fennen\/","og_site_name":"Kimpton BEM Budapest","article_modified_time":"2024-12-18T12:45:50+00:00","og_image":[{"url":"https:\/\/kimptonbembudapest.com\/wp-content\/uploads\/2024\/07\/OG-1030x541.jpg","type":"","width":"","height":""}],"twitter_card":"summary_large_image","twitter_misc":{"Gesch\u00e4tzte Lesezeit":"3\u00a0Minuten"},"schema":{"@context":"https:\/\/schema.org","@graph":[{"@type":"WebPage","@id":"https:\/\/kimptonbembudapest.com\/de\/bems-fennen\/","url":"https:\/\/kimptonbembudapest.com\/de\/bems-fennen\/","name":"Fennen, Kimpton BEM's SkyBar | Budapest Rooftop Bar | Cocktailbar","isPartOf":{"@id":"https:\/\/kimptonbembudapest.com\/de\/#website"},"datePublished":"2024-07-02T08:23:35+00:00","dateModified":"2024-12-18T12:45:50+00:00","description":"Die ultimative Rooftop-Bar in Budapest Erleben Sie Budapest von oben in unserer Skybar.","breadcrumb":{"@id":"https:\/\/kimptonbembudapest.com\/de\/bems-fennen\/#breadcrumb"},"inLanguage":"de","potentialAction":[{"@type":"ReadAction","target":["https:\/\/kimptonbembudapest.com\/de\/bems-fennen\/"]}]},{"@type":"BreadcrumbList","@id":"https:\/\/kimptonbembudapest.com\/de\/bems-fennen\/#breadcrumb","itemListElement":[{"@type":"ListItem","position":1,"name":"Kezd\u0151lap","item":"https:\/\/kimptonbembudapest.com\/de\/startseite\/"},{"@type":"ListItem","position":2,"name":"BEM&#8217;s Fennen"}]},{"@type":"WebSite","@id":"https:\/\/kimptonbembudapest.com\/de\/#website","url":"https:\/\/kimptonbembudapest.com\/de\/","name":"Kimpton BEM Budapest","description":"Budapest Luxury Hotel","potentialAction":[{"@type":"SearchAction","target":{"@type":"EntryPoint","urlTemplate":"https:\/\/kimptonbembudapest.com\/de\/?s={search_term_string}"},"query-input":{"@type":"PropertyValueSpecification","valueRequired":true,"valueName":"search_term_string"}}],"inLanguage":"de"}]}},"_links":{"self":[{"href":"https:\/\/kimptonbembudapest.com\/de\/wp-json\/wp\/v2\/pages\/4002","targetHints":{"allow":["GET"]}}],"collection":[{"href":"https:\/\/kimptonbembudapest.com\/de\/wp-json\/wp\/v2\/pages"}],"about":[{"href":"https:\/\/kimptonbembudapest.com\/de\/wp-json\/wp\/v2\/types\/page"}],"author":[{"embeddable":true,"href":"https:\/\/kimptonbembudapest.com\/de\/wp-json\/wp\/v2\/users\/4"}],"replies":[{"embeddable":true,"href":"https:\/\/kimptonbembudapest.com\/de\/wp-json\/wp\/v2\/comments?post=4002"}],"version-history":[{"count":4,"href":"https:\/\/kimptonbembudapest.com\/de\/wp-json\/wp\/v2\/pages\/4002\/revisions"}],"predecessor-version":[{"id":8515,"href":"https:\/\/kimptonbembudapest.com\/de\/wp-json\/wp\/v2\/pages\/4002\/revisions\/8515"}],"wp:attachment":[{"href":"https:\/\/kimptonbembudapest.com\/de\/wp-json\/wp\/v2\/media?parent=4002"}],"curies":[{"name":"wp","href":"https:\/\/api.w.org\/{rel}","templated":true}]}}