{"id":3945,"date":"2024-07-02T10:28:13","date_gmt":"2024-07-02T08:28:13","guid":{"rendered":"https:\/\/kimptonbembudapest.com\/andrassy-allee\/"},"modified":"2024-12-06T13:00:12","modified_gmt":"2024-12-06T12:00:12","slug":"andrassy-allee","status":"publish","type":"page","link":"https:\/\/kimptonbembudapest.com\/de\/andrassy-allee\/","title":{"rendered":"Andrassy-Allee"},"content":{"rendered":"<div id='av_section_1'  class='avia-section av-1qesiq-8fadafaecc4555752f118c949c946115 main_color avia-section-default avia-no-border-styling  avia-builder-el-0  avia-builder-el-no-sibling  avia-bg-style-scroll container_wrap fullsize'  ><div class='container av-section-cont-open' ><main  role=\"main\" itemprop=\"mainContentOfPage\"  class='template-page content  av-content-full alpha units'><div class='post-entry post-entry-type-page post-entry-3945'><div class='entry-content-wrapper clearfix'>\n<div  class='flex_column av-aoz22-04308e233f8a1b87b73e51c856e28719 av_one_full  avia-builder-el-1  el_before_av_one_full  avia-builder-el-first  first flex_column_div  '     ><style type=\"text\/css\" data-created_by=\"avia_inline_auto\" id=\"style-css-av-lyfszj4n-888eb30f2d3f079910ba4e3cb43d16bf\">\n#top .av-special-heading.av-lyfszj4n-888eb30f2d3f079910ba4e3cb43d16bf{\npadding-bottom:10px;\n}\nbody .av-special-heading.av-lyfszj4n-888eb30f2d3f079910ba4e3cb43d16bf .av-special-heading-tag .heading-char{\nfont-size:25px;\n}\n.av-special-heading.av-lyfszj4n-888eb30f2d3f079910ba4e3cb43d16bf .av-subheading{\nfont-size:15px;\n}\n<\/style>\n<div  class='av-special-heading av-lyfszj4n-888eb30f2d3f079910ba4e3cb43d16bf av-special-heading-h1  avia-builder-el-2  avia-builder-el-no-sibling '><h1 class='av-special-heading-tag'  itemprop=\"headline\"  >Andrassy-Allee Budapest<\/h1><div class=\"special-heading-border\"><div class=\"special-heading-inner-border\"><\/div><\/div><\/div><\/div><div  class='flex_column av-1n1i0a-ed73d8c93f53ac532edaef89164edd1e av_one_full  avia-builder-el-3  el_after_av_one_full  el_before_av_one_full  first flex_column_div  column-top-margin'     ><section  class='av_textblock_section av-lyft1rfj-e06c848dbf0d53564db70b33f487ea79 '   itemscope=\"itemscope\" itemtype=\"https:\/\/schema.org\/CreativeWork\" ><div class='avia_textblock'  itemprop=\"text\" ><p>Die Andrassy-Allee, auch als ungarischer Champ Elys\u00e9e von Paris bekannt, ist das 1,4 Meilen lange Accessoire von Budapest und verbindet das Stadtzentrum mit dem ikonischen Heldenplatz. Dieser Boulevard ist eine perfekte Mischung aus Geschichte und Luxus und geh\u00f6rt zusammen mit dem Donauufer und dem Heldenplatz zum UNESCO-Weltkulturerbe. Die Renaissance-Geb\u00e4ude sind architektonische Meisterwerke und bilden eine sch\u00f6ne Flaniermeile f\u00fcr Geschichts- und Designliebhaber. Bei einem Spaziergang entlang dieser majest\u00e4tischen Allee finden Sie hochwertige Gesch\u00e4fte von exklusiven Luxusmarken wie z. B.: Louis Vuitton oder Gucci. Wenn Sie auf der Suche nach exklusiven ungarischen Boutiquen mit einem einzigartigen Stil und Raffinesse sind, finden Sie hier auch Nubu. Der Charme der Allee nimmt Sie mit auf eine Zeitreise durch die aristokratische Vergangenheit, die sich in der \u00e4u\u00dferen Gestaltung widerspiegelt, w\u00e4hrend Sie gleichzeitig modernen Luxus genie\u00dfen k\u00f6nnen. Ob Sie nun ein Architekturliebhaber, ein Modefan oder einfach nur ein neugieriger Reisender sind, die Andr\u00e1ssy-Allee wird Sie auf eine unvergessliche Reise durch das Herz der ungarischen Hauptstadt mitnehmen.<\/p>\n<\/div><\/section><\/div><div  class='flex_column av-ofwyi-453e141b626672b9c8e199d665213a8f av_one_full  avia-builder-el-5  el_after_av_one_full  el_before_av_one_full  first flex_column_div  column-top-margin'     ><section  class='av_textblock_section av-lyft3k3u-90717d0dffe311861b75eb8bded7e67f '   itemscope=\"itemscope\" itemtype=\"https:\/\/schema.org\/CreativeWork\" ><div class='avia_textblock'  itemprop=\"text\" ><h2>Ungarische Staatsoper<\/h2>\n<p>Die Ungarische Staatsoper im Herzen von Budapest ist ein Muss f\u00fcr jeden, der von der Welt der Kunst fasziniert ist. Das von dem bekannten ungarischen Architekten Mikl\u00f3s Ybl entworfene Geb\u00e4ude wurde 1884 er\u00f6ffnet und ist seither ein Symbol f\u00fcr Neorenaissance-Architektur mit barocken Elementen. Dieses architektonische Wunderwerk beeindruckt nicht nur durch sein \u00c4u\u00dferes und sein Inneres, sondern spielt auch eine wichtige Rolle im ungarischen Kulturleben als kulturelle Institution, in der die fesselndsten Opern und Ballette aufgef\u00fchrt werden. Wenn Sie w\u00e4hrend Ihres Aufenthalts in Ungarn mehr als nur Entspannung suchen, bietet Ihnen die Ungarische Staatsoper ein einzigartiges Kunsterlebnis, bei dem Sie Auff\u00fchrungen von Weltklasse genie\u00dfen und ber\u00fchmte K\u00fcnstler in einer Atmosph\u00e4re von historischem Luxus und Pracht erleben k\u00f6nnen. Um Ihren Besuch noch besonderer zu machen, bietet das Opernhaus auch F\u00fchrungen in sechs Sprachen an, damit Sie die Details und die Geschichte des Geb\u00e4udes erkunden k\u00f6nnen. Jede F\u00fchrung endet mit einem kurzen Konzert, das den Besuchern einen Vorgeschmack auf die Auff\u00fchrungen gibt, die in diesem kultigen Geb\u00e4ude stattfinden. Ob Sie nun ein Opernliebhaber oder einfach nur ein neugieriger Reisender sind, die Ungarische Staatsoper ist eine Reise in das Herz des kulturellen Erbes von Budapest.<\/p>\n<\/div><\/section><\/div><div  class='flex_column av-25idu-957a83935d21ccc73cb24ea1d8066617 av_one_full  avia-builder-el-7  el_after_av_one_full  avia-builder-el-last  first flex_column_div  column-top-margin'     ><section  class='av_textblock_section av-lyft41rf-8ae1d8938a4e4f9328f62cc078b1d3ca '   itemscope=\"itemscope\" itemtype=\"https:\/\/schema.org\/CreativeWork\" ><div class='avia_textblock'  itemprop=\"text\" ><h2>Heldenplatz<\/h2>\n<p>Dieser Platz wurde 1896 zum Gedenken an den 1.000. Jahrestag der Eroberung Ungarns durch die Magyaren erbaut und ist ein UNESCO-Weltkulturerbe von gro\u00dfer kultureller und historischer Bedeutung f\u00fcr Ungarn. Im Zentrum des Heldenplatzes steht das ikonische Millenniumsdenkmal, eine 118 Fu\u00df hohe S\u00e4ule mit einer Statue des Erzengels Gabriel, der die ungarische Heilige Krone und ein Kreuz h\u00e4lt. Dieses Denkmal ist umgeben von Statuen prominenter ungarischer Staatsoberh\u00e4upter, darunter die Sieben H\u00e4uptlinge der Magyaren, die die ungarischen St\u00e4mme in das Karpatenbecken f\u00fchrten, allen voran \u00c1rp\u00e1d, der als Gr\u00fcnder der ungarischen Nation gilt. Der Legende nach schlossen die sieben Anf\u00fchrer einen Blutpakt, der als die erste ungeschriebene Verfassung der ungarischen Nation angesehen wird. Im heutigen Ungarn war der Platz Schauplatz bedeutender politischer Ereignisse, wie der Beisetzung von Imre Nagy, dem Anf\u00fchrer der ungarischen Revolution von 1956. Neben diesem ikonischen Wahrzeichen befinden sich das Museum der Sch\u00f6nen K\u00fcnste, der Kunstpalast und das V\u00e1rosliget, die Sie nicht verpassen sollten.<\/p>\n<\/div><\/section><\/div>\n","protected":false},"excerpt":{"rendered":"","protected":false},"author":4,"featured_media":0,"parent":0,"menu_order":0,"comment_status":"closed","ping_status":"closed","template":"","meta":{"inline_featured_image":false,"footnotes":""},"class_list":["post-3945","page","type-page","status-publish","hentry"],"yoast_head":"<!-- This site is optimized with the Yoast SEO plugin v27.1.1 - https:\/\/yoast.com\/product\/yoast-seo-wordpress\/ -->\n<title>Andrassy-Allee - Kimpton BEM Budapest - Sehensw\u00fcrdigkeiten<\/title>\n<meta name=\"description\" content=\"Erkunden Sie Budapests ikonische Andrassy-Allee, ein UNESCO-Weltkulturerbe, das das Stadtzentrum mit dem Heldenplatz verbindet. Entdecken Sie historische Architektur, luxuri\u00f6se Einkaufsm\u00f6glichkeiten und einzigartige ungarische Boutiquen.\" \/>\n<meta name=\"robots\" content=\"index, follow, max-snippet:-1, max-image-preview:large, max-video-preview:-1\" \/>\n<link rel=\"canonical\" href=\"https:\/\/kimptonbembudapest.com\/de\/andrassy-allee\/\" \/>\n<meta property=\"og:locale\" content=\"de_DE\" \/>\n<meta property=\"og:type\" content=\"article\" \/>\n<meta property=\"og:title\" content=\"Andrassy-Allee - Kimpton BEM Budapest - Sehensw\u00fcrdigkeiten\" \/>\n<meta property=\"og:description\" content=\"Erkunden Sie Budapests ikonische Andrassy-Allee, ein UNESCO-Weltkulturerbe, das das Stadtzentrum mit dem Heldenplatz verbindet. Entdecken Sie historische Architektur, luxuri\u00f6se Einkaufsm\u00f6glichkeiten und einzigartige ungarische Boutiquen.\" \/>\n<meta property=\"og:url\" content=\"https:\/\/kimptonbembudapest.com\/de\/andrassy-allee\/\" \/>\n<meta property=\"og:site_name\" content=\"Kimpton BEM Budapest\" \/>\n<meta property=\"article:modified_time\" content=\"2024-12-06T12:00:12+00:00\" \/>\n<meta property=\"og:image\" content=\"https:\/\/kimptonbembudapest.com\/wp-content\/uploads\/2024\/07\/OG-1030x541.jpg\" \/>\n<meta name=\"twitter:card\" content=\"summary_large_image\" \/>\n<meta name=\"twitter:label1\" content=\"Gesch\u00e4tzte Lesezeit\" \/>\n\t<meta name=\"twitter:data1\" content=\"16\u00a0Minuten\" \/>\n<!-- \/ Yoast SEO plugin. -->","yoast_head_json":{"title":"Andrassy-Allee - Kimpton BEM Budapest - Sehensw\u00fcrdigkeiten","description":"Erkunden Sie Budapests ikonische Andrassy-Allee, ein UNESCO-Weltkulturerbe, das das Stadtzentrum mit dem Heldenplatz verbindet. Entdecken Sie historische Architektur, luxuri\u00f6se Einkaufsm\u00f6glichkeiten und einzigartige ungarische Boutiquen.","robots":{"index":"index","follow":"follow","max-snippet":"max-snippet:-1","max-image-preview":"max-image-preview:large","max-video-preview":"max-video-preview:-1"},"canonical":"https:\/\/kimptonbembudapest.com\/de\/andrassy-allee\/","og_locale":"de_DE","og_type":"article","og_title":"Andrassy-Allee - Kimpton BEM Budapest - Sehensw\u00fcrdigkeiten","og_description":"Erkunden Sie Budapests ikonische Andrassy-Allee, ein UNESCO-Weltkulturerbe, das das Stadtzentrum mit dem Heldenplatz verbindet. Entdecken Sie historische Architektur, luxuri\u00f6se Einkaufsm\u00f6glichkeiten und einzigartige ungarische Boutiquen.","og_url":"https:\/\/kimptonbembudapest.com\/de\/andrassy-allee\/","og_site_name":"Kimpton BEM Budapest","article_modified_time":"2024-12-06T12:00:12+00:00","og_image":[{"url":"https:\/\/kimptonbembudapest.com\/wp-content\/uploads\/2024\/07\/OG-1030x541.jpg","type":"","width":"","height":""}],"twitter_card":"summary_large_image","twitter_misc":{"Gesch\u00e4tzte Lesezeit":"16\u00a0Minuten"},"schema":{"@context":"https:\/\/schema.org","@graph":[{"@type":"WebPage","@id":"https:\/\/kimptonbembudapest.com\/de\/andrassy-allee\/","url":"https:\/\/kimptonbembudapest.com\/de\/andrassy-allee\/","name":"Andrassy-Allee - Kimpton BEM Budapest - Sehensw\u00fcrdigkeiten","isPartOf":{"@id":"https:\/\/kimptonbembudapest.com\/de\/#website"},"datePublished":"2024-07-02T08:28:13+00:00","dateModified":"2024-12-06T12:00:12+00:00","description":"Erkunden Sie Budapests ikonische Andrassy-Allee, ein UNESCO-Weltkulturerbe, das das Stadtzentrum mit dem Heldenplatz verbindet. Entdecken Sie historische Architektur, luxuri\u00f6se Einkaufsm\u00f6glichkeiten und einzigartige ungarische Boutiquen.","breadcrumb":{"@id":"https:\/\/kimptonbembudapest.com\/de\/andrassy-allee\/#breadcrumb"},"inLanguage":"de","potentialAction":[{"@type":"ReadAction","target":["https:\/\/kimptonbembudapest.com\/de\/andrassy-allee\/"]}]},{"@type":"BreadcrumbList","@id":"https:\/\/kimptonbembudapest.com\/de\/andrassy-allee\/#breadcrumb","itemListElement":[{"@type":"ListItem","position":1,"name":"Kezd\u0151lap","item":"https:\/\/kimptonbembudapest.com\/de\/startseite\/"},{"@type":"ListItem","position":2,"name":"Andrassy-Allee"}]},{"@type":"WebSite","@id":"https:\/\/kimptonbembudapest.com\/de\/#website","url":"https:\/\/kimptonbembudapest.com\/de\/","name":"Kimpton BEM Budapest","description":"Budapest Luxury Hotel","potentialAction":[{"@type":"SearchAction","target":{"@type":"EntryPoint","urlTemplate":"https:\/\/kimptonbembudapest.com\/de\/?s={search_term_string}"},"query-input":{"@type":"PropertyValueSpecification","valueRequired":true,"valueName":"search_term_string"}}],"inLanguage":"de"}]}},"_links":{"self":[{"href":"https:\/\/kimptonbembudapest.com\/de\/wp-json\/wp\/v2\/pages\/3945","targetHints":{"allow":["GET"]}}],"collection":[{"href":"https:\/\/kimptonbembudapest.com\/de\/wp-json\/wp\/v2\/pages"}],"about":[{"href":"https:\/\/kimptonbembudapest.com\/de\/wp-json\/wp\/v2\/types\/page"}],"author":[{"embeddable":true,"href":"https:\/\/kimptonbembudapest.com\/de\/wp-json\/wp\/v2\/users\/4"}],"replies":[{"embeddable":true,"href":"https:\/\/kimptonbembudapest.com\/de\/wp-json\/wp\/v2\/comments?post=3945"}],"version-history":[{"count":11,"href":"https:\/\/kimptonbembudapest.com\/de\/wp-json\/wp\/v2\/pages\/3945\/revisions"}],"predecessor-version":[{"id":7441,"href":"https:\/\/kimptonbembudapest.com\/de\/wp-json\/wp\/v2\/pages\/3945\/revisions\/7441"}],"wp:attachment":[{"href":"https:\/\/kimptonbembudapest.com\/de\/wp-json\/wp\/v2\/media?parent=3945"}],"curies":[{"name":"wp","href":"https:\/\/api.w.org\/{rel}","templated":true}]}}