{"id":3922,"date":"2024-07-10T10:16:25","date_gmt":"2024-07-10T08:16:25","guid":{"rendered":"https:\/\/kimptonbembudapest.com\/faqs-meetings-veranstaltungen\/"},"modified":"2024-12-06T14:08:26","modified_gmt":"2024-12-06T13:08:26","slug":"faqs-meetings-veranstaltungen","status":"publish","type":"page","link":"https:\/\/kimptonbembudapest.com\/de\/faqs-meetings-veranstaltungen\/","title":{"rendered":"FAQs (Meetings &#038; Veranstaltungen)"},"content":{"rendered":"\n<style type=\"text\/css\" data-created_by=\"avia_inline_auto\" id=\"style-css-av-ogcwa-49dc2c54ef8c43e487f0cf9c53e644b1\">\n.avia-section.av-ogcwa-49dc2c54ef8c43e487f0cf9c53e644b1{\nbackground-repeat:no-repeat;\nbackground-image:url(https:\/\/kimptonbembudapest.com\/wp-content\/uploads\/2024\/07\/11.jpg);\nbackground-position:0% 0%;\nbackground-attachment:scroll;\n}\n<\/style>\n<div id='av_section_1'  class='avia-section av-ogcwa-49dc2c54ef8c43e487f0cf9c53e644b1 main_color avia-section-default avia-no-border-styling  avia-builder-el-0  el_before_av_section  avia-builder-el-first  avia-full-stretch avia-bg-style-scroll av-minimum-height av-minimum-height-custom av-height-custom  container_wrap fullsize'  data-section-bg-repeat='stretch' data-av_minimum_height_px='350'><div class='container av-section-cont-open' style='height:350px'><main  role=\"main\" itemprop=\"mainContentOfPage\"  class='template-page content  av-content-full alpha units'><div class='post-entry post-entry-type-page post-entry-3922'><div class='entry-content-wrapper clearfix'>\n<div  class='flex_column av-mu92q-94928f27c813619f84c346bbe7c7fd7e av_one_full  avia-builder-el-1  avia-builder-el-no-sibling  first flex_column_div  '     ><style type=\"text\/css\" data-created_by=\"avia_inline_auto\" id=\"style-css-av-lyclhrvu-efd56fbaef04924bff57eba9ac6b4e02\">\n#top .av-special-heading.av-lyclhrvu-efd56fbaef04924bff57eba9ac6b4e02{\npadding-bottom:10px;\ncolor:#ffffff;\n}\nbody .av-special-heading.av-lyclhrvu-efd56fbaef04924bff57eba9ac6b4e02 .av-special-heading-tag .heading-char{\nfont-size:25px;\n}\n.av-special-heading.av-lyclhrvu-efd56fbaef04924bff57eba9ac6b4e02 .special-heading-inner-border{\nborder-color:#ffffff;\n}\n.av-special-heading.av-lyclhrvu-efd56fbaef04924bff57eba9ac6b4e02 .av-subheading{\nfont-size:15px;\n}\n<\/style>\n<div  class='av-special-heading av-lyclhrvu-efd56fbaef04924bff57eba9ac6b4e02 av-special-heading-h1 custom-color-heading blockquote modern-quote  avia-builder-el-2  avia-builder-el-no-sibling '><h1 class='av-special-heading-tag'  itemprop=\"headline\"  >FAQs<\/h1><div class=\"special-heading-border\"><div class=\"special-heading-inner-border\"><\/div><\/div><\/div><\/div><\/div><\/div><\/main><!-- close content main element --><\/div><\/div><div id='av_section_2'  class='avia-section av-clw9u-e5c417dc6c12b2d5ad913288663c0aaf main_color avia-section-default avia-no-border-styling  avia-builder-el-3  el_after_av_section  avia-builder-el-last  avia-bg-style-scroll container_wrap fullsize'  ><div class='container av-section-cont-open' ><div class='template-page content  av-content-full alpha units'><div class='post-entry post-entry-type-page post-entry-3922'><div class='entry-content-wrapper clearfix'>\n<div class='flex_column_table av-bc3cq-73608fc0fbc9f6f31407ef68fefef19e sc-av_one_full av-equal-height-column-flextable'><div  class='flex_column av-bc3cq-73608fc0fbc9f6f31407ef68fefef19e av_one_full  avia-builder-el-4  avia-builder-el-no-sibling  first flex_column_table_cell av-equal-height-column av-align-middle  '     ><div  class='togglecontainer av-lyclkwev-4291ac1bc28821bd3d4067477b136e0c av-elegant-toggle  avia-builder-el-5  avia-builder-el-no-sibling  toggle_close_all' >\n<section class='av_toggle_section av-lyclkpe0-72ec24eefb6728c0d20cea45be9a5df1'  itemscope=\"itemscope\" itemtype=\"https:\/\/schema.org\/CreativeWork\" ><div role=\"tablist\" class=\"single_toggle\" data-tags=\"{Alle} \"  ><p data-fake-id='#toggle-id-1' class='toggler   '  itemprop=\"headline\"  role='tab' tabindex='0' aria-controls='toggle-id-1'>Wie viele Veranstaltungsr\u00e4ume hat das Kimpton BEM Budapest?<span class=\"toggle_icon\"><span class=\"vert_icon\"><\/span><span class=\"hor_icon\"><\/span><\/span><\/p><div id='toggle-id-1' class='toggle_wrap  '  ><div class='toggle_content invers-color '  itemprop=\"text\" ><p>Das Kimpton BEM Budapest verf\u00fcgt \u00fcber acht Veranstaltungsr\u00e4ume.<\/p>\n<\/div><\/div><\/div><\/section>\n<section class='av_toggle_section av-lyclkpe0-3-44ec9f2ac0e61a93b8f36de2c1b1b83e'  itemscope=\"itemscope\" itemtype=\"https:\/\/schema.org\/CreativeWork\" ><div role=\"tablist\" class=\"single_toggle\" data-tags=\"{Alle} \"  ><p data-fake-id='#toggle-id-2' class='toggler   '  itemprop=\"headline\"  role='tab' tabindex='0' aria-controls='toggle-id-2'>Welches ist der gr\u00f6\u00dfte Veranstaltungsraum im Kimpton BEM Budapest?<span class=\"toggle_icon\"><span class=\"vert_icon\"><\/span><span class=\"hor_icon\"><\/span><\/span><\/p><div id='toggle-id-2' class='toggle_wrap  '  ><div class='toggle_content invers-color '  itemprop=\"text\" ><p>Der gr\u00f6\u00dfte Veranstaltungsraum im Kimpton BEM Budapest ist der BEM Ballroom, der bis zu 110 Personen in einer Theateranordnung aufnehmen kann.<\/p>\n<\/div><\/div><\/div><\/section>\n<section class='av_toggle_section av-lyclkpe0-2-1501b2ed3005052edb1103cf22687bfb'  itemscope=\"itemscope\" itemtype=\"https:\/\/schema.org\/CreativeWork\" ><div role=\"tablist\" class=\"single_toggle\" data-tags=\"{Alle} \"  ><p data-fake-id='#toggle-id-3' class='toggler   '  itemprop=\"headline\"  role='tab' tabindex='0' aria-controls='toggle-id-3'>Bietet das Kimpton BEM Budapest einen Hochzeitsservice an?<span class=\"toggle_icon\"><span class=\"vert_icon\"><\/span><span class=\"hor_icon\"><\/span><\/span><\/p><div id='toggle-id-3' class='toggle_wrap  '  ><div class='toggle_content invers-color '  itemprop=\"text\" ><p>Leider bietet das Kimpton BEM Budapest keinen Hochzeitsservice an.<\/p>\n<\/div><\/div><\/div><\/section>\n<section class='av_toggle_section av-lyclkpe0-1-4f4c80574efc17f4580717393cd6adf0'  itemscope=\"itemscope\" itemtype=\"https:\/\/schema.org\/CreativeWork\" ><div role=\"tablist\" class=\"single_toggle\" data-tags=\"{Alle} \"  ><p data-fake-id='#toggle-id-4' class='toggler   '  itemprop=\"headline\"  role='tab' tabindex='0' aria-controls='toggle-id-4'>Wie kann ich ein Meeting oder eine Veranstaltung im Kimpton BEM Budapest buchen?<span class=\"toggle_icon\"><span class=\"vert_icon\"><\/span><span class=\"hor_icon\"><\/span><\/span><\/p><div id='toggle-id-4' class='toggle_wrap  '  ><div class='toggle_content invers-color '  itemprop=\"text\" ><p>Sie k\u00f6nnen ein Meeting oder eine Veranstaltung im Kimpton BEM Budapest buchen, indem Sie das \u00fcber <a href=\"https:\/\/kimptonbembudapest.com\/de\/kontakt-buchen\/\">diesen Link<\/a> bereitgestellte Formular ausf\u00fcllen.<\/p>\n<\/div><\/div><\/div><\/section>\n<section class='av_toggle_section av-lyh6uqfx-bc2cf61a6d48b358807f4ed4d4ab33c9'  itemscope=\"itemscope\" itemtype=\"https:\/\/schema.org\/CreativeWork\" ><div role=\"tablist\" class=\"single_toggle\" data-tags=\"{Alle} \"  ><p data-fake-id='#toggle-id-5' class='toggler   '  itemprop=\"headline\"  role='tab' tabindex='0' aria-controls='toggle-id-5'>Welche Ma\u00dfnahmen ergreift Kimpton BEM Budapest, um die Nachhaltigkeit von Veranstaltungen zu unterst\u00fctzen?<span class=\"toggle_icon\"><span class=\"vert_icon\"><\/span><span class=\"hor_icon\"><\/span><\/span><\/p><div id='toggle-id-5' class='toggle_wrap  '  ><div class='toggle_content invers-color '  itemprop=\"text\" ><p>Wir wissen, wie wichtig Nachhaltigkeit ist, und unser Hotel hat sich verpflichtet, nachhaltige Praktiken f\u00fcr Meetings und Veranstaltungen auf jede erdenkliche Weise umzusetzen.<\/p>\n<\/div><\/div><\/div><\/section>\n<\/div><\/div><\/div><!--close column table wrapper. Autoclose: 1 --><\/p>\n","protected":false},"excerpt":{"rendered":"","protected":false},"author":1,"featured_media":0,"parent":0,"menu_order":0,"comment_status":"closed","ping_status":"closed","template":"","meta":{"inline_featured_image":false,"footnotes":""},"class_list":["post-3922","page","type-page","status-publish","hentry"],"yoast_head":"<!-- This site is optimized with the Yoast SEO plugin v27.1.1 - https:\/\/yoast.com\/product\/yoast-seo-wordpress\/ -->\n<title>FAQs (Meetings &amp; Veranstaltungen) - Kimpton BEM Budapest<\/title>\n<meta name=\"description\" content=\"Wie viele Veranstaltungsr\u00e4ume hat das Kimpton BEM Budapest? Das Kimpton BEM Budapest verf\u00fcgt \u00fcber acht Veranstaltungsr\u00e4ume.\" \/>\n<meta name=\"robots\" content=\"index, follow, max-snippet:-1, max-image-preview:large, max-video-preview:-1\" \/>\n<link rel=\"canonical\" href=\"https:\/\/kimptonbembudapest.com\/de\/faqs-meetings-veranstaltungen\/\" \/>\n<meta property=\"og:locale\" content=\"de_DE\" \/>\n<meta property=\"og:type\" content=\"article\" \/>\n<meta property=\"og:title\" content=\"faqs\" \/>\n<meta property=\"og:description\" content=\"Wie viele Veranstaltungsr\u00e4ume hat das Kimpton BEM Budapest? Das Kimpton BEM Budapest verf\u00fcgt \u00fcber acht Veranstaltungsr\u00e4ume.\" \/>\n<meta property=\"og:url\" content=\"https:\/\/kimptonbembudapest.com\/de\/faqs-meetings-veranstaltungen\/\" \/>\n<meta property=\"og:site_name\" content=\"Kimpton BEM Budapest\" \/>\n<meta property=\"article:modified_time\" content=\"2024-12-06T13:08:26+00:00\" \/>\n<meta property=\"og:image\" content=\"https:\/\/kimptonbembudapest.com\/wp-content\/uploads\/2024\/07\/OG-1030x541.jpg\" \/>\n<meta name=\"twitter:card\" content=\"summary_large_image\" \/>\n<meta name=\"twitter:label1\" content=\"Gesch\u00e4tzte Lesezeit\" \/>\n\t<meta name=\"twitter:data1\" content=\"11\u00a0Minuten\" \/>\n<!-- \/ Yoast SEO plugin. -->","yoast_head_json":{"title":"FAQs (Meetings & Veranstaltungen) - Kimpton BEM Budapest","description":"Wie viele Veranstaltungsr\u00e4ume hat das Kimpton BEM Budapest? Das Kimpton BEM Budapest verf\u00fcgt \u00fcber acht Veranstaltungsr\u00e4ume.","robots":{"index":"index","follow":"follow","max-snippet":"max-snippet:-1","max-image-preview":"max-image-preview:large","max-video-preview":"max-video-preview:-1"},"canonical":"https:\/\/kimptonbembudapest.com\/de\/faqs-meetings-veranstaltungen\/","og_locale":"de_DE","og_type":"article","og_title":"faqs","og_description":"Wie viele Veranstaltungsr\u00e4ume hat das Kimpton BEM Budapest? Das Kimpton BEM Budapest verf\u00fcgt \u00fcber acht Veranstaltungsr\u00e4ume.","og_url":"https:\/\/kimptonbembudapest.com\/de\/faqs-meetings-veranstaltungen\/","og_site_name":"Kimpton BEM Budapest","article_modified_time":"2024-12-06T13:08:26+00:00","og_image":[{"url":"https:\/\/kimptonbembudapest.com\/wp-content\/uploads\/2024\/07\/OG-1030x541.jpg","type":"","width":"","height":""}],"twitter_card":"summary_large_image","twitter_misc":{"Gesch\u00e4tzte Lesezeit":"11\u00a0Minuten"},"schema":{"@context":"https:\/\/schema.org","@graph":[{"@type":"WebPage","@id":"https:\/\/kimptonbembudapest.com\/de\/faqs-meetings-veranstaltungen\/","url":"https:\/\/kimptonbembudapest.com\/de\/faqs-meetings-veranstaltungen\/","name":"FAQs (Meetings & Veranstaltungen) - Kimpton BEM Budapest","isPartOf":{"@id":"https:\/\/kimptonbembudapest.com\/de\/#website"},"datePublished":"2024-07-10T08:16:25+00:00","dateModified":"2024-12-06T13:08:26+00:00","description":"Wie viele Veranstaltungsr\u00e4ume hat das Kimpton BEM Budapest? Das Kimpton BEM Budapest verf\u00fcgt \u00fcber acht Veranstaltungsr\u00e4ume.","breadcrumb":{"@id":"https:\/\/kimptonbembudapest.com\/de\/faqs-meetings-veranstaltungen\/#breadcrumb"},"inLanguage":"de","potentialAction":[{"@type":"ReadAction","target":["https:\/\/kimptonbembudapest.com\/de\/faqs-meetings-veranstaltungen\/"]}]},{"@type":"BreadcrumbList","@id":"https:\/\/kimptonbembudapest.com\/de\/faqs-meetings-veranstaltungen\/#breadcrumb","itemListElement":[{"@type":"ListItem","position":1,"name":"Kezd\u0151lap","item":"https:\/\/kimptonbembudapest.com\/de\/startseite\/"},{"@type":"ListItem","position":2,"name":"FAQs (Meetings &#038; Veranstaltungen)"}]},{"@type":"WebSite","@id":"https:\/\/kimptonbembudapest.com\/de\/#website","url":"https:\/\/kimptonbembudapest.com\/de\/","name":"Kimpton BEM Budapest","description":"Budapest Luxury Hotel","potentialAction":[{"@type":"SearchAction","target":{"@type":"EntryPoint","urlTemplate":"https:\/\/kimptonbembudapest.com\/de\/?s={search_term_string}"},"query-input":{"@type":"PropertyValueSpecification","valueRequired":true,"valueName":"search_term_string"}}],"inLanguage":"de"}]}},"_links":{"self":[{"href":"https:\/\/kimptonbembudapest.com\/de\/wp-json\/wp\/v2\/pages\/3922","targetHints":{"allow":["GET"]}}],"collection":[{"href":"https:\/\/kimptonbembudapest.com\/de\/wp-json\/wp\/v2\/pages"}],"about":[{"href":"https:\/\/kimptonbembudapest.com\/de\/wp-json\/wp\/v2\/types\/page"}],"author":[{"embeddable":true,"href":"https:\/\/kimptonbembudapest.com\/de\/wp-json\/wp\/v2\/users\/1"}],"replies":[{"embeddable":true,"href":"https:\/\/kimptonbembudapest.com\/de\/wp-json\/wp\/v2\/comments?post=3922"}],"version-history":[{"count":13,"href":"https:\/\/kimptonbembudapest.com\/de\/wp-json\/wp\/v2\/pages\/3922\/revisions"}],"predecessor-version":[{"id":7604,"href":"https:\/\/kimptonbembudapest.com\/de\/wp-json\/wp\/v2\/pages\/3922\/revisions\/7604"}],"wp:attachment":[{"href":"https:\/\/kimptonbembudapest.com\/de\/wp-json\/wp\/v2\/media?parent=3922"}],"curies":[{"name":"wp","href":"https:\/\/api.w.org\/{rel}","templated":true}]}}