{"id":3911,"date":"2024-07-02T10:29:00","date_gmt":"2024-07-02T08:29:00","guid":{"rendered":"https:\/\/kimptonbembudapest.com\/kontakt-buchen\/"},"modified":"2024-12-06T13:56:48","modified_gmt":"2024-12-06T12:56:48","slug":"kontakt-buchen","status":"publish","type":"page","link":"https:\/\/kimptonbembudapest.com\/de\/kontakt-buchen\/","title":{"rendered":"Kontakt &#038; Buchen"},"content":{"rendered":"<div id='av_section_1'  class='avia-section av-13b2dv-ed803655442daae92cc52e783c7b7a9d main_color avia-section-default avia-no-border-styling  avia-builder-el-0  avia-builder-el-no-sibling  avia-bg-style-scroll container_wrap fullsize'  ><div class='container av-section-cont-open' ><main  role=\"main\" itemprop=\"mainContentOfPage\"  class='template-page content  av-content-full alpha units'><div class='post-entry post-entry-type-page post-entry-3911'><div class='entry-content-wrapper clearfix'>\n<div class='flex_column_table av-ihnzn-9612c271a27360002f90f889ff0bfc32 sc-av_one_half av-equal-height-column-flextable'><div  class='flex_column av-ihnzn-9612c271a27360002f90f889ff0bfc32 av_one_half  avia-builder-el-1  el_before_av_one_half  avia-builder-el-first  first flex_column_table_cell av-equal-height-column av-align-middle  '     ><section  class='av_textblock_section av-ly725410-d9836f538b0bcfbe4748a6ef4ff2f4a7 '   itemscope=\"itemscope\" itemtype=\"https:\/\/schema.org\/CreativeWork\" ><div class='avia_textblock'  itemprop=\"text\" ><h1>Kontaktieren Sie uns<\/h1>\n<p>Wichtige Ereignisse verlangen nach einem besonderen Ort. Wenn Sie den richtigen Ort noch nicht gefunden haben, machen Sie sich keine Sorgen \u2013 wir haben alles f\u00fcr Sie! \u00dcberlassen Sie unseren Experten die Organisation des Veranstaltungsortes und sorgen Sie f\u00fcr ein unvergessliches Erlebnis f\u00fcr Sie und Ihre G\u00e4ste. W\u00e4hrend eines pers\u00f6nlichen Treffens wird Sie ein Mitglied unseres Teams durch den Prozess und alle wichtigen Details f\u00fchren. Wenn Sie eine Anfrage stellen m\u00f6chten, kontaktieren Sie uns einfach unter <a href=\"mailto:kimptonbem.sales@ihg.com\">kimptonbem.sales@ihg.com<\/a> oder per Telefon unter <a href=\"tel:+3618839880\">+36 1 883 9895<\/a>. Wir freuen uns darauf, Ihnen bei der Organisation Ihrer Traumveranstaltung behilflich zu sein!<\/p>\n<\/div><\/section><\/div><div class='av-flex-placeholder'><\/div><div  class='flex_column av-hscq3-6b093604889613498d4c482750e53eae av_one_half  avia-builder-el-3  el_after_av_one_half  el_before_av_one_full  flex_column_table_cell av-equal-height-column av-align-middle  '     ><style type=\"text\/css\" data-created_by=\"avia_inline_auto\" id=\"style-css-av-6k2pn-d616a816fff96649f1e8c233c5397105\">\n.avia-image-container.av-6k2pn-d616a816fff96649f1e8c233c5397105 img.avia_image{\nbox-shadow:none;\n}\n.avia-image-container.av-6k2pn-d616a816fff96649f1e8c233c5397105 .av-image-caption-overlay-center{\ncolor:#ffffff;\n}\n<\/style>\n<div  class='avia-image-container av-6k2pn-d616a816fff96649f1e8c233c5397105 av-styling- avia-align-center  avia-builder-el-4  avia-builder-el-no-sibling '   itemprop=\"image\" itemscope=\"itemscope\" itemtype=\"https:\/\/schema.org\/ImageObject\" ><div class=\"avia-image-container-inner\"><div class=\"avia-image-overlay-wrap\"><img decoding=\"async\" fetchpriority=\"high\" class='wp-image-3913 avia-img-lazy-loading-not-3913 avia_image ' src=\"https:\/\/kimptonbembudapest.com\/wp-content\/uploads\/2024\/07\/240611_KIMPTON_BEM__2534.jpg\" alt='' title='240611_KIMPTON_BEM__2534'  height=\"1707\" width=\"2560\"  itemprop=\"thumbnailUrl\" srcset=\"https:\/\/kimptonbembudapest.com\/wp-content\/uploads\/2024\/07\/240611_KIMPTON_BEM__2534.jpg 2560w, https:\/\/kimptonbembudapest.com\/wp-content\/uploads\/2024\/07\/240611_KIMPTON_BEM__2534-300x200.jpg 300w, https:\/\/kimptonbembudapest.com\/wp-content\/uploads\/2024\/07\/240611_KIMPTON_BEM__2534-1030x687.jpg 1030w, https:\/\/kimptonbembudapest.com\/wp-content\/uploads\/2024\/07\/240611_KIMPTON_BEM__2534-768x512.jpg 768w, https:\/\/kimptonbembudapest.com\/wp-content\/uploads\/2024\/07\/240611_KIMPTON_BEM__2534-1536x1024.jpg 1536w, https:\/\/kimptonbembudapest.com\/wp-content\/uploads\/2024\/07\/240611_KIMPTON_BEM__2534-2048x1366.jpg 2048w, https:\/\/kimptonbembudapest.com\/wp-content\/uploads\/2024\/07\/240611_KIMPTON_BEM__2534-1500x1000.jpg 1500w, https:\/\/kimptonbembudapest.com\/wp-content\/uploads\/2024\/07\/240611_KIMPTON_BEM__2534-705x470.jpg 705w\" sizes=\"(max-width: 2560px) 100vw, 2560px\" \/><\/div><\/div><\/div><\/div><\/div><!--close column table wrapper. Autoclose: 1 --><div  class='flex_column av-asdqj-382dac039df7d3936b6e22e19ab954c9 av_one_full  avia-builder-el-5  el_after_av_one_half  avia-builder-el-last  first flex_column_div  column-top-margin'     ><\/div>\n","protected":false},"excerpt":{"rendered":"","protected":false},"author":4,"featured_media":0,"parent":0,"menu_order":0,"comment_status":"closed","ping_status":"closed","template":"","meta":{"inline_featured_image":false,"footnotes":""},"class_list":["post-3911","page","type-page","status-publish","hentry"],"yoast_head":"<!-- This site is optimized with the Yoast SEO plugin v27.1.1 - https:\/\/yoast.com\/product\/yoast-seo-wordpress\/ -->\n<title>Kontaktieren Sie uns - Kimpton BEM Budapest<\/title>\n<meta name=\"description\" content=\"Kontaktieren Sie uns per Telefon oder E-Mail f\u00fcr weitere Informationen.\" \/>\n<meta name=\"robots\" content=\"index, follow, max-snippet:-1, max-image-preview:large, max-video-preview:-1\" \/>\n<link rel=\"canonical\" href=\"https:\/\/kimptonbembudapest.com\/de\/kontakt-buchen\/\" \/>\n<meta property=\"og:locale\" content=\"de_DE\" \/>\n<meta property=\"og:type\" content=\"article\" \/>\n<meta property=\"og:title\" content=\"Kontaktieren Sie uns - Kimpton BEM Budapest\" \/>\n<meta property=\"og:description\" content=\"Kontaktieren Sie uns per Telefon oder E-Mail f\u00fcr weitere Informationen.\" \/>\n<meta property=\"og:url\" content=\"https:\/\/kimptonbembudapest.com\/de\/kontakt-buchen\/\" \/>\n<meta property=\"og:site_name\" content=\"Kimpton BEM Budapest\" \/>\n<meta property=\"article:modified_time\" content=\"2024-12-06T12:56:48+00:00\" \/>\n<meta property=\"og:image\" content=\"https:\/\/kimptonbembudapest.com\/wp-content\/uploads\/2024\/07\/OG-1030x541.jpg\" \/>\n<meta name=\"twitter:card\" content=\"summary_large_image\" \/>\n<meta name=\"twitter:label1\" content=\"Gesch\u00e4tzte Lesezeit\" \/>\n\t<meta name=\"twitter:data1\" content=\"12\u00a0Minuten\" \/>\n<!-- \/ Yoast SEO plugin. -->","yoast_head_json":{"title":"Kontaktieren Sie uns - Kimpton BEM Budapest","description":"Kontaktieren Sie uns per Telefon oder E-Mail f\u00fcr weitere Informationen.","robots":{"index":"index","follow":"follow","max-snippet":"max-snippet:-1","max-image-preview":"max-image-preview:large","max-video-preview":"max-video-preview:-1"},"canonical":"https:\/\/kimptonbembudapest.com\/de\/kontakt-buchen\/","og_locale":"de_DE","og_type":"article","og_title":"Kontaktieren Sie uns - Kimpton BEM Budapest","og_description":"Kontaktieren Sie uns per Telefon oder E-Mail f\u00fcr weitere Informationen.","og_url":"https:\/\/kimptonbembudapest.com\/de\/kontakt-buchen\/","og_site_name":"Kimpton BEM Budapest","article_modified_time":"2024-12-06T12:56:48+00:00","og_image":[{"url":"https:\/\/kimptonbembudapest.com\/wp-content\/uploads\/2024\/07\/OG-1030x541.jpg","type":"","width":"","height":""}],"twitter_card":"summary_large_image","twitter_misc":{"Gesch\u00e4tzte Lesezeit":"12\u00a0Minuten"},"schema":{"@context":"https:\/\/schema.org","@graph":[{"@type":"WebPage","@id":"https:\/\/kimptonbembudapest.com\/de\/kontakt-buchen\/","url":"https:\/\/kimptonbembudapest.com\/de\/kontakt-buchen\/","name":"Kontaktieren Sie uns - Kimpton BEM Budapest","isPartOf":{"@id":"https:\/\/kimptonbembudapest.com\/de\/#website"},"datePublished":"2024-07-02T08:29:00+00:00","dateModified":"2024-12-06T12:56:48+00:00","description":"Kontaktieren Sie uns per Telefon oder E-Mail f\u00fcr weitere Informationen.","breadcrumb":{"@id":"https:\/\/kimptonbembudapest.com\/de\/kontakt-buchen\/#breadcrumb"},"inLanguage":"de","potentialAction":[{"@type":"ReadAction","target":["https:\/\/kimptonbembudapest.com\/de\/kontakt-buchen\/"]}]},{"@type":"BreadcrumbList","@id":"https:\/\/kimptonbembudapest.com\/de\/kontakt-buchen\/#breadcrumb","itemListElement":[{"@type":"ListItem","position":1,"name":"Kezd\u0151lap","item":"https:\/\/kimptonbembudapest.com\/de\/startseite\/"},{"@type":"ListItem","position":2,"name":"Kontakt &#038; Buchen"}]},{"@type":"WebSite","@id":"https:\/\/kimptonbembudapest.com\/de\/#website","url":"https:\/\/kimptonbembudapest.com\/de\/","name":"Kimpton BEM Budapest","description":"Budapest Luxury Hotel","potentialAction":[{"@type":"SearchAction","target":{"@type":"EntryPoint","urlTemplate":"https:\/\/kimptonbembudapest.com\/de\/?s={search_term_string}"},"query-input":{"@type":"PropertyValueSpecification","valueRequired":true,"valueName":"search_term_string"}}],"inLanguage":"de"}]}},"_links":{"self":[{"href":"https:\/\/kimptonbembudapest.com\/de\/wp-json\/wp\/v2\/pages\/3911","targetHints":{"allow":["GET"]}}],"collection":[{"href":"https:\/\/kimptonbembudapest.com\/de\/wp-json\/wp\/v2\/pages"}],"about":[{"href":"https:\/\/kimptonbembudapest.com\/de\/wp-json\/wp\/v2\/types\/page"}],"author":[{"embeddable":true,"href":"https:\/\/kimptonbembudapest.com\/de\/wp-json\/wp\/v2\/users\/4"}],"replies":[{"embeddable":true,"href":"https:\/\/kimptonbembudapest.com\/de\/wp-json\/wp\/v2\/comments?post=3911"}],"version-history":[{"count":11,"href":"https:\/\/kimptonbembudapest.com\/de\/wp-json\/wp\/v2\/pages\/3911\/revisions"}],"predecessor-version":[{"id":7589,"href":"https:\/\/kimptonbembudapest.com\/de\/wp-json\/wp\/v2\/pages\/3911\/revisions\/7589"}],"wp:attachment":[{"href":"https:\/\/kimptonbembudapest.com\/de\/wp-json\/wp\/v2\/media?parent=3911"}],"curies":[{"name":"wp","href":"https:\/\/api.w.org\/{rel}","templated":true}]}}