{"id":3906,"date":"2024-07-02T10:29:06","date_gmt":"2024-07-02T08:29:06","guid":{"rendered":"https:\/\/kimptonbembudapest.com\/lageplaene\/"},"modified":"2024-12-06T14:11:29","modified_gmt":"2024-12-06T13:11:29","slug":"lageplaene","status":"publish","type":"page","link":"https:\/\/kimptonbembudapest.com\/de\/lageplaene\/","title":{"rendered":"Lagepl\u00e4ne"},"content":{"rendered":"<div id='av_section_1'  class='avia-section av-vrw1d-e20e258bb2931b35e99e7d8ad6c83a74 main_color avia-section-default avia-no-border-styling  avia-builder-el-0  avia-builder-el-no-sibling  avia-bg-style-scroll container_wrap fullsize'  ><div class='container av-section-cont-open' ><main  role=\"main\" itemprop=\"mainContentOfPage\"  class='template-page content  av-content-full alpha units'><div class='post-entry post-entry-type-page post-entry-3906'><div class='entry-content-wrapper clearfix'>\n<div  class='flex_column av-rttu9-ad5a1fb2b0ae9ebf851bc13d37cf6d86 av_one_full  avia-builder-el-1  el_before_av_one_half  avia-builder-el-first  first flex_column_div  '     ><style type=\"text\/css\" data-created_by=\"avia_inline_auto\" id=\"style-css-av-ly723hed-e5f0068e46ead4c52e77c9d237f979f8\">\n#top .av-special-heading.av-ly723hed-e5f0068e46ead4c52e77c9d237f979f8{\npadding-bottom:10px;\n}\nbody .av-special-heading.av-ly723hed-e5f0068e46ead4c52e77c9d237f979f8 .av-special-heading-tag .heading-char{\nfont-size:25px;\n}\n.av-special-heading.av-ly723hed-e5f0068e46ead4c52e77c9d237f979f8 .av-subheading{\nfont-size:15px;\n}\n<\/style>\n<div  class='av-special-heading av-ly723hed-e5f0068e46ead4c52e77c9d237f979f8 av-special-heading-h1 blockquote modern-quote  avia-builder-el-2  avia-builder-el-no-sibling '><h1 class='av-special-heading-tag'  itemprop=\"headline\"  >Der Veranstaltungsort, der Ihre Events zu etwas Besonderem macht<\/h1><div class=\"special-heading-border\"><div class=\"special-heading-inner-border\"><\/div><\/div><\/div><\/div><div class='flex_column_table av-it40x-b141ac0ee51fab15404bf4fba62cd661 sc-av_one_half av-equal-height-column-flextable'><div  class='flex_column av-it40x-b141ac0ee51fab15404bf4fba62cd661 av_one_half  avia-builder-el-3  el_after_av_one_full  el_before_av_one_half  first flex_column_table_cell av-equal-height-column av-align-middle  column-top-margin'     ><section  class='av_textblock_section av-ly723ovy-c632cf97f8a4f5c4129a6d5cb1396268 '   itemscope=\"itemscope\" itemtype=\"https:\/\/schema.org\/CreativeWork\" ><div class='avia_textblock'  itemprop=\"text\" ><p>Mit Kimpton BEM werden Ihre G\u00e4ste noch lange nach dem Abend \u00fcber Ihre Veranstaltung sprechen! In unseren Veranstaltungsorten geben eine einzigartige Einrichtung und luxuri\u00f6se Dekoration den Ton f\u00fcr moderne Raffinesse an. Die Turul Chamber, ein gem\u00fctlicher Raum f\u00fcr Weinproben, der von der Bar Huso im Erdgeschoss aus zug\u00e4nglich ist, eignet sich perfekt f\u00fcr intime private Veranstaltungen mit bis zu 20 geladenen G\u00e4sten. Mit seiner warmen und einladenden Atmosph\u00e4re ist er ideal f\u00fcr private Abendessen und Feiern. Im Obergeschoss befinden sich die Golden Stag Corner und der MW Salon \u2013 beide sind der ideale Ort f\u00fcr diskrete Treffen oder intime Abendessen mit einer Kapazit\u00e4t von 10-12 Personen.<\/p>\n<p>F\u00fcr gr\u00f6\u00dfere Veranstaltungen und Business Meetings ist der BEM Ballroom mit seiner Kapazit\u00e4t f\u00fcr bis zu 110 G\u00e4ste in einem gut beleuchteten Raum der perfekte Ort. Dieser dynamische Ballsaal kann in drei Bereiche unterteilt werden und bietet so die n\u00f6tige Flexibilit\u00e4t f\u00fcr verschiedene Layouts, je nach den Details Ihrer Veranstaltung. Diese R\u00e4ume sind mit Projektoren und eingebauten Bildschirmen ausgestattet und kombinieren stilvolles Design mit modernen Annehmlichkeiten. Wenn Sie das Layout unserer Veranstaltungsr\u00e4ume oder Lagepl\u00e4ne sehen m\u00f6chten, um Ihre Veranstaltung zu planen, wenden Sie sich bitte an unser Verkaufsteam unter <a href=\"mailto:kimptonbem.sales@ihg.com\">kimptonbem.sales@ihg.com. <\/a>Mit unserer F\u00e4higkeit, jede Art von Veranstaltung zu gestalten, bieten wir Ihnen den perfekten Rahmen, um Ihre Veranstaltung unvergesslich zu machen.<\/p>\n<p>M\u00f6chten Sie eine Anfrage stellen? Z\u00f6gern Sie nicht, uns unter <a href=\"mailto:kimptonbem.sales@ihg.com\">kimptonbem.sales@ihg.com <\/a>oder telefonisch unter <a href=\"tel:+3618839880\">+36 1 883 9895<\/a>\u00a0zu kontaktieren. Wir freuen uns darauf, Ihnen bei der Organisation Ihrer Traumveranstaltung behilflich zu sein!<\/p>\n<\/div><\/section><\/div><div class='av-flex-placeholder'><\/div><div  class='flex_column av-dervt-2f510b42c48d92861670442abe8e9962 av_one_half  avia-builder-el-5  el_after_av_one_half  avia-builder-el-last  flex_column_table_cell av-equal-height-column av-align-middle  column-top-margin'     ><style type=\"text\/css\" data-created_by=\"avia_inline_auto\" id=\"style-css-av-8235l-f2ab7532b44aad7e1bc9974eb861ed06\">\n.avia-image-container.av-8235l-f2ab7532b44aad7e1bc9974eb861ed06 img.avia_image{\nbox-shadow:none;\n}\n.avia-image-container.av-8235l-f2ab7532b44aad7e1bc9974eb861ed06 .av-image-caption-overlay-center{\ncolor:#ffffff;\n}\n<\/style>\n<div  class='avia-image-container av-8235l-f2ab7532b44aad7e1bc9974eb861ed06 av-styling- avia-align-center  avia-builder-el-6  avia-builder-el-no-sibling '   itemprop=\"image\" itemscope=\"itemscope\" itemtype=\"https:\/\/schema.org\/ImageObject\" ><div class=\"avia-image-container-inner\"><div class=\"avia-image-overlay-wrap\"><img decoding=\"async\" fetchpriority=\"high\" class='wp-image-3746 avia-img-lazy-loading-not-3746 avia_image ' src=\"https:\/\/kimptonbembudapest.com\/wp-content\/uploads\/2024\/07\/240611_KIMPTON_BEM__3140.jpg\" alt='' title='240611_KIMPTON_BEM__3140'  height=\"1707\" width=\"2560\"  itemprop=\"thumbnailUrl\" srcset=\"https:\/\/kimptonbembudapest.com\/wp-content\/uploads\/2024\/07\/240611_KIMPTON_BEM__3140.jpg 2560w, https:\/\/kimptonbembudapest.com\/wp-content\/uploads\/2024\/07\/240611_KIMPTON_BEM__3140-300x200.jpg 300w, https:\/\/kimptonbembudapest.com\/wp-content\/uploads\/2024\/07\/240611_KIMPTON_BEM__3140-1030x687.jpg 1030w, https:\/\/kimptonbembudapest.com\/wp-content\/uploads\/2024\/07\/240611_KIMPTON_BEM__3140-768x512.jpg 768w, https:\/\/kimptonbembudapest.com\/wp-content\/uploads\/2024\/07\/240611_KIMPTON_BEM__3140-1536x1024.jpg 1536w, https:\/\/kimptonbembudapest.com\/wp-content\/uploads\/2024\/07\/240611_KIMPTON_BEM__3140-2048x1366.jpg 2048w, https:\/\/kimptonbembudapest.com\/wp-content\/uploads\/2024\/07\/240611_KIMPTON_BEM__3140-1500x1000.jpg 1500w, https:\/\/kimptonbembudapest.com\/wp-content\/uploads\/2024\/07\/240611_KIMPTON_BEM__3140-705x470.jpg 705w\" sizes=\"(max-width: 2560px) 100vw, 2560px\" \/><\/div><\/div><\/div><\/div><\/div><!--close column table wrapper. Autoclose: 1 -->\n","protected":false},"excerpt":{"rendered":"","protected":false},"author":4,"featured_media":0,"parent":0,"menu_order":0,"comment_status":"closed","ping_status":"closed","template":"","meta":{"inline_featured_image":false,"footnotes":""},"class_list":["post-3906","page","type-page","status-publish","hentry"],"yoast_head":"<!-- This site is optimized with the Yoast SEO plugin v27.1.1 - https:\/\/yoast.com\/product\/yoast-seo-wordpress\/ -->\n<title>Lagepl\u00e4ne - Kimpton BEM Budapest<\/title>\n<meta name=\"description\" content=\"Mit Kimpton BEM werden Ihre G\u00e4ste noch lange nach dem Abend \u00fcber Ihre Veranstaltung sprechen! In unseren Veranstaltungsorten geben eine einzigartige Einrichtung und luxuri\u00f6se Dekoration den Ton f\u00fcr moderne Raffinesse an.\" \/>\n<meta name=\"robots\" content=\"index, follow, max-snippet:-1, max-image-preview:large, max-video-preview:-1\" \/>\n<link rel=\"canonical\" href=\"https:\/\/kimptonbembudapest.com\/de\/lageplaene\/\" \/>\n<meta property=\"og:locale\" content=\"de_DE\" \/>\n<meta property=\"og:type\" content=\"article\" \/>\n<meta property=\"og:title\" content=\"Lagepl\u00e4ne\" \/>\n<meta property=\"og:description\" content=\"Mit Kimpton BEM werden Ihre G\u00e4ste noch lange nach dem Abend \u00fcber Ihre Veranstaltung sprechen! In unseren Veranstaltungsorten geben eine einzigartige Einrichtung und luxuri\u00f6se Dekoration den Ton f\u00fcr moderne Raffinesse an.\" \/>\n<meta property=\"og:url\" content=\"https:\/\/kimptonbembudapest.com\/de\/lageplaene\/\" \/>\n<meta property=\"og:site_name\" content=\"Kimpton BEM Budapest\" \/>\n<meta property=\"article:modified_time\" content=\"2024-12-06T13:11:29+00:00\" \/>\n<meta property=\"og:image\" content=\"https:\/\/kimptonbembudapest.com\/wp-content\/uploads\/2024\/07\/OG-1030x541.jpg\" \/>\n<meta name=\"twitter:card\" content=\"summary_large_image\" \/>\n<meta name=\"twitter:label1\" content=\"Gesch\u00e4tzte Lesezeit\" \/>\n\t<meta name=\"twitter:data1\" content=\"13\u00a0Minuten\" \/>\n<!-- \/ Yoast SEO plugin. -->","yoast_head_json":{"title":"Lagepl\u00e4ne - Kimpton BEM Budapest","description":"Mit Kimpton BEM werden Ihre G\u00e4ste noch lange nach dem Abend \u00fcber Ihre Veranstaltung sprechen! In unseren Veranstaltungsorten geben eine einzigartige Einrichtung und luxuri\u00f6se Dekoration den Ton f\u00fcr moderne Raffinesse an.","robots":{"index":"index","follow":"follow","max-snippet":"max-snippet:-1","max-image-preview":"max-image-preview:large","max-video-preview":"max-video-preview:-1"},"canonical":"https:\/\/kimptonbembudapest.com\/de\/lageplaene\/","og_locale":"de_DE","og_type":"article","og_title":"Lagepl\u00e4ne","og_description":"Mit Kimpton BEM werden Ihre G\u00e4ste noch lange nach dem Abend \u00fcber Ihre Veranstaltung sprechen! In unseren Veranstaltungsorten geben eine einzigartige Einrichtung und luxuri\u00f6se Dekoration den Ton f\u00fcr moderne Raffinesse an.","og_url":"https:\/\/kimptonbembudapest.com\/de\/lageplaene\/","og_site_name":"Kimpton BEM Budapest","article_modified_time":"2024-12-06T13:11:29+00:00","og_image":[{"url":"https:\/\/kimptonbembudapest.com\/wp-content\/uploads\/2024\/07\/OG-1030x541.jpg","type":"","width":"","height":""}],"twitter_card":"summary_large_image","twitter_misc":{"Gesch\u00e4tzte Lesezeit":"13\u00a0Minuten"},"schema":{"@context":"https:\/\/schema.org","@graph":[{"@type":"WebPage","@id":"https:\/\/kimptonbembudapest.com\/de\/lageplaene\/","url":"https:\/\/kimptonbembudapest.com\/de\/lageplaene\/","name":"Lagepl\u00e4ne - Kimpton BEM Budapest","isPartOf":{"@id":"https:\/\/kimptonbembudapest.com\/de\/#website"},"datePublished":"2024-07-02T08:29:06+00:00","dateModified":"2024-12-06T13:11:29+00:00","description":"Mit Kimpton BEM werden Ihre G\u00e4ste noch lange nach dem Abend \u00fcber Ihre Veranstaltung sprechen! In unseren Veranstaltungsorten geben eine einzigartige Einrichtung und luxuri\u00f6se Dekoration den Ton f\u00fcr moderne Raffinesse an.","breadcrumb":{"@id":"https:\/\/kimptonbembudapest.com\/de\/lageplaene\/#breadcrumb"},"inLanguage":"de","potentialAction":[{"@type":"ReadAction","target":["https:\/\/kimptonbembudapest.com\/de\/lageplaene\/"]}]},{"@type":"BreadcrumbList","@id":"https:\/\/kimptonbembudapest.com\/de\/lageplaene\/#breadcrumb","itemListElement":[{"@type":"ListItem","position":1,"name":"Kezd\u0151lap","item":"https:\/\/kimptonbembudapest.com\/de\/startseite\/"},{"@type":"ListItem","position":2,"name":"Lagepl\u00e4ne"}]},{"@type":"WebSite","@id":"https:\/\/kimptonbembudapest.com\/de\/#website","url":"https:\/\/kimptonbembudapest.com\/de\/","name":"Kimpton BEM Budapest","description":"Budapest Luxury Hotel","potentialAction":[{"@type":"SearchAction","target":{"@type":"EntryPoint","urlTemplate":"https:\/\/kimptonbembudapest.com\/de\/?s={search_term_string}"},"query-input":{"@type":"PropertyValueSpecification","valueRequired":true,"valueName":"search_term_string"}}],"inLanguage":"de"}]}},"_links":{"self":[{"href":"https:\/\/kimptonbembudapest.com\/de\/wp-json\/wp\/v2\/pages\/3906","targetHints":{"allow":["GET"]}}],"collection":[{"href":"https:\/\/kimptonbembudapest.com\/de\/wp-json\/wp\/v2\/pages"}],"about":[{"href":"https:\/\/kimptonbembudapest.com\/de\/wp-json\/wp\/v2\/types\/page"}],"author":[{"embeddable":true,"href":"https:\/\/kimptonbembudapest.com\/de\/wp-json\/wp\/v2\/users\/4"}],"replies":[{"embeddable":true,"href":"https:\/\/kimptonbembudapest.com\/de\/wp-json\/wp\/v2\/comments?post=3906"}],"version-history":[{"count":10,"href":"https:\/\/kimptonbembudapest.com\/de\/wp-json\/wp\/v2\/pages\/3906\/revisions"}],"predecessor-version":[{"id":7611,"href":"https:\/\/kimptonbembudapest.com\/de\/wp-json\/wp\/v2\/pages\/3906\/revisions\/7611"}],"wp:attachment":[{"href":"https:\/\/kimptonbembudapest.com\/de\/wp-json\/wp\/v2\/media?parent=3906"}],"curies":[{"name":"wp","href":"https:\/\/api.w.org\/{rel}","templated":true}]}}