{"id":3902,"date":"2024-07-02T10:29:20","date_gmt":"2024-07-02T08:29:20","guid":{"rendered":"https:\/\/kimptonbembudapest.com\/catering-menues\/"},"modified":"2024-12-06T13:55:14","modified_gmt":"2024-12-06T12:55:14","slug":"catering-menues","status":"publish","type":"page","link":"https:\/\/kimptonbembudapest.com\/de\/catering-menues\/","title":{"rendered":"Catering &#038; Men\u00fcs"},"content":{"rendered":"<div id='av_section_1'  class='avia-section av-fl9hz-dba5115a0fc792c635b7a5063d5388d3 main_color avia-section-default avia-no-border-styling  avia-builder-el-0  avia-builder-el-no-sibling  avia-bg-style-scroll container_wrap fullsize'  ><div class='container av-section-cont-open' ><main  role=\"main\" itemprop=\"mainContentOfPage\"  class='template-page content  av-content-full alpha units'><div class='post-entry post-entry-type-page post-entry-3902'><div class='entry-content-wrapper clearfix'>\n<div  class='flex_column av-1134n-0343e5696a29ef5c0c45df7385da816f av_one_full  avia-builder-el-1  el_before_av_one_half  avia-builder-el-first  first flex_column_div  '     ><style type=\"text\/css\" data-created_by=\"avia_inline_auto\" id=\"style-css-av-ly721qy8-bf9e27c83a2f6de1c4c051a76e6b7ccd\">\n#top .av-special-heading.av-ly721qy8-bf9e27c83a2f6de1c4c051a76e6b7ccd{\npadding-bottom:10px;\n}\nbody .av-special-heading.av-ly721qy8-bf9e27c83a2f6de1c4c051a76e6b7ccd .av-special-heading-tag .heading-char{\nfont-size:25px;\n}\n.av-special-heading.av-ly721qy8-bf9e27c83a2f6de1c4c051a76e6b7ccd .av-subheading{\nfont-size:15px;\n}\n<\/style>\n<div  class='av-special-heading av-ly721qy8-bf9e27c83a2f6de1c4c051a76e6b7ccd av-special-heading-h1 blockquote modern-quote  avia-builder-el-2  avia-builder-el-no-sibling '><h1 class='av-special-heading-tag'  itemprop=\"headline\"  >Veranstaltungsort mit Catering in Budapest \u2013 Kimpton BEM Budapest<\/h1><div class=\"special-heading-border\"><div class=\"special-heading-inner-border\"><\/div><\/div><\/div><\/div><div class='flex_column_table av-ly721201-16c4ecb8f1fc021d77f1ea279a9d0b50 sc-av_one_half av-equal-height-column-flextable'><div  class='flex_column av-ly721201-16c4ecb8f1fc021d77f1ea279a9d0b50 av_one_half  avia-builder-el-3  el_after_av_one_full  el_before_av_one_half  first flex_column_table_cell av-equal-height-column av-align-middle  column-top-margin'     ><section  class='av_textblock_section av-ly72072y-8cd02b933db7596167f2e333dece6312 '   itemscope=\"itemscope\" itemtype=\"https:\/\/schema.org\/CreativeWork\" ><div class='avia_textblock'  itemprop=\"text\" ><p>Planen Sie eine besondere Veranstaltung an einem au\u00dfergew\u00f6hnlichen Ort zu organisieren? Unsere Veranstaltungsr\u00e4ume eignen sich nicht nur f\u00fcr Business Meetings, sondern auch f\u00fcr zwanglose Zusammenk\u00fcnfte und gro\u00dfe Feiern mit Freunden und Familie. Um den Anlass noch bemerkenswerter zu machen, kreieren unser hervorragendes Veranstaltungsteam und unsere Profik\u00f6che Men\u00fcs, die auf Ihren Geschmack und Ihre Bed\u00fcrfnisse abgestimmt sind und Ihrer Veranstaltung eine k\u00f6stliche Note verleihen. Ganz gleich, ob Ihre Geschmacksnerven herzhafte Vorspeisen oder die S\u00fc\u00dfe unserer unvergesslichen Desserts bevorzugen, unser Catering wird daf\u00fcr sorgen, dass kein Teller unber\u00fchrt bleibt!<\/p>\n<p>M\u00f6chten Sie eine Anfrage stellen? Z\u00f6gern Sie nicht, uns unter <a href=\"mailto:kimptonbem.sales@ihg.com\">kimptonbem.sales@ihg.com<\/a> oder telefonisch unter <a href=\"tel:+3618839880\">+36 1 883 9895<\/a> zu kontaktieren. Wir freuen uns darauf, Ihnen bei der Organisation Ihrer Traumveranstaltung behilflich zu sein!<\/p>\n<\/div><\/section><\/div><div class='av-flex-placeholder'><\/div><div  class='flex_column av-abg5z-a0a7d70f6ca822e0fb00eba958d283de av_one_half  avia-builder-el-5  el_after_av_one_half  avia-builder-el-last  flex_column_table_cell av-equal-height-column av-align-middle  column-top-margin'     ><style type=\"text\/css\" data-created_by=\"avia_inline_auto\" id=\"style-css-av-ly720oyd-dd691389c0f98320385b76db6b3fab3f\">\n.avia-image-container.av-ly720oyd-dd691389c0f98320385b76db6b3fab3f img.avia_image{\nbox-shadow:none;\n}\n.avia-image-container.av-ly720oyd-dd691389c0f98320385b76db6b3fab3f .av-image-caption-overlay-center{\ncolor:#ffffff;\n}\n<\/style>\n<div  class='avia-image-container av-ly720oyd-dd691389c0f98320385b76db6b3fab3f av-styling- avia-align-center  avia-builder-el-6  avia-builder-el-no-sibling '   itemprop=\"image\" itemscope=\"itemscope\" itemtype=\"https:\/\/schema.org\/ImageObject\" ><div class=\"avia-image-container-inner\"><div class=\"avia-image-overlay-wrap\"><img decoding=\"async\" fetchpriority=\"high\" class='wp-image-4078 avia-img-lazy-loading-not-4078 avia_image ' src=\"https:\/\/kimptonbembudapest.com\/wp-content\/uploads\/2024\/07\/Image12.jpg\" alt='' title='Kimpton BEM Budapest'  height=\"1365\" width=\"2048\"  itemprop=\"thumbnailUrl\" srcset=\"https:\/\/kimptonbembudapest.com\/wp-content\/uploads\/2024\/07\/Image12.jpg 2048w, https:\/\/kimptonbembudapest.com\/wp-content\/uploads\/2024\/07\/Image12-300x200.jpg 300w, https:\/\/kimptonbembudapest.com\/wp-content\/uploads\/2024\/07\/Image12-1030x686.jpg 1030w, https:\/\/kimptonbembudapest.com\/wp-content\/uploads\/2024\/07\/Image12-768x512.jpg 768w, https:\/\/kimptonbembudapest.com\/wp-content\/uploads\/2024\/07\/Image12-1536x1024.jpg 1536w, https:\/\/kimptonbembudapest.com\/wp-content\/uploads\/2024\/07\/Image12-1500x1000.jpg 1500w, https:\/\/kimptonbembudapest.com\/wp-content\/uploads\/2024\/07\/Image12-705x470.jpg 705w\" sizes=\"(max-width: 2048px) 100vw, 2048px\" \/><\/div><\/div><\/div><\/div><\/div><!--close column table wrapper. Autoclose: 1 -->\n","protected":false},"excerpt":{"rendered":"","protected":false},"author":4,"featured_media":0,"parent":0,"menu_order":0,"comment_status":"closed","ping_status":"closed","template":"","meta":{"inline_featured_image":false,"footnotes":""},"class_list":["post-3902","page","type-page","status-publish","hentry"],"yoast_head":"<!-- This site is optimized with the Yoast SEO plugin v27.1.1 - https:\/\/yoast.com\/product\/yoast-seo-wordpress\/ -->\n<title>Kimpton BEM Budapest | Veranstaltungsort<\/title>\n<meta name=\"description\" content=\"Feiern Sie stilvoll in unserem Veranstaltungsort mit Catering in Budapest.\" \/>\n<meta name=\"robots\" content=\"index, follow, max-snippet:-1, max-image-preview:large, max-video-preview:-1\" \/>\n<link rel=\"canonical\" href=\"https:\/\/kimptonbembudapest.com\/de\/catering-menues\/\" \/>\n<meta property=\"og:locale\" content=\"de_DE\" \/>\n<meta property=\"og:type\" content=\"article\" \/>\n<meta property=\"og:title\" content=\"Kimpton BEM Budapest | Veranstaltungsort\" \/>\n<meta property=\"og:description\" content=\"Feiern Sie stilvoll in unserem Veranstaltungsort mit Catering in Budapest.\" \/>\n<meta property=\"og:url\" content=\"https:\/\/kimptonbembudapest.com\/de\/catering-menues\/\" \/>\n<meta property=\"og:site_name\" content=\"Kimpton BEM Budapest\" \/>\n<meta property=\"article:modified_time\" content=\"2024-12-06T12:55:14+00:00\" \/>\n<meta property=\"og:image\" content=\"https:\/\/kimptonbembudapest.com\/wp-content\/uploads\/2024\/07\/OG-1030x541.jpg\" \/>\n<meta name=\"twitter:card\" content=\"summary_large_image\" \/>\n<meta name=\"twitter:label1\" content=\"Gesch\u00e4tzte Lesezeit\" \/>\n\t<meta name=\"twitter:data1\" content=\"12\u00a0Minuten\" \/>\n<!-- \/ Yoast SEO plugin. -->","yoast_head_json":{"title":"Kimpton BEM Budapest | Veranstaltungsort","description":"Feiern Sie stilvoll in unserem Veranstaltungsort mit Catering in Budapest.","robots":{"index":"index","follow":"follow","max-snippet":"max-snippet:-1","max-image-preview":"max-image-preview:large","max-video-preview":"max-video-preview:-1"},"canonical":"https:\/\/kimptonbembudapest.com\/de\/catering-menues\/","og_locale":"de_DE","og_type":"article","og_title":"Kimpton BEM Budapest | Veranstaltungsort","og_description":"Feiern Sie stilvoll in unserem Veranstaltungsort mit Catering in Budapest.","og_url":"https:\/\/kimptonbembudapest.com\/de\/catering-menues\/","og_site_name":"Kimpton BEM Budapest","article_modified_time":"2024-12-06T12:55:14+00:00","og_image":[{"url":"https:\/\/kimptonbembudapest.com\/wp-content\/uploads\/2024\/07\/OG-1030x541.jpg","type":"","width":"","height":""}],"twitter_card":"summary_large_image","twitter_misc":{"Gesch\u00e4tzte Lesezeit":"12\u00a0Minuten"},"schema":{"@context":"https:\/\/schema.org","@graph":[{"@type":"WebPage","@id":"https:\/\/kimptonbembudapest.com\/de\/catering-menues\/","url":"https:\/\/kimptonbembudapest.com\/de\/catering-menues\/","name":"Kimpton BEM Budapest | Veranstaltungsort","isPartOf":{"@id":"https:\/\/kimptonbembudapest.com\/de\/#website"},"datePublished":"2024-07-02T08:29:20+00:00","dateModified":"2024-12-06T12:55:14+00:00","description":"Feiern Sie stilvoll in unserem Veranstaltungsort mit Catering in Budapest.","breadcrumb":{"@id":"https:\/\/kimptonbembudapest.com\/de\/catering-menues\/#breadcrumb"},"inLanguage":"de","potentialAction":[{"@type":"ReadAction","target":["https:\/\/kimptonbembudapest.com\/de\/catering-menues\/"]}]},{"@type":"BreadcrumbList","@id":"https:\/\/kimptonbembudapest.com\/de\/catering-menues\/#breadcrumb","itemListElement":[{"@type":"ListItem","position":1,"name":"Kezd\u0151lap","item":"https:\/\/kimptonbembudapest.com\/de\/startseite\/"},{"@type":"ListItem","position":2,"name":"Catering &#038; Men\u00fcs"}]},{"@type":"WebSite","@id":"https:\/\/kimptonbembudapest.com\/de\/#website","url":"https:\/\/kimptonbembudapest.com\/de\/","name":"Kimpton BEM Budapest","description":"Budapest Luxury Hotel","potentialAction":[{"@type":"SearchAction","target":{"@type":"EntryPoint","urlTemplate":"https:\/\/kimptonbembudapest.com\/de\/?s={search_term_string}"},"query-input":{"@type":"PropertyValueSpecification","valueRequired":true,"valueName":"search_term_string"}}],"inLanguage":"de"}]}},"_links":{"self":[{"href":"https:\/\/kimptonbembudapest.com\/de\/wp-json\/wp\/v2\/pages\/3902","targetHints":{"allow":["GET"]}}],"collection":[{"href":"https:\/\/kimptonbembudapest.com\/de\/wp-json\/wp\/v2\/pages"}],"about":[{"href":"https:\/\/kimptonbembudapest.com\/de\/wp-json\/wp\/v2\/types\/page"}],"author":[{"embeddable":true,"href":"https:\/\/kimptonbembudapest.com\/de\/wp-json\/wp\/v2\/users\/4"}],"replies":[{"embeddable":true,"href":"https:\/\/kimptonbembudapest.com\/de\/wp-json\/wp\/v2\/comments?post=3902"}],"version-history":[{"count":10,"href":"https:\/\/kimptonbembudapest.com\/de\/wp-json\/wp\/v2\/pages\/3902\/revisions"}],"predecessor-version":[{"id":7581,"href":"https:\/\/kimptonbembudapest.com\/de\/wp-json\/wp\/v2\/pages\/3902\/revisions\/7581"}],"wp:attachment":[{"href":"https:\/\/kimptonbembudapest.com\/de\/wp-json\/wp\/v2\/media?parent=3902"}],"curies":[{"name":"wp","href":"https:\/\/api.w.org\/{rel}","templated":true}]}}